{"id":249291,"date":"2023-05-20T20:40:35","date_gmt":"2023-05-20T19:40:35","guid":{"rendered":"https:\/\/www.moskito.cz\/?post_type=product&#038;p=249291"},"modified":"2025-06-28T22:00:45","modified_gmt":"2025-06-28T21:00:45","slug":"zaviraci-nuz-spyderco-endura-4-lightweight-wharncliffe-k390-c10fpwk390","status":"publish","type":"product","link":"https:\/\/www.moskito.cz\/es\/produkt\/zaviraci-nuz-spyderco-endura-4-lightweight-wharncliffe-k390-c10fpwk390\/","title":{"rendered":"Zav\u00edrac\u00ed N\u016f\u017e Spyderco Endura 4 Lightweight Wharncliffe K390 C10FPWK390"},"content":{"rendered":"<p>Zav\u00edrac\u00ed N\u016f\u017e <strong>Spyderco<\/strong> Endura 4 Lightweight Wharncliffe K390 C10FPWK390<\/p>\n<p><strong>Spyderco<\/strong> bylo v\u017edy velmi hrd\u00e9 na sv\u00e9 \u00fasil\u00ed posouvat hranice v\u00fdkonu nab\u00eddkou exotick\u00fdch ocel\u00ed \u010depel\u00ed ve sv\u00fdch no\u017e\u00edch. S t\u00edmto duchem na mysli s hrdost\u00ed oznamuj\u00ed, \u017ee nab\u00edzej\u00ed \u0159adu nejprod\u00e1van\u011bj\u0161\u00edch model\u016f s \u010depelemi vyroben\u00fdmi z K390. K390 MICROCLEAN, vyroben\u00e1 spole\u010dnost\u00ed Bohler-Uddeholm, je nejmodern\u011bj\u0161\u00ed n\u00e1strojov\u00e1 ocel pro tv\u00e1\u0159en\u00ed za studena vyr\u00e1b\u011bn\u00e1 procesem \u010d\u00e1sticov\u00e9 metalurgie. Jeho pokro\u010dil\u00e1 sm\u011bs slitin byla speci\u00e1ln\u011b vyvinuta tak, aby poskytovala extr\u00e9mn\u00ed odolnost proti opot\u0159eben\u00ed a vysokou pevnost v tlaku pot\u0159ebnou p\u0159i pr\u016fmyslov\u00fdch \u0159ezac\u00edch, vysek\u00e1vac\u00edch a d\u011brovac\u00edch operac\u00edch. Navzdory sv\u00e9 hou\u017eevnatosti je v\u00fdjime\u010dn\u011b jemn\u00e1, homogenn\u00ed mikrostruktura tak\u00e9 snadno obrobiteln\u00e1 a snadno tepeln\u011b zpracovateln\u00e1. Spole\u010dn\u011b tyto vlastnosti d\u011blaj\u00ed z K390 vynikaj\u00edc\u00ed materi\u00e1l \u010depele pro opravdov\u00e9 znalce oceli. Spyderco je hrd\u00e9 na to, \u017ee jej uv\u00e1d\u00ed na n\u011bkter\u00fdch sv\u00fdch nejobl\u00edben\u011bj\u0161\u00edch modelech, kter\u00e9 se tak\u00e9 vyzna\u010duj\u00ed v\u00fdrazn\u00fdmi modr\u00fdmi rukoje\u0165mi.<\/p>\n<p><strong>Pozn\u00e1mka: K390 je vysoce v\u00fdkonn\u00e1 nerezov\u00e1 ocel, kter\u00e1 m\u016f\u017ee p\u0159i nespr\u00e1vn\u00e9 p\u00e9\u010di rezav\u011bt. Po pou\u017eit\u00ed \u010depel v\u017edy o\u010dist\u011bte a osu\u0161te a v p\u0159\u00edpad\u011b pot\u0159eby naneste olej nebo jin\u00e9 p\u0159\u00edpravky zabra\u0148uj\u00edc\u00ed korozi.<\/strong><\/p>\n<p>Specifikace<br \/>\nD\u00e9lka \u010depele: 9.7 cm<br \/>\nD\u00e9lka v zav\u0159en\u00e9m stavu: 12.6 cm<br \/>\nCelkov\u00e1 d\u00e9lka: 22.3 cm<br \/>\n\u0158ezn\u00e1 hrana: 8.7 cm<br \/>\nTlou\u0161\u0165ka \u010depele: 0.3 cm<br \/>\nMateri\u00e1l \u010depele: N\u00e1strojov\u00e1 ocel Bohler K390<br \/>\nStyl \u010depele: Wharncliffe<br \/>\nBrou\u0161en\u00ed \u010depele: Pln\u011b ploch\u00e9<br \/>\nPovrchov\u00e1 \u00faprava \u010depele: sat\u00e9n<br \/>\nOst\u0159\u00ed \u010depele: Hladk\u00e9<br \/>\nMateri\u00e1l rukojeti: FRN<br \/>\nBarva rukojeti: Modr\u00e1<br \/>\nUzamykac\u00ed mechanismus: Lockback<br \/>\nKapesn\u00ed spona: Nerezov\u00e1 ocel (Tip-Up\/Down, Right\/Left carry)<br \/>\n\u010c\u00edslo modelu: C10FPWK390<br \/>\nN\u00e1zev modelu: Endura 4 Lightweight Wharncliffe K390<br \/>\nHmotnost: 3,3 oz. (94 g)<br \/>\nVyrobeno v Japonsku<\/p>\n","protected":false},"excerpt":{"rendered":"<p><strong>Spyderco bylo v\u017edy velmi hrd\u00e9 na sv\u00e9 \u00fasil\u00ed posouvat hranice v\u00fdkonu nab\u00eddkou exotick\u00fdch ocel\u00ed \u010depel\u00ed ve sv\u00fdch no\u017e\u00edch.<\/strong><\/p>\n","protected":false},"featured_media":249292,"comment_status":"open","ping_status":"closed","template":"","meta":[],"pwb-brand":[567],"product_brand":[],"product_cat":[22,17],"product_tag":[3667],"class_list":{"0":"post-249291","1":"product","2":"type-product","3":"status-publish","4":"has-post-thumbnail","6":"pwb-brand-spyderco","7":"product_cat-zaviraci-noze","8":"product_cat-noze","9":"product_tag-b2b","11":"first","12":"instock","13":"taxable","14":"shipping-taxable","15":"purchasable","16":"product-type-simple"},"brands":[{"id":567,"name":"Spyderco","slug":"spyderco"}],"_links":{"self":[{"href":"https:\/\/www.moskito.cz\/es\/wp-json\/wp\/v2\/product\/249291","targetHints":{"allow":["GET"]}}],"collection":[{"href":"https:\/\/www.moskito.cz\/es\/wp-json\/wp\/v2\/product"}],"about":[{"href":"https:\/\/www.moskito.cz\/es\/wp-json\/wp\/v2\/types\/product"}],"replies":[{"embeddable":true,"href":"https:\/\/www.moskito.cz\/es\/wp-json\/wp\/v2\/comments?post=249291"}],"wp:featuredmedia":[{"embeddable":true,"href":"https:\/\/www.moskito.cz\/es\/wp-json\/wp\/v2\/media\/249292"}],"wp:attachment":[{"href":"https:\/\/www.moskito.cz\/es\/wp-json\/wp\/v2\/media?parent=249291"}],"wp:term":[{"taxonomy":"pwb-brand","embeddable":true,"href":"https:\/\/www.moskito.cz\/es\/wp-json\/wp\/v2\/pwb-brand?post=249291"},{"taxonomy":"product_brand","embeddable":true,"href":"https:\/\/www.moskito.cz\/es\/wp-json\/wp\/v2\/product_brand?post=249291"},{"taxonomy":"product_cat","embeddable":true,"href":"https:\/\/www.moskito.cz\/es\/wp-json\/wp\/v2\/product_cat?post=249291"},{"taxonomy":"product_tag","embeddable":true,"href":"https:\/\/www.moskito.cz\/es\/wp-json\/wp\/v2\/product_tag?post=249291"}],"curies":[{"name":"wp","href":"https:\/\/api.w.org\/{rel}","templated":true}]}}