{"id":249692,"date":"2023-05-27T19:24:05","date_gmt":"2023-05-27T18:24:05","guid":{"rendered":"https:\/\/www.moskito.cz\/?post_type=product&#038;p=249692"},"modified":"2025-05-07T10:51:06","modified_gmt":"2025-05-07T09:51:06","slug":"zaviraci-nuz-spyderco-kevin-smock-c240cfp","status":"publish","type":"product","link":"https:\/\/www.moskito.cz\/es\/produkt\/zaviraci-nuz-spyderco-kevin-smock-c240cfp\/","title":{"rendered":"Zav\u00edrac\u00ed N\u016f\u017e Spyderco Kevin Smock C240CFP"},"content":{"rendered":"<p>Zav\u00edrac\u00ed N\u016f\u017e <strong>Spyderco<\/strong> Kevin Smock C240CFP<\/p>\n<p><strong>Smock<\/strong> je jedn\u00edm z nejo\u010dek\u00e1van\u011bj\u0161\u00edch no\u017e\u016f Spyderco, kter\u00e9 byly vyd\u00e1ny v ned\u00e1vn\u00e9 historii. Zahrnuje jak elegantn\u00ed p\u0159edn\u00ed ploutev, tak unik\u00e1tn\u00ed tla\u010d\u00edtkov\u00fd kompresn\u00ed z\u00e1mek, je to tak\u00e9 prvn\u00ed spolupr\u00e1ce Spyderca s no\u017e\u00ed\u0159em Kevinem Smockem.<\/p>\n<p>Smockova fascinace no\u017ei sah\u00e1 a\u017e do d\u011btstv\u00ed a kr\u00e1sn\u00fdch vzpom\u00ednek na lov a ryba\u0159en\u00ed se sv\u00fdm otcem, ale teprve asi v roce 2012 se jeho z\u00e1jem stal v\u00e1\u017en\u00fdm. Po zhl\u00e9dnut\u00ed videa TuffKnives, ve kter\u00e9m Geoff Blauvelt (aka \u201etuffthumbz\u201c) upravil Spyderco Paramilitary 2, se Smock rozhodl, \u017ee si zkus\u00ed upravit tov\u00e1rn\u011b vyroben\u00fd n\u016f\u017e. Za\u010dal opatrn\u011b s Tenacious, kter\u00fd je \u0161etrn\u00fd k rozpo\u010dtu, a byl mimo\u0159\u00e1dn\u011b spokojen s v\u00fdsledky, kter\u00fdch dos\u00e1hl. Pot\u00e9, co svou pr\u00e1ci sd\u00edlel na internetu s vlastn\u00edm videem, za\u010dal brzy dost\u00e1vat \u017e\u00e1dosti od dal\u0161\u00edch lid\u00ed, kte\u0159\u00ed po n\u011bm cht\u011bli, aby upravil jejich no\u017ee. Smockova z\u00e1liba rychle p\u0159erostla v podnik\u00e1n\u00ed na \u010d\u00e1ste\u010dn\u00fd \u00favazek, a tak zalo\u017eil spole\u010dnost s n\u00e1zvem Bower Bladeworks a za\u010dal se specializovat na \u00fapravy a zkr\u00e1\u0161lov\u00e1n\u00ed r\u016fzn\u00fdch v\u00fdrobn\u00edch no\u017e\u016f.<\/p>\n<p>Jako profesion\u00e1ln\u00ed produktov\u00fd design\u00e9r bylo jen ot\u00e1zkou \u010dasu, kdy Smock spoj\u00ed sv\u00e9 zku\u0161enosti v t\u00e9to oblasti se svou v\u00e1\u0161n\u00ed pro no\u017ee a vytvo\u0159\u00ed vlastn\u00ed n\u00e1vrhy no\u017e\u016f \u201emimo krabici\u201c. V n\u00e1vaznosti na dovednosti, kter\u00e9 vyvinul jako \u00fapravce no\u017e\u016f \u2013 a s vydatnou pomoc\u00ed spolupracovn\u00edka Spyderca, Brada Southarda a dal\u0161\u00edch no\u017e\u00ed\u0159\u016f \u2013 se Smock nau\u010dil vyr\u00e1b\u011bt no\u017ee ze surovin. Brzy se stal skute\u010dn\u00fdm no\u017e\u00ed\u0159em na zak\u00e1zku, zm\u011bnil sv\u00e9 podnik\u00e1n\u00ed z Bower Bladeworks na Smock Knives a nakonec se rozhodl v\u011bnovat v\u00fdrob\u011b no\u017e\u016f na pln\u00fd \u00favazek. Smock se specializuje na stylov\u00e9 kapesn\u00ed no\u017ee pro ka\u017edodenn\u00ed no\u0161en\u00ed, ale je ochotn\u00fd a schopn\u00fd si poradit se v\u0161\u00edm od kempingov\u00fdch a\u017e po kuchy\u0148sk\u00e9 no\u017ee.<\/p>\n<p>Dlouholet\u00fd fanou\u0161ek n\u00e1vrh\u016f Spyderco v roce 2015 po\u017e\u00e1dal Smock o povolen\u00ed ud\u011blit licenci na patentovan\u00fd mechanismus Compression Lock spole\u010dnosti Spyderco a jejich kulat\u00fd otvor s ochrannou zn\u00e1mkou pro pou\u017eit\u00ed v designu zak\u00e1zkov\u00e9ho skl\u00e1dac\u00edho no\u017ee nazvan\u00e9ho \u201eSK23\u201c. Aby uvoln\u011bn\u00ed kompresn\u00edho z\u00e1mku bylo je\u0161t\u011b jednodu\u0161\u0161\u00ed, p\u0159idal do mechanismu tla\u010d\u00edtko. Pot\u011b\u0161en\u00fd v\u00fdsledkem ho p\u0159edvedl pos\u00e1dce Spyderco na Atlanta BLADE Show. Spyderco byl ohromen jeho \u0159emesln\u00fdm zpracov\u00e1n\u00edm a jedine\u010dnost\u00ed designu a bylo po\u017e\u00e1d\u00e1no, aby jej na v\u00fdstav\u011b vystavilo se sv\u00fdmi dal\u0161\u00edmi koncep\u010dn\u00edmi modely a prototypy. Design vzbudil velk\u00fd z\u00e1jem a ohlasy na n\u011bj byly veskrze pozitivn\u00ed. Zrodila se spolupr\u00e1ce.<\/p>\n<p><strong>Spyderco Smock<\/strong>, v\u011brn\u011b p\u0159esn\u00fd podle Smockova designu SK23, je tenk\u00fd, vysoce v\u00fdkonn\u00fd zav\u00edrac\u00ed n\u016f\u017e ide\u00e1ln\u00ed pro ka\u017edodenn\u00ed no\u0161en\u00ed. Jeho dut\u011b brou\u0161en\u00e1 \u010depel je precizn\u011b vyrobena z nerezov\u00e9 oceli CPM S30V a vyzna\u010duje se jedine\u010dn\u00fdm profilem, kter\u00fd vyva\u017euje geometrii ost\u0159\u00ed s n\u00edzk\u00fdm t\u0159en\u00edm, s\u00edlu hrotu a \u0161pi\u010dku. \u010cepel obsahuje jak kulat\u00fd otvor s ochrannou zn\u00e1mkou, tak i elegantn\u011b jednoduch\u00fd ukazov\u00e1\u010dek pro rychl\u00e9, oboustrann\u00e9 otev\u00edr\u00e1n\u00ed jednou rukou. Na rozd\u00edl od v\u011bt\u0161iny ploutv\u00ed, kter\u00e9 vy\u010dn\u00edvaj\u00ed z h\u0159betu rukojeti, kdy\u017e je n\u016f\u017e zav\u0159en\u00fd, je ploutev Smockova vp\u0159edu um\u00edst\u011bn\u00e1 jednodu\u0161e rohem \u010depele, kter\u00fd plynule p\u0159ech\u00e1z\u00ed do lini\u00ed zav\u0159en\u00e9ho no\u017ee. Navzdory sv\u00e9mu nen\u00e1padn\u00e9mu vzhledu nab\u00edz\u00ed vynikaj\u00edc\u00ed p\u00e1kov\u00fd efekt a p\u0159i pohlazen\u00ed ukazov\u00e1\u010dkem okam\u017eit\u011b vyst\u0159el\u00ed \u010depel do otev\u0159en\u00e9 polohy. Dvojice speci\u00e1ln\u00edch oto\u010dn\u00fdch podlo\u017eek s kuli\u010dkov\u00fdmi lo\u017eisky zlep\u0161uje provoz flipperu a zaji\u0161\u0165uje ultra hladk\u00fd chod a spolehliv\u00e9, pozitivn\u00ed uzam\u010den\u00ed. Vyj\u00e1d\u0159en\u00ed designu Spyderco tak\u00e9 zahrnuje vyhrazen\u00fd areta\u010dn\u00ed mechanismus odd\u011blen\u00fd od z\u00e1mku no\u017ee, kter\u00fd udr\u017euje \u010depel bezpe\u010dn\u011b zav\u0159enou b\u011bhem no\u0161en\u00ed a poskytuje optim\u00e1ln\u00ed odpor ploutvi\u010di.<\/p>\n<p>Rukoje\u0165 Smockova je postavena na r\u00e1mu z pln\u00fdch skeletovan\u00fdch nerezov\u00fdch vlo\u017eek, kter\u00e9 tak\u00e9 tvo\u0159\u00ed z\u00e1klad pevn\u00e9ho mechanismu Compression Lock no\u017ee. Jsou pokryty texturovan\u00fdmi karbonov\u00fdmi\/lamin\u00e1tov\u00fdmi stupnicemi G10 s odpov\u00eddaj\u00edc\u00edmi skeletoniza\u010dn\u00edmi otvory, kter\u00e9 d\u00e1le sni\u017euj\u00ed hmotnost a p\u0159isp\u00edvaj\u00ed k jedine\u010dn\u00e9mu stylu no\u017ee. Nam\u00edsto tradi\u010dn\u00edho uvoln\u011bn\u00ed z\u00e1mku na h\u0159betu rukojeti je Smock&#8217;s Compression Lock dopln\u011bn o tla\u010d\u00edtko vno\u0159en\u00e9 do averzn\u00ed (near-side) stupnice. Stisknut\u00ed tla\u010d\u00edtka uvoln\u00ed z\u00e1mek a umo\u017en\u00ed snadn\u00e9 uzav\u0159en\u00ed \u010depele pouze jednou rukou, ani\u017e byste museli d\u00e1vat prsty do dr\u00e1hy ost\u0159\u00ed. Konstrukce rukojeti s otev\u0159en\u00fdm h\u0159betem d\u00e1le minimalizuje hmotnost no\u017ee a zjednodu\u0161uje \u010di\u0161t\u011bn\u00ed, zat\u00edmco jej\u00ed lemovan\u00fd otvor pro \u0161\u0148\u016frku a oboustrann\u00e1 spona na p\u0159es\u00fdpac\u00ed hodiny poskytuj\u00ed pohodln\u00e9 oboustrann\u00e9 no\u0161en\u00ed.<\/p>\n<p>Smock spole\u010dnosti <strong>Spyderco<\/strong> skute\u010dn\u011b zachycuje jedine\u010dn\u00fd p\u0159\u00edstup Kevina Smocka k designu no\u017e\u016f a posouv\u00e1 hranice na\u0161eho osv\u011bd\u010den\u00e9ho kompresn\u00edho z\u00e1mku. <strong>Spyderco<\/strong> je hrd\u00e9 na to, \u017ee m\u016f\u017ee p\u0159idat tento pozoruhodn\u00fd n\u016f\u017e do sv\u00e9 \u0159ady a douf\u00e1me, \u017ee z n\u011bj budete stejn\u011b nad\u0161en\u00ed jako oni.<\/p>\n<p>Specifikace<br \/>\nD\u00e9lka \u010depele: 8.62 cm<br \/>\nD\u00e9lka v zav\u0159en\u00e9m stavu: 11.25 cm<br \/>\nCelkov\u00e1 d\u00e9lka: 20 cm<br \/>\nTlou\u0161\u0165ka \u010depele: 0.29 cm<br \/>\nMateri\u00e1l \u010depele: CPM-S30V Nerezov\u00e1 ocel<br \/>\nStyl \u010depele: Sheepfoot<br \/>\nBrou\u0161en\u00ed \u010depele: Dut\u00e9<br \/>\nPovrchov\u00e1 \u00faprava \u010depele: sat\u00e9n<br \/>\nOst\u0159\u00ed \u010depele: Hladk\u00e9<br \/>\nMateri\u00e1l rukojeti: Carbon Fiber\/G10 Lamin\u00e1t<br \/>\nBarva rukojeti: \u010cern\u00e1<br \/>\nUzamykac\u00ed mechanismus: Komprese<br \/>\nKapesn\u00ed klip: Vykl\u00e1p\u011bc\u00ed, prav\u00e9 no\u0161en\u00ed<br \/>\n\u010c\u00edslo modelu: C240CFP<br \/>\nN\u00e1zev modelu: Smock<br \/>\nDesign\u00e9r: Kevin Smock<\/p>\n<p>&nbsp;<\/p>\n<p>&nbsp;<\/p>\n<p>&nbsp;<\/p>\n","protected":false},"excerpt":{"rendered":"<p><strong>Smock je jedn\u00edm z nejo\u010dek\u00e1van\u011bj\u0161\u00edch no\u017e\u016f Spyderco, kter\u00e9 byly vyd\u00e1ny v ned\u00e1vn\u00e9 historii.<\/strong><\/p>\n","protected":false},"featured_media":249693,"comment_status":"open","ping_status":"closed","template":"","meta":[],"pwb-brand":[567],"product_brand":[],"product_cat":[22,17],"product_tag":[3667],"class_list":{"0":"post-249692","1":"product","2":"type-product","3":"status-publish","4":"has-post-thumbnail","6":"pwb-brand-spyderco","7":"product_cat-zaviraci-noze","8":"product_cat-noze","9":"product_tag-b2b","11":"first","12":"outofstock","13":"taxable","14":"shipping-taxable","15":"purchasable","16":"product-type-simple"},"brands":[{"id":567,"name":"Spyderco","slug":"spyderco"}],"_links":{"self":[{"href":"https:\/\/www.moskito.cz\/es\/wp-json\/wp\/v2\/product\/249692","targetHints":{"allow":["GET"]}}],"collection":[{"href":"https:\/\/www.moskito.cz\/es\/wp-json\/wp\/v2\/product"}],"about":[{"href":"https:\/\/www.moskito.cz\/es\/wp-json\/wp\/v2\/types\/product"}],"replies":[{"embeddable":true,"href":"https:\/\/www.moskito.cz\/es\/wp-json\/wp\/v2\/comments?post=249692"}],"wp:featuredmedia":[{"embeddable":true,"href":"https:\/\/www.moskito.cz\/es\/wp-json\/wp\/v2\/media\/249693"}],"wp:attachment":[{"href":"https:\/\/www.moskito.cz\/es\/wp-json\/wp\/v2\/media?parent=249692"}],"wp:term":[{"taxonomy":"pwb-brand","embeddable":true,"href":"https:\/\/www.moskito.cz\/es\/wp-json\/wp\/v2\/pwb-brand?post=249692"},{"taxonomy":"product_brand","embeddable":true,"href":"https:\/\/www.moskito.cz\/es\/wp-json\/wp\/v2\/product_brand?post=249692"},{"taxonomy":"product_cat","embeddable":true,"href":"https:\/\/www.moskito.cz\/es\/wp-json\/wp\/v2\/product_cat?post=249692"},{"taxonomy":"product_tag","embeddable":true,"href":"https:\/\/www.moskito.cz\/es\/wp-json\/wp\/v2\/product_tag?post=249692"}],"curies":[{"name":"wp","href":"https:\/\/api.w.org\/{rel}","templated":true}]}}