{"id":249842,"date":"2023-05-31T00:05:56","date_gmt":"2023-05-30T23:05:56","guid":{"rendered":"https:\/\/www.moskito.cz\/?post_type=product&#038;p=249842"},"modified":"2025-06-28T21:12:55","modified_gmt":"2025-06-28T20:12:55","slug":"zaviraci-nuz-spyderco-rescue-3-c14sbk3","status":"publish","type":"product","link":"https:\/\/www.moskito.cz\/es\/produkt\/zaviraci-nuz-spyderco-rescue-3-c14sbk3\/","title":{"rendered":"Zav\u00edrac\u00ed N\u016f\u017e Spyderco Rescue 3 C14SBK3"},"content":{"rendered":"<p>Zav\u00edrac\u00ed N\u016f\u017e Spyderco Rescue 3 C14SBK3<\/p>\n<p>Poprv\u00e9 p\u0159edstaven\u00fd v roce 1991, p\u0159evratn\u00fd C14 Rescue kombinoval bezpe\u010dnost profilu \u010depele, \u0159eznou s\u00edlu SpyderEdge a lehkou pohodlnost rukojeti FRN. Rescue 3 p\u0159eb\u00edr\u00e1 \u010dasem prov\u011b\u0159en\u00fd design Rescue a aktualizuje jej o vylep\u0161en\u00e9 funkce, v\u010detn\u011b ergonomicky vylep\u0161en\u00e9 rukojeti FRN s obousm\u011brnou texturou, skeletonizovan\u00fdch vlo\u017eek z nerezov\u00e9 oceli a \u010dty\u0159polohov\u00e9ho klipu p\u0159es\u00fdpac\u00edch hodin, kter\u00fd podporuje v\u0161echny mo\u017en\u00e9 polohy no\u0161en\u00ed. Jeho dut\u011b brou\u0161en\u00e1 \u010depel VG-10 je zoubkovan\u00e1 a\u017e ke \u0161pi\u010dce pro extr\u00e9mn\u00ed \u0159ezn\u00fd v\u00fdkon a m\u00e1 nadm\u011brn\u011b velk\u00fd 14mm otvor Spyderco pro snadn\u00e9 otev\u00edr\u00e1n\u00ed. Rescue 3, v\u00e1\u017e\u00edc\u00ed m\u00e9n\u011b ne\u017e \u010dty\u0159i unce, je perfektn\u00edm n\u00e1strojem pro prvn\u00ed z\u00e1sah a p\u0159ipraven\u00e9 civilisty.<\/p>\n<p>Specifikace<br \/>\nUzav\u0159eno: 11.9 cm<br \/>\nCelkov\u00e1 d\u00e9lka : 21 cm<br \/>\n\u010cepel: 9.1 cm<br \/>\nTlou\u0161\u0165ka \u010depele: 0.3 cm<br \/>\nOcel: VG-10<br \/>\nMateri\u00e1l rukojeti: Nylon vyztu\u017een\u00fd skeln\u00fdmi vl\u00e1kny (FRN)<br \/>\nHmotnost: 3,8 oz. (108 g)<br \/>\nBrou\u0161en\u00ed: ploch\u00e9, \u0161avle<br \/>\nKlip: 4-polohov\u00fd \/ oboustrann\u00fd<br \/>\nVyrobeno v Japonsku<\/p>\n","protected":false},"excerpt":{"rendered":"<p><strong>Rescue 3 p\u0159eb\u00edr\u00e1 \u010dasem prov\u011b\u0159en\u00fd design Rescue a aktualizuje jej o vylep\u0161en\u00e9 funkce<\/strong><\/p>\n","protected":false},"featured_media":249844,"comment_status":"open","ping_status":"closed","template":"","meta":[],"pwb-brand":[567],"product_brand":[],"product_cat":[22,17],"product_tag":[3667],"class_list":{"0":"post-249842","1":"product","2":"type-product","3":"status-publish","4":"has-post-thumbnail","6":"pwb-brand-spyderco","7":"product_cat-zaviraci-noze","8":"product_cat-noze","9":"product_tag-b2b","11":"first","12":"instock","13":"sale","14":"taxable","15":"shipping-taxable","16":"purchasable","17":"product-type-simple"},"brands":[{"id":567,"name":"Spyderco","slug":"spyderco"}],"_links":{"self":[{"href":"https:\/\/www.moskito.cz\/es\/wp-json\/wp\/v2\/product\/249842","targetHints":{"allow":["GET"]}}],"collection":[{"href":"https:\/\/www.moskito.cz\/es\/wp-json\/wp\/v2\/product"}],"about":[{"href":"https:\/\/www.moskito.cz\/es\/wp-json\/wp\/v2\/types\/product"}],"replies":[{"embeddable":true,"href":"https:\/\/www.moskito.cz\/es\/wp-json\/wp\/v2\/comments?post=249842"}],"wp:featuredmedia":[{"embeddable":true,"href":"https:\/\/www.moskito.cz\/es\/wp-json\/wp\/v2\/media\/249844"}],"wp:attachment":[{"href":"https:\/\/www.moskito.cz\/es\/wp-json\/wp\/v2\/media?parent=249842"}],"wp:term":[{"taxonomy":"pwb-brand","embeddable":true,"href":"https:\/\/www.moskito.cz\/es\/wp-json\/wp\/v2\/pwb-brand?post=249842"},{"taxonomy":"product_brand","embeddable":true,"href":"https:\/\/www.moskito.cz\/es\/wp-json\/wp\/v2\/product_brand?post=249842"},{"taxonomy":"product_cat","embeddable":true,"href":"https:\/\/www.moskito.cz\/es\/wp-json\/wp\/v2\/product_cat?post=249842"},{"taxonomy":"product_tag","embeddable":true,"href":"https:\/\/www.moskito.cz\/es\/wp-json\/wp\/v2\/product_tag?post=249842"}],"curies":[{"name":"wp","href":"https:\/\/api.w.org\/{rel}","templated":true}]}}