{"id":249943,"date":"2023-06-04T18:43:50","date_gmt":"2023-06-04T17:43:50","guid":{"rendered":"https:\/\/www.moskito.cz\/?post_type=product&#038;p=249943"},"modified":"2025-05-07T10:51:10","modified_gmt":"2025-05-07T09:51:10","slug":"brousek-spyderco-sharpening-pocket-stone-with-sheath-medium-303m","status":"publish","type":"product","link":"https:\/\/www.moskito.cz\/es\/produkt\/brousek-spyderco-sharpening-pocket-stone-with-sheath-medium-303m\/","title":{"rendered":"Brousek Spyderco Sharpening Pocket Stone with Sheath Medium 303M"},"content":{"rendered":"<p>Brousek <strong>Spyderco<\/strong> Sharpening Pocket Stone with Sheath Medium 303M<\/p>\n<p><strong>Spyderco<\/strong> vyr\u00e1b\u00ed mal\u00e9 obd\u00e9ln\u00edkov\u00e9 kapesn\u00ed kameny na cesty a brou\u0161en\u00ed mal\u00fdch p\u0159edm\u011bt\u016f.<\/p>\n<p>Kapesn\u00ed k\u00e1men 303M Medium Grit se vejde do dlan\u011b a je zabalen v ko\u017een\u00e9m pouzd\u0159e. Je bezpe\u010dn\u00fd v autokl\u00e1vu (ide\u00e1ln\u00ed pro ost\u0159en\u00ed zubn\u00edch n\u00e1stroj\u016f) nebo jej lze \u010distit plastovou dr\u00e1t\u011bnkou a pr\u00e1\u0161kov\u00fdm abrazivn\u00edm \u010distic\u00edm prost\u0159edkem.<\/p>\n<p>Kapesn\u00ed k\u00e1men st\u0159edn\u00ed hrubost : 2.5 cm x 12.5 cm x 4.5 cm s pouzdrem<\/p>\n","protected":false},"excerpt":{"rendered":"<p><strong>Spyderco vyr\u00e1b\u00ed mal\u00e9 obd\u00e9ln\u00edkov\u00e9 kapesn\u00ed kameny na cesty a brou\u0161en\u00ed mal\u00fdch p\u0159edm\u011bt\u016f.<\/strong><\/p>\n","protected":false},"featured_media":249944,"comment_status":"open","ping_status":"closed","template":"","meta":[],"pwb-brand":[567],"product_brand":[],"product_cat":[26],"product_tag":[3667],"class_list":{"0":"post-249943","1":"product","2":"type-product","3":"status-publish","4":"has-post-thumbnail","6":"pwb-brand-spyderco","7":"product_cat-brousky-a-ocilky","8":"product_tag-b2b","10":"first","11":"instock","12":"taxable","13":"shipping-taxable","14":"purchasable","15":"product-type-simple"},"brands":[{"id":567,"name":"Spyderco","slug":"spyderco"}],"_links":{"self":[{"href":"https:\/\/www.moskito.cz\/es\/wp-json\/wp\/v2\/product\/249943","targetHints":{"allow":["GET"]}}],"collection":[{"href":"https:\/\/www.moskito.cz\/es\/wp-json\/wp\/v2\/product"}],"about":[{"href":"https:\/\/www.moskito.cz\/es\/wp-json\/wp\/v2\/types\/product"}],"replies":[{"embeddable":true,"href":"https:\/\/www.moskito.cz\/es\/wp-json\/wp\/v2\/comments?post=249943"}],"wp:featuredmedia":[{"embeddable":true,"href":"https:\/\/www.moskito.cz\/es\/wp-json\/wp\/v2\/media\/249944"}],"wp:attachment":[{"href":"https:\/\/www.moskito.cz\/es\/wp-json\/wp\/v2\/media?parent=249943"}],"wp:term":[{"taxonomy":"pwb-brand","embeddable":true,"href":"https:\/\/www.moskito.cz\/es\/wp-json\/wp\/v2\/pwb-brand?post=249943"},{"taxonomy":"product_brand","embeddable":true,"href":"https:\/\/www.moskito.cz\/es\/wp-json\/wp\/v2\/product_brand?post=249943"},{"taxonomy":"product_cat","embeddable":true,"href":"https:\/\/www.moskito.cz\/es\/wp-json\/wp\/v2\/product_cat?post=249943"},{"taxonomy":"product_tag","embeddable":true,"href":"https:\/\/www.moskito.cz\/es\/wp-json\/wp\/v2\/product_tag?post=249943"}],"curies":[{"name":"wp","href":"https:\/\/api.w.org\/{rel}","templated":true}]}}