{"id":249961,"date":"2023-06-04T19:26:49","date_gmt":"2023-06-04T18:26:49","guid":{"rendered":"https:\/\/www.moskito.cz\/?post_type=product&#038;p=249961"},"modified":"2025-05-07T10:51:11","modified_gmt":"2025-05-07T09:51:11","slug":"brousek-spyderco-ultra-fine-ceramic-bench-stone-sharpener-306uf","status":"publish","type":"product","link":"https:\/\/www.moskito.cz\/es\/produkt\/brousek-spyderco-ultra-fine-ceramic-bench-stone-sharpener-306uf\/","title":{"rendered":"Brousek Spyderco Ultra Fine Ceramic Bench Stone Sharpener 306UF"},"content":{"rendered":"<p>Brousek <strong>Spyderco<\/strong> Ultra Fine Ceramic Bench Stone Sharpener 306UF<\/p>\n<p>Ultrajemn\u00fd keramick\u00fd brous\u00edc\u00ed k\u00e1men Spyderco je ploch\u00fd, tenk\u00fd a ultra hladk\u00fd pro profesion\u00e1ln\u00ed dokon\u010dov\u00e1n\u00ed a ost\u0159en\u00ed \u0161irok\u00fdch n\u00e1stroj\u016f, jako jsou dl\u00e1ta, velk\u00e9 \u010depele, d\u0159evoobr\u00e1b\u011bc\u00ed za\u0159\u00edzen\u00ed, hobl\u00edky, dokonce i hrany ly\u017e\u00ed a snowboard\u016f. Vyrobeno z Alumina Ceramic, je vyr\u00e1b\u011bno ve Spojen\u00fdch st\u00e1tech pomoc\u00ed procesu, kdy se pojivo kombinuje s \u010d\u00e1sticemi oxidu hlinit\u00e9ho, kter\u00e9 jsou ve skute\u010dnosti syntetick\u00fdmi saf\u00edry. K\u00e1men je tvarov\u00e1n a pot\u00e9 vyp\u00e1len v peci na teplotu 3000 stup\u0148\u016f F (1649 \u00b0C). Keramick\u00e9 kameny z oxidu hlinit\u00e9ho m\u011b\u0159\u00ed 9 na Mohsov\u011b stupnici tvrdosti (z 10) a k pou\u017eit\u00ed nevy\u017eaduj\u00ed lubrikanty, jako je olej nebo voda. K\u00e1men s ultrajemnou zrnitost\u00ed nap\u00edn\u00e1 a vyhlazuje \u0161kr\u00e1banou stopu na \u0159ezn\u00e9 hran\u011b pro je\u0161t\u011b ost\u0159ej\u0161\u00ed, chloupky praskaj\u00edc\u00ed hrany. K\u00e1men je dostate\u010dn\u011b tenk\u00fd a lehk\u00fd pro ru\u010dn\u00ed pou\u017eit\u00ed, p\u0159i\u010dem\u017e ost\u0159\u00edc\u00ed plocha je p\u0159\u00edmo na v\u011bt\u0161\u00ed p\u0159edm\u011bty. P\u0159i stoln\u00edm brou\u0161en\u00ed doporu\u010dujeme pou\u017e\u00edt k\u00e1men na semi\u0161ov\u00e9m p\u0159enosn\u00e9m pouzdru, aby se neklouzalo. Chcete-li k\u00e1men vy\u010distit, omyjte jej ve sladk\u00e9 vod\u011b a vydrhn\u011bte pr\u00e1\u0161kov\u00fdm abrazivn\u00edm \u010disti\u010dem a dr\u00e1t\u011bnkou. Opl\u00e1chn\u011bte a vysu\u0161te na vzduchu.<\/p>\n<p>Rorm\u011bry: 7.62 cm x 20.33 cm x 0.8 cm<\/p>\n","protected":false},"excerpt":{"rendered":"<p><strong>Ultrajemn\u00fd keramick\u00fd brous\u00edc\u00ed k\u00e1men Spyderco je ploch\u00fd, tenk\u00fd a ultra hladk\u00fd pro profesion\u00e1ln\u00ed dokon\u010dov\u00e1n\u00ed a ost\u0159en\u00ed \u0161irok\u00fdch n\u00e1stroj\u016f, jako jsou dl\u00e1ta, velk\u00e9 \u010depele, d\u0159evoobr\u00e1b\u011bc\u00ed za\u0159\u00edzen\u00ed, hobl\u00edky, dokonce i hrany ly\u017e\u00ed a snowboard\u016f.<\/strong><\/p>\n","protected":false},"featured_media":249962,"comment_status":"open","ping_status":"closed","template":"","meta":[],"pwb-brand":[567],"product_brand":[],"product_cat":[26],"product_tag":[3667],"class_list":{"0":"post-249961","1":"product","2":"type-product","3":"status-publish","4":"has-post-thumbnail","6":"pwb-brand-spyderco","7":"product_cat-brousky-a-ocilky","8":"product_tag-b2b","10":"first","11":"instock","12":"taxable","13":"shipping-taxable","14":"purchasable","15":"product-type-simple"},"brands":[{"id":567,"name":"Spyderco","slug":"spyderco"}],"_links":{"self":[{"href":"https:\/\/www.moskito.cz\/es\/wp-json\/wp\/v2\/product\/249961","targetHints":{"allow":["GET"]}}],"collection":[{"href":"https:\/\/www.moskito.cz\/es\/wp-json\/wp\/v2\/product"}],"about":[{"href":"https:\/\/www.moskito.cz\/es\/wp-json\/wp\/v2\/types\/product"}],"replies":[{"embeddable":true,"href":"https:\/\/www.moskito.cz\/es\/wp-json\/wp\/v2\/comments?post=249961"}],"wp:featuredmedia":[{"embeddable":true,"href":"https:\/\/www.moskito.cz\/es\/wp-json\/wp\/v2\/media\/249962"}],"wp:attachment":[{"href":"https:\/\/www.moskito.cz\/es\/wp-json\/wp\/v2\/media?parent=249961"}],"wp:term":[{"taxonomy":"pwb-brand","embeddable":true,"href":"https:\/\/www.moskito.cz\/es\/wp-json\/wp\/v2\/pwb-brand?post=249961"},{"taxonomy":"product_brand","embeddable":true,"href":"https:\/\/www.moskito.cz\/es\/wp-json\/wp\/v2\/product_brand?post=249961"},{"taxonomy":"product_cat","embeddable":true,"href":"https:\/\/www.moskito.cz\/es\/wp-json\/wp\/v2\/product_cat?post=249961"},{"taxonomy":"product_tag","embeddable":true,"href":"https:\/\/www.moskito.cz\/es\/wp-json\/wp\/v2\/product_tag?post=249961"}],"curies":[{"name":"wp","href":"https:\/\/api.w.org\/{rel}","templated":true}]}}