{"id":250323,"date":"2023-06-08T14:56:19","date_gmt":"2023-06-08T13:56:19","guid":{"rendered":"https:\/\/www.moskito.cz\/?post_type=product&#038;p=250323"},"modified":"2025-05-07T10:51:18","modified_gmt":"2025-05-07T09:51:18","slug":"vystrelovaci-nuz-microtech-hera-stonewashed-702-12frs","status":"publish","type":"product","link":"https:\/\/www.moskito.cz\/es\/produkt\/vystrelovaci-nuz-microtech-hera-stonewashed-702-12frs\/","title":{"rendered":"Vyst\u0159elovac\u00ed N\u016f\u017e Microtech Hera Stonewashed 702-12FRS"},"content":{"rendered":"<p>Vyst\u0159elovac\u00ed N\u016f\u017e <strong>Microtech<\/strong> Hera Stonewashed 702-12FRS<\/p>\n<p><strong>Hera<\/strong> je kr\u00e1sn\u00fd dvou\u010dinn\u00fd p\u0159edn\u00ed automat s tvarem r\u00e1mu voln\u011b zalo\u017een\u00fdm na designu Troodon. Je v\u0161ak ergonomi\u010dt\u011bj\u0161\u00ed a podle na\u0161eho n\u00e1zoru m\u00e1 vylep\u0161en\u00fd vzhled. V\u0161e na tomto designu k\u0159i\u010d\u00ed jak sofistikovanost\u00ed, tak funk\u010dnost\u00ed. Je to jeden z nejlep\u0161\u00edch v\u0161estrann\u00fdch automatick\u00fdch n\u00e1vrh\u016f OTF v mimo\u0159\u00e1dn\u011b p\u0159epln\u011bn\u00e9m poli a m\u00e1 velikost tak akor\u00e1t pro ka\u017edodenn\u00ed no\u0161en\u00ed. Tato verze se vyzna\u010duje n\u00e1dhern\u00fdm vzorem, kter\u00fd poskytuje vynikaj\u00edc\u00ed estetiku a lep\u0161\u00ed p\u0159ilnavost.<br \/>\nSpecifikace:<\/p>\n<p>D\u00e9lka \u010depele: 8 cm<br \/>\nD\u00e9lka v zav\u0159en\u00e9m stavu: 11 cm<br \/>\nCelkov\u00e1 d\u00e9lka: 19 cm<br \/>\nMateri\u00e1l \u010depele: M390<br \/>\nTlou\u0161\u0165ka \u010depele: <span id=\"cwos\" class=\"qv3Wpe\">0.23<\/span> cm<br \/>\nStyl \u010depele: D\u00fdka s dvojitou hranou<br \/>\nBrou\u0161en\u00ed \u010depele: Ploch\u00e9<br \/>\nPovrchov\u00e1 \u00faprava \u010depele: Stonewash<br \/>\nMateri\u00e1l rukojeti: \u010cern\u00fd eloxovan\u00fd leteck\u00fd hlin\u00edk s frag vzorem<br \/>\nTlou\u0161\u0165ka rukojeti: 1 cm<br \/>\nUzamykac\u00ed mechanismus: Thumb Slide<br \/>\nKapesn\u00ed spona: Titan (sklopen\u00ed dol\u016f, prav\u00e9 no\u0161en\u00ed)<br \/>\nHmotnost: 3,10 oz.<br \/>\nDesign\u00e9\u0159i: Tony a Sean Marfione<br \/>\nVyrobeno v USA<\/p>\n<p>&nbsp;<\/p>\n<p>&nbsp;<\/p>\n","protected":false},"excerpt":{"rendered":"<div class=\"elementor-element elementor-element-bbb542b elementor-widget elementor-widget-woocommerce-product-short-description\" data-id=\"bbb542b\" data-element_type=\"widget\" data-widget_type=\"woocommerce-product-short-description.default\">\n<div class=\"elementor-widget-container\">\n<div class=\"woocommerce-product-details__short-description\">\n<p>V pr\u016fb\u011bhu let\u00a0<strong>Microtech\u00ae Knives<\/strong> naplnil v\u00e1\u0161n\u00ed a dovednost\u00ed v\u00fdrobu no\u017e\u016f, a\u017e z nich vytvo\u0159il t\u00e9m\u011b\u0159 um\u011bleck\u00e1 d\u00edla, kter\u00e9 jsou vrcholem funk\u010dnosti.V\u0161echny d\u00edly jsou vyrobeny v USA.<br \/>\n<strong>Na v\u0161echny no\u017ee Microtech je do\u017eivotn\u00ed z\u00e1ruka.<\/strong><\/p>\n<p><strong>Doprava zdarma.<\/strong><\/p>\n<\/div>\n<\/div>\n<\/div>\n","protected":false},"featured_media":250324,"comment_status":"open","ping_status":"closed","template":"","meta":[],"pwb-brand":[431],"product_brand":[],"product_cat":[2019,17],"product_tag":[3667],"class_list":{"0":"post-250323","1":"product","2":"type-product","3":"status-publish","4":"has-post-thumbnail","6":"pwb-brand-microtech","7":"product_cat-vystrelovaci-noze","8":"product_cat-noze","9":"product_tag-b2b","11":"first","12":"outofstock","13":"taxable","14":"shipping-taxable","15":"purchasable","16":"product-type-simple"},"brands":[{"id":431,"name":"Microtech","slug":"microtech"}],"_links":{"self":[{"href":"https:\/\/www.moskito.cz\/es\/wp-json\/wp\/v2\/product\/250323","targetHints":{"allow":["GET"]}}],"collection":[{"href":"https:\/\/www.moskito.cz\/es\/wp-json\/wp\/v2\/product"}],"about":[{"href":"https:\/\/www.moskito.cz\/es\/wp-json\/wp\/v2\/types\/product"}],"replies":[{"embeddable":true,"href":"https:\/\/www.moskito.cz\/es\/wp-json\/wp\/v2\/comments?post=250323"}],"wp:featuredmedia":[{"embeddable":true,"href":"https:\/\/www.moskito.cz\/es\/wp-json\/wp\/v2\/media\/250324"}],"wp:attachment":[{"href":"https:\/\/www.moskito.cz\/es\/wp-json\/wp\/v2\/media?parent=250323"}],"wp:term":[{"taxonomy":"pwb-brand","embeddable":true,"href":"https:\/\/www.moskito.cz\/es\/wp-json\/wp\/v2\/pwb-brand?post=250323"},{"taxonomy":"product_brand","embeddable":true,"href":"https:\/\/www.moskito.cz\/es\/wp-json\/wp\/v2\/product_brand?post=250323"},{"taxonomy":"product_cat","embeddable":true,"href":"https:\/\/www.moskito.cz\/es\/wp-json\/wp\/v2\/product_cat?post=250323"},{"taxonomy":"product_tag","embeddable":true,"href":"https:\/\/www.moskito.cz\/es\/wp-json\/wp\/v2\/product_tag?post=250323"}],"curies":[{"name":"wp","href":"https:\/\/api.w.org\/{rel}","templated":true}]}}