{"id":250754,"date":"2023-06-11T20:06:17","date_gmt":"2023-06-11T19:06:17","guid":{"rendered":"https:\/\/www.moskito.cz\/?post_type=product&#038;p=250754"},"modified":"2025-05-07T10:51:26","modified_gmt":"2025-05-07T09:51:26","slug":"zaviraci-nuz-spyderco-native-5-salt-yellow-c41syl5","status":"publish","type":"product","link":"https:\/\/www.moskito.cz\/es\/produkt\/zaviraci-nuz-spyderco-native-5-salt-yellow-c41syl5\/","title":{"rendered":"Zav\u00edrac\u00ed N\u016f\u017e Spyderco Native 5 Salt Yellow C41SYL5"},"content":{"rendered":"<p>Zav\u00edrac\u00ed N\u016f\u017e <strong>Spyderco<\/strong> Native 5 Salt Yellow C41SYL5<\/p>\n<p>Ctihodn\u00fd model Native je z\u00e1kladn\u00edm pil\u00ed\u0159em produktov\u00e9 \u0159ady <strong>Spyderco<\/strong> od sv\u00e9ho prvn\u00edho uveden\u00ed na trh v roce 1997. B\u011bhem v\u00edce ne\u017e 20 let slu\u017eby a p\u011bti generac\u00ed evoluce byl neust\u00e1le zdokonalov\u00e1n do sv\u00e9 sou\u010dasn\u00e9 podoby \u2014 Native 5. Kombinace v\u0161ech \u010dasem prov\u011b\u0159en\u00e9 kvality p\u016fvodn\u00edho designu s vylep\u0161enou ergonomi\u00ed, neuv\u011b\u0159iteln\u011b p\u0159esn\u00fdmi tolerancemi z\u00e1mku a \u010dty\u0159polohov\u00fdm no\u0161en\u00edm, je pravd\u011bpodobn\u011b tak dokonal\u00fd, jak jen m\u016f\u017ee b\u00fdt zav\u00edrac\u00ed n\u016f\u017e se z\u00e1mkem. Co by to tedy mohlo zlep\u0161it? Pro milovn\u00edky vodn\u00edch sport\u016f, ty, kte\u0159\u00ed \u017eij\u00ed ve vlhk\u00e9m podneb\u00ed, nebo kohokoli jin\u00e9ho, \u200b\u200bkdo se posedle zab\u00fdv\u00e1 hrozbou koroze, je odpov\u011bd\u00ed na tuto ot\u00e1zku Native 5 Salt.<\/p>\n<p>Jednodu\u0161e \u0159e\u010deno, Native 5 Salt vyu\u017e\u00edv\u00e1 neuv\u011b\u0159iteln\u011b popul\u00e1rn\u00ed platformu Native 5 Lightweight a vykresluje ji v\u00fdhradn\u011b z materi\u00e1l\u016f odoln\u00fdch proti korozi. Jednoduch\u00e9 v\u00fdrazy v\u0161ak tento n\u016f\u017e nespravuj\u00ed.<\/p>\n<p>Dal\u0161\u00ed evoluce Native 5 Salt kombinuje v\u0161echny osv\u011bd\u010den\u00e9 vlastnosti nejprod\u00e1van\u011bj\u0161\u00edho Native 5 Lightweight s mimo\u0159\u00e1dn\u00fdmi vlastnostmi oceli CPM-MagnaCut. Vyvinul Larrin Thomas, Ph.D. v metalurgick\u00e9m a materi\u00e1lov\u00e9m in\u017een\u00fdrstv\u00ed pozoruhodn\u00e9 slo\u017een\u00ed CPM-MagnaCut zpochyb\u0148uje tradi\u010dn\u00ed chemii nerezov\u00e9 oceli t\u00edm, \u017ee sni\u017euje mno\u017estv\u00ed chr\u00f3mu v oceli a z\u00e1rove\u0148 p\u0159id\u00e1v\u00e1 p\u0159esn\u00e1 mno\u017estv\u00ed vanadu a niobu za vzniku karbid\u016f. V\u00fdsledkem je vysoce v\u00fdkonn\u00e1 \u010depelov\u00e1 ocel, kter\u00e1 nab\u00edz\u00ed v\u00fdjime\u010dnou rovnov\u00e1hu mezi odolnost\u00ed proti opot\u0159eben\u00ed, hou\u017eevnatost\u00ed a extr\u00e9mn\u00ed odolnost\u00ed proti korozi, tak\u017ee si zaslou\u017e\u00ed za\u0159azen\u00ed do elitn\u00ed \u0159ady Salt. Spyderco je hrd\u00e9 na to, \u017ee je jednou z prvn\u00edch spole\u010dnost\u00ed, kter\u00e1 nab\u00edz\u00ed CPM-MagnaCut v tov\u00e1rn\u011b vyroben\u00e9m no\u017ei a americk\u00fd Native 5 Salt je perfektn\u00ed platforma.<\/p>\n<p>Specifikace<br \/>\nD\u00e9lka \u010depele: 7.5 cm<br \/>\nD\u00e9lka v zav\u0159en\u00e9m stavu: 10.2 cm<br \/>\nCelkov\u00e1 d\u00e9lka: 17.7 cm<br \/>\n\u0158ezn\u00e1 hrana: 6.1 cm<br \/>\nTlou\u0161\u0165ka \u010depele: 0.32 cm<br \/>\nMateri\u00e1l \u010depele: CPM-MagnaCut Nerezov\u00e1 ocel<br \/>\nStyl \u010depele: Tvar listu<br \/>\nBrou\u0161en\u00ed \u010depele: Pln\u011b ploch\u00e9<br \/>\nPovrchov\u00e1 \u00faprava \u010depele: sat\u00e9n<br \/>\nOst\u0159\u00ed \u010depele: Vroubkovan\u00e9<br \/>\nMateri\u00e1l rukojeti: Nylon vyztu\u017een\u00fd skeln\u00fdmi vl\u00e1kny (FRN)<br \/>\nBarva rukojeti: \u017elut\u00e1<br \/>\nUzamykac\u00ed mechanismus: Lockback<br \/>\nKapesn\u00ed spona: Vykl\u00e1p\u011bn\u00ed\/sklopen\u00ed, no\u0161en\u00ed vlevo\/vpravo<br \/>\n\u010c\u00edslo modelu: C41PYL5<br \/>\nN\u00e1zev modelu: Native 5 Salt<br \/>\nHmotnost: 2,5 oz. (71 g)<br \/>\nVyrobeno v USA<\/p>\n<p>&nbsp;<\/p>\n","protected":false},"excerpt":{"rendered":"<p><strong>Native je z\u00e1kladn\u00edm pil\u00ed\u0159em produktov\u00e9 \u0159ady Spyderco od sv\u00e9ho prvn\u00edho uveden\u00ed na trh v roce 1997.<\/strong><\/p>\n","protected":false},"featured_media":250755,"comment_status":"open","ping_status":"closed","template":"","meta":[],"pwb-brand":[567],"product_brand":[],"product_cat":[22,17],"product_tag":[3667],"class_list":{"0":"post-250754","1":"product","2":"type-product","3":"status-publish","4":"has-post-thumbnail","6":"pwb-brand-spyderco","7":"product_cat-zaviraci-noze","8":"product_cat-noze","9":"product_tag-b2b","11":"first","12":"outofstock","13":"taxable","14":"shipping-taxable","15":"purchasable","16":"product-type-simple"},"brands":[{"id":567,"name":"Spyderco","slug":"spyderco"}],"_links":{"self":[{"href":"https:\/\/www.moskito.cz\/es\/wp-json\/wp\/v2\/product\/250754","targetHints":{"allow":["GET"]}}],"collection":[{"href":"https:\/\/www.moskito.cz\/es\/wp-json\/wp\/v2\/product"}],"about":[{"href":"https:\/\/www.moskito.cz\/es\/wp-json\/wp\/v2\/types\/product"}],"replies":[{"embeddable":true,"href":"https:\/\/www.moskito.cz\/es\/wp-json\/wp\/v2\/comments?post=250754"}],"wp:featuredmedia":[{"embeddable":true,"href":"https:\/\/www.moskito.cz\/es\/wp-json\/wp\/v2\/media\/250755"}],"wp:attachment":[{"href":"https:\/\/www.moskito.cz\/es\/wp-json\/wp\/v2\/media?parent=250754"}],"wp:term":[{"taxonomy":"pwb-brand","embeddable":true,"href":"https:\/\/www.moskito.cz\/es\/wp-json\/wp\/v2\/pwb-brand?post=250754"},{"taxonomy":"product_brand","embeddable":true,"href":"https:\/\/www.moskito.cz\/es\/wp-json\/wp\/v2\/product_brand?post=250754"},{"taxonomy":"product_cat","embeddable":true,"href":"https:\/\/www.moskito.cz\/es\/wp-json\/wp\/v2\/product_cat?post=250754"},{"taxonomy":"product_tag","embeddable":true,"href":"https:\/\/www.moskito.cz\/es\/wp-json\/wp\/v2\/product_tag?post=250754"}],"curies":[{"name":"wp","href":"https:\/\/api.w.org\/{rel}","templated":true}]}}