{"id":251053,"date":"2023-06-26T20:12:30","date_gmt":"2023-06-26T19:12:30","guid":{"rendered":"https:\/\/www.moskito.cz\/?post_type=product&#038;p=251053"},"modified":"2025-05-07T10:51:28","modified_gmt":"2025-05-07T09:51:28","slug":"zaviraci-nuz-spyderco-rescue-3-lightweight-thin-blue-line-c14fsbkbl3","status":"publish","type":"product","link":"https:\/\/www.moskito.cz\/es\/produkt\/zaviraci-nuz-spyderco-rescue-3-lightweight-thin-blue-line-c14fsbkbl3\/","title":{"rendered":"Zav\u00edrac\u00ed N\u016f\u017e Spyderco Rescue 3 Lightweight Thin Blue Line C14FSBKBL3"},"content":{"rendered":"<p>Zav\u00edrac\u00ed N\u016f\u017e <strong>Spyderco<\/strong> Rescue 3 Lightweight Thin Blue Line C14FSBKBL3<\/p>\n<p>\u201eTenk\u00e1 modr\u00e1 linie\u201c je symbolick\u00fdm odkazem na roli vym\u00e1h\u00e1n\u00ed pr\u00e1va jako bari\u00e9ry, kter\u00e1 br\u00e1n\u00ed spole\u010dnosti upadnout do n\u00e1siln\u00e9ho chaosu. Na po\u010dest slu\u017eby a ob\u011bti na\u0161ich n\u00e1rodn\u00edch policist\u016f vytvo\u0159ila spole\u010dnost Spyderco s\u00e9rii \u201eThin Blue Line\u201c, kter\u00e1 p\u0159edstavuje jedine\u010dn\u00e9 verze n\u011bkter\u00fdch z na\u0161ich nejobl\u00edben\u011bj\u0161\u00edch lehk\u00fdch no\u017e\u016f. Pevn\u00e1, skeln\u00fdm vl\u00e1knem vyztu\u017een\u00e1 nylonov\u00e1 (FRN) rukoje\u0165 t\u011bchto no\u017e\u016f je vst\u0159ikovan\u00e1 v \u010dern\u00e9 barv\u011b s jasn\u011b modrou pod\u0161\u00edvkou. Po sestaven\u00ed s odpov\u00eddaj\u00edc\u00edm modr\u00fdm backspacerem FRN vytv\u00e1\u0159ej\u00ed p\u016fsobivou vizu\u00e1ln\u00ed metaforu pro \u201etenkou modrou \u010d\u00e1ru\u201c. Na rozd\u00edl od standardn\u00edch vyj\u00e1d\u0159en\u00ed t\u011bchto model\u016f, \u010depele z nerezov\u00e9 oceli VG-10 t\u011bchto no\u017e\u016f tak\u00e9 kombinuj\u00ed geometrii b\u0159itu s n\u00edzk\u00fdm t\u0159en\u00edm p\u0159i pln\u011b ploch\u00e9m brou\u0161en\u00ed s extr\u00e9mn\u00ed \u0159eznou silou vroubkov\u00e1n\u00ed Spyderco. Jsou na nich tak\u00e9 laserem vyryto motto \u201eSlou\u017eit a chr\u00e1nit\u201c, aby ctili slu\u017ebu a ob\u011bti profesion\u00e1l\u016f \u010dinn\u00fdch v trestn\u00edm \u0159\u00edzen\u00ed. Pln\u011b zoubkovan\u00e1 \u010depel SpyderEdge a ov\u010d\u00ed noha modelu Thin Blue Line Rescue nab\u00edz\u00ed dokonalou rovnov\u00e1hu mezi bezpe\u010dnost\u00ed a \u0159ezn\u00fdm v\u00fdkonem.<\/p>\n<p>Krom\u011b sv\u00e9 jedine\u010dnosti no\u017ee \u201eThin Blue Line\u201c tak\u00e9 prosp\u00edvaj\u00ed dobr\u00e9 v\u011bci. \u010c\u00e1st v\u0161ech prodej\u016f t\u011bchto no\u017e\u016f bude v\u011bnov\u00e1na nadaci Tunnel to Towers Foundation, kter\u00e1 11. z\u00e1\u0159\u00ed 2001 oce\u0148uje ob\u011b\u0165 hasi\u010de Stephena Sillera spo\u010d\u00edvaj\u00edc\u00ed v polo\u017een\u00ed \u017eivota za z\u00e1chranu ostatn\u00edch. Tunnel to Towers provozuje n\u011bkolik charitativn\u00edch program\u016f, kter\u00e9 podporuj\u00ed prvn\u00ed<br \/>\nzasahuj\u00edc\u00ed vojensk\u00fd person\u00e1l, kter\u00fd pro na\u0161i zemi p\u0159inesl nejvy\u0161\u0161\u00ed ob\u011b\u0165 \u017eivota a zdrav\u00ed.<\/p>\n<p>Specifikace<br \/>\nD\u00e9lka \u010depele: 9.1 cm<br \/>\nD\u00e9lka v zav\u0159en\u00e9m stavu: 12 cm<br \/>\nCelkov\u00e1 d\u00e9lka: 21 cm<br \/>\n\u0158ezn\u00e1 hrana: 8.1 cm<br \/>\nTlou\u0161\u0165ka \u010depele: 0.3 cm<br \/>\nMateri\u00e1l \u010depele: Nerezov\u00e1 ocel VG-10<br \/>\nStyl \u010depele: Sheepfoot<br \/>\nBrou\u0161en\u00ed \u010depele: Pln\u011b ploch\u00e9<br \/>\nPovrchov\u00e1 \u00faprava \u010depele: sat\u00e9n<br \/>\nOst\u0159\u00ed \u010depele: Vroubkovan\u00e9<br \/>\nMateri\u00e1l rukojeti: FRN<br \/>\nBarva rukojeti: \u010cern\u00e1<br \/>\nUzamykac\u00ed mechanismus: Lockback<br \/>\nKapesn\u00ed spona: Nerezov\u00e1 ocel (Tip-Up\/Down, Right\/Left carry)<br \/>\n\u010c\u00edslo modelu: C14FSBKBL3<br \/>\nN\u00e1zev modelu: Rescue 3 Lightweight Thin Blue Line<br \/>\nHmotnost: 3,39 oz. (96 g)<br \/>\nTenk\u00e1 modr\u00e1 linie FRN Backspacer<br \/>\nVyrobeno v Japonsku<\/p>\n","protected":false},"excerpt":{"rendered":"<p><strong>Na po\u010dest slu\u017eby a ob\u011bti na\u0161ich n\u00e1rodn\u00edch policist\u016f vytvo\u0159ila spole\u010dnost Spyderco s\u00e9rii \u201eThin Blue Line\u201c<\/strong><\/p>\n","protected":false},"featured_media":251054,"comment_status":"open","ping_status":"closed","template":"","meta":[],"pwb-brand":[567],"product_brand":[],"product_cat":[22,17],"product_tag":[3667],"class_list":{"0":"post-251053","1":"product","2":"type-product","3":"status-publish","4":"has-post-thumbnail","6":"pwb-brand-spyderco","7":"product_cat-zaviraci-noze","8":"product_cat-noze","9":"product_tag-b2b","11":"first","12":"instock","13":"taxable","14":"shipping-taxable","15":"purchasable","16":"product-type-simple"},"brands":[{"id":567,"name":"Spyderco","slug":"spyderco"}],"_links":{"self":[{"href":"https:\/\/www.moskito.cz\/es\/wp-json\/wp\/v2\/product\/251053","targetHints":{"allow":["GET"]}}],"collection":[{"href":"https:\/\/www.moskito.cz\/es\/wp-json\/wp\/v2\/product"}],"about":[{"href":"https:\/\/www.moskito.cz\/es\/wp-json\/wp\/v2\/types\/product"}],"replies":[{"embeddable":true,"href":"https:\/\/www.moskito.cz\/es\/wp-json\/wp\/v2\/comments?post=251053"}],"wp:featuredmedia":[{"embeddable":true,"href":"https:\/\/www.moskito.cz\/es\/wp-json\/wp\/v2\/media\/251054"}],"wp:attachment":[{"href":"https:\/\/www.moskito.cz\/es\/wp-json\/wp\/v2\/media?parent=251053"}],"wp:term":[{"taxonomy":"pwb-brand","embeddable":true,"href":"https:\/\/www.moskito.cz\/es\/wp-json\/wp\/v2\/pwb-brand?post=251053"},{"taxonomy":"product_brand","embeddable":true,"href":"https:\/\/www.moskito.cz\/es\/wp-json\/wp\/v2\/product_brand?post=251053"},{"taxonomy":"product_cat","embeddable":true,"href":"https:\/\/www.moskito.cz\/es\/wp-json\/wp\/v2\/product_cat?post=251053"},{"taxonomy":"product_tag","embeddable":true,"href":"https:\/\/www.moskito.cz\/es\/wp-json\/wp\/v2\/product_tag?post=251053"}],"curies":[{"name":"wp","href":"https:\/\/api.w.org\/{rel}","templated":true}]}}