{"id":251128,"date":"2023-06-26T21:39:41","date_gmt":"2023-06-26T20:39:41","guid":{"rendered":"https:\/\/www.moskito.cz\/?post_type=product&#038;p=251128"},"modified":"2025-09-10T07:26:47","modified_gmt":"2025-09-10T06:26:47","slug":"zaviraci-nuz-spyderco-native-5-c41pdbl5","status":"publish","type":"product","link":"https:\/\/www.moskito.cz\/es\/produkt\/zaviraci-nuz-spyderco-native-5-c41pdbl5\/","title":{"rendered":"Zav\u00edrac\u00ed N\u016f\u017e Spyderco Native 5 C41PDBL5"},"content":{"rendered":"<p>Zav\u00edrac\u00ed N\u016f\u017e <strong>Spyderco<\/strong> Native 5 C41PDBL5<\/p>\n<p>Od sv\u00e9ho p\u016fvodn\u00edho vyd\u00e1n\u00ed v roce 1997 je Native hlavn\u00edm pil\u00ed\u0159em produktov\u00e9 \u0159ady Spyderco a vlajkovou lod\u00ed americk\u00e9 st\u00e1je no\u017e\u016f Spyderco. Design se v pr\u016fb\u011bhu let neust\u00e1le vyv\u00edjel a sv\u00e9ho sou\u010dasn\u00e9ho stavu dos\u00e1hl v roce 2012 vyd\u00e1n\u00edm Native 5. Nejnov\u011bj\u0161\u00edm p\u0159\u00edr\u016fstkem do \u0159ady Native je Native 5 Lightweight, kter\u00fd kombinuje technick\u00e9 vylep\u0161en\u00ed Native 5 s hmotnost\u00ed. \u00fasporn\u00e9 v\u00fdhody vst\u0159ikovan\u00e9 rukojeti z nylonu vyztu\u017een\u00e9ho sklen\u011bn\u00fdmi vl\u00e1kny (FRN).<\/p>\n<p>Native 5, hrd\u011b vyr\u00e1b\u011bn\u00fd v tov\u00e1rn\u011b Spyderco v Golden, Colorado, m\u00e1 \u010depel s hrotem kop\u00ed vyrobenou z prvot\u0159\u00eddn\u00ed nerezov\u00e9 oceli CPM-S110V. Jeho zcela ploch\u00e9 brou\u0161en\u00ed, dist\u00e1ln\u00ed z\u00fa\u017een\u00ed, texturovan\u00fd ukazov\u00e1\u010dek a n\u00e1jezd na palec a decentn\u00ed swedge spole\u010dn\u011b nab\u00edzej\u00ed v\u00fdrazn\u00fd vzhled a vynikaj\u00edc\u00ed geometrii hran a \u0161pi\u010dku. \u010cepel je podporov\u00e1na vysoce propracovan\u00fdm mechanismem zadn\u00edho z\u00e1mku, kter\u00fd p\u0159eb\u00edr\u00e1 tento \u010dasem prov\u011b\u0159en\u00fd design z\u00e1mku a povy\u0161uje jej na nov\u00fd standard in\u017een\u00fdrsk\u00e9 a v\u00fdrobn\u00ed dokonalosti.<\/p>\n<p>Rukoje\u0165 FRN bez vlo\u017eky je vybavena obousm\u011brnou texturou pro ultra bezpe\u010dn\u00fd \u00fachop a sni\u017euje celkovou hmotnost no\u017ee na pouh\u00fdch 2,5 unce. Rukoje\u0165 tak\u00e9 obsahuje \u010dty\u0159i sady z\u00e1vitov\u00fdch vlo\u017eek lisovan\u00fdch p\u0159\u00edmo do FRN. Ty umo\u017e\u0148uj\u00ed um\u00edstit vylep\u0161enou sponu p\u0159es\u00fdpac\u00edch hodin pro no\u0161en\u00ed se sklopen\u00edm nalevo nebo napravo. Velkoryse dimenzovan\u00fd otvor pro lano tak\u00e9 poskytuje praktick\u00fd upev\u0148ovac\u00ed bod pro lana, p\u0159\u00edv\u011bsky a bezpe\u010dnostn\u00ed \u0161\u0148\u016fry.<\/p>\n<p>Vysoce pokro\u010dil\u00e1 evoluce osv\u011bd\u010den\u00e9ho designu, Native 5 Lightweight je neuv\u011b\u0159iteln\u011b schopn\u00fd \u0159ezac\u00ed n\u00e1stroj kapesn\u00ed velikosti a z\u00e1\u0159n\u00fd p\u0159\u00edklad odhodl\u00e1n\u00ed spole\u010dnosti Spyderco neust\u00e1le zlep\u0161ovat i na\u0161e nejlep\u0161\u00ed produkty.<\/p>\n<p>Funkce<br \/>\n4cestn\u00e1 spona: Tip nahoru\/dol\u016f, lev\u00e1\/prav\u00e1 ruka<br \/>\nP\u00e1te\u0159 a choil jimping<br \/>\n\u0160roubov\u00e1 konstrukce<br \/>\nPloch\u00e1 \u010depel<\/p>\n<p>Specifikace<br \/>\nD\u00e9lka \u010depele: 7.5 cm<br \/>\nD\u00e9lka v zav\u0159en\u00e9m stavu: 10 cm<br \/>\nCelkov\u00e1 d\u00e9lka: 17.5 cm<br \/>\nMateri\u00e1l \u010depele: CPM-S110V Nerezov\u00e1 ocel<br \/>\nMateri\u00e1l rukojeti: tmav\u011b modr\u00e1 FRN<br \/>\nHmotnost: 2,5 oz.<br \/>\nVyrobeno v Golden, Colorado, USA<\/p>\n","protected":false},"excerpt":{"rendered":"<p><strong>Od sv\u00e9ho p\u016fvodn\u00edho vyd\u00e1n\u00ed v roce 1997 je Native hlavn\u00edm pil\u00ed\u0159em produktov\u00e9 \u0159ady Spyderco a vlajkovou lod\u00ed<\/strong><\/p>\n","protected":false},"featured_media":251129,"comment_status":"open","ping_status":"closed","template":"","meta":[],"pwb-brand":[567],"product_brand":[],"product_cat":[22,17],"product_tag":[3667],"class_list":{"0":"post-251128","1":"product","2":"type-product","3":"status-publish","4":"has-post-thumbnail","6":"pwb-brand-spyderco","7":"product_cat-zaviraci-noze","8":"product_cat-noze","9":"product_tag-b2b","11":"first","12":"outofstock","13":"sale","14":"taxable","15":"shipping-taxable","16":"purchasable","17":"product-type-simple"},"brands":[{"id":567,"name":"Spyderco","slug":"spyderco"}],"_links":{"self":[{"href":"https:\/\/www.moskito.cz\/es\/wp-json\/wp\/v2\/product\/251128","targetHints":{"allow":["GET"]}}],"collection":[{"href":"https:\/\/www.moskito.cz\/es\/wp-json\/wp\/v2\/product"}],"about":[{"href":"https:\/\/www.moskito.cz\/es\/wp-json\/wp\/v2\/types\/product"}],"replies":[{"embeddable":true,"href":"https:\/\/www.moskito.cz\/es\/wp-json\/wp\/v2\/comments?post=251128"}],"wp:featuredmedia":[{"embeddable":true,"href":"https:\/\/www.moskito.cz\/es\/wp-json\/wp\/v2\/media\/251129"}],"wp:attachment":[{"href":"https:\/\/www.moskito.cz\/es\/wp-json\/wp\/v2\/media?parent=251128"}],"wp:term":[{"taxonomy":"pwb-brand","embeddable":true,"href":"https:\/\/www.moskito.cz\/es\/wp-json\/wp\/v2\/pwb-brand?post=251128"},{"taxonomy":"product_brand","embeddable":true,"href":"https:\/\/www.moskito.cz\/es\/wp-json\/wp\/v2\/product_brand?post=251128"},{"taxonomy":"product_cat","embeddable":true,"href":"https:\/\/www.moskito.cz\/es\/wp-json\/wp\/v2\/product_cat?post=251128"},{"taxonomy":"product_tag","embeddable":true,"href":"https:\/\/www.moskito.cz\/es\/wp-json\/wp\/v2\/product_tag?post=251128"}],"curies":[{"name":"wp","href":"https:\/\/api.w.org\/{rel}","templated":true}]}}