{"id":251613,"date":"2023-06-28T21:36:20","date_gmt":"2023-06-28T20:36:20","guid":{"rendered":"https:\/\/www.moskito.cz\/?post_type=product&#038;p=251613"},"modified":"2025-05-07T10:51:38","modified_gmt":"2025-05-07T09:51:38","slug":"zaviraci-nuz-spyderco-marcin-slysz-swayback-c249tip","status":"publish","type":"product","link":"https:\/\/www.moskito.cz\/es\/produkt\/zaviraci-nuz-spyderco-marcin-slysz-swayback-c249tip\/","title":{"rendered":"Zav\u00edrac\u00ed N\u016f\u017e Spyderco Marcin Slysz SwayBack C249TIP"},"content":{"rendered":"<p>Zav\u00edrac\u00ed N\u016f\u017e <strong>Spyderco<\/strong> Marcin Slysz SwayBack C249TIP<\/p>\n<p>Vzor inspirovan\u00fd anglick\u00fdmi no\u017ei Jack z 19. stolet\u00ed je stylov\u00fd a extr\u00e9mn\u011b funk\u010dn\u00ed \u0159ezn\u00fd n\u00e1stroj. Ve sv\u00e9 nejnov\u011bj\u0161\u00ed spolupr\u00e1ci se Spyderco renomovan\u00fd polsk\u00fd no\u017e\u00ed\u0159 Marcin Slysz p\u0159epl\u0148uje tento klasick\u00fd design t\u00edm, \u017ee jej ztv\u00e1r\u0148uje nejmodern\u011bj\u0161\u00edmi materi\u00e1ly a \u0159emesln\u00fdm zpracov\u00e1n\u00edm. \u010cepel Wharncliffe s dut\u00fdm brou\u0161en\u00edm SwayBack je vyrobena z nerezov\u00e9 oceli CTS-XHP a m\u00e1 hezk\u00fd kamenn\u00fd povrch. Je um\u00edst\u011bn v rukojeti s otev\u0159enou h\u0159betem zkonstruovanou z pevn\u00fdch titanov\u00fdch \u0161upin. Ob\u011b stupnice jsou kr\u00e1sn\u011b korunov\u00e1ny pro pohodl\u00ed a stupnice na zadn\u00ed stran\u011b tvo\u0159\u00ed z\u00e1klad robustn\u00edho z\u00e1mku Reeve Integral Lock (RIL) s rozhran\u00edm z nerezov\u00e9 oceli. Le\u0161t\u011bn\u00e1 spona z nerezov\u00e9 oceli umo\u017e\u0148uje pohodln\u00e9 p\u0159en\u00e1\u0161en\u00ed a je oboustrann\u00e1 pro p\u0159\u00edstup sklopen\u00edm z lev\u00e9 nebo prav\u00e9 strany.<\/p>\n<p>Specifikace<br \/>\nD\u00e9lka \u010depele: 90 cm<br \/>\nD\u00e9lka v zav\u0159en\u00e9m stavu: 11.5 cm<br \/>\nCelkov\u00e1 d\u00e9lka: 20.4 cm<br \/>\nTlou\u0161\u0165ka \u010depele: 0.3 cm<br \/>\nMateri\u00e1l \u010depele: CTS-XHP Nerezov\u00e1 ocel<br \/>\nStyl \u010depele: Wharncliffe<br \/>\nBrou\u0161en\u00ed \u010depele: Dut\u00e9<br \/>\nPovrchov\u00e1 \u00faprava \u010depele: Stonewash<br \/>\nOst\u0159\u00ed \u010depele: Hladk\u00e9<br \/>\nMateri\u00e1l rukojeti: Titan<br \/>\nBarva rukojeti: \u0161ed\u00e1<br \/>\nUzamykac\u00ed mechanismus: Reeve Integral Lock<br \/>\nKapesn\u00ed spona: Nerezov\u00e1 ocel (vykl\u00e1p\u011bc\u00ed, prav\u00e9\/lev\u00e9 no\u0161en\u00ed)<br \/>\n\u010c\u00edslo modelu: C249TIP<br \/>\nN\u00e1zev modelu: SwayBack<br \/>\nDesign\u00e9r: Marcin Slysz<br \/>\nHmotnost: 3,9 oz. (111 g)<\/p>\n","protected":false},"excerpt":{"rendered":"<p><strong>Vzor inspirovan\u00fd anglick\u00fdmi no\u017ei Jack z 19. stolet\u00ed je stylov\u00fd a extr\u00e9mn\u011b funk\u010dn\u00ed \u0159ezn\u00fd n\u00e1stroj.<\/strong><\/p>\n","protected":false},"featured_media":251614,"comment_status":"open","ping_status":"closed","template":"","meta":[],"pwb-brand":[567],"product_brand":[],"product_cat":[22,17],"product_tag":[3667],"class_list":{"0":"post-251613","1":"product","2":"type-product","3":"status-publish","4":"has-post-thumbnail","6":"pwb-brand-spyderco","7":"product_cat-zaviraci-noze","8":"product_cat-noze","9":"product_tag-b2b","11":"first","12":"instock","13":"taxable","14":"shipping-taxable","15":"purchasable","16":"product-type-simple"},"brands":[{"id":567,"name":"Spyderco","slug":"spyderco"}],"_links":{"self":[{"href":"https:\/\/www.moskito.cz\/es\/wp-json\/wp\/v2\/product\/251613","targetHints":{"allow":["GET"]}}],"collection":[{"href":"https:\/\/www.moskito.cz\/es\/wp-json\/wp\/v2\/product"}],"about":[{"href":"https:\/\/www.moskito.cz\/es\/wp-json\/wp\/v2\/types\/product"}],"replies":[{"embeddable":true,"href":"https:\/\/www.moskito.cz\/es\/wp-json\/wp\/v2\/comments?post=251613"}],"wp:featuredmedia":[{"embeddable":true,"href":"https:\/\/www.moskito.cz\/es\/wp-json\/wp\/v2\/media\/251614"}],"wp:attachment":[{"href":"https:\/\/www.moskito.cz\/es\/wp-json\/wp\/v2\/media?parent=251613"}],"wp:term":[{"taxonomy":"pwb-brand","embeddable":true,"href":"https:\/\/www.moskito.cz\/es\/wp-json\/wp\/v2\/pwb-brand?post=251613"},{"taxonomy":"product_brand","embeddable":true,"href":"https:\/\/www.moskito.cz\/es\/wp-json\/wp\/v2\/product_brand?post=251613"},{"taxonomy":"product_cat","embeddable":true,"href":"https:\/\/www.moskito.cz\/es\/wp-json\/wp\/v2\/product_cat?post=251613"},{"taxonomy":"product_tag","embeddable":true,"href":"https:\/\/www.moskito.cz\/es\/wp-json\/wp\/v2\/product_tag?post=251613"}],"curies":[{"name":"wp","href":"https:\/\/api.w.org\/{rel}","templated":true}]}}