{"id":251643,"date":"2023-06-28T22:04:33","date_gmt":"2023-06-28T21:04:33","guid":{"rendered":"https:\/\/www.moskito.cz\/?post_type=product&#038;p=251643"},"modified":"2025-06-28T21:05:12","modified_gmt":"2025-06-28T20:05:12","slug":"zaviraci-nuz-spyderco-lionsteel-max-spyopera-c255cmp","status":"publish","type":"product","link":"https:\/\/www.moskito.cz\/es\/produkt\/zaviraci-nuz-spyderco-lionsteel-max-spyopera-c255cmp\/","title":{"rendered":"Zav\u00edrac\u00ed N\u016f\u017e Spyderco\/LionSteel Max SpyOpera C255CMP"},"content":{"rendered":"<p>Zav\u00edrac\u00ed N\u016f\u017e Spyderco\/LionSteel Max SpyOpera C255CMP<\/p>\n<p>SpyOpera od Spyderco je extr\u00e9mn\u011b schopn\u00fd zav\u00edrac\u00ed n\u016f\u017e, kter\u00fd se m\u016f\u017ee pochlubit klasick\u00fdmi liniemi a \u0159emesln\u00fdm zpracov\u00e1n\u00edm ze star\u00e9 \u0161koly. Je tak\u00e9 \u017eiv\u00fdm odrazem dlouhodob\u00e9ho vztahu Spyderco s jedn\u00edm z p\u0159edn\u00edch italsk\u00fdch v\u00fdrobc\u016f.<\/p>\n<p>P\u0159\u00edb\u011bh SpyOpera za\u010dal no\u017eem s n\u00e1zvem \u201eOpera\u201c, kter\u00fd vyrobila presti\u017en\u00ed italsk\u00e1 spole\u010dnost LionSteel. Spole\u010dnost LionSteel, kterou v roce 1969 zalo\u017eil Gino Pauletta a jeho man\u017eelka Cesarina, se nach\u00e1z\u00ed v hlavn\u00edm m\u011bst\u011b italsk\u00e9 v\u00fdroby p\u0159\u00edbor\u016f, Maniago. Jeho n\u00e1zev byl inspirov\u00e1n sochou lva, kterou Gin\u016fv d\u011bd vytesal z p\u016fvodn\u00edho v\u00e1pence nedalek\u00e9 hory J\u00f4uf.<\/p>\n<p>Ve sv\u00fdch prvn\u00edch letech se spole\u010dnost LionSteel specializovala na v\u00fdrobu otv\u00edr\u00e1k\u016f na konzervy, no\u017e\u016f na pera a podobn\u00fdch mal\u00fdch n\u00e1stroj\u016f pro jin\u00e9 italsk\u00e9 spole\u010dnosti. Pot\u00e9, v roce 1978, Gino p\u0159i n\u00e1v\u0161t\u011bv\u011b Mil\u00e1na uvid\u011bl v obchod\u011b se suven\u00fdry klasick\u00fd zav\u00edrac\u00ed n\u016f\u017e americk\u00e9 v\u00fdroby. Navzdory jeho vysok\u00e9 cen\u011b si Gino n\u016f\u017e koupil a byl odhodl\u00e1n jej replikovat za cenu, kter\u00e1 byla pro italsk\u00fd trh dostupn\u00e1. Povedlo se mu to a b\u011bhem toho napl\u00e1noval nov\u00fd kurz pro LionSteel. Jak se spole\u010dnost d\u00e1le vyv\u00edjela, Pauletta investovala do nov\u00fdch technologi\u00ed a dr\u017eela krok s modern\u00edmi designov\u00fdmi trendy a v\u00fdrobn\u00edmi metodami. Na p\u0159elomu 21. stolet\u00ed p\u0159edal kontrolu nad spole\u010dnost\u00ed sv\u00fdm syn\u016fm Daniele, Gianni a Massimo. Pod jejich veden\u00edm as vyu\u017eit\u00edm nejmodern\u011bj\u0161\u00edho konstruk\u010dn\u00edho softwaru a mo\u017enost\u00ed CNC obr\u00e1b\u011bn\u00ed hrd\u011b vyr\u00e1b\u00ed inovativn\u00ed,<\/p>\n<p>P\u016fvodn\u00ed LionSteel Opera navr\u017een\u00e1 uzn\u00e1van\u00fdm italsk\u00fdm zak\u00e1zkov\u00fdm no\u017e\u00ed\u0159em Massimem Salice Sannou \u2013 popul\u00e1rn\u011bji zn\u00e1m\u00fdm jako \u201eMAX\u201c \u2013 byla p\u0159edstavena v roce 2006 a rychle se stala jedn\u00edm z nejprod\u00e1van\u011bj\u0161\u00edch model\u016f spole\u010dnosti. Jeho v\u00fdjime\u010dn\u00e9 spojen\u00ed stylu a funk\u010dnosti oslovilo \u0161irok\u00e9 publikum u\u017eivatel\u016f no\u017e\u016f a brzy inspirovalo n\u011bkolik variant z\u00e1kladn\u00edho designu. Opera tak\u00e9 padla do oka zakladatel\u016fm Spyderca a vyvolala z\u00e1jem o mo\u017enost \u201eSpyderizovan\u00e9\u201c verze. D\u00edky \u00fazk\u00e9 spolupr\u00e1ci se spole\u010dnost\u00ed LionSteel byl design upraven tak, aby zahrnoval kulat\u00fd otvor Spyderco s ochrannou zn\u00e1mkou a jejich charakteristickou dr\u00e1t\u011bnou sponu s hlubokou kapsou. S p\u0159id\u00e1n\u00edm t\u011bchto charakteristick\u00fdch funkc\u00ed Spyderco se zrodila SpyOpera.<\/p>\n<p>SpyOpera, vyroben\u00e1 pro Spyderco spole\u010dnost\u00ed LionSteel v jejich tov\u00e1rn\u011b Maniago v It\u00e1lii, v\u011brn\u011b zachov\u00e1v\u00e1 designov\u00fd vkus a v\u0161echny kl\u00ed\u010dov\u00e9 vlastnosti p\u016fvodn\u00edho designu Opery. Jeho celoplo\u0161n\u011b brou\u0161en\u00e1 \u010depel s padac\u00edm hrotem je vyrobena z prvot\u0159\u00eddn\u00ed nerezov\u00e9 oceli M390 z \u010d\u00e1sticov\u00e9 metalurgie. Tato vysoce v\u00fdkonn\u00e1 slitina, vyroben\u00e1 spole\u010dnost\u00ed B\u00f6hler-Uddeholm, nab\u00edz\u00ed velmi vysokou odolnost proti opot\u0159eben\u00ed a korozi, p\u0159esto se extr\u00e9mn\u011b snadno brous\u00ed a udr\u017euje. Pln\u011b p\u0159\u00edstupn\u00fd kulat\u00fd otvor \u010depele umo\u017e\u0148uje snadn\u00e9 otev\u00edr\u00e1n\u00ed jednou rukou kteroukoli rukou a hrd\u011b prohla\u0161uje identitu no\u017ee Spyderco.<\/p>\n<p>\u010cepel SpyOpera je podep\u0159ena robustn\u00edm z\u00e1mkov\u00fdm mechanismem, kter\u00fd ji p\u0159i pou\u017eit\u00ed bezpe\u010dn\u011b uzamkne a z\u00e1rove\u0148 umo\u017e\u0148uje snadn\u00e9 zav\u00edr\u00e1n\u00ed jednou rukou kteroukoli rukou. Hladk\u00e1, ergonomick\u00e1 rukoje\u0165 no\u017ee je vyrobena z titanov\u00fdch vlo\u017eek, backspaceru z nerezov\u00e9 oceli a \u0161upin z hn\u011bd\u00e9ho pl\u00e1tna Micarta. Mistrovsky tvarovan\u00e9, aby poskytovaly pohodln\u00e9 uchopen\u00ed, v\u00e1hy zv\u00fdraz\u0148uj\u00ed klasick\u00fd oldschoolov\u00fd vzhled vrstven\u00e9 Micarty a jsou p\u0159ipevn\u011bny t\u0159emi stylov\u00fdmi \u0161rouby Torx na ka\u017ed\u00e9 stran\u011b. H\u0159bety \u010depele, zaji\u0161\u0165ovac\u00ed ty\u010d a backspacer jsou tak\u00e9 pe\u010dliv\u011b zaobleny pro styl a v\u011bt\u0161\u00ed pohodl\u00ed. Tento detail je na tov\u00e1rn\u011b vyroben\u00fdch no\u017e\u00edch vid\u011bt jen z\u0159\u00eddka a skute\u010dn\u011b povy\u0161uje zpracov\u00e1n\u00ed SpyOpera na elitn\u00ed \u00farove\u0148.<\/p>\n<p>A\u010dkoli p\u016fvodn\u00ed LionSteel Opera byla bez klipu a byla ur\u010dena pro no\u0161en\u00ed v kapse nebo na opasku, pozd\u011bj\u0161\u00ed verze se stupnicemi G-10 p\u0159idaly vyra\u017eenou sponu z nerezov\u00e9 oceli. Jako hrd\u00fd \u010dlen rodiny no\u017e\u016f Spyderco CLIP-IT p\u0159edstavuje SpyOpera dr\u00e1t\u011bnou sponu s hlubokou kapsou, kter\u00e1 umo\u017e\u0148uje no\u0161en\u00ed s n\u00edzk\u00fdm profilem a z\u00e1rove\u0148 udr\u017euje n\u016f\u017e p\u0159ipraven\u00fd pro okam\u017eit\u00fd p\u0159\u00edstup. V prvn\u00edm v\u00fdrobn\u00edm cyklu no\u017ee byla spona konfigurov\u00e1na pouze pro no\u0161en\u00ed na prav\u00e9 stran\u011b se sklopen\u00edm; do n\u00e1sledn\u00e9 v\u00fdroby se v\u0161ak za\u010dlenila oboustrann\u00e1 spona, kter\u00e1 umo\u017e\u0148uje mo\u017enost no\u0161en\u00ed sklopn\u00fdm na lev\u00e9 nebo prav\u00e9 stran\u011b. Jeho backspacer tak\u00e9 obsahuje velkoryse dimenzovan\u00fd otvor pro \u0161\u0148\u016frku pro snadn\u00e9 p\u0159ipevn\u011bn\u00ed \u0161\u0148\u016frek a p\u0159\u00edv\u011bsk\u016f.<\/p>\n<p>SpyOpera je kompaktn\u00ed p\u00e1nsk\u00e1 skl\u00e1da\u010dka, kter\u00e1 nab\u00edz\u00ed komplexn\u00ed v\u00fdkon p\u0159i \u0159ez\u00e1n\u00ed s v\u00fdjime\u010dn\u00fdm stylem. Na hlub\u0161\u00ed \u00farovni p\u0159edstavuje pozoruhodnou spolupr\u00e1ci mezi dv\u011bma nejvlivn\u011bj\u0161\u00edmi spole\u010dnostmi v no\u017e\u00ed\u0159sk\u00e9m pr\u016fmyslu. Spyderco je na n\u011bj a na sv\u016fj vztah s LionSteel nesm\u00edrn\u011b hrd\u00e9.<\/p>\n<p>Specifikace<br \/>\nD\u00e9lka \u010depele: 6.8 cm<br \/>\nD\u00e9lka v zav\u0159en\u00e9m stavu: 10.2 cm<br \/>\nCelkov\u00e1 d\u00e9lka: 17.5 cm<br \/>\nTlou\u0161\u0165ka \u010depele: 0.3 cm<br \/>\nMateri\u00e1l \u010depele: M390 Nerezov\u00e1 ocel<br \/>\nStyl \u010depele: Drop Point<br \/>\nBrou\u0161en\u00ed \u010depele: Pln\u011b ploch\u00e9<br \/>\nPovrchov\u00e1 \u00faprava \u010depele: sat\u00e9n<br \/>\nOst\u0159\u00ed \u010depele: Hladk\u00e9<br \/>\nMateri\u00e1l rukojeti: Canvas Micarta<br \/>\nBarva rukojeti: Hn\u011bd\u00e1<br \/>\nMateri\u00e1l vlo\u017eky: Titan<br \/>\nUzamykac\u00ed mechanismus: Lockback<br \/>\nKapesn\u00ed spona: dr\u00e1t (skl\u00e1p\u011bc\u00ed, prav\u00e9 no\u0161en\u00ed)<br \/>\n\u010c\u00edslo modelu: C255CMP<br \/>\nN\u00e1zev modelu: SpyOpera<br \/>\nDesign\u00e9r: Max<br \/>\nHmotnost: 2,7 oz. (77 g)<br \/>\nVyrobeno v It\u00e1lii<\/p>\n","protected":false},"excerpt":{"rendered":"<p><strong>SpyOpera od Spyderco je extr\u00e9mn\u011b schopn\u00fd zav\u00edrac\u00ed n\u016f\u017e, kter\u00fd se m\u016f\u017ee pochlubit klasick\u00fdmi liniemi a \u0159emesln\u00fdm zpracov\u00e1n\u00edm ze star\u00e9 \u0161koly. Je tak\u00e9 \u017eiv\u00fdm odrazem dlouhodob\u00e9ho vztahu Spyderco s jedn\u00edm z p\u0159edn\u00edch italsk\u00fdch v\u00fdrobc\u016f.<\/strong><\/p>\n","protected":false},"featured_media":251644,"comment_status":"open","ping_status":"closed","template":"","meta":[],"pwb-brand":[567],"product_brand":[],"product_cat":[22,17],"product_tag":[3667],"class_list":{"0":"post-251643","1":"product","2":"type-product","3":"status-publish","4":"has-post-thumbnail","6":"pwb-brand-spyderco","7":"product_cat-zaviraci-noze","8":"product_cat-noze","9":"product_tag-b2b","11":"first","12":"instock","13":"sale","14":"taxable","15":"shipping-taxable","16":"purchasable","17":"product-type-simple"},"brands":[{"id":567,"name":"Spyderco","slug":"spyderco"}],"_links":{"self":[{"href":"https:\/\/www.moskito.cz\/es\/wp-json\/wp\/v2\/product\/251643","targetHints":{"allow":["GET"]}}],"collection":[{"href":"https:\/\/www.moskito.cz\/es\/wp-json\/wp\/v2\/product"}],"about":[{"href":"https:\/\/www.moskito.cz\/es\/wp-json\/wp\/v2\/types\/product"}],"replies":[{"embeddable":true,"href":"https:\/\/www.moskito.cz\/es\/wp-json\/wp\/v2\/comments?post=251643"}],"wp:featuredmedia":[{"embeddable":true,"href":"https:\/\/www.moskito.cz\/es\/wp-json\/wp\/v2\/media\/251644"}],"wp:attachment":[{"href":"https:\/\/www.moskito.cz\/es\/wp-json\/wp\/v2\/media?parent=251643"}],"wp:term":[{"taxonomy":"pwb-brand","embeddable":true,"href":"https:\/\/www.moskito.cz\/es\/wp-json\/wp\/v2\/pwb-brand?post=251643"},{"taxonomy":"product_brand","embeddable":true,"href":"https:\/\/www.moskito.cz\/es\/wp-json\/wp\/v2\/product_brand?post=251643"},{"taxonomy":"product_cat","embeddable":true,"href":"https:\/\/www.moskito.cz\/es\/wp-json\/wp\/v2\/product_cat?post=251643"},{"taxonomy":"product_tag","embeddable":true,"href":"https:\/\/www.moskito.cz\/es\/wp-json\/wp\/v2\/product_tag?post=251643"}],"curies":[{"name":"wp","href":"https:\/\/api.w.org\/{rel}","templated":true}]}}