{"id":251680,"date":"2023-07-01T20:46:53","date_gmt":"2023-07-01T19:46:53","guid":{"rendered":"https:\/\/www.moskito.cz\/?post_type=product&#038;p=251680"},"modified":"2026-01-24T19:06:33","modified_gmt":"2026-01-24T18:06:33","slug":"zaviraci-nuz-spyderco-para-3-maxamet-paramilitary-3-c223gpdgy","status":"publish","type":"product","link":"https:\/\/www.moskito.cz\/es\/produkt\/zaviraci-nuz-spyderco-para-3-maxamet-paramilitary-3-c223gpdgy\/","title":{"rendered":"Zav\u00edrac\u00ed N\u016f\u017e Spyderco Para 3 Maxamet (Paramilitary 3) C223GPDGY"},"content":{"rendered":"<p data-start=\"134\" data-end=\"470\">Jakmile otev\u0159e\u0161 <em data-start=\"150\" data-end=\"175\">Spyderco Para 3 Maxamet<\/em> typick\u00fdm kulat\u00fdm otvorem Spyderco, okam\u017eit\u011b poc\u00edt\u00ed\u0161 precizn\u00ed a hladk\u00e9 ovl\u00e1d\u00e1n\u00ed \u2014 p\u0159esn\u011b to, co d\u011bl\u00e1 tento n\u016f\u017e v\u00fdjime\u010dn\u00fdm EDC kouskem. Model kombinuje kompaktn\u00ed design \u0159ady Para\u202f3 s extr\u00e9mn\u011b vysokou retenc\u00ed ost\u0159\u00ed d\u00edky oceli Maxamet \u2014 ide\u00e1ln\u00ed kombinace pro ka\u017edodenn\u00ed no\u0161en\u00ed i n\u00e1ro\u010dn\u011bj\u0161\u00ed \u00fakoly.<\/p>\n<p data-start=\"472\" data-end=\"620\">Tento n\u016f\u017e je ur\u010den pro u\u017eivatele, kte\u0159\u00ed cht\u011bj\u00ed <strong data-start=\"519\" data-end=\"564\">v\u00fdkonn\u00e9, precizn\u00ed a spolehliv\u00e9 EDC \u0159e\u0161en\u00ed<\/strong> s v\u00fdborn\u00fdm pom\u011brem mezi velikost\u00ed, hmotnost\u00ed a v\u00fdkonem.<\/p>\n<hr data-start=\"622\" data-end=\"625\" \/>\n<h2 data-start=\"627\" data-end=\"651\">Charakter a filozofie<\/h2>\n<p data-start=\"653\" data-end=\"899\"><em data-start=\"653\" data-end=\"678\">Spyderco Para 3 Maxamet<\/em> p\u0159edstavuje filozofii no\u017ee navr\u017een\u00e9ho pro <strong data-start=\"721\" data-end=\"769\">v\u00fdjime\u010dnou ostrost a v\u00fdkon v kompaktn\u00ed form\u011b<\/strong>. \u010cepel z velmi tvrd\u00e9 oceli Maxamet udr\u017e\u00ed ostr\u00fd \u0159ez dlouho i p\u0159i intenzivn\u00edm pou\u017e\u00edv\u00e1n\u00ed, co\u017e umo\u017e\u0148uje pr\u00e1ci bez \u010dast\u00e9ho brou\u0161en\u00ed.<\/p>\n<p data-start=\"901\" data-end=\"1143\">Kulat\u00fd otvor Spyderco umo\u017e\u0148uje <strong data-start=\"932\" data-end=\"962\">snadn\u00e9 jednoruk\u00e9 otev\u00edr\u00e1n\u00ed<\/strong>, zat\u00edmco <strong data-start=\"972\" data-end=\"992\">Compression Lock<\/strong> poskytuje vysokou \u00farove\u0148 bezpe\u010dnosti b\u011bhem \u0159ezu. Rukoje\u0165 z texturovan\u00e9ho G\u201110 je ergonomicky tvarovan\u00e1 pro jist\u00fd a pohodln\u00fd \u00fachop i p\u0159i del\u0161\u00ed pr\u00e1ci.<\/p>\n<p data-start=\"1145\" data-end=\"1278\">Para\u202f3 je navr\u017eena tak, aby byla <strong data-start=\"1178\" data-end=\"1242\">lehkou, robustn\u00ed a v\u0161estrannou volbou pro ka\u017edodenn\u00ed pou\u017eit\u00ed<\/strong>, bez kompromis\u016f v kvalit\u011b a v\u00fdkonu.<\/p>\n<hr data-start=\"1280\" data-end=\"1283\" \/>\n<h2 data-start=\"1285\" data-end=\"1297\">O v\u00fdrobci<\/h2>\n<p data-start=\"1299\" data-end=\"1547\"><em data-start=\"1299\" data-end=\"1309\">Spyderco<\/em> pat\u0159\u00ed mezi sv\u011btovou \u0161pi\u010dku ve v\u00fdrob\u011b kapesn\u00edch no\u017e\u016f. Zna\u010dka je zn\u00e1m\u00e1 inovativn\u00edm designem, ergonomi\u00ed a d\u016frazem na praktick\u00e9 vyu\u017eit\u00ed. Modely jako Para\u202f3 Maxamet jsou v\u00fdsledkem dlouholet\u00e9ho v\u00fdvoje s ohledem na pot\u0159eby skute\u010dn\u00fdch u\u017eivatel\u016f.<\/p>\n<hr data-start=\"1549\" data-end=\"1552\" \/>\n<h2 data-start=\"1554\" data-end=\"1578\">Technick\u00e9 specifikace<\/h2>\n<div class=\"TyagGW_tableContainer\">\n<div class=\"group TyagGW_tableWrapper flex flex-col-reverse w-fit\" tabindex=\"-1\">\n<table class=\"w-fit min-w-(--thread-content-width)\" data-start=\"1580\" data-end=\"2107\">\n<thead data-start=\"1580\" data-end=\"1602\">\n<tr data-start=\"1580\" data-end=\"1602\">\n<th data-start=\"1580\" data-end=\"1591\" data-col-size=\"sm\">Parametr<\/th>\n<th data-start=\"1591\" data-end=\"1602\" data-col-size=\"sm\">Hodnota<\/th>\n<\/tr>\n<\/thead>\n<tbody data-start=\"1626\" data-end=\"2107\">\n<tr data-start=\"1626\" data-end=\"1671\">\n<td data-start=\"1626\" data-end=\"1634\" data-col-size=\"sm\">Model<\/td>\n<td data-col-size=\"sm\" data-start=\"1634\" data-end=\"1671\">Spyderco Para 3 Maxamet C223GPDGY<\/td>\n<\/tr>\n<tr data-start=\"1672\" data-end=\"1694\">\n<td data-start=\"1672\" data-end=\"1678\" data-col-size=\"sm\">Typ<\/td>\n<td data-col-size=\"sm\" data-start=\"1678\" data-end=\"1694\">Zav\u00edrac\u00ed n\u016f\u017e<\/td>\n<\/tr>\n<tr data-start=\"1695\" data-end=\"1726\">\n<td data-start=\"1695\" data-end=\"1711\" data-col-size=\"sm\">Celkov\u00e1 d\u00e9lka<\/td>\n<td data-col-size=\"sm\" data-start=\"1711\" data-end=\"1726\">cca 18,4\u202fcm<\/td>\n<\/tr>\n<tr data-start=\"1727\" data-end=\"1756\">\n<td data-start=\"1727\" data-end=\"1742\" data-col-size=\"sm\">D\u00e9lka \u010depele<\/td>\n<td data-col-size=\"sm\" data-start=\"1742\" data-end=\"1756\">cca 7,5\u202fcm<\/td>\n<\/tr>\n<tr data-start=\"1757\" data-end=\"1789\">\n<td data-start=\"1757\" data-end=\"1775\" data-col-size=\"sm\">Tlou\u0161\u0165ka \u010depele<\/td>\n<td data-col-size=\"sm\" data-start=\"1775\" data-end=\"1789\">cca 3,7\u202fmm<\/td>\n<\/tr>\n<tr data-start=\"1790\" data-end=\"1819\">\n<td data-start=\"1790\" data-end=\"1808\" data-col-size=\"sm\">Materi\u00e1l \u010depele<\/td>\n<td data-col-size=\"sm\" data-start=\"1808\" data-end=\"1819\">Maxamet<\/td>\n<\/tr>\n<tr data-start=\"1820\" data-end=\"1848\">\n<td data-start=\"1820\" data-end=\"1834\" data-col-size=\"sm\">Tvar \u010depele<\/td>\n<td data-col-size=\"sm\" data-start=\"1834\" data-end=\"1848\">Clip Point<\/td>\n<\/tr>\n<tr data-start=\"1849\" data-end=\"1877\">\n<td data-start=\"1849\" data-end=\"1858\" data-col-size=\"sm\">V\u00fdbrus<\/td>\n<td data-col-size=\"sm\" data-start=\"1858\" data-end=\"1877\">Full Flat Grind<\/td>\n<\/tr>\n<tr data-start=\"1878\" data-end=\"1907\">\n<td data-start=\"1878\" data-end=\"1894\" data-col-size=\"sm\">Povrch \u010depele<\/td>\n<td data-col-size=\"sm\" data-start=\"1894\" data-end=\"1907\">Stonewash<\/td>\n<\/tr>\n<tr data-start=\"1908\" data-end=\"1926\">\n<td data-start=\"1908\" data-end=\"1916\" data-col-size=\"sm\">Ost\u0159\u00ed<\/td>\n<td data-col-size=\"sm\" data-start=\"1916\" data-end=\"1926\">Hladk\u00e9<\/td>\n<\/tr>\n<tr data-start=\"1927\" data-end=\"1958\">\n<td data-start=\"1927\" data-end=\"1937\" data-col-size=\"sm\">Rukoje\u0165<\/td>\n<td data-col-size=\"sm\" data-start=\"1937\" data-end=\"1958\">G\u201110 (tmav\u011b \u0161ed\u00e1)<\/td>\n<\/tr>\n<tr data-start=\"1959\" data-end=\"1987\">\n<td data-start=\"1959\" data-end=\"1967\" data-col-size=\"sm\">Z\u00e1mek<\/td>\n<td data-col-size=\"sm\" data-start=\"1967\" data-end=\"1987\">Compression Lock<\/td>\n<\/tr>\n<tr data-start=\"1988\" data-end=\"2025\">\n<td data-start=\"1988\" data-end=\"2000\" data-col-size=\"sm\">Otev\u00edr\u00e1n\u00ed<\/td>\n<td data-col-size=\"sm\" data-start=\"2000\" data-end=\"2025\">kulat\u00fd otvor Spyderco<\/td>\n<\/tr>\n<tr data-start=\"2026\" data-end=\"2066\">\n<td data-start=\"2026\" data-end=\"2033\" data-col-size=\"sm\">Klip<\/td>\n<td data-col-size=\"sm\" data-start=\"2033\" data-end=\"2066\">4\u2011polohov\u00fd (tip\u2011up\/down, L\/P)<\/td>\n<\/tr>\n<tr data-start=\"2067\" data-end=\"2090\">\n<td data-start=\"2067\" data-end=\"2078\" data-col-size=\"sm\">Hmotnost<\/td>\n<td data-col-size=\"sm\" data-start=\"2078\" data-end=\"2090\">cca 96\u202fg<\/td>\n<\/tr>\n<tr data-start=\"2091\" data-end=\"2107\">\n<td data-start=\"2091\" data-end=\"2100\" data-col-size=\"sm\">V\u00fdroba<\/td>\n<td data-col-size=\"sm\" data-start=\"2100\" data-end=\"2107\">USA<\/td>\n<\/tr>\n<\/tbody>\n<\/table>\n<\/div>\n<\/div>\n<hr data-start=\"2109\" data-end=\"2112\" \/>\n<h2 data-start=\"2114\" data-end=\"2130\">Hlavn\u00ed v\u00fdhody<\/h2>\n<ul data-start=\"2132\" data-end=\"2481\">\n<li data-start=\"2132\" data-end=\"2206\">\n<p data-start=\"2134\" data-end=\"2206\"><strong data-start=\"2134\" data-end=\"2175\">Maxamet ocel \u2013 extr\u00e9mn\u00ed retence ost\u0159\u00ed<\/strong>: dlouhotrvaj\u00edc\u00ed ostr\u00e9 ost\u0159\u00ed.<\/p>\n<\/li>\n<li data-start=\"2207\" data-end=\"2277\">\n<p data-start=\"2209\" data-end=\"2277\"><strong data-start=\"2209\" data-end=\"2243\">Kompaktn\u00ed a ergonomick\u00fd design<\/strong>: ide\u00e1ln\u00ed pro ka\u017edodenn\u00ed no\u0161en\u00ed.<\/p>\n<\/li>\n<li data-start=\"2278\" data-end=\"2367\">\n<p data-start=\"2280\" data-end=\"2367\"><strong data-start=\"2280\" data-end=\"2317\">Compression Lock \u2013 bezpe\u010dn\u00fd z\u00e1mek<\/strong>: spolehliv\u00e9 a intuitivn\u00ed ovl\u00e1d\u00e1n\u00ed jednou rukou.<\/p>\n<\/li>\n<li data-start=\"2368\" data-end=\"2421\">\n<p data-start=\"2370\" data-end=\"2421\"><strong data-start=\"2370\" data-end=\"2389\">4\u2011polohov\u00fd klip<\/strong>: univerz\u00e1ln\u00ed mo\u017enosti no\u0161en\u00ed.<\/p>\n<\/li>\n<li data-start=\"2422\" data-end=\"2481\">\n<p data-start=\"2424\" data-end=\"2481\"><strong data-start=\"2424\" data-end=\"2449\">Kulat\u00fd otvor Spyderco<\/strong>: snadn\u00e9 otev\u00edr\u00e1n\u00ed jednou rukou.<\/p>\n<\/li>\n<\/ul>\n<hr data-start=\"2483\" data-end=\"2486\" \/>\n<h2 data-start=\"2488\" data-end=\"2504\">Mo\u017en\u00e1 omezen\u00ed<\/h2>\n<ul data-start=\"2506\" data-end=\"2755\">\n<li data-start=\"2506\" data-end=\"2583\">\n<p data-start=\"2508\" data-end=\"2583\"><strong data-start=\"2508\" data-end=\"2533\">Maxamet je tvrd\u00e1 ocel<\/strong>: brou\u0161en\u00ed vy\u017eaduje zku\u0161enosti a vhodn\u00fd n\u00e1stroj.<\/p>\n<\/li>\n<li data-start=\"2584\" data-end=\"2664\">\n<p data-start=\"2586\" data-end=\"2664\"><strong data-start=\"2586\" data-end=\"2600\">Vy\u0161\u0161\u00ed cena<\/strong>: kvalitn\u00ed materi\u00e1ly a zpracov\u00e1n\u00ed se odr\u00e1\u017e\u00ed v po\u0159izovac\u00ed cen\u011b.<\/p>\n<\/li>\n<li data-start=\"2665\" data-end=\"2755\">\n<p data-start=\"2667\" data-end=\"2755\"><strong data-start=\"2667\" data-end=\"2697\">Ni\u017e\u0161\u00ed odolnost v\u016f\u010di korozi<\/strong> ne\u017e n\u011bkter\u00e9 nerezov\u00e9 oceli: doporu\u010den\u00e1 pravideln\u00e1 \u00fadr\u017eba.<\/p>\n<\/li>\n<\/ul>\n<hr data-start=\"2757\" data-end=\"2760\" \/>\n<h2 data-start=\"2762\" data-end=\"2778\">\u00dadr\u017eba a p\u00e9\u010de<\/h2>\n<ul data-start=\"2780\" data-end=\"3010\">\n<li data-start=\"2780\" data-end=\"2848\">\n<p data-start=\"2782\" data-end=\"2848\">\u010cepel osu\u0161\u00ed a o\u010disti po kontaktu s vlhkost\u00ed \u010di kysel\u00fdmi l\u00e1tkami.<\/p>\n<\/li>\n<li data-start=\"2849\" data-end=\"2907\">\n<p data-start=\"2851\" data-end=\"2907\">Kontroluj chod Compression Lock a mechaniku otev\u00edr\u00e1n\u00ed.<\/p>\n<\/li>\n<li data-start=\"2908\" data-end=\"3010\">\n<p data-start=\"2910\" data-end=\"3010\">Ost\u0159\u00ed udr\u017euj jemn\u00fdm brou\u0161en\u00edm s p\u0159esn\u00fdm veden\u00edm \u00fahlu, aby nedo\u0161lo k po\u0161kozen\u00ed tvrd\u00e9 oceli Maxamet.<\/p>\n<\/li>\n<\/ul>\n<hr data-start=\"3012\" data-end=\"3015\" \/>\n<h2 data-start=\"3017\" data-end=\"3034\">Doporu\u010deno pro<\/h2>\n<ul data-start=\"3036\" data-end=\"3182\">\n<li data-start=\"3036\" data-end=\"3061\">\n<p data-start=\"3038\" data-end=\"3061\">ka\u017edodenn\u00ed EDC no\u0161en\u00ed<\/p>\n<\/li>\n<li data-start=\"3062\" data-end=\"3096\">\n<p data-start=\"3064\" data-end=\"3096\">outdoor a aktivn\u00ed \u017eivotn\u00ed styl<\/p>\n<\/li>\n<li data-start=\"3097\" data-end=\"3142\">\n<p data-start=\"3099\" data-end=\"3142\">u\u017eivatele hledaj\u00edc\u00ed vysokou retenci ost\u0159\u00ed<\/p>\n<\/li>\n<li data-start=\"3143\" data-end=\"3182\">\n<p data-start=\"3145\" data-end=\"3182\">milovn\u00edky kvalitn\u00edch kapesn\u00edch no\u017e\u016f<\/p>\n<\/li>\n<\/ul>\n<hr data-start=\"3184\" data-end=\"3187\" \/>\n<h2 data-start=\"3189\" data-end=\"3211\">Z\u00e1v\u011bre\u010dn\u00e9 hodnocen\u00ed<\/h2>\n<p data-start=\"3213\" data-end=\"3461\"><em data-start=\"3213\" data-end=\"3248\">Spyderco Para 3 Maxamet C223GPDGY<\/em> je <strong data-start=\"3252\" data-end=\"3296\">kompaktn\u00ed, precizn\u00ed a spolehliv\u00fd EDC n\u016f\u017e<\/strong>, kter\u00fd kombinuje ergonomii, bezpe\u010dn\u00e9 ovl\u00e1d\u00e1n\u00ed a extr\u00e9mn\u011b tvrdou ocel Maxamet. Je ide\u00e1ln\u00ed volbou pro ty, kte\u0159\u00ed cht\u011bj\u00ed <strong data-start=\"3414\" data-end=\"3458\">v\u00fdkon, odolnost a jistotu \u0159ezu ka\u017ed\u00fd den<\/strong>.<\/p>\n<p data-start=\"3463\" data-end=\"3521\"><strong data-start=\"3463\" data-end=\"3519\">Para\u202f3 Maxamet \u2013 v\u00fdkon a spolehlivost v ka\u017ed\u00e9m \u0159ezu.<\/strong><\/p>\n","protected":false},"excerpt":{"rendered":"<p data-start=\"3213\" data-end=\"3461\"><strong>Spyderco Para 3 Maxamet C223GPDGY je kompaktn\u00ed, precizn\u00ed a spolehliv\u00fd EDC n\u016f\u017e, kter\u00fd kombinuje ergonomii, bezpe\u010dn\u00e9 ovl\u00e1d\u00e1n\u00ed a extr\u00e9mn\u011b tvrdou ocel Maxamet. Je ide\u00e1ln\u00ed volbou pro ty, kte\u0159\u00ed cht\u011bj\u00ed v\u00fdkon, odolnost a jistotu \u0159ezu ka\u017ed\u00fd den.<\/strong><\/p>\n<p data-start=\"3463\" data-end=\"3521\"><strong data-start=\"3463\" data-end=\"3519\">Para\u202f3 Maxamet \u2013 v\u00fdkon a spolehlivost v ka\u017ed\u00e9m \u0159ezu.<\/strong><\/p>\n<p data-start=\"3463\" data-end=\"3521\"><strong>Doprava zdarma.<\/strong><\/p>\n","protected":false},"featured_media":251681,"comment_status":"open","ping_status":"closed","template":"","meta":[],"pwb-brand":[567],"product_brand":[],"product_cat":[22,17],"product_tag":[3667],"class_list":{"0":"post-251680","1":"product","2":"type-product","3":"status-publish","4":"has-post-thumbnail","6":"pwb-brand-spyderco","7":"product_cat-zaviraci-noze","8":"product_cat-noze","9":"product_tag-b2b","11":"first","12":"instock","13":"taxable","14":"shipping-taxable","15":"purchasable","16":"product-type-simple"},"brands":[{"id":567,"name":"Spyderco","slug":"spyderco"}],"_links":{"self":[{"href":"https:\/\/www.moskito.cz\/es\/wp-json\/wp\/v2\/product\/251680","targetHints":{"allow":["GET"]}}],"collection":[{"href":"https:\/\/www.moskito.cz\/es\/wp-json\/wp\/v2\/product"}],"about":[{"href":"https:\/\/www.moskito.cz\/es\/wp-json\/wp\/v2\/types\/product"}],"replies":[{"embeddable":true,"href":"https:\/\/www.moskito.cz\/es\/wp-json\/wp\/v2\/comments?post=251680"}],"wp:featuredmedia":[{"embeddable":true,"href":"https:\/\/www.moskito.cz\/es\/wp-json\/wp\/v2\/media\/251681"}],"wp:attachment":[{"href":"https:\/\/www.moskito.cz\/es\/wp-json\/wp\/v2\/media?parent=251680"}],"wp:term":[{"taxonomy":"pwb-brand","embeddable":true,"href":"https:\/\/www.moskito.cz\/es\/wp-json\/wp\/v2\/pwb-brand?post=251680"},{"taxonomy":"product_brand","embeddable":true,"href":"https:\/\/www.moskito.cz\/es\/wp-json\/wp\/v2\/product_brand?post=251680"},{"taxonomy":"product_cat","embeddable":true,"href":"https:\/\/www.moskito.cz\/es\/wp-json\/wp\/v2\/product_cat?post=251680"},{"taxonomy":"product_tag","embeddable":true,"href":"https:\/\/www.moskito.cz\/es\/wp-json\/wp\/v2\/product_tag?post=251680"}],"curies":[{"name":"wp","href":"https:\/\/api.w.org\/{rel}","templated":true}]}}