{"id":251776,"date":"2023-07-01T22:51:34","date_gmt":"2023-07-01T21:51:34","guid":{"rendered":"https:\/\/www.moskito.cz\/?post_type=product&#038;p=251776"},"modified":"2025-05-07T10:51:44","modified_gmt":"2025-05-07T09:51:44","slug":"zaviraci-nuz-spyderco-endela-lightweight-wharncliffe-c243fpwk390","status":"publish","type":"product","link":"https:\/\/www.moskito.cz\/es\/produkt\/zaviraci-nuz-spyderco-endela-lightweight-wharncliffe-c243fpwk390\/","title":{"rendered":"Zav\u00edrac\u00ed N\u016f\u017e Spyderco Endela Lightweight Wharncliffe C243FPWK390"},"content":{"rendered":"<p>Zav\u00edrac\u00ed N\u016f\u017e <strong>Spyderco<\/strong> Endela Lightweight Wharncliffe C243FPWK390<\/p>\n<p>Endela Wharncliffe p\u0159in\u00e1\u0161\u00ed v\u0161estrannost tohoto v\u00fdrazn\u00e9ho tvaru \u010depele v perfektn\u00edm form\u00e1tu st\u0159edn\u00ed velikosti. Nejnov\u011bj\u0161\u00ed odleh\u010den\u00e1 verze tohoto designu je\u0161t\u011b v\u00edce zvy\u0161uje jeho v\u00fdkon p\u0159id\u00e1n\u00edm \u010depelov\u00e9 oceli K390 MICROCLEAN. Tato nejmodern\u011bj\u0161\u00ed n\u00e1strojov\u00e1 ocel pro \u010d\u00e1sticovou metalurgii byla vyvinuta tak, aby poskytovala extr\u00e9mn\u00ed odolnost proti opot\u0159eben\u00ed, hou\u017eevnatost a vysokou pevnost v tlaku pot\u0159ebnou v nejn\u00e1ro\u010dn\u011bj\u0161\u00edch pr\u016fmyslov\u00fdch aplikac\u00edch. \u010cepel Wharncliffe s rovn\u00fdm ost\u0159\u00edm t\u00e9to elitn\u00ed zna\u010dky Endela Lightweight pln\u011b vyu\u017e\u00edv\u00e1 t\u011bchto vlastnost\u00ed a nab\u00edz\u00ed v\u00fdjime\u010dn\u00fd \u0159ezn\u00fd v\u00fdkon, zachov\u00e1n\u00ed ost\u0159\u00ed a hou\u017eevnatost. Pln\u011b ploch\u00fd povrch pro optim\u00e1ln\u00ed \u0159ezn\u00fd v\u00fdkon je ulo\u017een v rukojeti z obousm\u011brn\u011b texturovan\u00e9ho nylonu vyztu\u017een\u00e9ho sklen\u011bn\u00fdmi vl\u00e1kny (FRN) lisovan\u00e9 v typick\u00e9 modr\u00e9 barv\u011b na\u0161\u00ed rodiny no\u017e\u016f K390.<\/p>\n<p>Pozn\u00e1mka: K390 je vysoce v\u00fdkonn\u00e1 nerezov\u00e1 ocel, kter\u00e1 m\u016f\u017ee p\u0159i nespr\u00e1vn\u00e9 p\u00e9\u010di rezav\u011bt. Po pou\u017eit\u00ed \u010depel v\u017edy o\u010dist\u011bte a osu\u0161te a v p\u0159\u00edpad\u011b pot\u0159eby naneste olej nebo jin\u00e9 p\u0159\u00edpravky zabra\u0148uj\u00edc\u00ed korozi .<\/p>\n<p>Specifikace<br \/>\nD\u00e9lka \u010depele: 8.7 cm<br \/>\n\u0158ezn\u00e1 hrana: 7.6 cm<br \/>\nD\u00e9lka v zav\u0159en\u00e9m stavu: 11.9 cm<br \/>\nCelkov\u00e1 d\u00e9lka: 20.4 cm<br \/>\nMateri\u00e1l \u010depele: N\u00e1strojov\u00e1 ocel Bohler K390<br \/>\nTlou\u0161\u0165ka \u010depele: 0,118&#8243; (3,0 mm)<br \/>\nStyl \u010depele: Wharncliffe<br \/>\nBrou\u0161en\u00ed \u010depele: Pln\u011b ploch\u00e9<br \/>\nPovrchov\u00e1 \u00faprava \u010depele: sat\u00e9n<br \/>\nMateri\u00e1l rukojeti: Modr\u00e1 FRN<br \/>\nMateri\u00e1l vlo\u017eky: Nerezov\u00e1 ocel<br \/>\nUzamykac\u00ed mechanismus: Lockback<br \/>\nKapesn\u00ed spona: \u010cern\u00e1 nerezov\u00e1 ocel (Tip-Up\/Down, Right\/Left carry)<br \/>\nHmotnost: 3,21 oz. (91 g)<br \/>\nVyrobeno v Japonsku<\/p>\n","protected":false},"excerpt":{"rendered":"<p><strong>Endela Wharncliffe p\u0159in\u00e1\u0161\u00ed v\u0161estrannost tohoto v\u00fdrazn\u00e9ho tvaru \u010depele v perfektn\u00edm form\u00e1tu st\u0159edn\u00ed velikosti.<\/strong><\/p>\n","protected":false},"featured_media":251777,"comment_status":"open","ping_status":"closed","template":"","meta":[],"pwb-brand":[567],"product_brand":[],"product_cat":[22,17],"product_tag":[3667],"class_list":{"0":"post-251776","1":"product","2":"type-product","3":"status-publish","4":"has-post-thumbnail","6":"pwb-brand-spyderco","7":"product_cat-zaviraci-noze","8":"product_cat-noze","9":"product_tag-b2b","11":"first","12":"outofstock","13":"taxable","14":"shipping-taxable","15":"purchasable","16":"product-type-simple"},"brands":[{"id":567,"name":"Spyderco","slug":"spyderco"}],"_links":{"self":[{"href":"https:\/\/www.moskito.cz\/es\/wp-json\/wp\/v2\/product\/251776","targetHints":{"allow":["GET"]}}],"collection":[{"href":"https:\/\/www.moskito.cz\/es\/wp-json\/wp\/v2\/product"}],"about":[{"href":"https:\/\/www.moskito.cz\/es\/wp-json\/wp\/v2\/types\/product"}],"replies":[{"embeddable":true,"href":"https:\/\/www.moskito.cz\/es\/wp-json\/wp\/v2\/comments?post=251776"}],"wp:featuredmedia":[{"embeddable":true,"href":"https:\/\/www.moskito.cz\/es\/wp-json\/wp\/v2\/media\/251777"}],"wp:attachment":[{"href":"https:\/\/www.moskito.cz\/es\/wp-json\/wp\/v2\/media?parent=251776"}],"wp:term":[{"taxonomy":"pwb-brand","embeddable":true,"href":"https:\/\/www.moskito.cz\/es\/wp-json\/wp\/v2\/pwb-brand?post=251776"},{"taxonomy":"product_brand","embeddable":true,"href":"https:\/\/www.moskito.cz\/es\/wp-json\/wp\/v2\/product_brand?post=251776"},{"taxonomy":"product_cat","embeddable":true,"href":"https:\/\/www.moskito.cz\/es\/wp-json\/wp\/v2\/product_cat?post=251776"},{"taxonomy":"product_tag","embeddable":true,"href":"https:\/\/www.moskito.cz\/es\/wp-json\/wp\/v2\/product_tag?post=251776"}],"curies":[{"name":"wp","href":"https:\/\/api.w.org\/{rel}","templated":true}]}}