{"id":251791,"date":"2023-07-01T23:09:17","date_gmt":"2023-07-01T22:09:17","guid":{"rendered":"https:\/\/www.moskito.cz\/?post_type=product&#038;p=251791"},"modified":"2025-05-07T10:51:45","modified_gmt":"2025-05-07T09:51:45","slug":"zaviraci-nuz-spyderco-delica-4-flat-ground-c11zfpgr","status":"publish","type":"product","link":"https:\/\/www.moskito.cz\/es\/produkt\/zaviraci-nuz-spyderco-delica-4-flat-ground-c11zfpgr\/","title":{"rendered":"Zav\u00edrac\u00ed N\u016f\u017e Spyderco Delica 4 Flat Ground C11ZFPGR"},"content":{"rendered":"<p>Zav\u00edrac\u00ed N\u016f\u017e <strong>Spyderco<\/strong> Delica 4 Flat Ground C11ZFPGR<\/p>\n<p><strong>Spyderco<\/strong> Delica 4 je jedn\u00edm z jejich nejtrvalej\u0161\u00edch n\u00e1vrh\u016f, a to z dobr\u00e9ho d\u016fvodu. S pohodlnou a schopnou \u010depel\u00ed a mnoha mo\u017enostmi snadn\u00e9ho p\u0159en\u00e1\u0161en\u00ed inspirovala Delica v pr\u016fb\u011bhu let mnoho napodobitel\u016f. Nyn\u00ed s ru\u010dn\u011b barven\u00fdmi stupnicemi s rukojet\u00ed Camo ve stylu Zome (vyslovov\u00e1no \u201ezoh-may\u201c), tato speci\u00e1ln\u00ed edice zde v KnifeCenter podporuje v\u00fdkon s jedine\u010dn\u00fdm stylem a je jist\u00e9, \u017ee se stane sb\u011bratelsk\u00fdm zbo\u017e\u00edm.<\/p>\n<p>Rukojeti FRN, inspirovan\u00e9 tradi\u010dn\u00edmi japonsk\u00fdmi technikami hiki-zome (barven\u00ed \u0161t\u011btcem), jsou tvarov\u00e1ny ve sv\u011btl\u00e9 z\u00e1kladn\u00ed barv\u011b a pot\u00e9 individu\u00e1ln\u011b ru\u010dn\u011b barveny odborn\u00fdmi japonsk\u00fdmi \u0159emesln\u00edky. \u017d\u00e1dn\u00e9 dva z t\u011bchto no\u017e\u016f nejsou stejn\u00e9. R\u016fzn\u00e9 barvy barviva jsou ru\u010dn\u011b nan\u00e1\u0161eny na rukoje\u0165 a vytv\u00e1\u0159ej\u00ed v\u00fdrazn\u00e9 vzory. Tato barviva zcela prostupuj\u00ed a trvale zbarvuj\u00ed FRN.<\/p>\n<p>Tyto speci\u00e1ln\u00ed rukojeti jsou podep\u0159eny klasickou platformou Delica. Tenk\u00fd a snadno p\u0159enosn\u00fd do kapsy, obousm\u011brn\u00e9 texturov\u00e1n\u00ed na stupnici FRN zaji\u0161\u0165uje pevn\u00e9 uchopen\u00ed i v t\u011bch nejhor\u0161\u00edch podm\u00ednk\u00e1ch. Delica tak\u00e9 umo\u017e\u0148uje t\u00e9m\u011b\u0159 jak\u00e9koli preference no\u0161en\u00ed: \u010dty\u0159polohov\u00e1 spona z nerezov\u00e9 kapsy umo\u017e\u0148uje no\u0161en\u00ed na lev\u00e9 nebo prav\u00e9 stran\u011b, v konfiguraci se sklopen\u00edm nahoru nebo dol\u016f.<\/p>\n<p>Samotn\u00e1 \u010depel je vyrobena z VG-10, co\u017e zaji\u0161\u0165uje dlouhotrvaj\u00edc\u00ed ost\u0159\u00ed a m\u00e1 zcela ploch\u00e9 brou\u0161en\u00ed pro vynikaj\u00edc\u00ed schopnost kr\u00e1jen\u00ed. Tato \u010depel, kter\u00e1 se rozkl\u00e1d\u00e1 na hranici mezi bodem p\u00e1du a upraven\u00fdm tvarem Wharncliffe, se dob\u0159e hod\u00ed pro v\u0161echny druhy ka\u017edodenn\u00edch pot\u0159eb. Jimping pod\u00e9l integrovan\u00e9 palcov\u00e9 rampy pom\u00e1h\u00e1 s jemnou kontrolou a umo\u017e\u0148uje v\u00e1m skute\u010dn\u011b vyu\u017e\u00edt v\u00fdhod jemn\u00e9 \u0161pi\u010dky. Siln\u00fd z\u00e1mek h\u0159betu udr\u017euje \u010depel otev\u0159enou a je vybaven Boye-dent, aby se zabr\u00e1nilo n\u00e1hodn\u00e9mu zav\u0159en\u00ed.<\/p>\n<p>Pokud hled\u00e1te spolehliv\u00fd pracant s jedine\u010dn\u00fdm charakterem, je to Zome Camo Delica.<\/p>\n<p>Specifikace<br \/>\nCelkov\u00e1 d\u00e9lka: 18.1 cm<br \/>\nD\u00e9lka v zav\u0159en\u00e9m stavu: 10.8 cm<br \/>\nD\u00e9lka \u010depele: 7.3 cm<br \/>\nTlou\u0161\u0165ka \u010depele: 0.25 cm<br \/>\nOcel \u010depele: VG10<br \/>\nHmotnost: 2,5 oz. (71 g)<br \/>\nMateri\u00e1l rukojeti: FRN<br \/>\nVyrobeno v Seki-City, Japonsko<\/p>\n","protected":false},"excerpt":{"rendered":"<p><strong>Spyderco Delica 4 je jedn\u00edm z jejich nejtrvalej\u0161\u00edch n\u00e1vrh\u016f, a to z dobr\u00e9ho d\u016fvodu. S pohodlnou a schopnou \u010depel\u00ed a mnoha mo\u017enostmi snadn\u00e9ho p\u0159en\u00e1\u0161en\u00ed inspirovala Delica v pr\u016fb\u011bhu let mnoho napodobitel\u016f.<\/strong><\/p>\n","protected":false},"featured_media":251792,"comment_status":"open","ping_status":"closed","template":"","meta":[],"pwb-brand":[567],"product_brand":[],"product_cat":[22,17],"product_tag":[3667],"class_list":{"0":"post-251791","1":"product","2":"type-product","3":"status-publish","4":"has-post-thumbnail","6":"pwb-brand-spyderco","7":"product_cat-zaviraci-noze","8":"product_cat-noze","9":"product_tag-b2b","11":"first","12":"outofstock","13":"taxable","14":"shipping-taxable","15":"purchasable","16":"product-type-simple"},"brands":[{"id":567,"name":"Spyderco","slug":"spyderco"}],"_links":{"self":[{"href":"https:\/\/www.moskito.cz\/es\/wp-json\/wp\/v2\/product\/251791","targetHints":{"allow":["GET"]}}],"collection":[{"href":"https:\/\/www.moskito.cz\/es\/wp-json\/wp\/v2\/product"}],"about":[{"href":"https:\/\/www.moskito.cz\/es\/wp-json\/wp\/v2\/types\/product"}],"replies":[{"embeddable":true,"href":"https:\/\/www.moskito.cz\/es\/wp-json\/wp\/v2\/comments?post=251791"}],"wp:featuredmedia":[{"embeddable":true,"href":"https:\/\/www.moskito.cz\/es\/wp-json\/wp\/v2\/media\/251792"}],"wp:attachment":[{"href":"https:\/\/www.moskito.cz\/es\/wp-json\/wp\/v2\/media?parent=251791"}],"wp:term":[{"taxonomy":"pwb-brand","embeddable":true,"href":"https:\/\/www.moskito.cz\/es\/wp-json\/wp\/v2\/pwb-brand?post=251791"},{"taxonomy":"product_brand","embeddable":true,"href":"https:\/\/www.moskito.cz\/es\/wp-json\/wp\/v2\/product_brand?post=251791"},{"taxonomy":"product_cat","embeddable":true,"href":"https:\/\/www.moskito.cz\/es\/wp-json\/wp\/v2\/product_cat?post=251791"},{"taxonomy":"product_tag","embeddable":true,"href":"https:\/\/www.moskito.cz\/es\/wp-json\/wp\/v2\/product_tag?post=251791"}],"curies":[{"name":"wp","href":"https:\/\/api.w.org\/{rel}","templated":true}]}}