{"id":252038,"date":"2023-07-03T10:33:00","date_gmt":"2023-07-03T09:33:00","guid":{"rendered":"https:\/\/www.moskito.cz\/?post_type=product&#038;p=252038"},"modified":"2025-05-07T10:51:49","modified_gmt":"2025-05-07T09:51:49","slug":"zaviraci-nuz-spyderco-dragonfly-2-lightweight-c28fppns30v2","status":"publish","type":"product","link":"https:\/\/www.moskito.cz\/es\/produkt\/zaviraci-nuz-spyderco-dragonfly-2-lightweight-c28fppns30v2\/","title":{"rendered":"Zav\u00edrac\u00ed N\u016f\u017e Spyderco Dragonfly 2 Lightweight C28FPPNS30V2"},"content":{"rendered":"<p>Zav\u00edrac\u00ed N\u016f\u017e <strong>Spyderco<\/strong> Dragonfly 2 Lightweight C28FPPNS30V2<\/p>\n<p>Dragonfly je z\u00e1kladn\u00edm pil\u00ed\u0159em produktov\u00e9 \u0159ady Spyderco po cel\u00e1 desetilet\u00ed a st\u00e1le nastavuje standard, pokud jde o seri\u00f3zn\u00ed \u0159ezn\u00fd v\u00fdkon do nejmen\u0161\u00edho mo\u017en\u00e9ho balen\u00ed. Nejnov\u011bj\u0161\u00ed evoluce tohoto pozoruhodn\u00e9ho designu kombinuje v\u0161echny osv\u011bd\u010den\u00e9 kvality lehk\u00e9ho Dragonfly 2 se z\u00e1\u0159iv\u011b r\u016f\u017eovou rukojet\u00ed z nylonu vyztu\u017een\u00e9ho sklen\u011bn\u00fdmi vl\u00e1kny (FRN) a \u010depel\u00ed vyrobenou z americk\u00e9 nerezov\u00e9 oceli CPM-S30V. Jeho symetrick\u00fd design, pln\u011b p\u0159\u00edstupn\u00fd kulat\u00fd otvor s ochrannou zn\u00e1mkou, robustn\u00ed zadn\u00ed z\u00e1mek a oboustrann\u00e1 dr\u00e1t\u011bn\u00e1 spona s hlubokou kapsou je tak\u00e9 ide\u00e1ln\u00ed pro prav\u00e1ky i lev\u00e1ky.<\/p>\n<p>Spyderco je hrd\u00e9 na to, \u017ee podporuje Pink Heals. Pink Heals poskytuje glob\u00e1ln\u00ed zp\u016fsob d\u00e1rcovstv\u00ed, kter\u00fd podporuje \u0159e\u0161en\u00ed financov\u00e1n\u00ed jednotlivc\u016fm a komunit\u00e1m v nouzi d\u00edky partnerstv\u00ed se subjekty ve\u0159ejn\u00e9 bezpe\u010dnosti a m\u00edstn\u00edmi podniky.<br \/>\nSpecifikace<\/p>\n<p>D\u00e9lka \u010depele: 5.8 cm<br \/>\n\u0158ezn\u00e1 hrana: 4.8 cm<br \/>\nD\u00e9lka v zav\u0159en\u00e9m stavu: 8.5 cm<\/p>\n<p>Celkov\u00e1 d\u00e9lka: 14.2 cm<br \/>\nTlou\u0161\u0165ka \u010depele: 0.25 cm<br \/>\nMateri\u00e1l \u010depele: CPM-S30V Nerezov\u00e1 ocel<br \/>\nStyl \u010depele: ve tvaru listu<br \/>\nBrou\u0161en\u00ed \u010depele: Pln\u011b ploch\u00e9<br \/>\nPovrchov\u00e1 \u00faprava \u010depele: sat\u00e9n<br \/>\nOst\u0159\u00ed \u010depele: Hladk\u00e9<br \/>\nMateri\u00e1l rukojeti: FRN<br \/>\nBarva rukojeti: r\u016f\u017eov\u00e1<br \/>\nUzamykac\u00ed mechanismus: Lockback<br \/>\nKapesn\u00ed spona: dr\u00e1t (skl\u00e1p\u011bc\u00ed, prav\u00e9\/lev\u00e9 no\u0161en\u00ed)<br \/>\n\u010c\u00edslo modelu: C28FPPNS30V2<br \/>\nN\u00e1zev modelu: Dragonfly 2 Lightweight Pink S30V<br \/>\nHmotnost: 1,20 oz. (34 g)<br \/>\nVyrobeno v Japonsku<\/p>\n<p>&nbsp;<\/p>\n","protected":false},"excerpt":{"rendered":"<p><strong>Dragonfly je z\u00e1kladn\u00edm pil\u00ed\u0159em produktov\u00e9 \u0159ady Spyderco po cel\u00e1 desetilet\u00ed.<\/strong><\/p>\n","protected":false},"featured_media":252039,"comment_status":"open","ping_status":"closed","template":"","meta":[],"pwb-brand":[567],"product_brand":[],"product_cat":[22,17],"product_tag":[3667],"class_list":{"0":"post-252038","1":"product","2":"type-product","3":"status-publish","4":"has-post-thumbnail","6":"pwb-brand-spyderco","7":"product_cat-zaviraci-noze","8":"product_cat-noze","9":"product_tag-b2b","11":"first","12":"outofstock","13":"taxable","14":"shipping-taxable","15":"purchasable","16":"product-type-simple"},"brands":[{"id":567,"name":"Spyderco","slug":"spyderco"}],"_links":{"self":[{"href":"https:\/\/www.moskito.cz\/es\/wp-json\/wp\/v2\/product\/252038","targetHints":{"allow":["GET"]}}],"collection":[{"href":"https:\/\/www.moskito.cz\/es\/wp-json\/wp\/v2\/product"}],"about":[{"href":"https:\/\/www.moskito.cz\/es\/wp-json\/wp\/v2\/types\/product"}],"replies":[{"embeddable":true,"href":"https:\/\/www.moskito.cz\/es\/wp-json\/wp\/v2\/comments?post=252038"}],"wp:featuredmedia":[{"embeddable":true,"href":"https:\/\/www.moskito.cz\/es\/wp-json\/wp\/v2\/media\/252039"}],"wp:attachment":[{"href":"https:\/\/www.moskito.cz\/es\/wp-json\/wp\/v2\/media?parent=252038"}],"wp:term":[{"taxonomy":"pwb-brand","embeddable":true,"href":"https:\/\/www.moskito.cz\/es\/wp-json\/wp\/v2\/pwb-brand?post=252038"},{"taxonomy":"product_brand","embeddable":true,"href":"https:\/\/www.moskito.cz\/es\/wp-json\/wp\/v2\/product_brand?post=252038"},{"taxonomy":"product_cat","embeddable":true,"href":"https:\/\/www.moskito.cz\/es\/wp-json\/wp\/v2\/product_cat?post=252038"},{"taxonomy":"product_tag","embeddable":true,"href":"https:\/\/www.moskito.cz\/es\/wp-json\/wp\/v2\/product_tag?post=252038"}],"curies":[{"name":"wp","href":"https:\/\/api.w.org\/{rel}","templated":true}]}}