{"id":252321,"date":"2023-07-03T21:56:19","date_gmt":"2023-07-03T20:56:19","guid":{"rendered":"https:\/\/www.moskito.cz\/?post_type=product&#038;p=252321"},"modified":"2025-05-07T10:51:56","modified_gmt":"2025-05-07T09:51:56","slug":"vystrelovaci-nuz-microtech-combat-troodon-143-1od","status":"publish","type":"product","link":"https:\/\/www.moskito.cz\/es\/produkt\/vystrelovaci-nuz-microtech-combat-troodon-143-1od\/","title":{"rendered":"Vyst\u0159elovac\u00ed N\u016f\u017e Microtech Combat Troodon 143-1OD"},"content":{"rendered":"<p>Vyst\u0159elovac\u00ed N\u016f\u017e <strong>Microtech<\/strong> Combat Troodon 143-1OD<\/p>\n<p>Combat Troodon, obl\u00edben\u00fd mezi donucovac\u00edmi org\u00e1ny, vojensk\u00fdm person\u00e1lem a prvn\u00edmi z\u00e1chran\u00e1\u0159i, je postaven pro \u0161irok\u00e9 spektrum pou\u017eit\u00ed a bojov\u00e9 situace na bl\u00edzko. D\u00edky tvarovan\u00e9mu tvaru a radik\u00e1ln\u00edm designov\u00fdm prvk\u016fm p\u016fsob\u00ed tento kousek hmotn\u011b, a p\u0159esto je vhodn\u00fd pro ka\u017edodenn\u00ed no\u0161en\u00ed.<\/p>\n<p>Celkov\u00e1 d\u00e9lka: 24.2 cm<br \/>\nD\u00e9lka v zav\u0159en\u00e9m stavu: 14.7 cm<br \/>\nD\u00e9lka \u010depele: 9.6 cm<br \/>\nTlou\u0161\u0165ka \u010depele: 0,32 cm<br \/>\n\u010cepel ocel: Elmax, M390 nebo 204P<br \/>\nPovrchov\u00e1 \u00faprava \u010depele: \u010dern\u00e1<br \/>\nStyl okraje: Oby\u010dejn\u00fd<br \/>\nMateri\u00e1l rukojeti: Zelen\u00fd hlin\u00edk<br \/>\nTlou\u0161\u0165ka rukojeti: 1.5 cm<br \/>\nKapesn\u00ed klip: Tip-Down<br \/>\nHmotnost: 5,29 oz (149,97 g)<br \/>\nV\u00fdrobce Ref. #: 143-1OD<br \/>\nZem\u011b p\u016fvodu: USA<\/p>\n","protected":false},"excerpt":{"rendered":"<p>V pr\u016fb\u011bhu let\u00a0<strong>Microtech\u00ae Knives<\/strong> naplnil v\u00e1\u0161n\u00ed a dovednost\u00ed v\u00fdrobu no\u017e\u016f, a\u017e z nich vytvo\u0159il t\u00e9m\u011b\u0159 um\u011bleck\u00e1 d\u00edla,kter\u00e9 jsou vrcholem funk\u010dnosti.V\u0161echny d\u00edly jsou vyrobeny v USA.<br \/>\n<strong>Na v\u0161echny no\u017ee Microtech je do\u017eivotn\u00ed z\u00e1ruka.<\/strong><\/p>\n<p><strong>Doprava zdarma.<\/strong><\/p>\n","protected":false},"featured_media":252322,"comment_status":"open","ping_status":"closed","template":"","meta":[],"pwb-brand":[431],"product_brand":[],"product_cat":[2019,17],"product_tag":[3667],"class_list":{"0":"post-252321","1":"product","2":"type-product","3":"status-publish","4":"has-post-thumbnail","6":"pwb-brand-microtech","7":"product_cat-vystrelovaci-noze","8":"product_cat-noze","9":"product_tag-b2b","11":"first","12":"outofstock","13":"taxable","14":"shipping-taxable","15":"purchasable","16":"product-type-simple"},"brands":[{"id":431,"name":"Microtech","slug":"microtech"}],"_links":{"self":[{"href":"https:\/\/www.moskito.cz\/es\/wp-json\/wp\/v2\/product\/252321","targetHints":{"allow":["GET"]}}],"collection":[{"href":"https:\/\/www.moskito.cz\/es\/wp-json\/wp\/v2\/product"}],"about":[{"href":"https:\/\/www.moskito.cz\/es\/wp-json\/wp\/v2\/types\/product"}],"replies":[{"embeddable":true,"href":"https:\/\/www.moskito.cz\/es\/wp-json\/wp\/v2\/comments?post=252321"}],"wp:featuredmedia":[{"embeddable":true,"href":"https:\/\/www.moskito.cz\/es\/wp-json\/wp\/v2\/media\/252322"}],"wp:attachment":[{"href":"https:\/\/www.moskito.cz\/es\/wp-json\/wp\/v2\/media?parent=252321"}],"wp:term":[{"taxonomy":"pwb-brand","embeddable":true,"href":"https:\/\/www.moskito.cz\/es\/wp-json\/wp\/v2\/pwb-brand?post=252321"},{"taxonomy":"product_brand","embeddable":true,"href":"https:\/\/www.moskito.cz\/es\/wp-json\/wp\/v2\/product_brand?post=252321"},{"taxonomy":"product_cat","embeddable":true,"href":"https:\/\/www.moskito.cz\/es\/wp-json\/wp\/v2\/product_cat?post=252321"},{"taxonomy":"product_tag","embeddable":true,"href":"https:\/\/www.moskito.cz\/es\/wp-json\/wp\/v2\/product_tag?post=252321"}],"curies":[{"name":"wp","href":"https:\/\/api.w.org\/{rel}","templated":true}]}}