{"id":252588,"date":"2023-07-04T18:53:32","date_gmt":"2023-07-04T17:53:32","guid":{"rendered":"https:\/\/www.moskito.cz\/?post_type=product&#038;p=252588"},"modified":"2025-12-14T22:40:41","modified_gmt":"2025-12-14T21:40:41","slug":"zaviraci-nuz-spyderco-atlantic-salt-c89syl","status":"publish","type":"product","link":"https:\/\/www.moskito.cz\/es\/produkt\/zaviraci-nuz-spyderco-atlantic-salt-c89syl\/","title":{"rendered":"Zav\u00edrac\u00ed N\u016f\u017e Spyderco Atlantic Salt C89SYL"},"content":{"rendered":"<p>Zav\u00edrac\u00ed N\u016f\u017e <strong>Spyderco<\/strong> Atlantic Salt C89SYL<\/p>\n<p>Spekulovalo se o tom, \u017ee \u010depel ve tvaru ov\u010d\u00ed nohy poch\u00e1z\u00ed od n\u00e1mo\u0159n\u00edk\u016f, kte\u0159\u00ed pova\u017eovali zaoblenou \u0161pi\u010dku za zvl\u00e1\u0161t\u011b v\u00fdhodnou, kdy\u017e n\u016f\u017e n\u00e1hodou spadl (p\u0159edpokl\u00e1dejme pr\u00e1ci na lodi v bou\u0159\u00edc\u00edch se mo\u0159\u00edch), proto\u017ee p\u0159i dopadu na palubu nemohl bodnout do nohy. Tak\u00e9 se p\u0159edpokl\u00e1dalo, \u017ee vel\u00edc\u00ed d\u016fstojn\u00edci na t\u011bchto lod\u00edch d\u00e1vaj\u00ed p\u0159ednost hlu\u010dn\u00fdm a pracovit\u00fdm n\u00e1mo\u0159n\u00edk\u016fm, kte\u0159\u00ed nos\u00ed no\u017ee bez \u0161pi\u010dat\u00fdch \u0161pi\u010dek, zvl\u00e1\u0161t\u011b kdy\u017e jsou v p\u0159\u00edstavu, kdy\u017e po m\u011bs\u00edc\u00edch na mo\u0159i vyfukuj\u00ed p\u00e1ru.<\/p>\n<p>Z\u00e1chrann\u00e9 no\u017ee Spyderco jsou dlouho obl\u00edben\u00e9 mezi n\u00e1mo\u0159n\u00edky a jejich design od t\u00e9 doby p\u0159ijali z\u00e1chran\u00e1\u0159i, EMT a ran\u010deri. Atlantic Salt, kter\u00fd je nyn\u00ed k dispozici v ultra-korozivzdorn\u00e9 verzi, je upraven\u00fd Rescue vyroben\u00fd z nejmodern\u011bj\u0161\u00ed oceli H2. H2 je precipita\u010dn\u011b kalen\u00e1 ocel obsahuj\u00edc\u00ed dus\u00edk m\u00edsto uhl\u00edku, kter\u00e1 je neuv\u011b\u0159iteln\u011b odoln\u00e1 v\u016f\u010di korozi. Vroubkovan\u00e1 \u010depel s dut\u00fdm brou\u0161en\u00edm nab\u00edz\u00ed pozoruhodn\u00fd \u0159ezn\u00fd v\u00fdkon ve sladk\u00e9 i slan\u00e9 vod\u011b a kolem n\u00ed. Tvarovan\u00e1 rukoje\u0165 z nylonu vyztu\u017een\u00e9ho skeln\u00fdm vl\u00e1knem (FRN) se strukturou se vzorem Volcano Grip je viditeln\u011b n\u00e1mo\u0159nick\u00e1 \u017elut\u00e1 a je vybavena oboustrannou titanovou kapesn\u00ed sponou pro pou\u017eit\u00ed prav\u00e1ky nebo lev\u00e1ky. Doporu\u010dujeme provl\u00e9knout tanga nebo \u0161\u0148\u016frku na \u0161\u0148\u016frku otvorem pro \u0161\u0148\u016frku pro z\u00e1lo\u017en\u00ed zadr\u017een\u00ed kolem vody, kde je n\u016f\u017e po p\u00e1du \u010dasto nen\u00e1vratn\u00fd nebo ztracen\u00fd.<\/p>\n<p>Specifikace<\/p>\n<p>D\u00e9lka \u010depele: 9.4 cm<br \/>\nTlou\u0161\u0165ka \u010depele: 0.3 cm<br \/>\nCelkov\u00e1 d\u00e9lka: 21 cm<br \/>\nD\u00e9lka v zav\u0159en\u00e9m stavu: 11.7 cm<\/p>\n<p>Ocel \u010depele: Ultra-korozi odoln\u00e1 ocel H2<br \/>\nHmotnost: 2,75 oz. (77 g)<br \/>\nMateri\u00e1l rukojeti: \u017elut\u00e1 FRN<br \/>\nVyrobeno v Seki-City, Japonsko<\/p>\n<p>&nbsp;<\/p>\n","protected":false},"excerpt":{"rendered":"<p><strong>Z\u00e1chrann\u00e9 no\u017ee Spyderco jsou dlouho obl\u00edben\u00e9 mezi n\u00e1mo\u0159n\u00edky a jejich design od t\u00e9 doby p\u0159ijali z\u00e1chran\u00e1\u0159i, EMT a ran\u010deri.<\/strong><\/p>\n","protected":false},"featured_media":252589,"comment_status":"open","ping_status":"closed","template":"","meta":[],"pwb-brand":[567],"product_brand":[],"product_cat":[22,17],"product_tag":[3667],"class_list":{"0":"post-252588","1":"product","2":"type-product","3":"status-publish","4":"has-post-thumbnail","6":"pwb-brand-spyderco","7":"product_cat-zaviraci-noze","8":"product_cat-noze","9":"product_tag-b2b","11":"first","12":"outofstock","13":"taxable","14":"shipping-taxable","15":"purchasable","16":"product-type-simple"},"brands":[{"id":567,"name":"Spyderco","slug":"spyderco"}],"_links":{"self":[{"href":"https:\/\/www.moskito.cz\/es\/wp-json\/wp\/v2\/product\/252588","targetHints":{"allow":["GET"]}}],"collection":[{"href":"https:\/\/www.moskito.cz\/es\/wp-json\/wp\/v2\/product"}],"about":[{"href":"https:\/\/www.moskito.cz\/es\/wp-json\/wp\/v2\/types\/product"}],"replies":[{"embeddable":true,"href":"https:\/\/www.moskito.cz\/es\/wp-json\/wp\/v2\/comments?post=252588"}],"wp:featuredmedia":[{"embeddable":true,"href":"https:\/\/www.moskito.cz\/es\/wp-json\/wp\/v2\/media\/252589"}],"wp:attachment":[{"href":"https:\/\/www.moskito.cz\/es\/wp-json\/wp\/v2\/media?parent=252588"}],"wp:term":[{"taxonomy":"pwb-brand","embeddable":true,"href":"https:\/\/www.moskito.cz\/es\/wp-json\/wp\/v2\/pwb-brand?post=252588"},{"taxonomy":"product_brand","embeddable":true,"href":"https:\/\/www.moskito.cz\/es\/wp-json\/wp\/v2\/product_brand?post=252588"},{"taxonomy":"product_cat","embeddable":true,"href":"https:\/\/www.moskito.cz\/es\/wp-json\/wp\/v2\/product_cat?post=252588"},{"taxonomy":"product_tag","embeddable":true,"href":"https:\/\/www.moskito.cz\/es\/wp-json\/wp\/v2\/product_tag?post=252588"}],"curies":[{"name":"wp","href":"https:\/\/api.w.org\/{rel}","templated":true}]}}