{"id":252776,"date":"2023-07-05T13:28:07","date_gmt":"2023-07-05T12:28:07","guid":{"rendered":"https:\/\/www.moskito.cz\/?post_type=product&#038;p=252776"},"modified":"2026-03-25T20:45:12","modified_gmt":"2026-03-25T19:45:12","slug":"zaviraci-nuz-spyderco-paul-alexander-sliverax-c228cfp","status":"publish","type":"product","link":"https:\/\/www.moskito.cz\/es\/produkt\/zaviraci-nuz-spyderco-paul-alexander-sliverax-c228cfp\/","title":{"rendered":"Zav\u00edrac\u00ed N\u016f\u017e Spyderco Paul Alexander Sliverax C228CFP"},"content":{"rendered":"<p>Zav\u00edrac\u00ed N\u016f\u017e <strong>Spyderco<\/strong> Paul Alexander Sliverax C228CFP<\/p>\n<p>Sliverax je elegantn\u00ed, extr\u00e9mn\u011b inovativn\u00ed zav\u00edrac\u00ed n\u016f\u017e navr\u017een\u00fd automobilov\u00fdm in\u017een\u00fdrem a nad\u0161encem pro no\u017ee Paulem Alexanderem. Prvn\u00ed tov\u00e1rn\u011b vyroben\u00fd zav\u00edrac\u00ed n\u016f\u017e, kter\u00fd kombinuje otv\u00edr\u00e1k ploutv\u00ed s ukazov\u00e1\u010dkem a patentovan\u00fdm mechanismem Compression Lock spole\u010dnosti Spyderco, nab\u00edz\u00ed bleskov\u011b rychl\u00e9 nasazen\u00ed, p\u016fsobivou struktur\u00e1ln\u00ed pevnost a \u0161pi\u010dkov\u00fd \u0159ezn\u00fd v\u00fdkon.<\/p>\n<p>Paul Alexander je doktor filozofie (PhD) ve stroj\u00edrenstv\u00ed a v\u00fdzkumn\u00fd pracovn\u00edk pro jednoho z p\u0159edn\u00edch v\u00fdrobc\u016f v automobilov\u00e9m pr\u016fmyslu. S dosud t\u00e9m\u011b\u0159 100 patenty na sv\u00e9m kont\u011b je uzn\u00e1van\u00fdm odborn\u00edkem na design a konstrukci automobilov\u00fdch syst\u00e9m\u016f a specialistou na nejmodern\u011bj\u0161\u00ed pr\u016fmyslov\u00e9 materi\u00e1ly. A kdy\u017e se n\u011bkdo jeho kalibru rozhodne vyzkou\u0161et navrhov\u00e1n\u00ed no\u017e\u016f, nen\u00ed \u017e\u00e1dn\u00fdm p\u0159ekvapen\u00edm, \u017ee v\u00fdsledek je n\u011b\u010d\u00edm v\u00fdjime\u010dn\u00fd.<\/p>\n<p>Prvn\u00ed Alexanderova spolupr\u00e1ce se spole\u010dnost\u00ed Spyderco, Ouroboros, byla vyd\u00e1na v roce 2016. P\u0159edstavila komunit\u011b no\u017e\u016f jeho vysoce vyt\u0159\u00edben\u00fd designov\u00fd styl a okam\u017eit\u011b vyvolala chu\u0165 na dal\u0161\u00ed. Rychle zareagoval a se Sliveraxem posunul hranice kreativity je\u0161t\u011b d\u00e1le.<\/p>\n<p>Sliverax ve skute\u010dnosti p\u0159edstavuje spojen\u00ed t\u0159\u00ed v\u00fdkonn\u00fdch funkc\u00ed: otv\u00edr\u00e1k na ploutve inspirovan\u00fd Kitem Carsonem, pln\u011b p\u0159\u00edstupn\u00fd kulat\u00fd otvor s ochrannou zn\u00e1mkou a vysoce pevn\u00fd mechanismus kompresn\u00edho z\u00e1mku Spyderco. Ploutev a kulat\u00fd otvor umo\u017e\u0148uj\u00ed rychl\u00e9 nasazen\u00ed no\u017ee pomoc\u00ed cel\u00e9 \u0159ady technik otev\u00edr\u00e1n\u00ed jednou rukou, kter\u00e9 ob\u011b funguj\u00ed stejn\u011b dob\u0159e ob\u011bma rukama. Mechanismus Compression Lock nejen zablokuje \u010depel bezpe\u010dn\u011b otev\u0159enou p\u0159i pou\u017eit\u00ed, ale tak\u00e9 pom\u00e1h\u00e1 p\u0159edch\u00e1zet necht\u011bn\u00e9mu zav\u0159en\u00ed no\u017ee, proto\u017ee uvol\u0148ova\u010d z\u00e1mku je um\u00edst\u011bn ve h\u0159betu rukojeti.<\/p>\n<p>Elegantn\u00ed \u010depel tohoto no\u017ee je vyrobena z nerezov\u00e9 oceli CPM-S30V a je vybavena zcela ploch\u00fdm brou\u0161en\u00edm pro geometrii ost\u0159\u00ed s n\u00edzk\u00fdm t\u0159en\u00edm. Plynul\u00fd tok \u010depele a rukojeti vytv\u00e1\u0159\u00ed m\u00edrn\u011b negativn\u00ed \u00fahel \u010depele, co\u017e zlep\u0161uje p\u00e1kov\u00fd efekt \u0159ez\u00e1n\u00ed a um\u00eds\u0165uje hrot na st\u0159edovou osu no\u017ee pro maxim\u00e1ln\u00ed u\u017eitek a kontrolu. Z\u00e1porn\u00fd \u00fahel tak\u00e9 zkracuje oblouk otev\u0159en\u00ed \u010depele, aby se d\u00e1le zv\u00fd\u0161ila rychlost a spolehlivost otev\u00edr\u00e1n\u00ed jednou rukou. Po otev\u0159en\u00ed slou\u017e\u00ed ploutev \u010depele jako vysoce funk\u010dn\u00ed spodn\u00ed kryt, kter\u00fd poskytuje dodate\u010dn\u00e9 zabezpe\u010den\u00ed \u00fachopu p\u0159i pou\u017e\u00edv\u00e1n\u00ed.<\/p>\n<p>Rukoje\u0165 Sliveraxu se vyzna\u010duje lehkou, snadno \u010distitelnou konstrukc\u00ed s otev\u0159enou h\u0159betem, kter\u00e1 je stylov\u00e1 a extr\u00e9mn\u011b ergonomick\u00e1. Jeho ohromuj\u00edc\u00ed stupnice z uhl\u00edkov\u00fdch vl\u00e1ken\/lamin\u00e1tu G10 jsou precizn\u011b zpracov\u00e1ny tak, aby obsahovaly vlo\u017een\u00e9 vlo\u017eky z nerezov\u00e9 oceli, kter\u00e9 tvo\u0159\u00ed z\u00e1klad vysoce pevn\u00e9ho mechanismu kompresn\u00edho z\u00e1mku no\u017ee. Tento patentovan\u00fd z\u00e1mek se nach\u00e1z\u00ed v h\u0159betu rukojeti a je mechanicky velmi odli\u0161n\u00fd od b\u011b\u017en\u00e9ho LinerLock. Nab\u00edz\u00ed mnohem v\u011bt\u0161\u00ed pevnost, v\u00fdrazn\u011b sni\u017euje mo\u017enost ne\u00famysln\u00e9ho uvoln\u011bn\u00ed b\u011bhem pou\u017e\u00edv\u00e1n\u00ed a umo\u017e\u0148uje snadn\u00e9 uzav\u0159en\u00ed \u010depele pouze jednou rukou, ani\u017e byste museli d\u00e1vat prsty do dr\u00e1hy ost\u0159\u00ed.<\/p>\n<p>Aby byla zaji\u0161t\u011bna optim\u00e1ln\u00ed rovnov\u00e1ha mezi n\u00edzk\u00fdm profilem a okam\u017eit\u00fdm p\u0159\u00edstupem, obsahuje Sliverax oboustrannou dr\u00e1t\u011bnou sponu s hlubokou kapsou pro no\u0161en\u00ed ve sklopn\u00e9 poloze. Jeho jedine\u010dn\u00fd pr\u016fhledn\u00fd styl spl\u00fdv\u00e1 s materi\u00e1lem kalhot a um\u00eds\u0165uje n\u016f\u017e n\u00edzko v kapse pro bezpe\u010dn\u00e9, extr\u00e9mn\u011b diskr\u00e9tn\u00ed no\u0161en\u00ed, a p\u0159esto jej udr\u017euje p\u0159ipraven\u00fd pro rychl\u00e9 tasen\u00ed.<\/p>\n<p>Sliverax je skute\u010dn\u011b pr\u016flomov\u00fd zav\u00edrac\u00ed n\u016f\u017e, kter\u00fd p\u0159edv\u00e1d\u00ed talent sv\u011btov\u00e9ho pr\u016fmyslov\u00e9ho design\u00e9ra a strojn\u00edho in\u017een\u00fdra. Kombinace s\u00edly a u\u017eivatelsk\u00e9 p\u0159\u00edv\u011btivosti na\u0161eho kompresn\u00edho z\u00e1mku s bezkonkuren\u010dn\u011b snadn\u00fdm nasazen\u00edm nab\u00edz\u00ed jedine\u010dn\u00e9 v\u00fdhody, kter\u00e9 nenajdete u \u017e\u00e1dn\u00e9ho jin\u00e9ho no\u017ee <strong>Spyderco<\/strong>.<br \/>\nSpecifikace<\/p>\n<p>D\u00e9lka \u010depele: <span id=\"cwos\" class=\"qv3Wpe\">8.7<\/span> cm<br \/>\nD\u00e9lka v zav\u0159en\u00e9m stavu: <span id=\"cwos\" class=\"qv3Wpe\">11.6<\/span> cm<br \/>\nCelkov\u00e1 d\u00e9lka: 8,00<br \/>\n\u0158ezn\u00e1 hrana: 20 cm<br \/>\nTlou\u0161\u0165ka \u010depele: <span id=\"cwos\" class=\"qv3Wpe\">0.35<\/span> cm<br \/>\nMateri\u00e1l \u010depele: CPM-S30V Nerezov\u00e1 ocel<br \/>\nStyl \u010depele: Drop Point<br \/>\nBrou\u0161en\u00ed \u010depele: Pln\u011b ploch\u00e9<br \/>\nPovrchov\u00e1 \u00faprava \u010depele: sat\u00e9n<br \/>\nOst\u0159\u00ed \u010depele: Hladk\u00e9<br \/>\nMateri\u00e1l rukojeti: G10\/lamin\u00e1t z uhl\u00edkov\u00fdch vl\u00e1ken<br \/>\nBarva rukojeti: \u010cern\u00e1<br \/>\nUzamykac\u00ed mechanismus: Komprese<br \/>\nKapesn\u00ed spona: Vykl\u00e1p\u011bc\u00ed, prav\u00e9\/lev\u00e9 no\u0161en\u00ed<br \/>\n\u010c\u00edslo modelu: C228CFP<br \/>\nN\u00e1zev modelu: Sliverax<br \/>\nHmotnost: 3,3 oz.<\/p>\n<p>&nbsp;<\/p>\n","protected":false},"excerpt":{"rendered":"<p><strong>Sliverax je elegantn\u00ed, extr\u00e9mn\u011b inovativn\u00ed zav\u00edrac\u00ed n\u016f\u017e navr\u017een\u00fd automobilov\u00fdm in\u017een\u00fdrem a nad\u0161encem pro no\u017ee Paulem Alexanderem.<\/strong><\/p>\n","protected":false},"featured_media":252777,"comment_status":"open","ping_status":"closed","template":"","meta":[],"pwb-brand":[567],"product_brand":[],"product_cat":[22,17],"product_tag":[3667],"class_list":{"0":"post-252776","1":"product","2":"type-product","3":"status-publish","4":"has-post-thumbnail","6":"pwb-brand-spyderco","7":"product_cat-zaviraci-noze","8":"product_cat-noze","9":"product_tag-b2b","11":"first","12":"outofstock","13":"sale","14":"taxable","15":"shipping-taxable","16":"purchasable","17":"product-type-simple"},"brands":[{"id":567,"name":"Spyderco","slug":"spyderco"}],"_links":{"self":[{"href":"https:\/\/www.moskito.cz\/es\/wp-json\/wp\/v2\/product\/252776","targetHints":{"allow":["GET"]}}],"collection":[{"href":"https:\/\/www.moskito.cz\/es\/wp-json\/wp\/v2\/product"}],"about":[{"href":"https:\/\/www.moskito.cz\/es\/wp-json\/wp\/v2\/types\/product"}],"replies":[{"embeddable":true,"href":"https:\/\/www.moskito.cz\/es\/wp-json\/wp\/v2\/comments?post=252776"}],"wp:featuredmedia":[{"embeddable":true,"href":"https:\/\/www.moskito.cz\/es\/wp-json\/wp\/v2\/media\/252777"}],"wp:attachment":[{"href":"https:\/\/www.moskito.cz\/es\/wp-json\/wp\/v2\/media?parent=252776"}],"wp:term":[{"taxonomy":"pwb-brand","embeddable":true,"href":"https:\/\/www.moskito.cz\/es\/wp-json\/wp\/v2\/pwb-brand?post=252776"},{"taxonomy":"product_brand","embeddable":true,"href":"https:\/\/www.moskito.cz\/es\/wp-json\/wp\/v2\/product_brand?post=252776"},{"taxonomy":"product_cat","embeddable":true,"href":"https:\/\/www.moskito.cz\/es\/wp-json\/wp\/v2\/product_cat?post=252776"},{"taxonomy":"product_tag","embeddable":true,"href":"https:\/\/www.moskito.cz\/es\/wp-json\/wp\/v2\/product_tag?post=252776"}],"curies":[{"name":"wp","href":"https:\/\/api.w.org\/{rel}","templated":true}]}}