{"id":253059,"date":"2023-07-06T09:32:35","date_gmt":"2023-07-06T08:32:35","guid":{"rendered":"https:\/\/www.moskito.cz\/?post_type=product&#038;p=253059"},"modified":"2025-08-17T09:42:22","modified_gmt":"2025-08-17T08:42:22","slug":"zaviraci-nuz-spyderco-tenacious-lightweight-c122psbl","status":"publish","type":"product","link":"https:\/\/www.moskito.cz\/es\/produkt\/zaviraci-nuz-spyderco-tenacious-lightweight-c122psbl\/","title":{"rendered":"Zav\u00edrac\u00ed N\u016f\u017e  Spyderco Tenacious Lightweight C122PSBL"},"content":{"rendered":"<p>Zav\u00edrac\u00ed N\u016f\u017e <strong>Spyderco<\/strong> Tenacious Lightweight C122PSBL<\/p>\n<p>Tenacious je ji\u017e dlouhou dobu vlajkovou lod\u00ed neuv\u011b\u0159iteln\u011b obl\u00edben\u00e9 rodiny \u0159ezn\u00fdch n\u00e1stroj\u016f EDC s n\u00edzk\u00fdmi n\u00e1klady od <strong>Spyderco<\/strong> Value Folder. Tenacious Lightweight p\u0159idal vylep\u0161enou texturu rukojeti a rozs\u00e1hlou barevnou paletu vst\u0159ikovan\u00fdch, skeln\u00fdm vl\u00e1knem vyztu\u017een\u00fdch-nylonov\u00fdch (FRN) rukoje\u0165ov\u00fdch stupnic. Nejnov\u011bj\u0161\u00ed verze Tenacious Lightweight p\u0159edstavuje dal\u0161\u00ed kvantov\u00fd skok vp\u0159ed a py\u0161n\u00ed se ocel\u00ed \u010depele CPM S35VN vyroben\u00e9 v USA. Tato pokro\u010dil\u00e1 \u010d\u00e1sticov\u00e1 metalurgie z nerezov\u00e9 oceli p\u0159epl\u0148uje tento pracant a nastavuje nov\u00fd standard v cenov\u011b dostupn\u00e9m vysok\u00e9m v\u00fdkonu. Je k dispozici s mo\u017enost\u00ed v\u00fdb\u011bru s hladkou nebo kombinovanou \u010depel\u00ed a vyzna\u010duje se tak\u00e9 v\u00fdraznou modrou barvou rukojeti.<br \/>\nSpecifikace<\/p>\n<p>D\u00e9lka \u010depele: 8.6 cm<br \/>\nD\u00e9lka v zav\u0159en\u00e9m stavu: 11.1 cm<br \/>\nCelkov\u00e1 d\u00e9lka: 19.7 cm<br \/>\nMateri\u00e1l \u010depele: CPM-S35VN Nerezov\u00e1 ocel<br \/>\nTlou\u0161\u0165ka \u010depele: 0.31 cm<br \/>\nStyl \u010depele: Tvar listu<br \/>\nBrou\u0161en\u00ed \u010depele: Pln\u011b ploch\u00e9<br \/>\nPovrchov\u00e1 \u00faprava \u010depele: sat\u00e9n<br \/>\nMateri\u00e1l rukojeti: Modr\u00e1 FRN<br \/>\nMateri\u00e1l vlo\u017eky: Nerezov\u00e1 ocel<br \/>\nUzamykac\u00ed mechanismus: Liner Lock<br \/>\nKapesn\u00ed spona: Nerezov\u00e1 ocel (Tip-Up\/Down, Right\/Left carry)<br \/>\nHmotnost: 3,7 oz. (105 g)<\/p>\n<p>&nbsp;<\/p>\n","protected":false},"excerpt":{"rendered":"<p><strong>Tenacious je ji\u017e dlouhou dobu vlajkovou lod\u00ed neuv\u011b\u0159iteln\u011b obl\u00edben\u00e9 rodiny \u0159ezn\u00fdch n\u00e1stroj\u016f EDC s n\u00edzk\u00fdmi n\u00e1klady od Spyderco Value Folder.<\/strong><\/p>\n","protected":false},"featured_media":253060,"comment_status":"open","ping_status":"closed","template":"","meta":[],"pwb-brand":[567],"product_brand":[],"product_cat":[22,17],"product_tag":[3667],"class_list":{"0":"post-253059","1":"product","2":"type-product","3":"status-publish","4":"has-post-thumbnail","6":"pwb-brand-spyderco","7":"product_cat-zaviraci-noze","8":"product_cat-noze","9":"product_tag-b2b","11":"first","12":"instock","13":"taxable","14":"shipping-taxable","15":"purchasable","16":"product-type-simple"},"brands":[{"id":567,"name":"Spyderco","slug":"spyderco"}],"_links":{"self":[{"href":"https:\/\/www.moskito.cz\/es\/wp-json\/wp\/v2\/product\/253059","targetHints":{"allow":["GET"]}}],"collection":[{"href":"https:\/\/www.moskito.cz\/es\/wp-json\/wp\/v2\/product"}],"about":[{"href":"https:\/\/www.moskito.cz\/es\/wp-json\/wp\/v2\/types\/product"}],"replies":[{"embeddable":true,"href":"https:\/\/www.moskito.cz\/es\/wp-json\/wp\/v2\/comments?post=253059"}],"wp:featuredmedia":[{"embeddable":true,"href":"https:\/\/www.moskito.cz\/es\/wp-json\/wp\/v2\/media\/253060"}],"wp:attachment":[{"href":"https:\/\/www.moskito.cz\/es\/wp-json\/wp\/v2\/media?parent=253059"}],"wp:term":[{"taxonomy":"pwb-brand","embeddable":true,"href":"https:\/\/www.moskito.cz\/es\/wp-json\/wp\/v2\/pwb-brand?post=253059"},{"taxonomy":"product_brand","embeddable":true,"href":"https:\/\/www.moskito.cz\/es\/wp-json\/wp\/v2\/product_brand?post=253059"},{"taxonomy":"product_cat","embeddable":true,"href":"https:\/\/www.moskito.cz\/es\/wp-json\/wp\/v2\/product_cat?post=253059"},{"taxonomy":"product_tag","embeddable":true,"href":"https:\/\/www.moskito.cz\/es\/wp-json\/wp\/v2\/product_tag?post=253059"}],"curies":[{"name":"wp","href":"https:\/\/api.w.org\/{rel}","templated":true}]}}