{"id":253074,"date":"2023-07-06T09:43:18","date_gmt":"2023-07-06T08:43:18","guid":{"rendered":"https:\/\/www.moskito.cz\/?post_type=product&#038;p=253074"},"modified":"2026-01-01T15:35:37","modified_gmt":"2026-01-01T14:35:37","slug":"zaviraci-nuz-spyderco-lightweight-tenacious-c122psbk","status":"publish","type":"product","link":"https:\/\/www.moskito.cz\/es\/produkt\/zaviraci-nuz-spyderco-lightweight-tenacious-c122psbk\/","title":{"rendered":"Zav\u00edrac\u00ed N\u016f\u017e  Spyderco Lightweight Tenacious C122PSBK"},"content":{"rendered":"<h2 data-start=\"198\" data-end=\"261\">\ud83d\udde1\ufe0f Zav\u00edrac\u00ed n\u016f\u017e <strong data-start=\"218\" data-end=\"261\">Spyderco Lightweight Tenacious C122PSBK<\/strong><\/h2>\n<h3 data-start=\"263\" data-end=\"313\">Lehkost a spolehlivost v ka\u017edodenn\u00edm nasazen\u00ed.<\/h3>\n<p data-start=\"315\" data-end=\"641\">Spyderco Lightweight Tenacious je v\u0161estrann\u00fd <strong data-start=\"360\" data-end=\"371\">EDC n\u016f\u017e<\/strong>, kter\u00fd spojuje <strong data-start=\"387\" data-end=\"444\">kompaktn\u00ed rozm\u011bry, n\u00edzkou hmotnost a spolehliv\u00fd v\u00fdkon<\/strong>.<br data-start=\"445\" data-end=\"448\" \/>D\u00edky dob\u0159e vyv\u00e1\u017een\u00e9 konstrukci, ergonomick\u00e9 rukojeti a precizn\u00edmu zpracov\u00e1n\u00ed je tento model ide\u00e1ln\u00ed pro ka\u017edodenn\u00ed no\u0161en\u00ed i nep\u0159edv\u00eddan\u00e9 \u00fakoly \u2013 od b\u011b\u017en\u00e9ho \u0159ez\u00e1n\u00ed a\u017e po drobn\u00e9 outdoorov\u00e9 \u00fakony.<\/p>\n<p data-start=\"643\" data-end=\"856\">Otev\u0159en\u00ed typick\u00fdm kruhov\u00fdm otvorem Spyderco je hladk\u00e9 a p\u0159irozen\u00e9, zat\u00edmco <strong data-start=\"718\" data-end=\"731\">Back Lock<\/strong> bezpe\u010dn\u011b zajist\u00ed \u010depel p\u0159i pr\u00e1ci. Tenacious Lightweight je navr\u017een tak, aby byl <strong data-start=\"812\" data-end=\"855\">leh\u010d\u00ed, pohodln\u011bj\u0161\u00ed a st\u00e1le pln\u011b funk\u010dn\u00ed<\/strong>.<\/p>\n<hr data-start=\"858\" data-end=\"861\" \/>\n<h3 data-start=\"863\" data-end=\"888\">Charakter a filozofie<\/h3>\n<p data-start=\"890\" data-end=\"1243\">Tento model stav\u00ed na osv\u011bd\u010den\u00e9m designu klasick\u00e9ho Tenacious, ale s d\u016frazem na <strong data-start=\"969\" data-end=\"998\">n\u00edzkou hmotnost a komfort<\/strong>.<br data-start=\"999\" data-end=\"1002\" \/>\u0160t\u00edhlej\u0161\u00ed profil a lehk\u00e9 materi\u00e1ly z n\u011bj d\u011blaj\u00ed n\u016f\u017e, kter\u00fd nenam\u00e1h\u00e1 kapsu, ale poskytuje v\u00fdkon, kter\u00fd o\u010dek\u00e1v\u00e1\u0161 od robustn\u011bj\u0161\u00edch no\u017e\u016f. Tenacious Lightweight je perfektn\u00ed volba pro ty, kdo hledaj\u00ed <strong data-start=\"1197\" data-end=\"1242\">spolehliv\u00fd n\u00e1stroj bez zbyte\u010dn\u00e9ho balastu<\/strong>.<\/p>\n<hr data-start=\"1245\" data-end=\"1248\" \/>\n<h2 data-start=\"1250\" data-end=\"1265\">\ud83c\udfed O v\u00fdrobci<\/h2>\n<p data-start=\"1267\" data-end=\"1513\">Spyderco pat\u0159\u00ed mezi p\u0159edn\u00ed sv\u011btov\u00e9 v\u00fdrobce no\u017e\u016f, zn\u00e1m\u00e9 svou <strong data-start=\"1327\" data-end=\"1373\">ergonomi\u00ed, inovacemi a praktick\u00fdm designem<\/strong>.<br data-start=\"1374\" data-end=\"1377\" \/>Tenacious Lightweight je uk\u00e1zkou toho, jak zna\u010dka um\u00ed spojit klasick\u00e9 \u0159e\u0161en\u00ed s modern\u00edm p\u0159\u00edstupem \u2013 v\u00fdkon, kter\u00fd m\u016f\u017ee\u0161 pou\u017e\u00edt ka\u017ed\u00fd den.<\/p>\n<hr data-start=\"1515\" data-end=\"1518\" \/>\n<h2 data-start=\"1520\" data-end=\"1547\">\u2699\ufe0f Technick\u00e9 specifikace<\/h2>\n<div class=\"TyagGW_tableContainer\">\n<div class=\"group TyagGW_tableWrapper flex w-fit flex-col-reverse\" tabindex=\"-1\">\n<table class=\"w-fit min-w-(--thread-content-width)\" data-start=\"1549\" data-end=\"2066\">\n<thead data-start=\"1549\" data-end=\"1571\">\n<tr data-start=\"1549\" data-end=\"1571\">\n<th data-start=\"1549\" data-end=\"1560\" data-col-size=\"sm\">Parametr<\/th>\n<th data-start=\"1560\" data-end=\"1571\" data-col-size=\"md\">Hodnota<\/th>\n<\/tr>\n<\/thead>\n<tbody data-start=\"1595\" data-end=\"2066\">\n<tr data-start=\"1595\" data-end=\"1626\">\n<td data-start=\"1595\" data-end=\"1611\" data-col-size=\"sm\">Celkov\u00e1 d\u00e9lka<\/td>\n<td data-start=\"1611\" data-end=\"1626\" data-col-size=\"md\">cca 20,8 cm<\/td>\n<\/tr>\n<tr data-start=\"1627\" data-end=\"1656\">\n<td data-start=\"1627\" data-end=\"1642\" data-col-size=\"sm\">D\u00e9lka \u010depele<\/td>\n<td data-col-size=\"md\" data-start=\"1642\" data-end=\"1656\">cca 8,8 cm<\/td>\n<\/tr>\n<tr data-start=\"1657\" data-end=\"1689\">\n<td data-start=\"1657\" data-end=\"1675\" data-col-size=\"sm\">Tlou\u0161\u0165ka \u010depele<\/td>\n<td data-start=\"1675\" data-end=\"1689\" data-col-size=\"md\">cca 3,5 mm<\/td>\n<\/tr>\n<tr data-start=\"1690\" data-end=\"1749\">\n<td data-start=\"1690\" data-end=\"1708\" data-col-size=\"sm\">Materi\u00e1l \u010depele<\/td>\n<td data-col-size=\"md\" data-start=\"1708\" data-end=\"1749\"><strong data-start=\"1710\" data-end=\"1722\">CPM S30V<\/strong> \u2013 pr\u00e9miov\u00e1 nerezov\u00e1 ocel<\/td>\n<\/tr>\n<tr data-start=\"1750\" data-end=\"1783\">\n<td data-start=\"1750\" data-end=\"1766\" data-col-size=\"sm\">Tvrdost oceli<\/td>\n<td data-start=\"1766\" data-end=\"1783\" data-col-size=\"md\">cca 58\u201360 HRC<\/td>\n<\/tr>\n<tr data-start=\"1784\" data-end=\"1812\">\n<td data-start=\"1784\" data-end=\"1798\" data-col-size=\"sm\">Tvar \u010depele<\/td>\n<td data-col-size=\"md\" data-start=\"1798\" data-end=\"1812\">Drop-point<\/td>\n<\/tr>\n<tr data-start=\"1813\" data-end=\"1844\">\n<td data-start=\"1813\" data-end=\"1829\" data-col-size=\"sm\">Povrch \u010depele<\/td>\n<td data-col-size=\"md\" data-start=\"1829\" data-end=\"1844\">Black Blade<\/td>\n<\/tr>\n<tr data-start=\"1845\" data-end=\"1870\">\n<td data-start=\"1845\" data-end=\"1855\" data-col-size=\"sm\">Rukoje\u0165<\/td>\n<td data-start=\"1855\" data-end=\"1870\" data-col-size=\"md\">FRN (\u010dern\u00e1)<\/td>\n<\/tr>\n<tr data-start=\"1871\" data-end=\"1928\">\n<td data-start=\"1871\" data-end=\"1879\" data-col-size=\"sm\">Z\u00e1mek<\/td>\n<td data-col-size=\"md\" data-start=\"1879\" data-end=\"1928\">Back Lock \u2013 bezpe\u010dn\u00fd a spolehliv\u00fd mechanismus<\/td>\n<\/tr>\n<tr data-start=\"1929\" data-end=\"1967\">\n<td data-start=\"1929\" data-end=\"1941\" data-col-size=\"sm\">Otev\u00edr\u00e1n\u00ed<\/td>\n<td data-start=\"1941\" data-end=\"1967\" data-col-size=\"md\">Kruhov\u00fd otvor Spyderco<\/td>\n<\/tr>\n<tr data-start=\"1968\" data-end=\"2011\">\n<td data-start=\"1968\" data-end=\"1975\" data-col-size=\"sm\">Klip<\/td>\n<td data-col-size=\"md\" data-start=\"1975\" data-end=\"2011\">\u010cty\u0159polohov\u00fd \u2013 flexibiln\u00ed no\u0161en\u00ed<\/td>\n<\/tr>\n<tr data-start=\"2012\" data-end=\"2038\">\n<td data-start=\"2012\" data-end=\"2023\" data-col-size=\"sm\">Hmotnost<\/td>\n<td data-col-size=\"md\" data-start=\"2023\" data-end=\"2038\">cca 85\u201395 g<\/td>\n<\/tr>\n<tr data-start=\"2039\" data-end=\"2066\">\n<td data-start=\"2039\" data-end=\"2048\" data-col-size=\"sm\">V\u00fdroba<\/td>\n<td data-col-size=\"md\" data-start=\"2048\" data-end=\"2066\">USA \/ Japonsko<\/td>\n<\/tr>\n<\/tbody>\n<\/table>\n<\/div>\n<\/div>\n<hr data-start=\"2068\" data-end=\"2071\" \/>\n<h2 data-start=\"2073\" data-end=\"2091\">\u2705 Hlavn\u00ed v\u00fdhody<\/h2>\n<ul data-start=\"2093\" data-end=\"2438\">\n<li data-start=\"2093\" data-end=\"2147\">\n<p data-start=\"2095\" data-end=\"2147\"><strong data-start=\"2095\" data-end=\"2113\">N\u00edzk\u00e1 hmotnost<\/strong> \u2013 ide\u00e1ln\u00ed pro ka\u017edodenn\u00ed no\u0161en\u00ed<\/p>\n<\/li>\n<li data-start=\"2148\" data-end=\"2213\">\n<p data-start=\"2150\" data-end=\"2213\"><strong data-start=\"2150\" data-end=\"2176\">Pr\u00e9miov\u00e1 ocel CPM S30V<\/strong> \u2013 dobr\u00e1 odolnost a \u017eivotnost ost\u0159\u00ed<\/p>\n<\/li>\n<li data-start=\"2214\" data-end=\"2275\">\n<p data-start=\"2216\" data-end=\"2275\"><strong data-start=\"2216\" data-end=\"2238\">Black Blade povrch<\/strong> \u2013 nen\u00e1padn\u00fd a profesion\u00e1ln\u00ed vzhled<\/p>\n<\/li>\n<li data-start=\"2276\" data-end=\"2328\">\n<p data-start=\"2278\" data-end=\"2328\"><strong data-start=\"2278\" data-end=\"2291\">Back Lock<\/strong> \u2013 bezpe\u010dn\u00e1 a spolehliv\u00e1 konstrukce<\/p>\n<\/li>\n<li data-start=\"2329\" data-end=\"2385\">\n<p data-start=\"2331\" data-end=\"2385\"><strong data-start=\"2331\" data-end=\"2358\">Ergonomick\u00e1 rukoje\u0165 FRN<\/strong> \u2013 jist\u00fd a pohodln\u00fd \u00fachop<\/p>\n<\/li>\n<li data-start=\"2386\" data-end=\"2438\">\n<p data-start=\"2388\" data-end=\"2438\"><strong data-start=\"2388\" data-end=\"2409\">\u010cty\u0159polohov\u00fd klip<\/strong> \u2013 mo\u017enost p\u0159izp\u016fsobit no\u0161en\u00ed<\/p>\n<\/li>\n<\/ul>\n<hr data-start=\"2440\" data-end=\"2443\" \/>\n<h2 data-start=\"2445\" data-end=\"2464\">\u26a0\ufe0f Mo\u017en\u00e1 omezen\u00ed<\/h2>\n<ul data-start=\"2466\" data-end=\"2667\">\n<li data-start=\"2466\" data-end=\"2542\">\n<p data-start=\"2468\" data-end=\"2542\">Leh\u010d\u00ed konstrukce nen\u00ed ur\u010dena pro extr\u00e9mn\u011b hrub\u00e9 p\u00e1\u010den\u00ed nebo t\u011b\u017ekou pr\u00e1ci<\/p>\n<\/li>\n<li data-start=\"2543\" data-end=\"2618\">\n<p data-start=\"2545\" data-end=\"2618\">Black Blade povrch m\u016f\u017ee vy\u017eadovat v\u00edce \u00fadr\u017eby p\u0159i intenzivn\u00edm pou\u017e\u00edv\u00e1n\u00ed<\/p>\n<\/li>\n<li data-start=\"2619\" data-end=\"2667\">\n<p data-start=\"2621\" data-end=\"2667\">Vy\u0161\u0161\u00ed cena odr\u00e1\u017e\u00ed pou\u017eit\u00ed kvalitn\u00edch materi\u00e1l\u016f<\/p>\n<\/li>\n<\/ul>\n<hr data-start=\"2669\" data-end=\"2672\" \/>\n<h2 data-start=\"2674\" data-end=\"2694\">\ud83d\udee0\ufe0f \u00dadr\u017eba a p\u00e9\u010de<\/h2>\n<ul data-start=\"2696\" data-end=\"2912\">\n<li data-start=\"2696\" data-end=\"2740\">\n<p data-start=\"2698\" data-end=\"2740\">Po pou\u017eit\u00ed \u010depel d\u016fkladn\u011b o\u010disti a osu\u0161\u00ed<\/p>\n<\/li>\n<li data-start=\"2741\" data-end=\"2789\">\n<p data-start=\"2743\" data-end=\"2789\">Vyh\u00fdbej se agresivn\u00edm abrazivn\u00edm prost\u0159edk\u016fm<\/p>\n<\/li>\n<li data-start=\"2790\" data-end=\"2827\">\n<p data-start=\"2792\" data-end=\"2827\">Rukoje\u0165 FRN \u010dist\u011b jemn\u00fdm had\u0159\u00edkem<\/p>\n<\/li>\n<li data-start=\"2828\" data-end=\"2883\">\n<p data-start=\"2830\" data-end=\"2883\">Pravideln\u011b proma\u017e pivot a Back Lock vhodn\u00fdm mazivem<\/p>\n<\/li>\n<li data-start=\"2884\" data-end=\"2912\">\n<p data-start=\"2886\" data-end=\"2912\">Skladuj v such\u00e9m prost\u0159ed\u00ed<\/p>\n<\/li>\n<\/ul>\n<hr data-start=\"2914\" data-end=\"2917\" \/>\n<h2 data-start=\"2919\" data-end=\"2955\">\ud83d\udd2a Pro udr\u017een\u00ed ost\u0159\u00ed doporu\u010dujeme<\/h2>\n<p data-start=\"2957\" data-end=\"3080\">Pro zachov\u00e1n\u00ed maxim\u00e1ln\u00ed ostrosti \u010depele <strong data-start=\"2997\" data-end=\"3009\">CPM S30V<\/strong> doporu\u010dujeme kvalitn\u00ed syst\u00e9m brou\u0161en\u00ed ur\u010den\u00fd pro tvrd\u00e1 a odoln\u00e1 ost\u0159\u00ed.<\/p>\n<p data-start=\"3082\" data-end=\"3185\">Ide\u00e1ln\u00ed volbou je <strong data-start=\"3100\" data-end=\"3166\">Spyderco Tri-Angle Sharpmaker Complete Sharpening System 204MF<\/strong>, kter\u00fd umo\u017e\u0148uje:<\/p>\n<ul data-start=\"3186\" data-end=\"3325\">\n<li data-start=\"3186\" data-end=\"3225\">\n<p data-start=\"3188\" data-end=\"3225\">p\u0159esn\u00e9 a konzistentn\u00ed \u00fahly brou\u0161en\u00ed<\/p>\n<\/li>\n<li data-start=\"3226\" data-end=\"3275\">\n<p data-start=\"3228\" data-end=\"3275\">\u0161etrnou \u00fadr\u017ebu bez nadm\u011brn\u00e9ho \u00fab\u011bru materi\u00e1lu<\/p>\n<\/li>\n<li data-start=\"3276\" data-end=\"3325\">\n<p data-start=\"3278\" data-end=\"3325\">bezpe\u010dn\u00e9 pou\u017eit\u00ed i bez p\u0159edchoz\u00edch zku\u0161enost\u00ed<\/p>\n<\/li>\n<\/ul>\n<p data-start=\"3327\" data-end=\"3372\">\ud83d\uded2 <strong data-start=\"3330\" data-end=\"3372\">Zakoup\u00edte na na\u0161ich str\u00e1nk\u00e1ch Moskito.<\/strong><\/p>\n<hr data-start=\"3374\" data-end=\"3377\" \/>\n<h2 data-start=\"3379\" data-end=\"3399\">\ud83c\udfaf Doporu\u010deno pro<\/h2>\n<ul data-start=\"3401\" data-end=\"3564\">\n<li data-start=\"3401\" data-end=\"3428\">\n<p data-start=\"3403\" data-end=\"3428\">Ka\u017edodenn\u00ed no\u0161en\u00ed (EDC)<\/p>\n<\/li>\n<li data-start=\"3429\" data-end=\"3458\">\n<p data-start=\"3431\" data-end=\"3458\">Outdoor a praktick\u00e9 \u00fakoly<\/p>\n<\/li>\n<li data-start=\"3459\" data-end=\"3520\">\n<p data-start=\"3461\" data-end=\"3520\">U\u017eivatel\u00e9 hledaj\u00edc\u00ed <strong data-start=\"3481\" data-end=\"3518\">leh\u010d\u00ed alternativu klasick\u00e9ho no\u017ee<\/strong><\/p>\n<\/li>\n<li data-start=\"3521\" data-end=\"3564\">\n<p data-start=\"3523\" data-end=\"3564\">Fanou\u0161ci funk\u010dn\u00edho a spolehliv\u00e9ho designu<\/p>\n<\/li>\n<\/ul>\n<hr data-start=\"3566\" data-end=\"3569\" \/>\n<h2 data-start=\"3571\" data-end=\"3595\">\u2b50 Z\u00e1v\u011bre\u010dn\u00e9 hodnocen\u00ed<\/h2>\n<p data-start=\"3597\" data-end=\"3799\">Spyderco Lightweight Tenacious C122PSBK je <strong data-start=\"3640\" data-end=\"3676\">vyv\u00e1\u017een\u00fd, lehk\u00fd a spolehliv\u00fd n\u016f\u017e<\/strong>, kter\u00fd poskytuje v\u00fdkon bez zbyte\u010dn\u00e9 hmotnosti.<br data-start=\"3723\" data-end=\"3726\" \/>Ide\u00e1ln\u00ed pro v\u0161echny, kdo cht\u011bj\u00ed <strong data-start=\"3758\" data-end=\"3798\">komfortn\u00ed EDC n\u016f\u017e s robustn\u00ed v\u00fdbavou<\/strong>.<\/p>\n<p data-start=\"3801\" data-end=\"3870\"><strong data-start=\"3801\" data-end=\"3870\">Lightweight Tenacious \u2013 kdy\u017e chce\u0161 v\u00fdkon, kter\u00fd neuc\u00edt\u00ed\u0161 v kapse.<\/strong><\/p>\n<p>&nbsp;<\/p>\n","protected":false},"excerpt":{"rendered":"<p data-start=\"3597\" data-end=\"3799\"><strong>Spyderco Lightweight Tenacious C122PSBK je vyv\u00e1\u017een\u00fd, lehk\u00fd a spolehliv\u00fd n\u016f\u017e, kter\u00fd poskytuje v\u00fdkon bez zbyte\u010dn\u00e9 hmotnosti.<\/strong><br data-start=\"3723\" data-end=\"3726\" \/><strong>Ide\u00e1ln\u00ed pro v\u0161echny, kdo cht\u011bj\u00ed komfortn\u00ed EDC n\u016f\u017e s robustn\u00ed v\u00fdbavou.<\/strong><\/p>\n<p data-start=\"3801\" data-end=\"3870\"><strong data-start=\"3801\" data-end=\"3870\">Lightweight Tenacious \u2013 kdy\u017e chce\u0161 v\u00fdkon, kter\u00fd neuc\u00edt\u00ed\u0161 v kapse.<\/strong><\/p>\n","protected":false},"featured_media":253075,"comment_status":"open","ping_status":"closed","template":"","meta":[],"pwb-brand":[567],"product_brand":[],"product_cat":[22,17],"product_tag":[3667],"class_list":{"0":"post-253074","1":"product","2":"type-product","3":"status-publish","4":"has-post-thumbnail","6":"pwb-brand-spyderco","7":"product_cat-zaviraci-noze","8":"product_cat-noze","9":"product_tag-b2b","11":"first","12":"instock","13":"taxable","14":"shipping-taxable","15":"purchasable","16":"product-type-simple"},"brands":[{"id":567,"name":"Spyderco","slug":"spyderco"}],"_links":{"self":[{"href":"https:\/\/www.moskito.cz\/es\/wp-json\/wp\/v2\/product\/253074","targetHints":{"allow":["GET"]}}],"collection":[{"href":"https:\/\/www.moskito.cz\/es\/wp-json\/wp\/v2\/product"}],"about":[{"href":"https:\/\/www.moskito.cz\/es\/wp-json\/wp\/v2\/types\/product"}],"replies":[{"embeddable":true,"href":"https:\/\/www.moskito.cz\/es\/wp-json\/wp\/v2\/comments?post=253074"}],"wp:featuredmedia":[{"embeddable":true,"href":"https:\/\/www.moskito.cz\/es\/wp-json\/wp\/v2\/media\/253075"}],"wp:attachment":[{"href":"https:\/\/www.moskito.cz\/es\/wp-json\/wp\/v2\/media?parent=253074"}],"wp:term":[{"taxonomy":"pwb-brand","embeddable":true,"href":"https:\/\/www.moskito.cz\/es\/wp-json\/wp\/v2\/pwb-brand?post=253074"},{"taxonomy":"product_brand","embeddable":true,"href":"https:\/\/www.moskito.cz\/es\/wp-json\/wp\/v2\/product_brand?post=253074"},{"taxonomy":"product_cat","embeddable":true,"href":"https:\/\/www.moskito.cz\/es\/wp-json\/wp\/v2\/product_cat?post=253074"},{"taxonomy":"product_tag","embeddable":true,"href":"https:\/\/www.moskito.cz\/es\/wp-json\/wp\/v2\/product_tag?post=253074"}],"curies":[{"name":"wp","href":"https:\/\/api.w.org\/{rel}","templated":true}]}}