{"id":253709,"date":"2023-07-12T10:41:00","date_gmt":"2023-07-12T09:41:00","guid":{"rendered":"https:\/\/www.moskito.cz\/?post_type=product&#038;p=253709"},"modified":"2025-05-07T10:52:20","modified_gmt":"2025-05-07T09:52:20","slug":"pevny-nuz-muela-husky-11rm","status":"publish","type":"product","link":"https:\/\/www.moskito.cz\/es\/produkt\/pevny-nuz-muela-husky-11rm\/","title":{"rendered":"Pevn\u00fd N\u016f\u017e Muela HUSKY-11RM"},"content":{"rendered":"<p>Pevn\u00fd N\u016f\u017e <strong>Muela<\/strong> HUSKY-11RM<\/p>\n<p>V\u00fdrobce no\u017e\u016f a \u0159emesln\u00fdch kapesn\u00edch no\u017e\u016f Manufacturas Muela p\u0159edstavuje v r\u00e1mci rodiny LOVECK\u00ddCH no\u017e\u016f jednod\u00edln\u00fd n\u016f\u017e HUSKY-11RM.<\/p>\n<p>Jednod\u00edln\u00fd n\u016f\u017e z oceli SANDVIK 14C28N s b\u00edlou, \u010dernou micartou a lisovan\u00fdmi \u0161upinami z palisandru. N\u016f\u017e je vyroben z jednoho kusu vysoce kvalitn\u00ed oceli Sandvik 14C28 o tvrdosti 57 &#8211; 61 HRC. N\u016f\u017e je dod\u00e1v\u00e1n s ko\u017een\u00fdm pouzdrem.<\/p>\n<p>Rukoje\u0165: 11.5 cm<br \/>\n\u010cepel: 11 cm<br \/>\nHmotnost: 232 gr<\/p>\n<p><iframe title=\"Cuchillo Muela Husky\" width=\"800\" height=\"450\" src=\"https:\/\/www.youtube.com\/embed\/y2cslDvizkA?feature=oembed\" frameborder=\"0\" allow=\"accelerometer; autoplay; clipboard-write; encrypted-media; gyroscope; picture-in-picture; web-share\" allowfullscreen><\/iframe><\/p>\n<p>&nbsp;<\/p>\n","protected":false},"excerpt":{"rendered":"<p><strong> Velmi obl\u00edben\u00fd pevn\u00fd n\u016f\u017e Husky od firmy Muela.<\/strong><\/p>\n<p><strong>Doprava zdrama.<\/strong><\/p>\n","protected":false},"featured_media":253710,"comment_status":"open","ping_status":"closed","template":"","meta":[],"pwb-brand":[191],"product_brand":[],"product_cat":[23,17],"product_tag":[3667],"class_list":{"0":"post-253709","1":"product","2":"type-product","3":"status-publish","4":"has-post-thumbnail","6":"pwb-brand-muela","7":"product_cat-pevne-noze","8":"product_cat-noze","9":"product_tag-b2b","11":"first","12":"instock","13":"taxable","14":"shipping-taxable","15":"purchasable","16":"product-type-simple"},"brands":[{"id":191,"name":"Muela","slug":"muela"}],"_links":{"self":[{"href":"https:\/\/www.moskito.cz\/es\/wp-json\/wp\/v2\/product\/253709","targetHints":{"allow":["GET"]}}],"collection":[{"href":"https:\/\/www.moskito.cz\/es\/wp-json\/wp\/v2\/product"}],"about":[{"href":"https:\/\/www.moskito.cz\/es\/wp-json\/wp\/v2\/types\/product"}],"replies":[{"embeddable":true,"href":"https:\/\/www.moskito.cz\/es\/wp-json\/wp\/v2\/comments?post=253709"}],"wp:featuredmedia":[{"embeddable":true,"href":"https:\/\/www.moskito.cz\/es\/wp-json\/wp\/v2\/media\/253710"}],"wp:attachment":[{"href":"https:\/\/www.moskito.cz\/es\/wp-json\/wp\/v2\/media?parent=253709"}],"wp:term":[{"taxonomy":"pwb-brand","embeddable":true,"href":"https:\/\/www.moskito.cz\/es\/wp-json\/wp\/v2\/pwb-brand?post=253709"},{"taxonomy":"product_brand","embeddable":true,"href":"https:\/\/www.moskito.cz\/es\/wp-json\/wp\/v2\/product_brand?post=253709"},{"taxonomy":"product_cat","embeddable":true,"href":"https:\/\/www.moskito.cz\/es\/wp-json\/wp\/v2\/product_cat?post=253709"},{"taxonomy":"product_tag","embeddable":true,"href":"https:\/\/www.moskito.cz\/es\/wp-json\/wp\/v2\/product_tag?post=253709"}],"curies":[{"name":"wp","href":"https:\/\/api.w.org\/{rel}","templated":true}]}}