{"id":253758,"date":"2023-07-12T13:27:05","date_gmt":"2023-07-12T12:27:05","guid":{"rendered":"https:\/\/www.moskito.cz\/?post_type=product&#038;p=253758"},"modified":"2025-09-12T10:13:37","modified_gmt":"2025-09-12T09:13:37","slug":"pevny-nuz-muela-viking-j-11m","status":"publish","type":"product","link":"https:\/\/www.moskito.cz\/es\/produkt\/pevny-nuz-muela-viking-j-11m\/","title":{"rendered":"Pevn\u00fd N\u016f\u017e Muela VIKING.J-11M"},"content":{"rendered":"<p>Pevn\u00fd N\u016f\u017e <strong>Muela<\/strong> VIKING.J-11M<\/p>\n<p>V\u00fdrobce no\u017e\u016f a \u0159emesln\u00fdch kapesn\u00edch no\u017e\u016f Manufacturas Muela p\u0159edstavuje v r\u00e1mci rodiny LOVECK\u00ddCH no\u017e\u016f jednod\u00edln\u00fd n\u016f\u017e VIKING.J-11M, kter\u00fd se pro svoji vysokou odolnost skv\u011ble hod\u00ed pro n\u00e1ro\u010dn\u00e9 pou\u017eit\u00ed. N\u016f\u017e je dod\u00e1v\u00e1n v\u010detn\u011b ko\u017een\u00e9ho pouzdra, kter\u00e9 je mo\u017en\u00e9 nosit svisle nebo vodorovn\u011b.<\/p>\n<p>Ocel: X50CrMoV15 s kryogenn\u00ed \u00fapravou (CRYO-T).<br \/>\nTvrdost: 57-58 HRC<\/p>\n<p>Materi\u00e1l \u010depele: MoVa<br \/>\nMateri\u00e1l rukojeti: Micarta<br \/>\nMateri\u00e1l pouzdra: Ko\u017een\u00e9<br \/>\nD\u00e9lka \u010depele: 11 cm<br \/>\nCelkov\u00e1 d\u00e9lka: 23.5 cm<br \/>\nD\u00e9lka rukojeti: 12.5 cm<br \/>\nTlou\u0161\u0165ka \u010depele: 0.45 cm<br \/>\nHmotnost: 196 g<\/p>\n<p><iframe title=\"Cuchillo Muela Viking, a prueba\" width=\"800\" height=\"450\" src=\"https:\/\/www.youtube.com\/embed\/p-2NobC0PWU?feature=oembed\" frameborder=\"0\" allow=\"accelerometer; autoplay; clipboard-write; encrypted-media; gyroscope; picture-in-picture; web-share\" allowfullscreen><\/iframe><\/p>\n<p>&nbsp;<\/p>\n<p>&nbsp;<\/p>\n","protected":false},"excerpt":{"rendered":"<p><strong>VIKING.J-11M je n\u016f\u017e s pevnou \u010depel\u00ed vhodn\u00fd na outdoor. D\u00edky sv\u00e9 v\u00fdborn\u00e9 ergonomii dob\u0159e padne do ruky a lehce tak zvl\u00e1dne v\u0161echny \u00fakoly na va\u0161ich cest\u00e1ch.<\/strong><\/p>\n","protected":false},"featured_media":253760,"comment_status":"open","ping_status":"closed","template":"","meta":[],"pwb-brand":[191],"product_brand":[],"product_cat":[23,17],"product_tag":[3667],"class_list":{"0":"post-253758","1":"product","2":"type-product","3":"status-publish","4":"has-post-thumbnail","6":"pwb-brand-muela","7":"product_cat-pevne-noze","8":"product_cat-noze","9":"product_tag-b2b","11":"first","12":"outofstock","13":"taxable","14":"shipping-taxable","15":"purchasable","16":"product-type-simple"},"brands":[{"id":191,"name":"Muela","slug":"muela"}],"_links":{"self":[{"href":"https:\/\/www.moskito.cz\/es\/wp-json\/wp\/v2\/product\/253758","targetHints":{"allow":["GET"]}}],"collection":[{"href":"https:\/\/www.moskito.cz\/es\/wp-json\/wp\/v2\/product"}],"about":[{"href":"https:\/\/www.moskito.cz\/es\/wp-json\/wp\/v2\/types\/product"}],"replies":[{"embeddable":true,"href":"https:\/\/www.moskito.cz\/es\/wp-json\/wp\/v2\/comments?post=253758"}],"wp:featuredmedia":[{"embeddable":true,"href":"https:\/\/www.moskito.cz\/es\/wp-json\/wp\/v2\/media\/253760"}],"wp:attachment":[{"href":"https:\/\/www.moskito.cz\/es\/wp-json\/wp\/v2\/media?parent=253758"}],"wp:term":[{"taxonomy":"pwb-brand","embeddable":true,"href":"https:\/\/www.moskito.cz\/es\/wp-json\/wp\/v2\/pwb-brand?post=253758"},{"taxonomy":"product_brand","embeddable":true,"href":"https:\/\/www.moskito.cz\/es\/wp-json\/wp\/v2\/product_brand?post=253758"},{"taxonomy":"product_cat","embeddable":true,"href":"https:\/\/www.moskito.cz\/es\/wp-json\/wp\/v2\/product_cat?post=253758"},{"taxonomy":"product_tag","embeddable":true,"href":"https:\/\/www.moskito.cz\/es\/wp-json\/wp\/v2\/product_tag?post=253758"}],"curies":[{"name":"wp","href":"https:\/\/api.w.org\/{rel}","templated":true}]}}