{"id":254279,"date":"2023-07-17T20:07:13","date_gmt":"2023-07-17T19:07:13","guid":{"rendered":"https:\/\/www.moskito.cz\/?post_type=product&#038;p=254279"},"modified":"2025-06-28T12:01:06","modified_gmt":"2025-06-28T11:01:06","slug":"zaviraci-nuz-rockstead-higo-ii-x-cf-zdp-blcarbon-handles-blue-titanium","status":"publish","type":"product","link":"https:\/\/www.moskito.cz\/es\/produkt\/zaviraci-nuz-rockstead-higo-ii-x-cf-zdp-blcarbon-handles-blue-titanium\/","title":{"rendered":"Zav\u00edrac\u00ed N\u016f\u017e Rockstead HIGO II X-CF-ZDP (BL)Carbon Handles Blue Titanium"},"content":{"rendered":"<p>Zav\u00edrac\u00ed N\u016f\u017e <strong>Rockstead<\/strong> HIGO II X-CF-ZDP (BL)Carbon Handles Blue Titanium<\/p>\n<p><strong>Rockstead Knives<\/strong> jsou podle na\u0161eho n\u00e1zoru jedny z nejlep\u0161\u00edch no\u017e\u016f dostupn\u00fdch na trhu. D\u00edky pe\u010dliv\u00e9mu \u0159emesln\u00e9mu zpracov\u00e1n\u00ed a jedine\u010dn\u00fdm design\u016fm Rockstead stoj\u00ed tato polozak\u00e1zkov\u00e1 slo\u017eka za pr\u00e9miovou cenu. Slo\u017eka HIGO II obsahuje drobn\u00e9 zm\u011bny v designu HIGO X, hlavn\u011b tyto kr\u00e1sn\u00e9 \u0161upiny z uhl\u00edkov\u00fdch vl\u00e1ken. \u010cepel je st\u00e1le z oceli ZDP-189 se zrcadlovou \u00fapravou a nejlep\u0161\u00edm ost\u0159\u00edm v oboru. Tento n\u016f\u017e m\u00e1 \u00fahel ost\u0159\u00ed 30\u00b0 bl\u00edzko poloviny a 24\u00b0 bl\u00edzko vrcholu s jedn\u00edm spojit\u00fdm, postupn\u011b se sni\u017euj\u00edc\u00edm \u00fahlem spojov\u00e1n\u00ed Tento zmen\u0161uj\u00edc\u00ed se \u00fahel \u010depele je v\u00fdsledkem neust\u00e1l\u00e9ho \u00fasil\u00ed Rocksteadu o vynikaj\u00edc\u00ed ostrost. Otev\u00edr\u00e1n\u00ed je hladk\u00e9 s pevn\u00fdm titanov\u00fdm z\u00e1mkem, kter\u00fd \u010depel bezpe\u010dn\u011b dr\u017e\u00ed na m\u00edst\u011b. Neuv\u011b\u0159iteln\u00e9ho zrcadlov\u00e9ho povrchu je dosa\u017eeno tepeln\u00fdm zpracov\u00e1n\u00edm ost\u0159\u00ed a postupn\u00fdm ru\u010dn\u00edm brou\u0161en\u00edm brusn\u00fdm pap\u00edrem o zrnitosti 400, 600, 800, 1 200 a 2 000 zrnitosti za mokra a sucha. To je velmi intenzivn\u00ed a zdlouhav\u00e9, proto\u017ee pokud by se b\u011bhem tohoto procesu objevily n\u011bjak\u00e9 \u0161kr\u00e1bance, \u010depel mus\u00ed b\u00fdt odesl\u00e1na zp\u011bt do p\u0159edchoz\u00edho kroku za \u00fa\u010delem opravy. Jakmile je toto dokon\u010deno, bude \u010depel obrou\u0161ena pro fin\u00e1ln\u00ed \u00fapravu. Lid\u00e9 z Rockstead tento proces zvl\u00e1dli, aby no\u017ei z\u00edskali kr\u00e1sn\u00fd povrch a ostrou hranu jako \u017e\u00e1dn\u00fd jin\u00fd. HIGO II X-CF-ZDP se dod\u00e1v\u00e1 s pravostrannou vykl\u00e1p\u011bc\u00ed kapesn\u00ed sponou a ka\u017ed\u00fd n\u016f\u017e je individu\u00e1ln\u011b o\u010d\u00edslov\u00e1n a obsahuje certifik\u00e1t pravosti. \u010depel mus\u00ed b\u00fdt odesl\u00e1na zp\u011bt do p\u0159edchoz\u00edho kroku pro p\u0159elakov\u00e1n\u00ed. Jakmile je toto dokon\u010deno, bude \u010depel obrou\u0161ena pro fin\u00e1ln\u00ed \u00fapravu. Lid\u00e9 z Rockstead tento proces zvl\u00e1dli, aby no\u017ei z\u00edskali kr\u00e1sn\u00fd povrch a ostrou hranu jako \u017e\u00e1dn\u00fd jin\u00fd. HIGO II X-CF-ZDP se dod\u00e1v\u00e1 s pravostrannou vykl\u00e1p\u011bc\u00ed kapesn\u00ed sponou a ka\u017ed\u00fd n\u016f\u017e je individu\u00e1ln\u011b o\u010d\u00edslov\u00e1n a obsahuje certifik\u00e1t pravosti. \u010depel mus\u00ed b\u00fdt odesl\u00e1na zp\u011bt do p\u0159edchoz\u00edho kroku pro p\u0159elakov\u00e1n\u00ed. Jakmile je toto dokon\u010deno, bude \u010depel obrou\u0161ena pro fin\u00e1ln\u00ed \u00fapravu. Lid\u00e9 z Rockstead tento proces zvl\u00e1dli, aby no\u017ei z\u00edskali kr\u00e1sn\u00fd povrch a ostrou hranu jako \u017e\u00e1dn\u00fd jin\u00fd. HIGO II X-CF-ZDP se dod\u00e1v\u00e1 s pravostrannou vykl\u00e1p\u011bc\u00ed kapesn\u00ed sponou a ka\u017ed\u00fd n\u016f\u017e je individu\u00e1ln\u011b o\u010d\u00edslov\u00e1n a obsahuje certifik\u00e1t pravosti.<\/p>\n<p>P\u0159i spr\u00e1vn\u00e9 \u00fadr\u017eb\u011b je zn\u00e1mo, \u017ee Rocksteads udr\u017e\u00ed ostrou hranu po dobu 2-3 let.<\/p>\n<p>Specifikace<br \/>\nD\u00e9lka \u010depele: 8.9 cm<br \/>\nD\u00e9lka v zav\u0159en\u00e9m stavu: 12.1 cm<br \/>\nCelkov\u00e1 d\u00e9lka: 21 cm<br \/>\nTlou\u0161\u0165ka \u010depele: 0.32 cm<br \/>\nMateri\u00e1l \u010depele: Nerezov\u00e1 ocel ZDP-189<br \/>\nTvrdost \u010depele: 67 HRC (p\u0159ibli\u017en\u011b)<br \/>\nStyl \u010depele: Drop Point<br \/>\nBrou\u0161en\u00ed \u010depele: Konvexn\u00ed<br \/>\nPovrchov\u00e1 \u00faprava \u010depele: zrcadlov\u011b le\u0161t\u011bn\u00e1<br \/>\nTlou\u0161\u0165ka rukojeti: 0,59&#8243;<br \/>\nMateri\u00e1l rukojeti: Carbon Fiber<br \/>\nUzamykac\u00ed mechanismus: Liner Lock<br \/>\nMateri\u00e1l vlo\u017eky: modr\u00fd eloxovan\u00fd titan<br \/>\nKapesn\u00ed klip: Vykl\u00e1p\u011bc\u00ed, prav\u00e9 no\u0161en\u00ed<br \/>\nHmotnost: 4,9 oz. (138 g)<br \/>\nVyrobeno v Japonsku<\/p>\n","protected":false},"excerpt":{"rendered":"<p><strong>N\u016f\u017e Rockstead je uzn\u00e1v\u00e1n jako tov\u00e1rn\u00ed zak\u00e1zkov\u00fd n\u016f\u017e. Vyu\u017e\u00edv\u00e1me jak pou\u017eit\u00ed pokro\u010dil\u00fdch obr\u00e1b\u011bc\u00edch n\u00e1stroj\u016f, tak \u0159emeslnou zru\u010dnost na\u0161ich osmi\u010dlenn\u00fdch zam\u011bstnanc\u016f. N\u00e1\u0161 \u0159emesln\u00edk ru\u010dn\u011b opracov\u00e1v\u00e1 \u010depel po procesu zrcadlov\u00e9ho le\u0161t\u011bn\u00ed a poskytuje stejn\u011b vysokou kvalitu pr\u00e1ce, jakou lze o\u010dek\u00e1vat u skute\u010dn\u00e9ho zak\u00e1zkov\u00e9ho no\u017ee. Na\u0161e tov\u00e1rn\u00ed zak\u00e1zkov\u00e9 no\u017ee jsou zcela jin\u00e9 kvality ne\u017e s\u00e9riov\u011b vyr\u00e1b\u011bn\u00e9 no\u017ee.<\/strong><\/p>\n<p><strong>Doprava zdarma.<\/strong><\/p>\n","protected":false},"featured_media":254280,"comment_status":"open","ping_status":"closed","template":"","meta":[],"pwb-brand":[3227],"product_brand":[],"product_cat":[22,17],"product_tag":[],"class_list":{"0":"post-254279","1":"product","2":"type-product","3":"status-publish","4":"has-post-thumbnail","6":"pwb-brand-rockstead","7":"product_cat-zaviraci-noze","8":"product_cat-noze","10":"first","11":"instock","12":"sale","13":"taxable","14":"shipping-taxable","15":"purchasable","16":"product-type-simple"},"brands":[{"id":3227,"name":"Rockstead","slug":"rockstead"}],"_links":{"self":[{"href":"https:\/\/www.moskito.cz\/es\/wp-json\/wp\/v2\/product\/254279","targetHints":{"allow":["GET"]}}],"collection":[{"href":"https:\/\/www.moskito.cz\/es\/wp-json\/wp\/v2\/product"}],"about":[{"href":"https:\/\/www.moskito.cz\/es\/wp-json\/wp\/v2\/types\/product"}],"replies":[{"embeddable":true,"href":"https:\/\/www.moskito.cz\/es\/wp-json\/wp\/v2\/comments?post=254279"}],"wp:featuredmedia":[{"embeddable":true,"href":"https:\/\/www.moskito.cz\/es\/wp-json\/wp\/v2\/media\/254280"}],"wp:attachment":[{"href":"https:\/\/www.moskito.cz\/es\/wp-json\/wp\/v2\/media?parent=254279"}],"wp:term":[{"taxonomy":"pwb-brand","embeddable":true,"href":"https:\/\/www.moskito.cz\/es\/wp-json\/wp\/v2\/pwb-brand?post=254279"},{"taxonomy":"product_brand","embeddable":true,"href":"https:\/\/www.moskito.cz\/es\/wp-json\/wp\/v2\/product_brand?post=254279"},{"taxonomy":"product_cat","embeddable":true,"href":"https:\/\/www.moskito.cz\/es\/wp-json\/wp\/v2\/product_cat?post=254279"},{"taxonomy":"product_tag","embeddable":true,"href":"https:\/\/www.moskito.cz\/es\/wp-json\/wp\/v2\/product_tag?post=254279"}],"curies":[{"name":"wp","href":"https:\/\/api.w.org\/{rel}","templated":true}]}}