{"id":254460,"date":"2023-07-19T12:58:12","date_gmt":"2023-07-19T11:58:12","guid":{"rendered":"https:\/\/www.moskito.cz\/?post_type=product&#038;p=254460"},"modified":"2025-05-07T10:52:37","modified_gmt":"2025-05-07T09:52:37","slug":"pevny-nuz-muela-wolf-16r","status":"publish","type":"product","link":"https:\/\/www.moskito.cz\/es\/produkt\/pevny-nuz-muela-wolf-16r\/","title":{"rendered":"Pevn\u00fd N\u016f\u017e Muela Wolf-16R"},"content":{"rendered":"<p>Pevn\u00fd N\u016f\u017e <strong>Muela<\/strong> Wolf-16R<\/p>\n<p>N\u016f\u017e od zn\u00e1m\u00e9 \u0161pan\u011blsk\u00e9 firmy Muela, s 16cm \u010depel\u00ed, vyroben\u00fd ze slitiny nerezov\u00e9 oceli. Robustn\u00ed full tang \u010depel (sah\u00e1 po cel\u00e9 d\u00e9lce rukojeti) je opat\u0159ena logem Muela, kter\u00e9 potvrzuje originalitu a kvalitu produktu.<\/p>\n<p>Rukoje\u0165 je vyrobena z p\u0159\u00edrodn\u00edho palisandru a m\u00e1 mosazn\u00fd kryt pro zv\u00fd\u0161en\u00ed bezpe\u010dnosti a zamezen\u00ed rizika sklouznut\u00ed dlan\u011b sm\u011brem k \u010depeli b\u011bhem pou\u017e\u00edv\u00e1n\u00ed. Rukoje\u0165 m\u00e1 ergonomick\u00fd tvar, v\u00fdborn\u011b se dr\u017e\u00ed, i kdy\u017e m\u00e1te mokrou ruku.<\/p>\n<p>N\u016f\u017e je dod\u00e1v\u00e1n spole\u010dn\u011b s hn\u011bd\u00fdm ko\u017een\u00fdm ochrann\u00fdm pouzdrem, kter\u00e9 m\u00e1 uzav\u00edrac\u00ed syst\u00e9m se skobou a polstrovanou \u00falo\u017enou schr\u00e1nkou. N\u016f\u017e je vyroben ve \u0160pan\u011blsku a m\u00e1 celkovou d\u00e9lku 29 cm.<\/p>\n<p>Vlastnosti:<\/p>\n<p>D\u00e9lka no\u017ee: 29 cm<br \/>\nD\u00e9lka \u010depele: 16 cm<br \/>\nMateri\u00e1l \u010depele: nerezov\u00e1 ocel<br \/>\nOchrann\u00fd kryt: mosaz<br \/>\nRukoje\u0165: palisandr<br \/>\nHn\u011bd\u00e9 ko\u017een\u00e9 pouzdro<br \/>\n\u00dalo\u017en\u00fd box.<br \/>\nVyrobeno ve \u0160pan\u011blsku.<\/p>\n<p>&nbsp;<\/p>\n<p>&nbsp;<\/p>\n<p>&nbsp;<\/p>\n","protected":false},"excerpt":{"rendered":"<p><strong>N\u016f\u017e od zn\u00e1m\u00e9 \u0161pan\u011blsk\u00e9 firmy Muela, s 16cm \u010depel\u00ed, vyroben\u00fd ze slitiny nerezov\u00e9 oceli. Robustn\u00ed full tang \u010depel (sah\u00e1 po cel\u00e9 d\u00e9lce rukojeti) je opat\u0159ena logem Muela, kter\u00e9 potvrzuje originalitu a kvalitu produktu.<\/strong><\/p>\n","protected":false},"featured_media":254461,"comment_status":"open","ping_status":"closed","template":"","meta":[],"pwb-brand":[191],"product_brand":[],"product_cat":[23,17],"product_tag":[3667],"class_list":{"0":"post-254460","1":"product","2":"type-product","3":"status-publish","4":"has-post-thumbnail","6":"pwb-brand-muela","7":"product_cat-pevne-noze","8":"product_cat-noze","9":"product_tag-b2b","11":"first","12":"instock","13":"taxable","14":"shipping-taxable","15":"purchasable","16":"product-type-simple"},"brands":[{"id":191,"name":"Muela","slug":"muela"}],"_links":{"self":[{"href":"https:\/\/www.moskito.cz\/es\/wp-json\/wp\/v2\/product\/254460","targetHints":{"allow":["GET"]}}],"collection":[{"href":"https:\/\/www.moskito.cz\/es\/wp-json\/wp\/v2\/product"}],"about":[{"href":"https:\/\/www.moskito.cz\/es\/wp-json\/wp\/v2\/types\/product"}],"replies":[{"embeddable":true,"href":"https:\/\/www.moskito.cz\/es\/wp-json\/wp\/v2\/comments?post=254460"}],"wp:featuredmedia":[{"embeddable":true,"href":"https:\/\/www.moskito.cz\/es\/wp-json\/wp\/v2\/media\/254461"}],"wp:attachment":[{"href":"https:\/\/www.moskito.cz\/es\/wp-json\/wp\/v2\/media?parent=254460"}],"wp:term":[{"taxonomy":"pwb-brand","embeddable":true,"href":"https:\/\/www.moskito.cz\/es\/wp-json\/wp\/v2\/pwb-brand?post=254460"},{"taxonomy":"product_brand","embeddable":true,"href":"https:\/\/www.moskito.cz\/es\/wp-json\/wp\/v2\/product_brand?post=254460"},{"taxonomy":"product_cat","embeddable":true,"href":"https:\/\/www.moskito.cz\/es\/wp-json\/wp\/v2\/product_cat?post=254460"},{"taxonomy":"product_tag","embeddable":true,"href":"https:\/\/www.moskito.cz\/es\/wp-json\/wp\/v2\/product_tag?post=254460"}],"curies":[{"name":"wp","href":"https:\/\/api.w.org\/{rel}","templated":true}]}}