{"id":254927,"date":"2023-08-09T13:38:22","date_gmt":"2023-08-09T12:38:22","guid":{"rendered":"https:\/\/www.moskito.cz\/?post_type=product&#038;p=254927"},"modified":"2025-05-07T10:52:42","modified_gmt":"2025-05-07T09:52:42","slug":"zaviraci-nuz-extrema-ratio-ferrum-e-tactical-mud","status":"publish","type":"product","link":"https:\/\/www.moskito.cz\/es\/produkt\/zaviraci-nuz-extrema-ratio-ferrum-e-tactical-mud\/","title":{"rendered":"Zav\u00edrac\u00ed N\u016f\u017e Extrema Ratio FERRUM E TACTICAL MUD"},"content":{"rendered":"<p>Zav\u00edrac\u00ed N\u016f\u017e <strong>Extrema Ratio<\/strong> FERRUM E TACTICAL MUD<\/p>\n<p>Taktick\u00e9, lehk\u00e9, \u0161t\u00edhl\u00e9 a pak sexy vzhled, jde to v\u0161echno dohromady? Ano, m\u00e1 a m\u016f\u017eete to vid\u011bt na t\u00e9m\u011b\u0159 dokonal\u00e9m Ferrum E Tactical Mud. Kapesn\u00ed n\u016f\u017e, kter\u00fd najde sv\u016fj domov nejen v ter\u00e9nu, ale je tak\u00e9 perfektn\u00ed po va\u0161em boku v ka\u017edodenn\u00edm \u017eivot\u011b. Navzdory tenk\u00e9 a vlastn\u011b hladk\u00e9 linii je to vynikaj\u00edc\u00ed n\u016f\u017e, kter\u00fd p\u0159ich\u00e1z\u00ed se v\u0161\u00edm, co pot\u0159ebujete.<\/p>\n<p>Poj\u010fme se bl\u00ed\u017ee pod\u00edvat na kompletn\u00ed balen\u00ed. \u010cepel drop point 7,5 cm vyroben\u00e1 z oceli N690, co\u017e je vynikaj\u00edc\u00ed ocel a pat\u0159\u00ed mezi \u0161pi\u010dkov\u00e9 oceli d\u00edky sv\u00fdm vlastnostem, jako je odolnost proti korozi, odolnost proti opot\u0159eben\u00ed a zachov\u00e1n\u00ed ost\u0159\u00ed. Aby byla tato skv\u011bl\u00e1 slo\u017eka co nejleh\u010d\u00ed, byl pro ergonomick\u00e9 rukojeti pou\u017eit hlin\u00edk. D\u00edky kuli\u010dkov\u00e9mu lo\u017eisku lze \u010depel rychle a snadno uv\u00e9st do polohy b\u011bhem n\u011bkolika sekund pomoc\u00ed flipperu a zajistit ji tam pomoc\u00ed osv\u011bd\u010den\u00e9ho z\u00e1mku vlo\u017eky. M\u00e1 konvertibiln\u00ed klip, kter\u00fd umo\u017e\u0148uje r\u016fzn\u00e9 mo\u017enosti no\u0161en\u00ed a je tak ur\u010den pro prav\u00e1ky i lev\u00e1ky. Tak\u017ee s t\u00edmto no\u017eem si ka\u017ed\u00fd u\u017eije svou z\u00e1bavu.<\/p>\n<p>Mus\u00edte b\u00fdt ale opatrn\u00ed, chladiv\u00e9 Ferrum E Tactical Mud nesm\u00edte upustit do p\u00edsku nebo bahna, pak u\u017e ho nikdy nenajdete, m\u016f\u017ee se maskovat jako chameleon.<\/p>\n<p>V\u00fdrobce: Extrema Ratio<br \/>\nModel: Ferrum E Tactical Mud<br \/>\nTyp no\u017ee: Jednoru\u010dn\u00ed n\u016f\u017e, EDC &#8211; Every Day Carry<br \/>\nZav\u00edr\u00e1n\u00ed: liner lock<br \/>\nMateri\u00e1l \u010depele: N690<br \/>\nD\u00e9lka \u010depele: 7,5 cm<br \/>\nTlou\u0161\u0165ka \u010depele: 3 mm<br \/>\nPovrchov\u00e1 \u00faprava \u010depele: matn\u00e1<br \/>\nStyl \u010depele: Drop Point<br \/>\nUzav\u0159en\u00e1: 11,1 cm<br \/>\nCelkov\u00e1 d\u00e9lka: 18,6 cm<br \/>\nPom\u016fcka pro otev\u00edr\u00e1n\u00ed: pinball<br \/>\nMateri\u00e1l rukojeti: hlin\u00edk<br \/>\nKlip: ano \/ vykl\u00e1p\u011bc\u00ed \/ r<br \/>\nHmotnost: 87g<br \/>\nVyrobeno v It\u00e1lii<\/p>\n<p><iframe title=\"Extrema Ratio Ferrum\" width=\"800\" height=\"450\" src=\"https:\/\/www.youtube.com\/embed\/cykZ43-q4Cc?feature=oembed\" frameborder=\"0\" allow=\"accelerometer; autoplay; clipboard-write; encrypted-media; gyroscope; picture-in-picture; web-share\" allowfullscreen><\/iframe><\/p>\n<p>&nbsp;<\/p>\n<p>&nbsp;<\/p>\n<p>&nbsp;<\/p>\n","protected":false},"excerpt":{"rendered":"<p><strong>Kapesn\u00ed n\u016f\u017e, kter\u00fd najde sv\u016fj domov nejen v ter\u00e9nu, ale je tak\u00e9 perfektn\u00ed po va\u0161em boku v ka\u017edodenn\u00edm \u017eivot\u011b.<\/strong><\/p>\n","protected":false},"featured_media":254929,"comment_status":"open","ping_status":"closed","template":"","meta":[],"pwb-brand":[267],"product_brand":[],"product_cat":[22,17],"product_tag":[3667],"class_list":{"0":"post-254927","1":"product","2":"type-product","3":"status-publish","4":"has-post-thumbnail","6":"pwb-brand-extrema-ratio","7":"product_cat-zaviraci-noze","8":"product_cat-noze","9":"product_tag-b2b","11":"first","12":"instock","13":"taxable","14":"shipping-taxable","15":"purchasable","16":"product-type-simple"},"brands":[{"id":267,"name":"Extrema Ratio","slug":"extrema-ratio"}],"_links":{"self":[{"href":"https:\/\/www.moskito.cz\/es\/wp-json\/wp\/v2\/product\/254927","targetHints":{"allow":["GET"]}}],"collection":[{"href":"https:\/\/www.moskito.cz\/es\/wp-json\/wp\/v2\/product"}],"about":[{"href":"https:\/\/www.moskito.cz\/es\/wp-json\/wp\/v2\/types\/product"}],"replies":[{"embeddable":true,"href":"https:\/\/www.moskito.cz\/es\/wp-json\/wp\/v2\/comments?post=254927"}],"wp:featuredmedia":[{"embeddable":true,"href":"https:\/\/www.moskito.cz\/es\/wp-json\/wp\/v2\/media\/254929"}],"wp:attachment":[{"href":"https:\/\/www.moskito.cz\/es\/wp-json\/wp\/v2\/media?parent=254927"}],"wp:term":[{"taxonomy":"pwb-brand","embeddable":true,"href":"https:\/\/www.moskito.cz\/es\/wp-json\/wp\/v2\/pwb-brand?post=254927"},{"taxonomy":"product_brand","embeddable":true,"href":"https:\/\/www.moskito.cz\/es\/wp-json\/wp\/v2\/product_brand?post=254927"},{"taxonomy":"product_cat","embeddable":true,"href":"https:\/\/www.moskito.cz\/es\/wp-json\/wp\/v2\/product_cat?post=254927"},{"taxonomy":"product_tag","embeddable":true,"href":"https:\/\/www.moskito.cz\/es\/wp-json\/wp\/v2\/product_tag?post=254927"}],"curies":[{"name":"wp","href":"https:\/\/api.w.org\/{rel}","templated":true}]}}