{"id":257276,"date":"2023-10-04T15:13:06","date_gmt":"2023-10-04T14:13:06","guid":{"rendered":"https:\/\/www.moskito.cz\/?post_type=product&#038;p=257276"},"modified":"2025-05-07T10:53:20","modified_gmt":"2025-05-07T09:53:20","slug":"sipky-do-foukacky-cold-steel-razor-tip-broad-head-dart-625-blowgun-40ks-b625br","status":"publish","type":"product","link":"https:\/\/www.moskito.cz\/es\/produkt\/sipky-do-foukacky-cold-steel-razor-tip-broad-head-dart-625-blowgun-40ks-b625br\/","title":{"rendered":"\u0160ipky do fouka\u010dky Cold Steel Razor Tip Broad Head Dart, .625 Blowgun (40ks) B625BR"},"content":{"rendered":"<p>\u0160ipky do fouka\u010dky <strong>Cold Steel<\/strong> Razor Tip Broad Head Dart, .625 Blowgun (40ks) B625BR<\/p>\n<p>\u0160ipky do fouka\u010dky Razor Tip Broad Head Dart, .625 Blowgun jsou ur\u010deny k lovu. Ocelov\u00e9 \u0161ipky o celkov\u00e9 d\u00e9lce 147 mm a v\u00e1ze 5 g jsou opat\u0159eny hrotem.<\/p>\n","protected":false},"excerpt":{"rendered":"<p><strong>\u0160ipky do fouka\u010dky Blowgun.<\/strong><\/p>\n","protected":false},"featured_media":257277,"comment_status":"open","ping_status":"closed","template":"","meta":[],"pwb-brand":[211],"product_brand":[],"product_cat":[22,17],"product_tag":[3667],"class_list":{"0":"post-257276","1":"product","2":"type-product","3":"status-publish","4":"has-post-thumbnail","6":"pwb-brand-cold-steel","7":"product_cat-zaviraci-noze","8":"product_cat-noze","9":"product_tag-b2b","11":"first","12":"outofstock","13":"taxable","14":"shipping-taxable","15":"purchasable","16":"product-type-simple"},"brands":[{"id":211,"name":"Cold Steel","slug":"cold-steel"}],"_links":{"self":[{"href":"https:\/\/www.moskito.cz\/es\/wp-json\/wp\/v2\/product\/257276","targetHints":{"allow":["GET"]}}],"collection":[{"href":"https:\/\/www.moskito.cz\/es\/wp-json\/wp\/v2\/product"}],"about":[{"href":"https:\/\/www.moskito.cz\/es\/wp-json\/wp\/v2\/types\/product"}],"replies":[{"embeddable":true,"href":"https:\/\/www.moskito.cz\/es\/wp-json\/wp\/v2\/comments?post=257276"}],"wp:featuredmedia":[{"embeddable":true,"href":"https:\/\/www.moskito.cz\/es\/wp-json\/wp\/v2\/media\/257277"}],"wp:attachment":[{"href":"https:\/\/www.moskito.cz\/es\/wp-json\/wp\/v2\/media?parent=257276"}],"wp:term":[{"taxonomy":"pwb-brand","embeddable":true,"href":"https:\/\/www.moskito.cz\/es\/wp-json\/wp\/v2\/pwb-brand?post=257276"},{"taxonomy":"product_brand","embeddable":true,"href":"https:\/\/www.moskito.cz\/es\/wp-json\/wp\/v2\/product_brand?post=257276"},{"taxonomy":"product_cat","embeddable":true,"href":"https:\/\/www.moskito.cz\/es\/wp-json\/wp\/v2\/product_cat?post=257276"},{"taxonomy":"product_tag","embeddable":true,"href":"https:\/\/www.moskito.cz\/es\/wp-json\/wp\/v2\/product_tag?post=257276"}],"curies":[{"name":"wp","href":"https:\/\/api.w.org\/{rel}","templated":true}]}}