{"id":257280,"date":"2023-10-04T15:21:10","date_gmt":"2023-10-04T14:21:10","guid":{"rendered":"https:\/\/www.moskito.cz\/?post_type=product&#038;p=257280"},"modified":"2025-05-07T10:53:20","modified_gmt":"2025-05-07T09:53:20","slug":"strely-cold-steel-do-foukacky-357-magnum-blowgun-super-stun-darts-30-ks-b357dss","status":"publish","type":"product","link":"https:\/\/www.moskito.cz\/es\/produkt\/strely-cold-steel-do-foukacky-357-magnum-blowgun-super-stun-darts-30-ks-b357dss\/","title":{"rendered":"St\u0159ely Cold Steel do fouka\u010dky .357 Magnum Blowgun, Super Stun Darts (30 ks) B357DSS"},"content":{"rendered":"<p>St\u0159ely <strong>Cold Steel<\/strong> do fouka\u010dky .357 Magnum Blowgun, Super Stun Darts (30 ks) B357DSS<\/p>\n<p>Omra\u010duj\u00edc\u00ed st\u0159ely do fouka\u010dky .357 Magnum Blowgun, Super Stun Darts v balen\u00ed po 30 kusech. St\u0159ely jsou vhodn\u00e9 pro tr\u00e9ning st\u0159elby do ter\u010de.<\/p>\n<p>&nbsp;<\/p>\n","protected":false},"excerpt":{"rendered":"<p><strong>St\u0159ely do fouka\u010dky .357 Magnum Blowgun, Super Stun Darts v balen\u00ed po 30 kusech.<\/strong><\/p>\n","protected":false},"featured_media":257281,"comment_status":"open","ping_status":"closed","template":"","meta":[],"pwb-brand":[211],"product_brand":[],"product_cat":[22,17],"product_tag":[3667],"class_list":{"0":"post-257280","1":"product","2":"type-product","3":"status-publish","4":"has-post-thumbnail","6":"pwb-brand-cold-steel","7":"product_cat-zaviraci-noze","8":"product_cat-noze","9":"product_tag-b2b","11":"first","12":"instock","13":"taxable","14":"shipping-taxable","15":"purchasable","16":"product-type-simple"},"brands":[{"id":211,"name":"Cold Steel","slug":"cold-steel"}],"_links":{"self":[{"href":"https:\/\/www.moskito.cz\/es\/wp-json\/wp\/v2\/product\/257280","targetHints":{"allow":["GET"]}}],"collection":[{"href":"https:\/\/www.moskito.cz\/es\/wp-json\/wp\/v2\/product"}],"about":[{"href":"https:\/\/www.moskito.cz\/es\/wp-json\/wp\/v2\/types\/product"}],"replies":[{"embeddable":true,"href":"https:\/\/www.moskito.cz\/es\/wp-json\/wp\/v2\/comments?post=257280"}],"wp:featuredmedia":[{"embeddable":true,"href":"https:\/\/www.moskito.cz\/es\/wp-json\/wp\/v2\/media\/257281"}],"wp:attachment":[{"href":"https:\/\/www.moskito.cz\/es\/wp-json\/wp\/v2\/media?parent=257280"}],"wp:term":[{"taxonomy":"pwb-brand","embeddable":true,"href":"https:\/\/www.moskito.cz\/es\/wp-json\/wp\/v2\/pwb-brand?post=257280"},{"taxonomy":"product_brand","embeddable":true,"href":"https:\/\/www.moskito.cz\/es\/wp-json\/wp\/v2\/product_brand?post=257280"},{"taxonomy":"product_cat","embeddable":true,"href":"https:\/\/www.moskito.cz\/es\/wp-json\/wp\/v2\/product_cat?post=257280"},{"taxonomy":"product_tag","embeddable":true,"href":"https:\/\/www.moskito.cz\/es\/wp-json\/wp\/v2\/product_tag?post=257280"}],"curies":[{"name":"wp","href":"https:\/\/api.w.org\/{rel}","templated":true}]}}