{"id":257302,"date":"2023-10-04T16:06:08","date_gmt":"2023-10-04T15:06:08","guid":{"rendered":"https:\/\/www.moskito.cz\/?post_type=product&#038;p=257302"},"modified":"2025-06-28T12:01:15","modified_gmt":"2025-06-28T11:01:15","slug":"sekera-cold-steel-trail-boss-90ta","status":"publish","type":"product","link":"https:\/\/www.moskito.cz\/es\/produkt\/sekera-cold-steel-trail-boss-90ta\/","title":{"rendered":"Sekera Cold Steel TRAIL BOSS 90TA"},"content":{"rendered":"<p>Sekera <strong>Cold Steel<\/strong> TRAIL BOSS 90TA<\/p>\n<p><strong>Cold Steel<\/strong> Trail Boss je dostate\u010dn\u011b kompaktn\u00ed, abyste jej mohli nosit cel\u00fd den v ruce nebo p\u0159ipoutan\u00fd k batohu, a p\u0159esto dostate\u010dn\u011b odoln\u00fd na pr\u00e1ce, p\u0159i kter\u00fdch by sekera nebo tomahawk k\u0159i\u010dely o milost. D\u00edky hlav\u011b evropsk\u00e9ho stylu se 10 cm \u010depel\u00ed a\u00a0 \u0159ezn\u00fdm ost\u0159\u00edm si vezme velk\u00e9 sousto s ka\u017ed\u00fdm \u0161vihem. Nav\u00edc se vyzna\u010duje velmi pevnou a odolnou rukojet\u00ed American Hickory s rovn\u00fdm zrnem. V na\u0161ich rozs\u00e1hl\u00fdch ter\u00e9nn\u00edch testech ve vnitrozem\u00ed Austr\u00e1lie byl Trail Boss pou\u017eit k sek\u00e1n\u00ed podpalu, \u010di\u0161t\u011bn\u00ed silnic a stezek, stav\u011bn\u00ed rolet a dokonce i ke k\u00e1cen\u00ed stromu velk\u00e9 velikosti!<\/p>\n<p>Barva: \u010cern\u00e1\/Hn\u011bd\u00e1<br \/>\nCelkov\u00e1 velikost: 68.5 cm<br \/>\nHmotnost: 1205 g<br \/>\nMateri\u00e1l rukojeti: americk\u00fd b\u00edl\u00fd o\u0159ech<br \/>\nOcel: 1055 Carbon Steel<\/p>\n<p><iframe title=\"Cold Steel - Trail Boss\" width=\"800\" height=\"450\" src=\"https:\/\/www.youtube.com\/embed\/BRvo88JeSok?start=6&#038;feature=oembed\" frameborder=\"0\" allow=\"accelerometer; autoplay; clipboard-write; encrypted-media; gyroscope; picture-in-picture; web-share\" allowfullscreen><\/iframe><\/p>\n<p>&nbsp;<\/p>\n<p>&nbsp;<\/p>\n","protected":false},"excerpt":{"rendered":"<p><strong>Tomahawk Trial Boss je v\u00fdborn\u00fd pomocn\u00edk jak v pr\u00e1ci p\u0159i t\u00e1bo\u0159en\u00ed, tak se z n\u011bj m\u016f\u017ee st\u00e1t d\u011bsiv\u00e1 zbra\u0148.<\/strong><\/p>\n","protected":false},"featured_media":257303,"comment_status":"open","ping_status":"closed","template":"","meta":[],"pwb-brand":[211],"product_brand":[],"product_cat":[32],"product_tag":[3667],"class_list":{"0":"post-257302","1":"product","2":"type-product","3":"status-publish","4":"has-post-thumbnail","6":"pwb-brand-cold-steel","7":"product_cat-sekery","8":"product_tag-b2b","10":"first","11":"instock","12":"sale","13":"taxable","14":"shipping-taxable","15":"purchasable","16":"product-type-simple"},"brands":[{"id":211,"name":"Cold Steel","slug":"cold-steel"}],"_links":{"self":[{"href":"https:\/\/www.moskito.cz\/es\/wp-json\/wp\/v2\/product\/257302","targetHints":{"allow":["GET"]}}],"collection":[{"href":"https:\/\/www.moskito.cz\/es\/wp-json\/wp\/v2\/product"}],"about":[{"href":"https:\/\/www.moskito.cz\/es\/wp-json\/wp\/v2\/types\/product"}],"replies":[{"embeddable":true,"href":"https:\/\/www.moskito.cz\/es\/wp-json\/wp\/v2\/comments?post=257302"}],"wp:featuredmedia":[{"embeddable":true,"href":"https:\/\/www.moskito.cz\/es\/wp-json\/wp\/v2\/media\/257303"}],"wp:attachment":[{"href":"https:\/\/www.moskito.cz\/es\/wp-json\/wp\/v2\/media?parent=257302"}],"wp:term":[{"taxonomy":"pwb-brand","embeddable":true,"href":"https:\/\/www.moskito.cz\/es\/wp-json\/wp\/v2\/pwb-brand?post=257302"},{"taxonomy":"product_brand","embeddable":true,"href":"https:\/\/www.moskito.cz\/es\/wp-json\/wp\/v2\/product_brand?post=257302"},{"taxonomy":"product_cat","embeddable":true,"href":"https:\/\/www.moskito.cz\/es\/wp-json\/wp\/v2\/product_cat?post=257302"},{"taxonomy":"product_tag","embeddable":true,"href":"https:\/\/www.moskito.cz\/es\/wp-json\/wp\/v2\/product_tag?post=257302"}],"curies":[{"name":"wp","href":"https:\/\/api.w.org\/{rel}","templated":true}]}}