{"id":257345,"date":"2023-10-05T13:45:34","date_gmt":"2023-10-05T12:45:34","guid":{"rendered":"https:\/\/www.moskito.cz\/?post_type=product&#038;p=257345"},"modified":"2025-06-28T20:32:02","modified_gmt":"2025-06-28T19:32:02","slug":"cold-steel-chinese-sabre-cs-sw-chnsbr","status":"publish","type":"product","link":"https:\/\/www.moskito.cz\/es\/produkt\/cold-steel-chinese-sabre-cs-sw-chnsbr\/","title":{"rendered":"Cold Steel CHINESE SABRE CS-SW-CHNSBR"},"content":{"rendered":"<p><strong>Cold Steel<\/strong> CHINESE SABRE CS-SW-CHNSBR<\/p>\n<p>\u010c\u00edna m\u00e1 historii soci\u00e1ln\u00edch neshod, kter\u00e9 vy\u00fastily ve v\u00e1lky, revoluce a dal\u0161\u00ed ud\u00e1losti, kter\u00e9 vedly k vytvo\u0159en\u00ed n\u011bkter\u00fdch unik\u00e1tn\u00edch zbran\u00ed. Nap\u0159\u00edklad \u010d\u00ednsk\u00e1 \u0161avle je p\u0159esn\u011b takov\u00fd druh zbran\u011b: jezdeck\u00e1 \u0161avle, kterou stejn\u011b dob\u0159e p\u0159izp\u016fsob\u00ed i p\u011b\u0161\u00e1ci v poli. Na\u0161e \u010d\u00ednsk\u00e1 \u0161avle je ru\u010dn\u011b kovan\u00e1 z vysoce uhl\u00edkov\u00e9 oceli. \u010cepel m\u00e1 jednu \u00be d\u00e9lky pln\u011bj\u0161\u00ed a je po sv\u00e9 d\u00e9lce m\u00edrn\u011b zak\u0159iven\u00e1 a kon\u010d\u00ed ve zvednut\u00e9m hrotu, d\u00edky \u010demu\u017e je ide\u00e1ln\u00ed pro \u0159ez\u00e1n\u00ed a sek\u00e1n\u00ed, ani\u017e by se vzdal sv\u00e9ho tla\u010dn\u00e9ho potenci\u00e1lu. Na j\u00edlci je masivn\u00ed mosazn\u00fd kryt kotou\u010de, hluboce vyryt\u00fd v klasick\u00e9m stylu. Rukoje\u0165 m\u00e1 j\u00e1dro z tvrd\u00e9ho d\u0159eva a je opleten\u00e1 \u010dernou hedv\u00e1bnou \u0161\u0148\u016frou a zakon\u010den\u00e1 mosazn\u00fdm podhlavn\u00edkem a hlavic\u00ed. Pochva je vyrobena z tvrd\u00e9ho d\u0159eva a pota\u017eena \u010dernou k\u016f\u017e\u00ed a m\u00e1 mosazn\u00e9 ozdobn\u00e9 kov\u00e1n\u00ed. I kdy\u017e je tento me\u010d nepochybn\u011b ve stylu \u010d\u00ednsk\u00e1 \u0161avle, mohl by snadno fungovat pro ka\u017ed\u00e9ho stepn\u00edho v\u00e1le\u010dn\u00edka, kter\u00fd se znovu zab\u00fdval, a je zvl\u00e1\u0161t\u011b vhodn\u00fd pro mongolsk\u00e9, \u010d\u00ednsk\u00e9, mand\u017eusk\u00e9 re-enactory a bojov\u00e9 um\u011blce.<\/p>\n<p>Materi\u00e1l \u010depele: 1060<br \/>\nMateri\u00e1l rukojeti: Mosaz, Tvrd\u00e9 d\u0159evo<br \/>\nMateri\u00e1l pouzdra: D\u0159evo, Kov<br \/>\nCelkov\u00e1 d\u00e9lka: 92.1 cm<br \/>\nHmotnost: 1044 g<br \/>\nTyp no\u017ee: Pevn\u00fd, Me\u010d<br \/>\nBarva: Hn\u011bd\u00e1, Mosaz<\/p>\n","protected":false},"excerpt":{"rendered":"<p><strong>\u010c\u00edna m\u00e1 za sebou historii soci\u00e1ln\u00edch neshod, kter\u00e9 vy\u00fastily do v\u00e1lek, revoluc\u00ed a jin\u00fdch ud\u00e1lost\u00ed, kter\u00e9 vedly k vytvo\u0159en\u00ed n\u011bkter\u00fdch unik\u00e1tn\u00edch zbran\u00ed.<\/strong><\/p>\n","protected":false},"featured_media":257346,"comment_status":"open","ping_status":"closed","template":"","meta":[],"pwb-brand":[211],"product_brand":[],"product_cat":[24,1942],"product_tag":[3667],"class_list":{"0":"post-257345","1":"product","2":"type-product","3":"status-publish","4":"has-post-thumbnail","6":"pwb-brand-cold-steel","7":"product_cat-katany-a-mece","8":"product_cat-mece-dyky-repliky","9":"product_tag-b2b","11":"first","12":"instock","13":"sale","14":"taxable","15":"shipping-taxable","16":"purchasable","17":"product-type-simple"},"brands":[{"id":211,"name":"Cold Steel","slug":"cold-steel"}],"_links":{"self":[{"href":"https:\/\/www.moskito.cz\/es\/wp-json\/wp\/v2\/product\/257345","targetHints":{"allow":["GET"]}}],"collection":[{"href":"https:\/\/www.moskito.cz\/es\/wp-json\/wp\/v2\/product"}],"about":[{"href":"https:\/\/www.moskito.cz\/es\/wp-json\/wp\/v2\/types\/product"}],"replies":[{"embeddable":true,"href":"https:\/\/www.moskito.cz\/es\/wp-json\/wp\/v2\/comments?post=257345"}],"wp:featuredmedia":[{"embeddable":true,"href":"https:\/\/www.moskito.cz\/es\/wp-json\/wp\/v2\/media\/257346"}],"wp:attachment":[{"href":"https:\/\/www.moskito.cz\/es\/wp-json\/wp\/v2\/media?parent=257345"}],"wp:term":[{"taxonomy":"pwb-brand","embeddable":true,"href":"https:\/\/www.moskito.cz\/es\/wp-json\/wp\/v2\/pwb-brand?post=257345"},{"taxonomy":"product_brand","embeddable":true,"href":"https:\/\/www.moskito.cz\/es\/wp-json\/wp\/v2\/product_brand?post=257345"},{"taxonomy":"product_cat","embeddable":true,"href":"https:\/\/www.moskito.cz\/es\/wp-json\/wp\/v2\/product_cat?post=257345"},{"taxonomy":"product_tag","embeddable":true,"href":"https:\/\/www.moskito.cz\/es\/wp-json\/wp\/v2\/product_tag?post=257345"}],"curies":[{"name":"wp","href":"https:\/\/api.w.org\/{rel}","templated":true}]}}