{"id":257401,"date":"2023-10-05T15:14:53","date_gmt":"2023-10-05T14:14:53","guid":{"rendered":"https:\/\/www.moskito.cz\/?post_type=product&#038;p=257401"},"modified":"2025-06-28T12:01:17","modified_gmt":"2025-06-28T11:01:17","slug":"sekera-cold-steel-viking-battle-axe-90wvbb","status":"publish","type":"product","link":"https:\/\/www.moskito.cz\/es\/produkt\/sekera-cold-steel-viking-battle-axe-90wvbb\/","title":{"rendered":"Sekera Cold Steel VIKING BATTLE AXE 90WVBB"},"content":{"rendered":"<p>Sekera <strong>Cold Steel<\/strong> VIKING BATTLE AXE 90WVBB<\/p>\n<p>Na\u0161e bitevn\u00ed sekera Viking je ur\u010dena k pou\u017eit\u00ed jako samostatn\u00e1 zbra\u0148, ale lze ji efektivn\u011b sp\u00e1rovat s me\u010dem, \u0161t\u00edtem nebo dlouh\u00fdm saxem. Je to \u0159ezn\u00e9, sekac\u00ed a bodav\u00e9 dynamo, kter\u00e9 by mu z\u00e1vid\u011bl ka\u017ed\u00fd Viking, kter\u00fd stoj\u00ed za jeho s\u016fl. Jeho z\u00e1pustkov\u011b kovan\u00fd a m\u00e1 \u0161irokou zak\u0159ivenou \u0159eznou hranu, kter\u00e1 je zakon\u010dena rohy nebo hroty na konc\u00edch. To znamen\u00e1, \u017ee m\u016f\u017eete snadno bodnout, odrazit nebo zah\u00e1knout \u0161t\u00edty nebo kon\u010detiny. Stejn\u011b jako na\u0161e Viking Great Axe je dod\u00e1v\u00e1n s pr\u00e9miovou rukojet\u00ed American Hickory o d\u00e9lce 76 cm, kter\u00e1 je dostate\u010dn\u011b dlouh\u00e1 pro pou\u017eit\u00ed ob\u011bma rukama!<\/p>\n<p>Celkov\u00e1 velikost: 76.2 cm<br \/>\nBarva: ocelov\u011b \u0161ed\u00e1\/d\u0159evo<br \/>\nHmotnost: 1004 g<\/p>\n<p>Ocelov\u00e9 \u010depele: 1055 uhl\u00edk<\/p>\n<p>&nbsp;<\/p>\n<p>&nbsp;<\/p>\n","protected":false},"excerpt":{"rendered":"<p><strong>Tato vikingsk\u00e1, v\u00e1le\u010dn\u00e1, dvouru\u010dn\u00ed sekera vych\u00e1z\u00ed z historick\u00e9 p\u0159edlohy.<\/strong><\/p>\n","protected":false},"featured_media":257402,"comment_status":"open","ping_status":"closed","template":"","meta":[],"pwb-brand":[211],"product_brand":[],"product_cat":[32],"product_tag":[3667],"class_list":{"0":"post-257401","1":"product","2":"type-product","3":"status-publish","4":"has-post-thumbnail","6":"pwb-brand-cold-steel","7":"product_cat-sekery","8":"product_tag-b2b","10":"first","11":"instock","12":"sale","13":"taxable","14":"shipping-taxable","15":"purchasable","16":"product-type-simple"},"brands":[{"id":211,"name":"Cold Steel","slug":"cold-steel"}],"_links":{"self":[{"href":"https:\/\/www.moskito.cz\/es\/wp-json\/wp\/v2\/product\/257401","targetHints":{"allow":["GET"]}}],"collection":[{"href":"https:\/\/www.moskito.cz\/es\/wp-json\/wp\/v2\/product"}],"about":[{"href":"https:\/\/www.moskito.cz\/es\/wp-json\/wp\/v2\/types\/product"}],"replies":[{"embeddable":true,"href":"https:\/\/www.moskito.cz\/es\/wp-json\/wp\/v2\/comments?post=257401"}],"wp:featuredmedia":[{"embeddable":true,"href":"https:\/\/www.moskito.cz\/es\/wp-json\/wp\/v2\/media\/257402"}],"wp:attachment":[{"href":"https:\/\/www.moskito.cz\/es\/wp-json\/wp\/v2\/media?parent=257401"}],"wp:term":[{"taxonomy":"pwb-brand","embeddable":true,"href":"https:\/\/www.moskito.cz\/es\/wp-json\/wp\/v2\/pwb-brand?post=257401"},{"taxonomy":"product_brand","embeddable":true,"href":"https:\/\/www.moskito.cz\/es\/wp-json\/wp\/v2\/product_brand?post=257401"},{"taxonomy":"product_cat","embeddable":true,"href":"https:\/\/www.moskito.cz\/es\/wp-json\/wp\/v2\/product_cat?post=257401"},{"taxonomy":"product_tag","embeddable":true,"href":"https:\/\/www.moskito.cz\/es\/wp-json\/wp\/v2\/product_tag?post=257401"}],"curies":[{"name":"wp","href":"https:\/\/api.w.org\/{rel}","templated":true}]}}