{"id":257521,"date":"2023-10-06T15:17:11","date_gmt":"2023-10-06T14:17:11","guid":{"rendered":"https:\/\/www.moskito.cz\/?post_type=product&#038;p=257521"},"modified":"2025-05-07T10:53:25","modified_gmt":"2025-05-07T09:53:25","slug":"sekera-cold-steel-axe-gang-hatchet-90axg","status":"publish","type":"product","link":"https:\/\/www.moskito.cz\/es\/produkt\/sekera-cold-steel-axe-gang-hatchet-90axg\/","title":{"rendered":"Sekera Cold Steel Axe Gang Hatchet 90AXG"},"content":{"rendered":"<p>Sekera <strong>Cold Steel<\/strong> Axe Gang Hatchet 90AXG<\/p>\n<p>Mnoho \u010dlen\u016f pos\u00e1dky zde v Cold Steel studuje a tr\u00e9nuje alespo\u0148 jedno bojov\u00e9 um\u011bn\u00ed a n\u011bkolik \u010dlen\u016f na\u0161eho t\u00fdmu tak\u00e9 pracuje v Hollywoodu jako zbra\u0148ov\u00ed poradci, kaskad\u00e9\u0159i a choreografov\u00e9 boj\u016f. Klasick\u00e1 \u010d\u00ednsk\u00e1 sekera se v pr\u016fb\u011bhu let objevila v bezpo\u010dtu film\u016f Kung Fu a v\u017edy n\u00e1s fascinovalo jej\u00ed pou\u017eit\u00ed! Na\u0161e interpretace t\u00e9to klasick\u00e9 \u010depele, Axe Gang Hatchet, nen\u00ed pouhou filmovou rekvizitou! Vyzna\u010duje se diferenci\u00e1ln\u011b tepeln\u011b zpracovanou, z\u00e1pustkov\u011b kovanou hlavou &#8211; kter\u00e1 m\u00e1 tvrdou hranu schopnou dos\u00e1hnout ostr\u00e9 b\u0159itvy, ale t\u011blo z m\u011bkk\u00e9 oceli pro pohlcov\u00e1n\u00ed n\u00e1raz\u016f. M\u00e1 tak\u00e9 ru\u010dn\u011b sb\u00edranou rukoje\u0165 American Hickory s rovn\u00fdm zrnem zdobenou znaky Kanji pro \u00abAxe Gang\u00bb. Tato stylov\u00e1 a ikonick\u00e1 sekera je stejn\u011b poutav\u00e1 jako odoln\u00e1. P\u0159idejte si jeden do sv\u00e9 sb\u00edrky je\u0161t\u011b dnes!<\/p>\n<p>Barva: \u010cern\u00e1\/Hn\u011bd\u00e1<br \/>\nMateri\u00e1l rukojeti: American Hickory<br \/>\nCelkov\u00e1 velikost: 51.4 cm<br \/>\nHmotnost: 907 g<br \/>\nOcel: 1055 Carbon Steel<\/p>\n","protected":false},"excerpt":{"rendered":"<p><strong>Klasick\u00e1 \u010d\u00ednsk\u00e1 sekera kter\u00e1 se objevila v mnoha filmech Kung Fu a v\u017edy n\u00e1s fascinovala. <\/strong><\/p>\n","protected":false},"featured_media":257522,"comment_status":"open","ping_status":"closed","template":"","meta":[],"pwb-brand":[211],"product_brand":[],"product_cat":[32],"product_tag":[3667],"class_list":{"0":"post-257521","1":"product","2":"type-product","3":"status-publish","4":"has-post-thumbnail","6":"pwb-brand-cold-steel","7":"product_cat-sekery","8":"product_tag-b2b","10":"first","11":"outofstock","12":"downloadable","13":"taxable","14":"shipping-taxable","15":"purchasable","16":"product-type-simple"},"brands":[{"id":211,"name":"Cold Steel","slug":"cold-steel"}],"_links":{"self":[{"href":"https:\/\/www.moskito.cz\/es\/wp-json\/wp\/v2\/product\/257521","targetHints":{"allow":["GET"]}}],"collection":[{"href":"https:\/\/www.moskito.cz\/es\/wp-json\/wp\/v2\/product"}],"about":[{"href":"https:\/\/www.moskito.cz\/es\/wp-json\/wp\/v2\/types\/product"}],"replies":[{"embeddable":true,"href":"https:\/\/www.moskito.cz\/es\/wp-json\/wp\/v2\/comments?post=257521"}],"wp:featuredmedia":[{"embeddable":true,"href":"https:\/\/www.moskito.cz\/es\/wp-json\/wp\/v2\/media\/257522"}],"wp:attachment":[{"href":"https:\/\/www.moskito.cz\/es\/wp-json\/wp\/v2\/media?parent=257521"}],"wp:term":[{"taxonomy":"pwb-brand","embeddable":true,"href":"https:\/\/www.moskito.cz\/es\/wp-json\/wp\/v2\/pwb-brand?post=257521"},{"taxonomy":"product_brand","embeddable":true,"href":"https:\/\/www.moskito.cz\/es\/wp-json\/wp\/v2\/product_brand?post=257521"},{"taxonomy":"product_cat","embeddable":true,"href":"https:\/\/www.moskito.cz\/es\/wp-json\/wp\/v2\/product_cat?post=257521"},{"taxonomy":"product_tag","embeddable":true,"href":"https:\/\/www.moskito.cz\/es\/wp-json\/wp\/v2\/product_tag?post=257521"}],"curies":[{"name":"wp","href":"https:\/\/api.w.org\/{rel}","templated":true}]}}