{"id":257712,"date":"2023-10-10T13:15:54","date_gmt":"2023-10-10T12:15:54","guid":{"rendered":"https:\/\/www.moskito.cz\/?post_type=product&#038;p=257712"},"modified":"2025-05-07T10:53:28","modified_gmt":"2025-05-07T09:53:28","slug":"vystrelovaci-nuz-microtech-dirac-delta-dark-tungsten-cerakote-227-1cdt","status":"publish","type":"product","link":"https:\/\/www.moskito.cz\/es\/produkt\/vystrelovaci-nuz-microtech-dirac-delta-dark-tungsten-cerakote-227-1cdt\/","title":{"rendered":"Vyst\u0159elovac\u00ed N\u016f\u017e Microtech Dirac Delta Dark Tungsten Cerakote 227-1CDT"},"content":{"rendered":"<p>Vyst\u0159elovac\u00ed N\u016f\u017e <strong>Microtech<\/strong> Dirac Delta Dark Tungsten Cerakote 227-1CDT<\/p>\n<p><strong>Microtec<\/strong>h Dirac Delta m\u00e1 kontury Halo, velikost Combat Troodon a design horn\u00edho pojistky a spoj\u00ed je dohromady pro fantastick\u00fd nov\u00fd taktick\u00fd EDC auto od Microtech Knives! D\u00edky kombinaci dvojit\u00e9ho okraje a horn\u00edho posuvn\u00e9ho r\u00e1mu je tato Dirac Delta pln\u011b oboustrann\u00e1, ide\u00e1ln\u00ed pro prav\u00e1ky i lev\u00e1ky. Tato taktick\u00e1 verze je dod\u00e1v\u00e1na s \u010dern\u00fdm hardwarem a \u010dern\u011b pota\u017eenou \u010depel\u00ed Bohler M390 Double Edge.D\u00e9lka \u010depele je 9.5 cm.<\/p>\n<p>Zcela nov\u00fd p\u0159\u00edmo od Microtech Knives, USA.<\/p>\n<p>\u010cepel: Je opat\u0159ena \u010dern\u00fdm povrchem pota\u017een\u00fdm Cerakote, \u010depel s dvojitou hranou m\u00e1 dv\u011b ostr\u00e9 b\u0159itov\u00e9 ost\u0159\u00ed. \u010cepel podobn\u00e1 d\u00fdce je vyrobena z vysoce v\u00fdkonn\u00e9 nerezov\u00e9 oceli Bohler M390. Robustn\u00ed n\u016f\u017e o rozm\u011brech 9,53 cm (9,53 cm) je vybaven mechanismem otev\u00edr\u00e1n\u00ed a zatahov\u00e1n\u00ed s dvoj\u00edm \u00fa\u010dinkem. Jednodu\u0161e posu\u0148te posuvn\u00edk palce na horn\u00ed \u010d\u00e1sti dr\u017eadla nahoru a dol\u016f. Poloha horn\u00edho posuvn\u00e9ho prvku rovn\u011b\u017e sni\u017euje pot\u0159ebu op\u011btovn\u00e9ho nastaven\u00ed provozu. Vnit\u0159n\u00ed pru\u017eina z\u016fst\u00e1v\u00e1 v klidu v otev\u0159en\u00e9 i uzav\u0159en\u00e9 poloze, aby se sn\u00ed\u017eilo opot\u0159eben\u00ed. Akce je velmi plynul\u00e1 a rychl\u00e1.<\/p>\n<p>Rukoje\u0165: Velkorys\u00e9 rukojeti pojmou nejv\u011bt\u0161\u00ed ruce i v rukavic\u00edch. Tvarovan\u00fd, \u010dern\u00fd potah\u017een\u00fd hlin\u00edk 6061-T6 poskytuje ergonomick\u00fd a pohodln\u00fd pocit v ruce i vizu\u00e1ln\u011b p\u0159ita\u017eliv\u00fd tvar. Strategicky um\u00edst\u011bn\u00e9 strojov\u011b r\u00fdhovan\u00e9 texturov\u00e1n\u00ed na obou okraj\u00edch zvy\u0161uje trakci v ruce, zat\u00edmco konstrukce je dokon\u010dena propriet\u00e1rn\u00edm hardwarem spole\u010dnosti Microtech, rozb\u00edje\u010dem skla a sponou do kapsy a to v\u0161e v odpov\u00eddaj\u00edc\u00edm \u010dern\u00e9m taktick\u00e9m proveden\u00ed. Klip je ozna\u010den individu\u00e1ln\u00edm s\u00e9riov\u00fdm \u010d\u00edslem a datem v\u00fdroby.<\/p>\n<p>Bohler M390: Bohler M390 se stal extr\u00e9mn\u011b popul\u00e1rn\u00ed volbou pro vysoce kvalitn\u00ed no\u017ee pro u\u017eivatele d\u00edky sv\u00e9 extr\u00e9mn\u00ed retenci hran. M390 m\u00e1 tak\u00e9 dobrou odolnost proti korozi, co\u017e znamen\u00e1, \u017ee v\u011bt\u0161ina u\u017eivatel\u016f se m\u016f\u017ee vyhnout probl\u00e9m\u016fm pouh\u00fdm set\u0159en\u00edm \u010depele po ka\u017ed\u00e9m pou\u017eit\u00ed. Dal\u0161\u00edm velk\u00fdm rysem t\u00e9to oceli je jej\u00ed schopnost odol\u00e1vat tvorb\u011b ot\u0159ep\u016f b\u011bhem ost\u0159en\u00ed. Srovnateln\u00e9 oceli jsou CTS-204P a Duratech 20CV.<\/p>\n<p>Specifikace<br \/>\nD\u00e9lka \u010depele: 9.5 cm<br \/>\nD\u00e9lka v zav\u0159en\u00e9m stavu: 14 cm<br \/>\nCelkov\u00e1 d\u00e9lka: 23.5 cm<br \/>\nOcel: M390<\/p>\n<p>Styl \u010depele: D\u00fdka s dvojitou hranou<br \/>\nBrou\u0161en\u00ed \u010depele: Ploch\u00e9<br \/>\nPovrchov\u00e1 \u00faprava \u010depele: Dark Tungsten Cerakote<br \/>\nMateri\u00e1l rukojeti: Hlin\u00edk 6061-T6, Tmav\u00fd Tungsten Cerakoted<br \/>\nTlou\u0161\u0165ka rukojeti: 0,42&#8243;<br \/>\nUzamykac\u00ed mechanismus: Kryc\u00ed \u0161oup\u00e1tko<br \/>\nKapesn\u00ed spona: 301 Nerezov\u00e1 ocel (sklopn\u00e1)<br \/>\nHmotnost: 4,1 oz.<br \/>\nDesign\u00e9r: Tony Marfione<br \/>\nVyrobeno v USA<\/p>\n<p>&nbsp;<\/p>\n","protected":false},"excerpt":{"rendered":"<p><strong>V pr\u016fb\u011bhu let Microtech\u00ae Knives naplnil v\u00e1\u0161n\u00ed a dovednost\u00ed v\u00fdrobu no\u017e\u016f, a\u017e z nich vytvo\u0159il t\u00e9m\u011b\u0159 um\u011bleck\u00e1 d\u00edla,kter\u00e9 jsou vrcholem funk\u010dnosti.V\u0161echny d\u00edly jsou vyrobeny v USA.<\/strong><br \/>\n<strong>Na v\u0161echny no\u017ee Microtech je do\u017eivotn\u00ed z\u00e1ruka.<\/strong><\/p>\n<p><strong>Doprava zdarma.<\/strong><\/p>\n","protected":false},"featured_media":257713,"comment_status":"open","ping_status":"closed","template":"","meta":[],"pwb-brand":[431],"product_brand":[],"product_cat":[2019,17],"product_tag":[3667],"class_list":{"0":"post-257712","1":"product","2":"type-product","3":"status-publish","4":"has-post-thumbnail","6":"pwb-brand-microtech","7":"product_cat-vystrelovaci-noze","8":"product_cat-noze","9":"product_tag-b2b","11":"first","12":"outofstock","13":"taxable","14":"shipping-taxable","15":"purchasable","16":"product-type-simple"},"brands":[{"id":431,"name":"Microtech","slug":"microtech"}],"_links":{"self":[{"href":"https:\/\/www.moskito.cz\/es\/wp-json\/wp\/v2\/product\/257712","targetHints":{"allow":["GET"]}}],"collection":[{"href":"https:\/\/www.moskito.cz\/es\/wp-json\/wp\/v2\/product"}],"about":[{"href":"https:\/\/www.moskito.cz\/es\/wp-json\/wp\/v2\/types\/product"}],"replies":[{"embeddable":true,"href":"https:\/\/www.moskito.cz\/es\/wp-json\/wp\/v2\/comments?post=257712"}],"wp:featuredmedia":[{"embeddable":true,"href":"https:\/\/www.moskito.cz\/es\/wp-json\/wp\/v2\/media\/257713"}],"wp:attachment":[{"href":"https:\/\/www.moskito.cz\/es\/wp-json\/wp\/v2\/media?parent=257712"}],"wp:term":[{"taxonomy":"pwb-brand","embeddable":true,"href":"https:\/\/www.moskito.cz\/es\/wp-json\/wp\/v2\/pwb-brand?post=257712"},{"taxonomy":"product_brand","embeddable":true,"href":"https:\/\/www.moskito.cz\/es\/wp-json\/wp\/v2\/product_brand?post=257712"},{"taxonomy":"product_cat","embeddable":true,"href":"https:\/\/www.moskito.cz\/es\/wp-json\/wp\/v2\/product_cat?post=257712"},{"taxonomy":"product_tag","embeddable":true,"href":"https:\/\/www.moskito.cz\/es\/wp-json\/wp\/v2\/product_tag?post=257712"}],"curies":[{"name":"wp","href":"https:\/\/api.w.org\/{rel}","templated":true}]}}