{"id":257994,"date":"2023-10-12T19:33:41","date_gmt":"2023-10-12T18:33:41","guid":{"rendered":"https:\/\/www.moskito.cz\/?post_type=product&#038;p=257994"},"modified":"2025-05-07T10:53:35","modified_gmt":"2025-05-07T09:53:35","slug":"zaviraci-nuz-microtech-msi-stonewash-210-10frgtbk","status":"publish","type":"product","link":"https:\/\/www.moskito.cz\/es\/produkt\/zaviraci-nuz-microtech-msi-stonewash-210-10frgtbk\/","title":{"rendered":"Zav\u00edrac\u00ed N\u016f\u017e Microtech MSI STONEWASH 210-10FRGTBK"},"content":{"rendered":"<p>Zav\u00edrac\u00ed N\u016f\u017e <strong>Microtech<\/strong> MSI STONEWASH 210-10FRGTBK<\/p>\n<p>MSI (Microtech Standard issue), vydan\u00fd v roce 2023, je prvn\u00edm no\u017eem <strong>Microtech<\/strong>, kter\u00fd m\u00e1 fantastickou technologii RAM-LOK. Tento tvrd\u00fd pohled na z\u00e1mek p\u0159\u00ed\u010dn\u00e9 ty\u010de obsahuje charakteristick\u00fd krokov\u00fd vzor Microtech, kter\u00fd se proslavil ovl\u00e1dac\u00edmi sp\u00edna\u010di \u0159ady Ultratech. Velk\u00fd v\u00fd\u0159ez \u010depele poskytuje dostatek prostoru pro zp\u011btn\u00e9 \u0161vih\u00e1n\u00ed prost\u0159edn\u00edkem a tak\u00e9 standardn\u00ed pomal\u00e9 otev\u00edr\u00e1n\u00ed palcem v rukavic\u00edch nebo bez nich. Pokud v\u00e1m nevyhovuje ani jedno z toho, jednodu\u0161e zat\u00e1hn\u011bte za RAM-LOK a \u010depel se otev\u0159e jednoduch\u00fdm pohybem z\u00e1p\u011bst\u00ed. Rukojeti G10 jsou hladk\u00e9 a m\u00edrn\u011b lepkav\u00e9 a poskytuj\u00ed velk\u00fd potenci\u00e1l uchopen\u00ed ve standardn\u00edm i obr\u00e1cen\u00e9m uchopen\u00ed. Robustn\u00ed, odoln\u00fd a vyroben\u00fd v USA; v\u00edme, \u017ee MSI se rychle stane obl\u00edben\u00fdm fanou\u0161kem mezi v\u0161emi \u010dleny komunity no\u017e\u016f.<br \/>\nSpecifikace<\/p>\n<p>D\u00e9lka \u010depele: 9.7 cm<br \/>\nD\u00e9lka v zav\u0159en\u00e9m stavu: 12.65 cm<br \/>\nCelkov\u00e1 d\u00e9lka: 22.35 cm<br \/>\nOcel \u010depele: Nerezov\u00e1 ocel Bohler M390MK<\/p>\n<p>Z\u00e1mek: Z\u00e1mek Ram-Lok Bar<br \/>\nKapesn\u00ed klip: Vykl\u00e1p\u011bc\u00ed<br \/>\nVyrobeno v USA<br \/>\nNovinka pro rok 2023<br \/>\nModel: 210-10FRGTBK<\/p>\n","protected":false},"excerpt":{"rendered":"<p><strong>V pr\u016fb\u011bhu let Microtech\u00ae Knives naplnil v\u00e1\u0161n\u00ed a dovednost\u00ed v\u00fdrobu no\u017e\u016f, a\u017e z nich vytvo\u0159il t\u00e9m\u011b\u0159 um\u011bleck\u00e1 d\u00edla,kter\u00e9 jsou vrcholem funk\u010dnosti. V\u0161echny d\u00edly jsou vyrobeny v USA.<\/strong><br \/>\n<strong>Na v\u0161echny no\u017ee Microtech je do\u017eivotn\u00ed z\u00e1ruka.<\/strong><\/p>\n<p><strong>Doprava zdrama.<\/strong><\/p>\n","protected":false},"featured_media":257995,"comment_status":"open","ping_status":"closed","template":"","meta":[],"pwb-brand":[431],"product_brand":[],"product_cat":[22,17],"product_tag":[3667],"class_list":{"0":"post-257994","1":"product","2":"type-product","3":"status-publish","4":"has-post-thumbnail","6":"pwb-brand-microtech","7":"product_cat-zaviraci-noze","8":"product_cat-noze","9":"product_tag-b2b","11":"first","12":"outofstock","13":"taxable","14":"shipping-taxable","15":"purchasable","16":"product-type-simple"},"brands":[{"id":431,"name":"Microtech","slug":"microtech"}],"_links":{"self":[{"href":"https:\/\/www.moskito.cz\/es\/wp-json\/wp\/v2\/product\/257994","targetHints":{"allow":["GET"]}}],"collection":[{"href":"https:\/\/www.moskito.cz\/es\/wp-json\/wp\/v2\/product"}],"about":[{"href":"https:\/\/www.moskito.cz\/es\/wp-json\/wp\/v2\/types\/product"}],"replies":[{"embeddable":true,"href":"https:\/\/www.moskito.cz\/es\/wp-json\/wp\/v2\/comments?post=257994"}],"wp:featuredmedia":[{"embeddable":true,"href":"https:\/\/www.moskito.cz\/es\/wp-json\/wp\/v2\/media\/257995"}],"wp:attachment":[{"href":"https:\/\/www.moskito.cz\/es\/wp-json\/wp\/v2\/media?parent=257994"}],"wp:term":[{"taxonomy":"pwb-brand","embeddable":true,"href":"https:\/\/www.moskito.cz\/es\/wp-json\/wp\/v2\/pwb-brand?post=257994"},{"taxonomy":"product_brand","embeddable":true,"href":"https:\/\/www.moskito.cz\/es\/wp-json\/wp\/v2\/product_brand?post=257994"},{"taxonomy":"product_cat","embeddable":true,"href":"https:\/\/www.moskito.cz\/es\/wp-json\/wp\/v2\/product_cat?post=257994"},{"taxonomy":"product_tag","embeddable":true,"href":"https:\/\/www.moskito.cz\/es\/wp-json\/wp\/v2\/product_tag?post=257994"}],"curies":[{"name":"wp","href":"https:\/\/api.w.org\/{rel}","templated":true}]}}