{"id":258320,"date":"2023-10-19T18:49:57","date_gmt":"2023-10-19T17:49:57","guid":{"rendered":"https:\/\/www.moskito.cz\/?post_type=product&#038;p=258320"},"modified":"2025-05-07T10:53:41","modified_gmt":"2025-05-07T09:53:41","slug":"pevny-nuz-microtech-borka-blades-apocalyptic-201-10ap","status":"publish","type":"product","link":"https:\/\/www.moskito.cz\/es\/produkt\/pevny-nuz-microtech-borka-blades-apocalyptic-201-10ap\/","title":{"rendered":"Pevn\u00fd N\u016f\u017e Microtech\/Borka Blades Apocalyptic 201-10AP"},"content":{"rendered":"<p>Pevn\u00fd N\u016f\u017e <strong>Microtech<\/strong>\/Borka Blades Apocalyptic 201-10AP<\/p>\n<p>Pevn\u00e1 \u010depel SBD je hroziv\u00fd kus od zak\u00e1zkov\u00e9ho no\u017e\u00ed\u0159e Sebastijana Berenjiho, AKA Borka, podle jeho designu SBK. Je to evoluce SBK, kter\u00e1 m\u011bla vyv\u00fd\u0161en\u00fd tvar persk\u00e9 \u010depele a nahradila ji \u0161irokou dvouhrannou d\u00fdkou, odtud D v n\u00e1zvu. Vyzna\u010duje se \u010dty\u0159mi n\u00e1dhern\u00fdmi \u00fakosy, kter\u00e9 vyvrchol\u00ed perfektn\u00ed \u0161pi\u010dkou, p\u011bkn\u00fdm chr\u00e1ni\u010dem prst\u016f a krvav\u00fdm \u017el\u00e1bkem se zesv\u011btluj\u00edc\u00edmi otvory. Rukoje\u0165 je vyrobena z kr\u00e1sn\u011b vyfr\u00e9zovan\u00e9ho G10 pro p\u0159\u00edjemn\u00fd ergonomick\u00fd \u00fachop a vytv\u00e1\u0159\u00ed dokonalou harmonii mezi u\u017eivatelem a n\u00e1strojem. Je tvarovan\u00fd na spr\u00e1vn\u00fdch m\u00edstech, aby v\u00e1m umo\u017enil indexovat n\u016f\u017e ve v\u00edce \u00fachopech. Kompaktn\u00ed SBD vyza\u0159uje taktickou zdatnost se stylem, kter\u00fd je z\u00e1kladn\u00edm kamenem \u010depel\u00ed Borka, a je dod\u00e1v\u00e1n s t\u0159ec\u00edm povrchem z uhl\u00edkov\u00fdch vl\u00e1ken Kydex a Tek-Lok. Vyrobeno v USA firmou <strong>Microtech<\/strong> Knives.<\/p>\n<p>Specifikace<br \/>\nD\u00e9lka \u010depele: 11 cm<br \/>\nCelkov\u00e1 d\u00e9lka: 22.5 cm<br \/>\nMateri\u00e1l \u010depele: M390<br \/>\nTlou\u0161\u0165ka \u010depele: 0.4875 cm<br \/>\nStyl \u010depele: D\u00fdka s dvojitou hranou<br \/>\nBrou\u0161en\u00ed \u010depele: Ploch\u00e9<br \/>\nPovrchov\u00e1 \u00faprava \u010depele: Apokalyptick\u00e1<br \/>\nMateri\u00e1l rukojeti: Fr\u00e9zovan\u00e1 \u010dern\u00e1 G10<br \/>\nMateri\u00e1l pl\u00e1\u0161t\u011b: Carbon Fiber Finish Kydex<br \/>\nHmotnost: 6,4 oz.<br \/>\nHmotnost s pouzdrem: 10,1 oz.<br \/>\nDesign\u00e9r: Sebastijan Berenji<br \/>\nVyrobeno v USA<\/p>\n<p><iframe title=\"Microtech Combat Troodon Torture Test\" width=\"800\" height=\"450\" src=\"https:\/\/www.youtube.com\/embed\/xE9TeOFYEjg?feature=oembed\" frameborder=\"0\" allow=\"accelerometer; autoplay; clipboard-write; encrypted-media; gyroscope; picture-in-picture; web-share\" referrerpolicy=\"strict-origin-when-cross-origin\" allowfullscreen><\/iframe><\/p>\n<p>&nbsp;<\/p>\n","protected":false},"excerpt":{"rendered":"<p><strong>V pr\u016fb\u011bhu let Microtech\u00ae Knives naplnil v\u00e1\u0161n\u00ed a dovednost\u00ed v\u00fdrobu no\u017e\u016f, a\u017e z nich vytvo\u0159il t\u00e9m\u011b\u0159 um\u011bleck\u00e1 d\u00edla,kter\u00e9 jsou vrcholem funk\u010dnosti.V\u0161echny d\u00edly jsou vyrobeny v USA.<\/strong><\/p>\n<p><strong>Do\u017eivotn\u00ed z\u00e1ruka na no\u017ee Microtech.<\/strong><\/p>\n<p><strong>Doprava zdarma.<\/strong><\/p>\n","protected":false},"featured_media":258331,"comment_status":"open","ping_status":"closed","template":"","meta":[],"pwb-brand":[431],"product_brand":[],"product_cat":[23,17],"product_tag":[3667],"class_list":{"0":"post-258320","1":"product","2":"type-product","3":"status-publish","4":"has-post-thumbnail","6":"pwb-brand-microtech","7":"product_cat-pevne-noze","8":"product_cat-noze","9":"product_tag-b2b","11":"first","12":"outofstock","13":"taxable","14":"shipping-taxable","15":"purchasable","16":"product-type-simple"},"brands":[{"id":431,"name":"Microtech","slug":"microtech"}],"_links":{"self":[{"href":"https:\/\/www.moskito.cz\/es\/wp-json\/wp\/v2\/product\/258320","targetHints":{"allow":["GET"]}}],"collection":[{"href":"https:\/\/www.moskito.cz\/es\/wp-json\/wp\/v2\/product"}],"about":[{"href":"https:\/\/www.moskito.cz\/es\/wp-json\/wp\/v2\/types\/product"}],"replies":[{"embeddable":true,"href":"https:\/\/www.moskito.cz\/es\/wp-json\/wp\/v2\/comments?post=258320"}],"wp:featuredmedia":[{"embeddable":true,"href":"https:\/\/www.moskito.cz\/es\/wp-json\/wp\/v2\/media\/258331"}],"wp:attachment":[{"href":"https:\/\/www.moskito.cz\/es\/wp-json\/wp\/v2\/media?parent=258320"}],"wp:term":[{"taxonomy":"pwb-brand","embeddable":true,"href":"https:\/\/www.moskito.cz\/es\/wp-json\/wp\/v2\/pwb-brand?post=258320"},{"taxonomy":"product_brand","embeddable":true,"href":"https:\/\/www.moskito.cz\/es\/wp-json\/wp\/v2\/product_brand?post=258320"},{"taxonomy":"product_cat","embeddable":true,"href":"https:\/\/www.moskito.cz\/es\/wp-json\/wp\/v2\/product_cat?post=258320"},{"taxonomy":"product_tag","embeddable":true,"href":"https:\/\/www.moskito.cz\/es\/wp-json\/wp\/v2\/product_tag?post=258320"}],"curies":[{"name":"wp","href":"https:\/\/api.w.org\/{rel}","templated":true}]}}