{"id":258698,"date":"2023-10-26T09:40:23","date_gmt":"2023-10-26T08:40:23","guid":{"rendered":"https:\/\/www.moskito.cz\/?post_type=product&#038;p=258698"},"modified":"2025-05-07T10:53:47","modified_gmt":"2025-05-07T09:53:47","slug":"cold-steel-tachi-katana-cs-sw-tachktna","status":"publish","type":"product","link":"https:\/\/www.moskito.cz\/es\/produkt\/cold-steel-tachi-katana-cs-sw-tachktna\/","title":{"rendered":"Cold Steel TACHI KATANA CS-SW-TACHKTNA"},"content":{"rendered":"<p><strong>Cold Steel<\/strong> TACHI KATANA CS-SW-TACHKTNA<\/p>\n<p>Tachi byl me\u010d samuraj\u016f p\u0159ed jeho nezbytn\u00fdm v\u00fdvojem v katanu po prvn\u00ed mongolsk\u00e9 invazi do Japonska. Tachi byl leh\u010d\u00ed, men\u0161\u00ed elegantn\u00ed me\u010d, hloub\u011bji zak\u0159iven\u00fd a vyroben\u00fd pro pou\u017eit\u00ed jednou rukou. Jeho vybaven\u00ed bylo kr\u00e1sn\u00e9 a velmi v\u00fdrazn\u00e9. Pot\u00e9, co se katana n\u011bjakou dobu pou\u017e\u00edvala, nastalo v Japonsku obdob\u00ed n\u00e1vratu ke starov\u011bk\u00fdm samuraj\u016fm z doby p\u0159ed 14. stolet\u00edm. Styl katany byl navr\u017een s klasick\u00fdm p\u0159\u00edslu\u0161enstv\u00edm Tachi, v\u00fdrazn\u00fdmi prvky Tsuba, fuchi a kashira a saaa, kter\u00e9 vytvo\u0159ily kr\u00e1snou podmno\u017einu katany. Cold Steel Tachi Katana je reprezentac\u00ed t\u011bchto jedine\u010dn\u00fdch a kr\u00e1sn\u00fdch me\u010d\u016f s kov\u00e1\u0159sky skl\u00e1danou dama\u0161kovou \u010depel\u00ed a kr\u00e1sn\u00fdm zlacen\u00fdm kov\u00e1n\u00edm.<\/p>\n<p>Materi\u00e1l \u010depele: Dama\u0161ek<br \/>\nMateri\u00e1l rukojeti: D\u0159evo, Mosadz, Ko\u017ea raje<br \/>\nMateri\u00e1l pouzdra: D\u0159evo<br \/>\nCelkov\u00e1 d\u00e9lka: 100.3 cm<br \/>\nHmotnost: 10.44 g<br \/>\nBarva: \u010cern\u00e1, \u010cerven\u00e1<\/p>\n","protected":false},"excerpt":{"rendered":"<p><strong>Tachi byl me\u010d samuraj\u016f p\u0159ed jeho nezbytn\u00fdm v\u00fdvojem v katanu po prvn\u00ed mongolsk\u00e9 invazi do Japonska.<\/strong><\/p>\n","protected":false},"featured_media":258699,"comment_status":"open","ping_status":"closed","template":"","meta":[],"pwb-brand":[211],"product_brand":[],"product_cat":[24,1942],"product_tag":[3667],"class_list":{"0":"post-258698","1":"product","2":"type-product","3":"status-publish","4":"has-post-thumbnail","6":"pwb-brand-cold-steel","7":"product_cat-katany-a-mece","8":"product_cat-mece-dyky-repliky","9":"product_tag-b2b","11":"first","12":"outofstock","13":"taxable","14":"shipping-taxable","15":"purchasable","16":"product-type-simple"},"brands":[{"id":211,"name":"Cold Steel","slug":"cold-steel"}],"_links":{"self":[{"href":"https:\/\/www.moskito.cz\/es\/wp-json\/wp\/v2\/product\/258698","targetHints":{"allow":["GET"]}}],"collection":[{"href":"https:\/\/www.moskito.cz\/es\/wp-json\/wp\/v2\/product"}],"about":[{"href":"https:\/\/www.moskito.cz\/es\/wp-json\/wp\/v2\/types\/product"}],"replies":[{"embeddable":true,"href":"https:\/\/www.moskito.cz\/es\/wp-json\/wp\/v2\/comments?post=258698"}],"wp:featuredmedia":[{"embeddable":true,"href":"https:\/\/www.moskito.cz\/es\/wp-json\/wp\/v2\/media\/258699"}],"wp:attachment":[{"href":"https:\/\/www.moskito.cz\/es\/wp-json\/wp\/v2\/media?parent=258698"}],"wp:term":[{"taxonomy":"pwb-brand","embeddable":true,"href":"https:\/\/www.moskito.cz\/es\/wp-json\/wp\/v2\/pwb-brand?post=258698"},{"taxonomy":"product_brand","embeddable":true,"href":"https:\/\/www.moskito.cz\/es\/wp-json\/wp\/v2\/product_brand?post=258698"},{"taxonomy":"product_cat","embeddable":true,"href":"https:\/\/www.moskito.cz\/es\/wp-json\/wp\/v2\/product_cat?post=258698"},{"taxonomy":"product_tag","embeddable":true,"href":"https:\/\/www.moskito.cz\/es\/wp-json\/wp\/v2\/product_tag?post=258698"}],"curies":[{"name":"wp","href":"https:\/\/api.w.org\/{rel}","templated":true}]}}