{"id":258710,"date":"2023-10-26T10:33:39","date_gmt":"2023-10-26T09:33:39","guid":{"rendered":"https:\/\/www.moskito.cz\/?post_type=product&#038;p=258710"},"modified":"2025-05-07T10:53:47","modified_gmt":"2025-05-07T09:53:47","slug":"cold-steel-foukacka-5-foot-625-two-piece-blowgun-b6255tz","status":"publish","type":"product","link":"https:\/\/www.moskito.cz\/es\/produkt\/cold-steel-foukacka-5-foot-625-two-piece-blowgun-b6255tz\/","title":{"rendered":"Cold Steel Fouka\u010dka 5 Foot .625 Two Piece Blowgun B6255TZ"},"content":{"rendered":"<p><strong>Cold Stee<\/strong>l Fouka\u010dka 5 Foot .625 Two Piece Blowgun B6255TZ<\/p>\n<p>Fouka\u010dka 5 Foot .625 Two Piece Blowgun od firmy Cold Steel, vhodn\u00e1 pro chv\u00edle z\u00e1bavy, tr\u00e9nink i lov. 1.52 m dlouh\u00e1 a 455 g t\u011b\u017ek\u00e1 fouka\u010dka, m\u00e1 hlave\u0148 vyrobenu z hlin\u00edku o s\u00edle 1,7 mm. Pry\u017eov\u00fd n\u00e1ustek je opat\u0159en chlopn\u00ed proti zp\u011btn\u00e9mu vdechnut\u00ed st\u0159ely. Dost\u0159el t\u00e9to fouka\u010dky byl okolo 60 m. \u00da\u010dinn\u00fd dost\u0159el, s jistotou z\u00e1sahu, je cca 30-40m. Fouka\u010dka 5 Foot .625 Blowgun se dod\u00e1v\u00e1 v balen\u00ed s pohotovostn\u00edm dr\u017e\u00e1kem \u0161ipek, 15 ks Bamboo Darts, 15 ks Mini Broadhead Darts, 6 Stun Darts<\/p>\n<p>Celkov\u00e1 velikost : 152.4 cm<br \/>\nMateri\u00e1l rukojeti: High Impact Aluminum<br \/>\nBarva :\u010cern\u00e1<br \/>\nOcel: High Impact Aluminum<br \/>\nHmotnost: 455 g<\/p>\n","protected":false},"excerpt":{"rendered":"<p><strong>Fouka\u010dka 5 Foot .625 Two Piece Blowgun od firmy Cold Steel, vhodn\u00e1 pro chv\u00edle z\u00e1bavy, tr\u00e9nink i lov.<\/strong><\/p>\n","protected":false},"featured_media":258711,"comment_status":"open","ping_status":"closed","template":"","meta":[],"pwb-brand":[211],"product_brand":[],"product_cat":[22,17],"product_tag":[3667],"class_list":{"0":"post-258710","1":"product","2":"type-product","3":"status-publish","4":"has-post-thumbnail","6":"pwb-brand-cold-steel","7":"product_cat-zaviraci-noze","8":"product_cat-noze","9":"product_tag-b2b","11":"first","12":"outofstock","13":"taxable","14":"shipping-taxable","15":"purchasable","16":"product-type-simple"},"brands":[{"id":211,"name":"Cold Steel","slug":"cold-steel"}],"_links":{"self":[{"href":"https:\/\/www.moskito.cz\/es\/wp-json\/wp\/v2\/product\/258710","targetHints":{"allow":["GET"]}}],"collection":[{"href":"https:\/\/www.moskito.cz\/es\/wp-json\/wp\/v2\/product"}],"about":[{"href":"https:\/\/www.moskito.cz\/es\/wp-json\/wp\/v2\/types\/product"}],"replies":[{"embeddable":true,"href":"https:\/\/www.moskito.cz\/es\/wp-json\/wp\/v2\/comments?post=258710"}],"wp:featuredmedia":[{"embeddable":true,"href":"https:\/\/www.moskito.cz\/es\/wp-json\/wp\/v2\/media\/258711"}],"wp:attachment":[{"href":"https:\/\/www.moskito.cz\/es\/wp-json\/wp\/v2\/media?parent=258710"}],"wp:term":[{"taxonomy":"pwb-brand","embeddable":true,"href":"https:\/\/www.moskito.cz\/es\/wp-json\/wp\/v2\/pwb-brand?post=258710"},{"taxonomy":"product_brand","embeddable":true,"href":"https:\/\/www.moskito.cz\/es\/wp-json\/wp\/v2\/product_brand?post=258710"},{"taxonomy":"product_cat","embeddable":true,"href":"https:\/\/www.moskito.cz\/es\/wp-json\/wp\/v2\/product_cat?post=258710"},{"taxonomy":"product_tag","embeddable":true,"href":"https:\/\/www.moskito.cz\/es\/wp-json\/wp\/v2\/product_tag?post=258710"}],"curies":[{"name":"wp","href":"https:\/\/api.w.org\/{rel}","templated":true}]}}