{"id":258791,"date":"2023-10-26T17:26:41","date_gmt":"2023-10-26T16:26:41","guid":{"rendered":"https:\/\/www.moskito.cz\/?post_type=product&#038;p=258791"},"modified":"2025-09-09T11:59:32","modified_gmt":"2025-09-09T10:59:32","slug":"zaviraci-nuz-kershaw-outlier-2064","status":"publish","type":"product","link":"https:\/\/www.moskito.cz\/es\/produkt\/zaviraci-nuz-kershaw-outlier-2064\/","title":{"rendered":"Zav\u00edrac\u00ed N\u016f\u017e Kershaw OUTLIER 2064"},"content":{"rendered":"<p>Zav\u00edrac\u00ed N\u016f\u017e <strong>Kershaw<\/strong> OUTLIER 2064<\/p>\n<p>Dodejte sv\u00e9mu n\u00e1kladu taktickou v\u00fdhodu karambitov\u00e9 \u010depele Kershaw. Ocelov\u00fd backspacer Outlier zahrnuje dr\u00e1\u017ekov\u00e1n\u00ed pro p\u0159izp\u016fsoben\u00ed r\u016fzn\u00fdm \u00fachyt\u016fm, s krou\u017ekem nebo bez n\u011bj. S Outlierem lze nap\u0159\u00edklad snadno dos\u00e1hnout obr\u00e1cen\u00e9ho \u00fachopu. Poutav\u00fd tvar \u010depele je nejen taktick\u00fd, ale je tak\u00e9 u\u017eite\u010dn\u00fd pro \u0159ez\u00e1n\u00ed krabic nebo lana. Pro ultra rychl\u00fd p\u0159\u00edstup lze ploutev nebo palcov\u00fd kol\u00edk pou\u017e\u00edt s asistovan\u00fdm otev\u00edrac\u00edm mechanismem Kershaw. Tento odoln\u00fd Kershaw m\u00e1 povrchovou \u00fapravu BlackWash\u2122 na \u010depeli a ocelov\u00e9m krou\u017eku. Rychl\u00fd a bezpe\u010dn\u00fd, Outlier je v\u0161e, co chcete v karambitu.<\/p>\n<p>\u010cepel ve stylu karambitu; ocelov\u00fd krou\u017eek se pou\u017e\u00edv\u00e1 pro r\u016fzn\u00e9 \u00fachopy<br \/>\nOcel \u010depele 8Cr13MoV nab\u00edz\u00ed dobrou odolnost proti korozi, vysokou pevnost; Povrchov\u00e1 \u00faprava BlackWash\u2122 pom\u00e1h\u00e1 skr\u00fdt \u0161kr\u00e1bance od pou\u017e\u00edv\u00e1n\u00ed<br \/>\nOtev\u00edr\u00e1 se rychle a snadno pomoc\u00ed asistovan\u00e9ho otev\u00edr\u00e1n\u00ed; obsahuje vestav\u011bnou ploutev a palec<br \/>\nKapesn\u00ed spona pro hlubok\u00e9 no\u0161en\u00ed je snadno oboustrann\u00e1 pro no\u0161en\u00ed vlevo\/vpravo<\/p>\n<p>Popis:<br \/>\nTyp Assisted, Folder<br \/>\nStyl Karambit<br \/>\nDesigner Kershaw Originals<br \/>\nStyl \u010depele Hawkbill<br \/>\nAsistovan\u00e1 akce p\u0159i otev\u00edr\u00e1n\u00ed<br \/>\nOtev\u00edr\u00e1 se ploutvem, cvo\u010dkem na palec<br \/>\nZ\u00e1mek Typ Linerov\u00fd z\u00e1mek<br \/>\nKapesn\u00ed spona Oboustrann\u00e9 hlubok\u00e9 no\u0161en\u00ed (prav\u00e1\/lev\u00e1, skl\u00e1p\u011bc\u00ed)<br \/>\nBarva rukojeti \u0161ed\u00e1<br \/>\nHardware \u010cern\u00e1 ocelov\u00e1 oto\u010dn\u00e1 matice, BlackWash\u2122 kapesn\u00ed klip, BlackWash\u2122 backspacer, \u010dern\u00e9 ocelov\u00e9 \u0161rouby,<br \/>\nZem\u011b p\u016fvodu USA: Design, Prototyp, Kontrola kvality.<br \/>\nZ\u00e1ruka Omezen\u00e1 do\u017eivotn\u00ed z\u00e1ruka<\/p>\n<p>Materi\u00e1l \u010depele: 8cr13mov<br \/>\nMateri\u00e1l rukojeti: GFN<br \/>\nPojistka: Linerlock<br \/>\nD\u00e9lka \u010depele: 6.6 cm<br \/>\nCelkov\u00e1 d\u00e9lka: 17.8 cm<br \/>\nD\u00e9lka slo\u017een\u00e9ho no\u017ee: 12.7 cm<br \/>\nHmotnost: 102 g<br \/>\nTyp \u010depele: Hawkbill<br \/>\nVyu\u017eit\u00ed: Taktick\u00fd, EDC &#8211; ka\u017edodenn\u00ed no\u0161en\u00ed<\/p>\n<p>&nbsp;<\/p>\n<p><iframe title=\"Kershaw Outlier - Model 2064\" width=\"800\" height=\"450\" src=\"https:\/\/www.youtube.com\/embed\/hQmSicuJbcs?feature=oembed\" frameborder=\"0\" allow=\"accelerometer; autoplay; clipboard-write; encrypted-media; gyroscope; picture-in-picture; web-share\" allowfullscreen><\/iframe><\/p>\n<p>&nbsp;<\/p>\n","protected":false},"excerpt":{"rendered":"<p><strong>Dodejte sv\u00e9mu n\u00e1kladu taktickou v\u00fdhodu karambitov\u00e9 \u010depele Kershaw.<\/strong><\/p>\n","protected":false},"featured_media":258792,"comment_status":"open","ping_status":"closed","template":"","meta":[],"pwb-brand":[385],"product_brand":[],"product_cat":[22,17],"product_tag":[],"class_list":{"0":"post-258791","1":"product","2":"type-product","3":"status-publish","4":"has-post-thumbnail","6":"pwb-brand-kershaw","7":"product_cat-zaviraci-noze","8":"product_cat-noze","10":"first","11":"outofstock","12":"taxable","13":"shipping-taxable","14":"purchasable","15":"product-type-simple"},"brands":[{"id":385,"name":"Kershaw","slug":"kershaw"}],"_links":{"self":[{"href":"https:\/\/www.moskito.cz\/es\/wp-json\/wp\/v2\/product\/258791","targetHints":{"allow":["GET"]}}],"collection":[{"href":"https:\/\/www.moskito.cz\/es\/wp-json\/wp\/v2\/product"}],"about":[{"href":"https:\/\/www.moskito.cz\/es\/wp-json\/wp\/v2\/types\/product"}],"replies":[{"embeddable":true,"href":"https:\/\/www.moskito.cz\/es\/wp-json\/wp\/v2\/comments?post=258791"}],"wp:featuredmedia":[{"embeddable":true,"href":"https:\/\/www.moskito.cz\/es\/wp-json\/wp\/v2\/media\/258792"}],"wp:attachment":[{"href":"https:\/\/www.moskito.cz\/es\/wp-json\/wp\/v2\/media?parent=258791"}],"wp:term":[{"taxonomy":"pwb-brand","embeddable":true,"href":"https:\/\/www.moskito.cz\/es\/wp-json\/wp\/v2\/pwb-brand?post=258791"},{"taxonomy":"product_brand","embeddable":true,"href":"https:\/\/www.moskito.cz\/es\/wp-json\/wp\/v2\/product_brand?post=258791"},{"taxonomy":"product_cat","embeddable":true,"href":"https:\/\/www.moskito.cz\/es\/wp-json\/wp\/v2\/product_cat?post=258791"},{"taxonomy":"product_tag","embeddable":true,"href":"https:\/\/www.moskito.cz\/es\/wp-json\/wp\/v2\/product_tag?post=258791"}],"curies":[{"name":"wp","href":"https:\/\/api.w.org\/{rel}","templated":true}]}}