{"id":258826,"date":"2023-10-26T19:14:21","date_gmt":"2023-10-26T18:14:21","guid":{"rendered":"https:\/\/www.moskito.cz\/?post_type=product&#038;p=258826"},"modified":"2025-05-07T10:53:52","modified_gmt":"2025-05-07T09:53:52","slug":"zaviraci-nuz-kershaw-kapsule-1190","status":"publish","type":"product","link":"https:\/\/www.moskito.cz\/es\/produkt\/zaviraci-nuz-kershaw-kapsule-1190\/","title":{"rendered":"Zav\u00edrac\u00ed N\u016f\u017e Kershaw KAPSULE 1190"},"content":{"rendered":"<p>Zav\u00edrac\u00ed N\u016f\u017e <strong>Kershaw<\/strong> KAPSULE 1190<\/p>\n<p><strong>Kapsule<\/strong> se snadno \u0159e\u017ee, snadno se p\u0159en\u00e1\u0161\u00ed. Tento jedine\u010dn\u00fd <strong>Kershaw<\/strong> navr\u017een\u00fd Jensem Ans\u00f8em se otev\u00edr\u00e1 pomoc\u00ed ru\u010dn\u00edho posuvn\u00e9ho mechanismu z p\u0159edn\u00ed strany, kter\u00fd zaji\u0161\u0165uje \u010depel pomoc\u00ed tla\u010d\u00edtka. Jeho jednob\u0159it\u00e1 \u010depel s hrotem o\u0161t\u011bpu je bezpe\u010dn\u00e1 a snadno se pou\u017e\u00edv\u00e1, co\u017e z n\u00ed d\u011bl\u00e1 vynikaj\u00edc\u00ed \u0159eza\u010dku krabic. Navzdory sv\u00e9 u\u017eite\u010dnosti <strong>Kapsule<\/strong> na prvn\u00ed pohled nevypad\u00e1 jako n\u016f\u017e, perfektn\u00ed neohro\u017euj\u00edc\u00ed no\u0161en\u00ed. Posuvn\u00edk je zv\u00fdrazn\u011bn modr\u00fdm eloxov\u00e1n\u00edm a nylonov\u00e1 rukoje\u0165 pln\u011bn\u00e1 sklem se vyzna\u010duje jedine\u010dnou texturou. Tento jednoduch\u00fd, ale \u00fa\u010dinn\u00fd <strong>Kershaw<\/strong> poskytuje u\u017eite\u010dn\u00e9 funkce v pohodln\u00e9m, kompaktn\u00edm balen\u00ed.<\/p>\n<p>Manu\u00e1ln\u00ed otev\u00edr\u00e1n\u00ed zep\u0159edu s posuvn\u00fdm mechanismem; z\u00e1mek tla\u010d\u00edtka<br \/>\n\u010cepel 8Cr13MoV m\u00e1 ostrou hranu a v p\u0159\u00edpad\u011b pot\u0159eby ji lze snadno p\u0159ebrousit; Stonewashed povrch pom\u00e1h\u00e1 skr\u00fdt \u0161kr\u00e1bance od pou\u017e\u00edv\u00e1n\u00ed<br \/>\nPoutav\u00fd, a p\u0159esto praktick\u00fd design Jens Ans\u00f8<br \/>\nJedine\u010dn\u00e1 textura na nylonov\u00e9 rukojeti pln\u011bn\u00e9 sklem; mod\u0159e eloxovan\u00fd \u010dep<br \/>\nJednopolohov\u00e1, hlubok\u00e1 kapesn\u00ed spona umo\u017e\u0148uje jemn\u00e9 a pohodln\u00e9 no\u0161en\u00ed v kapse.<\/p>\n<p>Pou\u017e\u00edvejte ka\u017ed\u00fd den<br \/>\nTyp Manu\u00e1l<br \/>\nStylov\u00fd kapesn\u00ed n\u016f\u017e<br \/>\nN\u00e1vrh\u00e1\u0159 Jens Ans\u00f8<br \/>\nStyl \u010depele Spear Point, jednoduch\u00e1 hrana<br \/>\nBlade Edge Plain<br \/>\nOtev\u0159en\u00ed ak\u010dn\u00edho manu\u00e1lu<br \/>\nOtev\u00edr\u00e1 se posuvn\u00fdm tla\u010d\u00edtkem<br \/>\nTyp z\u00e1mku Z\u00e1mek posuvn\u00e9ho tla\u010d\u00edtka<br \/>\nKapesn\u00ed spona Jednopolohov\u00e9 hlubok\u00e9 no\u0161en\u00ed (vpravo, se \u0161pi\u010dkou dol\u016f)<br \/>\nBarva rukojeti \u010cern\u00e1<br \/>\nHardware Ocelov\u00e9 \u0161rouby<br \/>\nZem\u011b p\u016fvodu USA: Design, Prototyp, Kontrola kvality. \u010c\u00edna: V\u00fdroba<br \/>\nZ\u00e1ruka Omezen\u00e1 do\u017eivotn\u00ed z\u00e1ruka<\/p>\n<p>D\u00e9lka \u010depele: 4,8 cm<br \/>\nMateri\u00e1l \u010depele 8Cr13MoV<br \/>\nPovrchov\u00e1 \u00faprava \u010depele\/potah Povrchov\u00e1 \u00faprava Stonewash<br \/>\nTlou\u0161\u0165ka \u010depele:\u00a0 0.75 cm<br \/>\nD\u00e9lka v zav\u0159en\u00e9m stavu : 8,3 cm<br \/>\nMateri\u00e1l rukojeti Nylon pln\u011bn\u00fd sklem<br \/>\nTlou\u0161\u0165ka rukojeti: 1.07 cm<br \/>\nCelkov\u00e1 d\u00e9lka: 12,7 cm<br \/>\nHmotnost: 57 g<\/p>\n<p>&nbsp;<\/p>\n<p>&nbsp;<\/p>\n<p>&nbsp;<\/p>\n<p>&nbsp;<\/p>\n<p><iframe title=\"Kershaw Kapsule - Model 1190\" width=\"800\" height=\"450\" src=\"https:\/\/www.youtube.com\/embed\/HuWJpbfDDOQ?feature=oembed\" frameborder=\"0\" allow=\"accelerometer; autoplay; clipboard-write; encrypted-media; gyroscope; picture-in-picture; web-share\" allowfullscreen><\/iframe><\/p>\n<p>&nbsp;<\/p>\n","protected":false},"excerpt":{"rendered":"<p><strong>Kapsule se snadno \u0159e\u017ee a snadno se p\u0159en\u00e1\u0161\u00ed.<\/strong><\/p>\n","protected":false},"featured_media":258827,"comment_status":"open","ping_status":"closed","template":"","meta":[],"pwb-brand":[385],"product_brand":[],"product_cat":[22,17],"product_tag":[],"class_list":{"0":"post-258826","1":"product","2":"type-product","3":"status-publish","4":"has-post-thumbnail","6":"pwb-brand-kershaw","7":"product_cat-zaviraci-noze","8":"product_cat-noze","10":"first","11":"instock","12":"taxable","13":"shipping-taxable","14":"purchasable","15":"product-type-simple"},"brands":[{"id":385,"name":"Kershaw","slug":"kershaw"}],"_links":{"self":[{"href":"https:\/\/www.moskito.cz\/es\/wp-json\/wp\/v2\/product\/258826","targetHints":{"allow":["GET"]}}],"collection":[{"href":"https:\/\/www.moskito.cz\/es\/wp-json\/wp\/v2\/product"}],"about":[{"href":"https:\/\/www.moskito.cz\/es\/wp-json\/wp\/v2\/types\/product"}],"replies":[{"embeddable":true,"href":"https:\/\/www.moskito.cz\/es\/wp-json\/wp\/v2\/comments?post=258826"}],"wp:featuredmedia":[{"embeddable":true,"href":"https:\/\/www.moskito.cz\/es\/wp-json\/wp\/v2\/media\/258827"}],"wp:attachment":[{"href":"https:\/\/www.moskito.cz\/es\/wp-json\/wp\/v2\/media?parent=258826"}],"wp:term":[{"taxonomy":"pwb-brand","embeddable":true,"href":"https:\/\/www.moskito.cz\/es\/wp-json\/wp\/v2\/pwb-brand?post=258826"},{"taxonomy":"product_brand","embeddable":true,"href":"https:\/\/www.moskito.cz\/es\/wp-json\/wp\/v2\/product_brand?post=258826"},{"taxonomy":"product_cat","embeddable":true,"href":"https:\/\/www.moskito.cz\/es\/wp-json\/wp\/v2\/product_cat?post=258826"},{"taxonomy":"product_tag","embeddable":true,"href":"https:\/\/www.moskito.cz\/es\/wp-json\/wp\/v2\/product_tag?post=258826"}],"curies":[{"name":"wp","href":"https:\/\/api.w.org\/{rel}","templated":true}]}}