{"id":259193,"date":"2023-11-04T19:23:16","date_gmt":"2023-11-04T18:23:16","guid":{"rendered":"https:\/\/www.moskito.cz\/?post_type=product&#038;p=259193"},"modified":"2025-06-28T12:01:20","modified_gmt":"2025-06-28T11:01:20","slug":"vystrelovaci-nuz-kershaw-launch-8-7150tealblk","status":"publish","type":"product","link":"https:\/\/www.moskito.cz\/es\/produkt\/vystrelovaci-nuz-kershaw-launch-8-7150tealblk\/","title":{"rendered":"Vyst\u0159elovac\u00ed N\u016f\u017e Kershaw Launch 8 7150TEALBLK"},"content":{"rendered":"<p>Vyst\u0159elovac\u00ed N\u016f\u017e <strong>Kershaw<\/strong> Launch 8 7150TEALBLK<\/p>\n<p><strong>Kershaw<\/strong>\u00a0Launch 8, inspirovan\u00fd vzhledem klasick\u00fdch italsk\u00fdch jehlov\u00fdch no\u017e\u016f, modernizuje tento tradi\u010dn\u00ed design pro novou generaci nad\u0161enc\u016f.<\/p>\n<p><strong>Launch 8<\/strong>\u00a0se vyzna\u010duje elegantn\u00edmi, symetrick\u00fdmi liniemi stiletto v tla\u010d\u00edtkov\u00e9m no\u017ei, kter\u00fd je lehk\u00fd \u2013 pouze 2,4 unce \u2013 a snadno se p\u0159en\u00e1\u0161\u00ed. \u010cepel je CPM-154 s povrchovou \u00fapravou Stonewashed. Tato pr\u00e1\u0161kov\u00e1 metalurgick\u00e1 ocel m\u00e1 rovnom\u011brn\u011bj\u0161\u00ed rozlo\u017een\u00ed karbid\u016f, tak\u017ee zab\u00edr\u00e1 a dr\u017e\u00ed vynikaj\u00edc\u00ed ost\u0159\u00ed. Nab\u00edz\u00ed tak\u00e9 dobrou odolnost proti korozi, odolnost proti opot\u0159eben\u00ed a hou\u017eevnatost. Tenk\u00e1 \u010depel je na jedn\u00e9 stran\u011b nabrou\u0161en\u00e1 a m\u00e1 hlubok\u00e9 horn\u00ed brou\u0161en\u00ed, kter\u00e9 odleh\u010d\u00ed v\u00e1hu a p\u0159id\u00e1 styl jehlov\u00e9ho stylu.<\/p>\n<p>Rukoje\u0165 je ze surov\u00e9ho hlin\u00edku s pohlednou vlo\u017ekou z uhl\u00edkov\u00fdch vl\u00e1ken. Pro zachov\u00e1n\u00ed symetrick\u00e9ho vzhledu Launch 8 je \u010dep zapu\u0161t\u011bn hluboko v rukojeti a zakryt\u00fd vlo\u017ekou. Integrovan\u00e9 chr\u00e1ni\u010de prst\u016f na horn\u00ed i spodn\u00ed stran\u011b rukojeti chr\u00e1n\u00ed prsty p\u0159ed nebezpe\u010d\u00edm.\u00a0<strong>Launch 8<\/strong>\u00a0m\u00e1 tak\u00e9 oboustrann\u00fd kapesn\u00ed klip (prav\u00fd\/lev\u00fd, sklopn\u00fd) pro pohodln\u00e9 p\u0159en\u00e1\u0161en\u00ed.<\/p>\n<p>Z\u00e1mek tla\u010d\u00edtka \u2013 Nach\u00e1z\u00ed se na skl\u00e1dac\u00ed pile\u00a0<strong>Kershaw<\/strong>, b\u011bhem pou\u017e\u00edv\u00e1n\u00ed uzamkne \u010depel v otev\u0159en\u00e9 poloze a pot\u00e9 se uvoln\u00ed stisknut\u00edm tla\u010d\u00edtka pro ulo\u017een\u00ed.<br \/>\nOboustrann\u00e9 \u2013 P\u0159edvrtan\u00e9 otvory v rukojeti umo\u017e\u0148uj\u00ed u\u017eivateli zm\u011bnit polohu hrotu nebo stranu, na kter\u00e9 n\u016f\u017e nese.<br \/>\nVyrobeno v USA \u2013 Kdy\u017e to vid\u00edte na jednom z no\u017e\u016f Kershaw, znamen\u00e1 to, \u017ee n\u016f\u017e byl vyroben v jejich v\u00fdrobn\u00edm z\u00e1vod\u011b v Tualatinu v Oregonu zku\u0161en\u00fdmi no\u017e\u00ed\u0159i\u00a0<strong>Kershaw<\/strong>.<\/p>\n<p>Specifikace<br \/>\nD\u00e9lka \u010depele: 9 cm<br \/>\nD\u00e9lka v zav\u0159en\u00e9m stavu: 12,2 cm<br \/>\nCelkov\u00e1 d\u00e9lka: 21 cm<br \/>\nOtev\u0159en\u00ed tla\u010d\u00edtkem<br \/>\nUvoln\u011bn\u00ed z\u00e1mku tla\u010d\u00edtkem<br \/>\nOboustrann\u00fd kapesn\u00ed klip (prav\u00fd\/lev\u00fd klopn\u00fd)<br \/>\nOcel: CPM-154, \u010dern\u00e1 povrchov\u00e1 \u00faprava<br \/>\nRukoje\u0165: hlin\u00edk 6061-T6, \u0161edozelen\u00fd elox, vlo\u017eky z uhl\u00edkov\u00fdch vl\u00e1ken<br \/>\nHmotnost: 2,4 oz. (69 g)<br \/>\nVyrobeno v USA<\/p>\n","protected":false},"excerpt":{"rendered":"<p><strong>Kershaw Launch 8, inspirovan\u00fd vzhledem klasick\u00fdch italsk\u00fdch jehlov\u00fdch no\u017e\u016f, modernizuje tento tradi\u010dn\u00ed design pro novou generaci nad\u0161enc\u016f.<\/strong><\/p>\n<p><strong>Doprava zdarma.<\/strong><\/p>\n","protected":false},"featured_media":259194,"comment_status":"open","ping_status":"closed","template":"","meta":[],"pwb-brand":[385],"product_brand":[],"product_cat":[2019,17],"product_tag":[],"class_list":{"0":"post-259193","1":"product","2":"type-product","3":"status-publish","4":"has-post-thumbnail","6":"pwb-brand-kershaw","7":"product_cat-vystrelovaci-noze","8":"product_cat-noze","10":"first","11":"instock","12":"taxable","13":"shipping-taxable","14":"purchasable","15":"product-type-simple"},"brands":[{"id":385,"name":"Kershaw","slug":"kershaw"}],"_links":{"self":[{"href":"https:\/\/www.moskito.cz\/es\/wp-json\/wp\/v2\/product\/259193","targetHints":{"allow":["GET"]}}],"collection":[{"href":"https:\/\/www.moskito.cz\/es\/wp-json\/wp\/v2\/product"}],"about":[{"href":"https:\/\/www.moskito.cz\/es\/wp-json\/wp\/v2\/types\/product"}],"replies":[{"embeddable":true,"href":"https:\/\/www.moskito.cz\/es\/wp-json\/wp\/v2\/comments?post=259193"}],"wp:featuredmedia":[{"embeddable":true,"href":"https:\/\/www.moskito.cz\/es\/wp-json\/wp\/v2\/media\/259194"}],"wp:attachment":[{"href":"https:\/\/www.moskito.cz\/es\/wp-json\/wp\/v2\/media?parent=259193"}],"wp:term":[{"taxonomy":"pwb-brand","embeddable":true,"href":"https:\/\/www.moskito.cz\/es\/wp-json\/wp\/v2\/pwb-brand?post=259193"},{"taxonomy":"product_brand","embeddable":true,"href":"https:\/\/www.moskito.cz\/es\/wp-json\/wp\/v2\/product_brand?post=259193"},{"taxonomy":"product_cat","embeddable":true,"href":"https:\/\/www.moskito.cz\/es\/wp-json\/wp\/v2\/product_cat?post=259193"},{"taxonomy":"product_tag","embeddable":true,"href":"https:\/\/www.moskito.cz\/es\/wp-json\/wp\/v2\/product_tag?post=259193"}],"curies":[{"name":"wp","href":"https:\/\/api.w.org\/{rel}","templated":true}]}}