{"id":259276,"date":"2023-11-05T16:51:12","date_gmt":"2023-11-05T15:51:12","guid":{"rendered":"https:\/\/www.moskito.cz\/?post_type=product&#038;p=259276"},"modified":"2026-01-21T13:53:31","modified_gmt":"2026-01-21T12:53:31","slug":"vystrelovaci-nuz-kershaw-9000-livewire-stonewashed-9000gry","status":"publish","type":"product","link":"https:\/\/www.moskito.cz\/es\/produkt\/vystrelovaci-nuz-kershaw-9000-livewire-stonewashed-9000gry\/","title":{"rendered":"Vyst\u0159elovac\u00ed N\u016f\u017e Kershaw 9000 Livewire Stonewashed 9000GRY"},"content":{"rendered":"<p>Vyst\u0159elovac\u00ed N\u016f\u017e <strong>Kershaw<\/strong> 9000 Livewire Stonewashed 9000GRY<\/p>\n<p>M\u00e1lokter\u00fd n\u016f\u017e sklid\u00ed tolik vzru\u0161en\u00ed jako vyst\u0159elovac\u00ed n\u016f\u017e. Po v\u00fdznamn\u00e9m v\u00fdzkumu, pe\u010dliv\u00e9m v\u00fdvoji a p\u0159\u00edsn\u00e9m testov\u00e1n\u00ed dod\u00e1vaj\u00ed vlastn\u00ed n\u00e1vrh\u00e1\u0159i a vlastn\u00ed no\u017e\u00ed\u0159 Matt Diskin prvn\u00ed auto OTF od Kershaw: Livewire. Pr\u00e9miov\u00e1 \u010depel CPM-MagnaCut se otev\u00edr\u00e1 a zatahuje s autoritou. Rukoje\u0165 z \u010dern\u00e9ho eloxovan\u00e9ho hlin\u00edku m\u00e1 texturu pro bezpe\u010dn\u00e9 uchopen\u00ed. A jeho zak\u0159iven\u00e9 tla\u010d\u00edtko podobn\u00e9 schodi\u0161ti je pohodln\u00e9 na palci pro spolehliv\u00e9 nasazen\u00ed. Nav\u00edc je tento n\u016f\u017e radost nosit d\u00edky jeho n\u00edzk\u00e9 hmotnosti a oboustrann\u00e9 spon\u011b pro hlubok\u00e9 no\u0161en\u00ed. Fanou\u0161ci o to \u017e\u00e1dali a Livewire stoj\u00ed za to \u010dekat.<\/p>\n<p>P\u0159edn\u00ed automat vyroben\u00fd v USA; Kershaw Original a design Matt Diskin<br \/>\nOcel CPM-MagnaCut poskytuje vynikaj\u00edc\u00ed tvrdost \u010depele, odolnost proti korozi, hou\u017eevnatost, odolnost proti opot\u0159eben\u00ed, zachov\u00e1n\u00ed horn\u00ed hrany<br \/>\nStonewashed povrch pom\u00e1h\u00e1 skr\u00fdt \u0161kr\u00e1bance od pou\u017e\u00edv\u00e1n\u00ed<br \/>\n\u010cern\u011b eloxovan\u00e1 hlin\u00edkov\u00e1 rukoje\u0165, n\u00edzk\u00e1 pevnost; texturov\u00e1n\u00ed zlep\u0161uje p\u0159ilnavost<br \/>\nSpona na hlubokou kapsu je snadno oboustrann\u00e1 pro no\u0161en\u00ed vlevo\/vpravo<\/p>\n<p>Specifikace<br \/>\nD\u00e9lka \u010depele: 8.4 cm<br \/>\nD\u00e9lka v zav\u0159en\u00e9m stavu: 12.2 cm<br \/>\nCelkov\u00e1 d\u00e9lka: 20.6 cm<br \/>\nMateri\u00e1l \u010depele: CPM-MagnaCut Nerezov\u00e1 ocel<br \/>\nTlou\u0161\u0165ka \u010depele: 0.32 cm<br \/>\nStyl \u010depele: Spear Point<br \/>\nPovrchov\u00e1 \u00faprava \u010depele: Stonewash<br \/>\nMateri\u00e1l rukojeti: \u0160ed\u00fd eloxovan\u00fd hlin\u00edk 6061-T6<br \/>\nTlou\u0161\u0165ka rukojeti: 0,48&#8243; (12,2 mm)<br \/>\nUzamykac\u00ed mechanismus: Posuvn\u00fd<br \/>\nKapesn\u00ed spona: Hlubok\u00e9 no\u0161en\u00ed (nakl\u00e1p\u011bc\u00ed, prav\u00e9\/lev\u00e9 no\u0161en\u00ed)<br \/>\nHmotnost: 85 g<br \/>\nDesign\u00e9r: Matt Diskin<br \/>\nVyrobeno v USA<\/p>\n<p>&nbsp;<\/p>\n","protected":false},"excerpt":{"rendered":"<p><strong>M\u00e1lokter\u00fd n\u016f\u017e sklid\u00ed tolik vzru\u0161en\u00ed jako vyst\u0159elovac\u00ed n\u016f\u017e.<\/strong><\/p>\n<p><strong>Doprava zdarma.<\/strong><\/p>\n","protected":false},"featured_media":259277,"comment_status":"open","ping_status":"closed","template":"","meta":[],"pwb-brand":[385],"product_brand":[],"product_cat":[2019,17],"product_tag":[],"class_list":{"0":"post-259276","1":"product","2":"type-product","3":"status-publish","4":"has-post-thumbnail","6":"pwb-brand-kershaw","7":"product_cat-vystrelovaci-noze","8":"product_cat-noze","10":"first","11":"outofstock","12":"taxable","13":"shipping-taxable","14":"purchasable","15":"product-type-simple"},"brands":[{"id":385,"name":"Kershaw","slug":"kershaw"}],"_links":{"self":[{"href":"https:\/\/www.moskito.cz\/es\/wp-json\/wp\/v2\/product\/259276","targetHints":{"allow":["GET"]}}],"collection":[{"href":"https:\/\/www.moskito.cz\/es\/wp-json\/wp\/v2\/product"}],"about":[{"href":"https:\/\/www.moskito.cz\/es\/wp-json\/wp\/v2\/types\/product"}],"replies":[{"embeddable":true,"href":"https:\/\/www.moskito.cz\/es\/wp-json\/wp\/v2\/comments?post=259276"}],"wp:featuredmedia":[{"embeddable":true,"href":"https:\/\/www.moskito.cz\/es\/wp-json\/wp\/v2\/media\/259277"}],"wp:attachment":[{"href":"https:\/\/www.moskito.cz\/es\/wp-json\/wp\/v2\/media?parent=259276"}],"wp:term":[{"taxonomy":"pwb-brand","embeddable":true,"href":"https:\/\/www.moskito.cz\/es\/wp-json\/wp\/v2\/pwb-brand?post=259276"},{"taxonomy":"product_brand","embeddable":true,"href":"https:\/\/www.moskito.cz\/es\/wp-json\/wp\/v2\/product_brand?post=259276"},{"taxonomy":"product_cat","embeddable":true,"href":"https:\/\/www.moskito.cz\/es\/wp-json\/wp\/v2\/product_cat?post=259276"},{"taxonomy":"product_tag","embeddable":true,"href":"https:\/\/www.moskito.cz\/es\/wp-json\/wp\/v2\/product_tag?post=259276"}],"curies":[{"name":"wp","href":"https:\/\/api.w.org\/{rel}","templated":true}]}}