{"id":259487,"date":"2023-11-09T19:35:43","date_gmt":"2023-11-09T18:35:43","guid":{"rendered":"https:\/\/www.moskito.cz\/?post_type=product&#038;p=259487"},"modified":"2025-05-07T10:54:04","modified_gmt":"2025-05-07T09:54:04","slug":"vystrelovaci-nuz-kershaw-launch-6-7800gryblk","status":"publish","type":"product","link":"https:\/\/www.moskito.cz\/es\/produkt\/vystrelovaci-nuz-kershaw-launch-6-7800gryblk\/","title":{"rendered":"Vyst\u0159elovac\u00ed N\u016f\u017e Kershaw Launch 6 7800GRYBLK"},"content":{"rendered":"<p>Vyst\u0159elovac\u00ed N\u016f\u017e <strong>Kershaw<\/strong> Launch 6 7800GRYBLK<\/p>\n<p>Z\u00edskejte temn\u00fd taktick\u00fd vzhled s automatick\u00fdm no\u017eem Launch 6 od <strong>Kershaw<\/strong>.<\/p>\n<p>Tento tenk\u00fd \u2013 a v\u017edy tak trochu zlomysln\u011b vypadaj\u00edc\u00ed \u2013 n\u016f\u017e je vyroben z prvot\u0159\u00eddn\u00ed oceli CPM-154. Tato pr\u00e1\u0161kov\u00e1 metalurgick\u00e1 ocel nab\u00edz\u00ed rovnom\u011brn\u011bj\u0161\u00ed rozlo\u017een\u00ed karbid\u016f, tak\u017ee zab\u00edr\u00e1 a dr\u017e\u00ed vynikaj\u00edc\u00ed ost\u0159\u00ed. Poskytuje tak\u00e9 dobrou odolnost proti korozi, odolnost proti opot\u0159eben\u00ed a hou\u017eevnatost. \u010cern\u00e1 DLC vrstva dod\u00e1v\u00e1 nereflexn\u00ed vlastnosti a zvy\u0161uje v\u00fdkon.<\/p>\n<p>Odoln\u00e9 rukojeti z eloxovan\u00e9ho hlin\u00edku sni\u017euj\u00ed hmotnost Launch 6 a <strong>Kershaw<\/strong> je opracov\u00e1v\u00e1 tak, aby poskytovaly bezpe\u010dn\u00e9 uchopen\u00ed. Tento automatick\u00fd n\u016f\u017e se otev\u00edr\u00e1 zapu\u0161t\u011bn\u00fdm tla\u010d\u00edtkem. <strong>Kershaw<\/strong> zarovnal tla\u010d\u00edtko s plochou rukojeti jako bezpe\u010dnostn\u00ed prvek, kter\u00fd zt\u011b\u017euje n\u00e1hodn\u00e9 nasazen\u00ed no\u017e\u016f. Lev\u00e1ci mohou m\u00edsto palce stisknout tla\u010d\u00edtko pro uvoln\u011bn\u00ed\/uzamyk\u00e1n\u00ed \u010depele pomoc\u00ed ukazov\u00e1\u010dku. Launch 6 m\u00e1 tak\u00e9 oboustrann\u00fd kapesn\u00ed klip a p\u0159edvrtan\u00fd otvor pro uchycen\u00ed \u0161\u0148\u016frky.<\/p>\n<p>Vyrobeno v USA \u2013 Kdy\u017e to vid\u00edte na jednom z no\u017e\u016f <strong>Kershaw<\/strong>, znamen\u00e1 to, \u017ee n\u016f\u017e byl vyroben ve v\u00fdrobn\u00edm z\u00e1vod\u011b Kershaw&#8217;s Tualatin v Oregonu zku\u0161en\u00fdmi no\u017e\u00ed\u0159i Kershaw.<br \/>\nOboustrann\u00e9 &#8211; P\u0159edvrtan\u00e9 otvory v rukojeti umo\u017e\u0148uj\u00ed u\u017eivateli zm\u011bnit polohu hrotu nebo stranu, na kter\u00e9 n\u016f\u017e nese.<br \/>\nSpecifikace<br \/>\nD\u00e9lka \u010depele: 9 cm<br \/>\nD\u00e9lka v zav\u0159en\u00e9m stavu: 12,4 cm<br \/>\nCelkov\u00e1 d\u00e9lka: 22 cm<br \/>\nMateri\u00e1l \u010depele: CPM-154 Nerezov\u00e1 ocel<br \/>\nStyl \u010depele: Drop Point<br \/>\nPovrchov\u00e1 \u00faprava \u010depele: Black DLC<br \/>\nMateri\u00e1l rukojeti: \u0161ed\u00fd eloxovan\u00fd hlin\u00edk<br \/>\nUzamykac\u00ed mechanismus: Tla\u010d\u00edtko<br \/>\nKapesn\u00ed spona: Vykl\u00e1p\u011bc\u00ed, prav\u00e9\/lev\u00e9 no\u0161en\u00ed<br \/>\nHmotnost: 107,7 g<br \/>\nVyrobeno v USA<\/p>\n","protected":false},"excerpt":{"rendered":"<p><strong>Z\u00edskejte temn\u00fd taktick\u00fd vzhled s automatick\u00fdm no\u017eem Launch 6 od Kershaw.<\/strong><\/p>\n<p><strong>Doprava zdarma.<\/strong><\/p>\n","protected":false},"featured_media":259488,"comment_status":"open","ping_status":"closed","template":"","meta":[],"pwb-brand":[385],"product_brand":[],"product_cat":[2019,17],"product_tag":[],"class_list":{"0":"post-259487","1":"product","2":"type-product","3":"status-publish","4":"has-post-thumbnail","6":"pwb-brand-kershaw","7":"product_cat-vystrelovaci-noze","8":"product_cat-noze","10":"first","11":"outofstock","12":"taxable","13":"shipping-taxable","14":"purchasable","15":"product-type-simple"},"brands":[{"id":385,"name":"Kershaw","slug":"kershaw"}],"_links":{"self":[{"href":"https:\/\/www.moskito.cz\/es\/wp-json\/wp\/v2\/product\/259487","targetHints":{"allow":["GET"]}}],"collection":[{"href":"https:\/\/www.moskito.cz\/es\/wp-json\/wp\/v2\/product"}],"about":[{"href":"https:\/\/www.moskito.cz\/es\/wp-json\/wp\/v2\/types\/product"}],"replies":[{"embeddable":true,"href":"https:\/\/www.moskito.cz\/es\/wp-json\/wp\/v2\/comments?post=259487"}],"wp:featuredmedia":[{"embeddable":true,"href":"https:\/\/www.moskito.cz\/es\/wp-json\/wp\/v2\/media\/259488"}],"wp:attachment":[{"href":"https:\/\/www.moskito.cz\/es\/wp-json\/wp\/v2\/media?parent=259487"}],"wp:term":[{"taxonomy":"pwb-brand","embeddable":true,"href":"https:\/\/www.moskito.cz\/es\/wp-json\/wp\/v2\/pwb-brand?post=259487"},{"taxonomy":"product_brand","embeddable":true,"href":"https:\/\/www.moskito.cz\/es\/wp-json\/wp\/v2\/product_brand?post=259487"},{"taxonomy":"product_cat","embeddable":true,"href":"https:\/\/www.moskito.cz\/es\/wp-json\/wp\/v2\/product_cat?post=259487"},{"taxonomy":"product_tag","embeddable":true,"href":"https:\/\/www.moskito.cz\/es\/wp-json\/wp\/v2\/product_tag?post=259487"}],"curies":[{"name":"wp","href":"https:\/\/api.w.org\/{rel}","templated":true}]}}