{"id":259502,"date":"2023-11-09T20:24:59","date_gmt":"2023-11-09T19:24:59","guid":{"rendered":"https:\/\/www.moskito.cz\/?post_type=product&#038;p=259502"},"modified":"2025-05-07T10:54:04","modified_gmt":"2025-05-07T09:54:04","slug":"vystrelovaci-nuz-kershaw-launch-7-7900blublk","status":"publish","type":"product","link":"https:\/\/www.moskito.cz\/es\/produkt\/vystrelovaci-nuz-kershaw-launch-7-7900blublk\/","title":{"rendered":"Vyst\u0159elovac\u00ed N\u016f\u017e Kershaw Launch 7 7900BLUBLK"},"content":{"rendered":"<p>Vyst\u0159elovac\u00ed N\u016f\u017e <strong>Kershaw<\/strong> Launch 7 7900BLUBLK<\/p>\n<p>D\u00edky sv\u00e9 opracovan\u00e9 rukojeti a integrovan\u00e9mu backspaceru m\u00e1 Launch 7, navr\u017een\u00fd Timem Galyeanem, industri\u00e1ln\u00ed vzhled.<\/p>\n<p>S dlouhou 9,5 cm \u010depel\u00ed CPM-154 nab\u00edz\u00ed Launch 7 dlouh\u00fd, \u0161t\u00edhl\u00fd profil. Ocel je pr\u00e1\u0161kovou metalurgickou verz\u00ed obl\u00edben\u00e9 no\u017e\u00ed\u0159sk\u00e9 oceli 154CM. Tato verze nab\u00edz\u00ed zlep\u0161enou hou\u017eevnatost, brousitelnost a le\u0161titelnost, stejn\u011b jako poskytuje vynikaj\u00edc\u00ed odolnost proti korozi a zachov\u00e1n\u00ed hran. Rukoje\u0165 je vysoce tvarovan\u00e1 pro upout\u00e1n\u00ed pozornosti. Obroben\u00e9 obrysy na horn\u00ed i spodn\u00ed stran\u011b rukojeti dod\u00e1vaj\u00ed Launch 7 jej\u00ed modern\u00ed, pr\u016fmyslovou estetiku a z\u00e1rove\u0148 zaji\u0161\u0165uj\u00ed pevn\u00e9 uchopen\u00ed. Backspacer je pln\u011b integrov\u00e1n do rukojeti, co\u017e p\u0159isp\u00edv\u00e1 k pevn\u00e9mu pocitu a skv\u011bl\u00e9mu vzhledu Launch 7. Rukoje\u0165 je vyrobena z hlin\u00edku pro ni\u017e\u0161\u00ed hmotnost a je eloxov\u00e1na v modr\u00e9 barv\u011b, d\u00edky \u010demu\u017e se odli\u0161uje od zbytku automatick\u00e9 \u0159ady <strong>Kershaw<\/strong>.<\/p>\n<p><strong>Launch 7<\/strong> se otev\u0159e stisknut\u00edm tla\u010d\u00edtka a \u010depel zapadne na m\u00edsto, p\u0159ipravena k pou\u017eit\u00ed. Chcete-li z\u00e1mek uvolnit, znovu stiskn\u011bte tla\u010d\u00edtko a sklopte \u010depel zp\u011bt do rukojeti. Kapesn\u00ed spona je oboustrann\u00e1 vlevo\/vpravo pro pohodln\u00e9 no\u0161en\u00ed v kapse.<\/p>\n<p>Specifikace<br \/>\nD\u00e9lka \u010depele: 9,5 cm<br \/>\nD\u00e9lka v zav\u0159en\u00e9m stavu: 12,5 cm<br \/>\nCelkov\u00e1 d\u00e9lka: 22 cm<br \/>\nMateri\u00e1l \u010depele: CPM154 Nerezov\u00e1 ocel<br \/>\nStyl \u010depele: Clip Point<br \/>\nPovrchov\u00e1 \u00faprava \u010depele: Black DLC<br \/>\nMateri\u00e1l rukojeti: Modr\u00fd eloxovan\u00fd hlin\u00edk<br \/>\nUzamykac\u00ed mechanismus: Tla\u010d\u00edtko<br \/>\nKapesn\u00ed spona: Vykl\u00e1p\u011bc\u00ed, prav\u00e9\/lev\u00e9 no\u0161en\u00ed<br \/>\nHmotnost: 91 g<br \/>\nDesign\u00e9r: Tim Galyean<br \/>\nVyrobeno v USA<\/p>\n","protected":false},"excerpt":{"rendered":"<p><strong>D\u00edky sv\u00e9 opracovan\u00e9 rukojeti a integrovan\u00e9mu backspaceru m\u00e1 Launch 7, navr\u017een\u00fd Timem Galyeanem, industri\u00e1ln\u00ed vzhled.<\/strong><\/p>\n<p><strong>Doprava zdrama.<\/strong><\/p>\n","protected":false},"featured_media":259503,"comment_status":"open","ping_status":"closed","template":"","meta":[],"pwb-brand":[385],"product_brand":[],"product_cat":[2019,17],"product_tag":[],"class_list":{"0":"post-259502","1":"product","2":"type-product","3":"status-publish","4":"has-post-thumbnail","6":"pwb-brand-kershaw","7":"product_cat-vystrelovaci-noze","8":"product_cat-noze","10":"first","11":"outofstock","12":"taxable","13":"shipping-taxable","14":"purchasable","15":"product-type-simple"},"brands":[{"id":385,"name":"Kershaw","slug":"kershaw"}],"_links":{"self":[{"href":"https:\/\/www.moskito.cz\/es\/wp-json\/wp\/v2\/product\/259502","targetHints":{"allow":["GET"]}}],"collection":[{"href":"https:\/\/www.moskito.cz\/es\/wp-json\/wp\/v2\/product"}],"about":[{"href":"https:\/\/www.moskito.cz\/es\/wp-json\/wp\/v2\/types\/product"}],"replies":[{"embeddable":true,"href":"https:\/\/www.moskito.cz\/es\/wp-json\/wp\/v2\/comments?post=259502"}],"wp:featuredmedia":[{"embeddable":true,"href":"https:\/\/www.moskito.cz\/es\/wp-json\/wp\/v2\/media\/259503"}],"wp:attachment":[{"href":"https:\/\/www.moskito.cz\/es\/wp-json\/wp\/v2\/media?parent=259502"}],"wp:term":[{"taxonomy":"pwb-brand","embeddable":true,"href":"https:\/\/www.moskito.cz\/es\/wp-json\/wp\/v2\/pwb-brand?post=259502"},{"taxonomy":"product_brand","embeddable":true,"href":"https:\/\/www.moskito.cz\/es\/wp-json\/wp\/v2\/product_brand?post=259502"},{"taxonomy":"product_cat","embeddable":true,"href":"https:\/\/www.moskito.cz\/es\/wp-json\/wp\/v2\/product_cat?post=259502"},{"taxonomy":"product_tag","embeddable":true,"href":"https:\/\/www.moskito.cz\/es\/wp-json\/wp\/v2\/product_tag?post=259502"}],"curies":[{"name":"wp","href":"https:\/\/api.w.org\/{rel}","templated":true}]}}