{"id":260025,"date":"2023-11-18T10:04:02","date_gmt":"2023-11-18T09:04:02","guid":{"rendered":"https:\/\/www.moskito.cz\/?post_type=product&#038;p=260025"},"modified":"2025-05-07T10:54:13","modified_gmt":"2025-05-07T09:54:13","slug":"vystrelovaci-nuz-microtech-combat-troodon-fluted-ultem-143-1dlctuls","status":"publish","type":"product","link":"https:\/\/www.moskito.cz\/es\/produkt\/vystrelovaci-nuz-microtech-combat-troodon-fluted-ultem-143-1dlctuls\/","title":{"rendered":"Vyst\u0159elovac\u00ed N\u016f\u017e Microtech Combat Troodon Fluted Ultem 143-1DLCTULS"},"content":{"rendered":"<p>Vyst\u0159elovac\u00ed N\u016f\u017e <strong>Microtech<\/strong> Combat Troodon Fluted Ultem 143-1DLCTULS<\/p>\n<p><strong>Microtech<\/strong> knives nejv\u011bt\u0161\u00ed produk\u010dn\u00ed n\u016f\u017e OTF je pojmenov\u00e1n po dinosaurovi Troodonovi. Combat Troodon je opravdu velk\u00e1 verze popul\u00e1rn\u00edho Troodona. Navzdory velikosti p\u016fsob\u00ed rukoje\u0165 \u0161t\u00edhle a pohodln\u011b.<\/p>\n<p>Tento model je vybaven \u010dernou eloxovanou hlin\u00edkovou rukojet\u00ed 6061-T6 s ultem top a tla\u010d\u00edtkem. Jednob\u0159it\u00e1 \u010depel z nerezov\u00e9 oceli Magnacut s povrchovou \u00fapravou DLC se standardn\u00edm ost\u0159\u00edm. Rozb\u00edje\u010d skla z nerezov\u00e9 oceli s \u00fapravou DLC, oboustrann\u00fd kapesn\u00ed klip a hardware. Kapesn\u00ed spona obsahuje dr\u00e1p Microtech, logo Signature Series a datum v\u00fdroby.<\/p>\n<p>Zem\u011b p\u016fvodu: USA<br \/>\nDatum p\u016fvodu: 2023<br \/>\nStav: Zcela nov\u00fd<br \/>\nMateri\u00e1l rukojeti: Hlin\u00edk\/Ultem<br \/>\nMateri\u00e1l \u010depele: Magnacut<br \/>\nStyl \u010depele: Drop Point<br \/>\nPovrchov\u00e1 \u00faprava \u010depele: DLC<br \/>\nTyp okraje: Standard<br \/>\nModel\/Vzor: Bojov\u00fd Troodon<br \/>\nTyp no\u017ee: Dvoj\u010dinn\u00e9 automatick\u00e9 OTF<br \/>\nTyp z\u00e1mku: Vp\u0159edu<br \/>\n\u010cepel D\u00e9lka \u010depele: 9.5 cm<br \/>\nTvrdost \u010depele (HRC): 61-62<br \/>\nTlou\u0161\u0165ka \u010depele: 0.24 cm<\/p>\n<p><iframe title=\"Microtech Combat Troodon Torture Test\" width=\"800\" height=\"450\" src=\"https:\/\/www.youtube.com\/embed\/xE9TeOFYEjg?feature=oembed\" frameborder=\"0\" allow=\"accelerometer; autoplay; clipboard-write; encrypted-media; gyroscope; picture-in-picture; web-share\" referrerpolicy=\"strict-origin-when-cross-origin\" allowfullscreen><\/iframe><\/p>\n<p>&nbsp;<\/p>\n","protected":false},"excerpt":{"rendered":"<p><strong>V pr\u016fb\u011bhu let Microtech\u00ae Knives naplnil v\u00e1\u0161n\u00ed a dovednost\u00ed v\u00fdrobu no\u017e\u016f, a\u017e z nich vytvo\u0159il t\u00e9m\u011b\u0159 um\u011bleck\u00e1 d\u00edla, kter\u00e9 jsou vrcholem funk\u010dnosti.V\u0161echny d\u00edly jsou vyrobeny v USA.<\/strong><br \/>\n<strong>Na v\u0161echny no\u017ee Microtech je do\u017eivotn\u00ed z\u00e1ruka.<\/strong><\/p>\n<p><strong>Doprava zdarma.<\/strong><\/p>\n","protected":false},"featured_media":260026,"comment_status":"open","ping_status":"closed","template":"","meta":[],"pwb-brand":[431],"product_brand":[],"product_cat":[2019,17],"product_tag":[3667],"class_list":{"0":"post-260025","1":"product","2":"type-product","3":"status-publish","4":"has-post-thumbnail","6":"pwb-brand-microtech","7":"product_cat-vystrelovaci-noze","8":"product_cat-noze","9":"product_tag-b2b","11":"first","12":"outofstock","13":"taxable","14":"shipping-taxable","15":"purchasable","16":"product-type-simple"},"brands":[{"id":431,"name":"Microtech","slug":"microtech"}],"_links":{"self":[{"href":"https:\/\/www.moskito.cz\/es\/wp-json\/wp\/v2\/product\/260025","targetHints":{"allow":["GET"]}}],"collection":[{"href":"https:\/\/www.moskito.cz\/es\/wp-json\/wp\/v2\/product"}],"about":[{"href":"https:\/\/www.moskito.cz\/es\/wp-json\/wp\/v2\/types\/product"}],"replies":[{"embeddable":true,"href":"https:\/\/www.moskito.cz\/es\/wp-json\/wp\/v2\/comments?post=260025"}],"wp:featuredmedia":[{"embeddable":true,"href":"https:\/\/www.moskito.cz\/es\/wp-json\/wp\/v2\/media\/260026"}],"wp:attachment":[{"href":"https:\/\/www.moskito.cz\/es\/wp-json\/wp\/v2\/media?parent=260025"}],"wp:term":[{"taxonomy":"pwb-brand","embeddable":true,"href":"https:\/\/www.moskito.cz\/es\/wp-json\/wp\/v2\/pwb-brand?post=260025"},{"taxonomy":"product_brand","embeddable":true,"href":"https:\/\/www.moskito.cz\/es\/wp-json\/wp\/v2\/product_brand?post=260025"},{"taxonomy":"product_cat","embeddable":true,"href":"https:\/\/www.moskito.cz\/es\/wp-json\/wp\/v2\/product_cat?post=260025"},{"taxonomy":"product_tag","embeddable":true,"href":"https:\/\/www.moskito.cz\/es\/wp-json\/wp\/v2\/product_tag?post=260025"}],"curies":[{"name":"wp","href":"https:\/\/api.w.org\/{rel}","templated":true}]}}