{"id":260236,"date":"2023-11-19T18:09:37","date_gmt":"2023-11-19T17:09:37","guid":{"rendered":"https:\/\/www.moskito.cz\/?post_type=product&#038;p=260236"},"modified":"2025-05-07T10:54:21","modified_gmt":"2025-05-07T09:54:21","slug":"zaviraci-nuz-spyderco-yojimbo-2-compression-lock-c85gpbbk2","status":"publish","type":"product","link":"https:\/\/www.moskito.cz\/es\/produkt\/zaviraci-nuz-spyderco-yojimbo-2-compression-lock-c85gpbbk2\/","title":{"rendered":"Zav\u00edrac\u00ed N\u016f\u017e Spyderco Yojimbo 2 Compression Lock C85GPBBK2"},"content":{"rendered":"<p>Zav\u00edrac\u00ed N\u016f\u017e <strong>Spyderco<\/strong> Yojimbo 2 Compression Lock C85GPBBK2<\/p>\n<p>Kdy\u017e Michael Janich p\u0159ed t\u00e9m\u011b\u0159 20 lety navrhoval sv\u016fj prvn\u00ed n\u016f\u017e pro <strong>Spyderco<\/strong>, v\u011bt\u0161ina no\u017e\u016f pro osobn\u00ed obranu m\u011bla tradi\u010dn\u00ed profily bojov\u00fdch \u010depel\u00ed, jako jsou hroty kop\u00ed, amerikanizovan\u00e1 tanta a variace na t\u00e9ma Bowie. Janich\u016fv design \u2013 pevn\u00e1 \u010depel Ronin prvn\u00ed generace \u2013 tuto konvenci zpochybnil a doslova se stal pr\u016fkopn\u00edkem konceptu \u201etaktick\u00e9ho Wharncliffe\u201c. Dnes jsou taktick\u00e9 no\u017ee ve stylu Wharnie v\u0161ude, ale ko\u0159eny tohoto trendu lze vysledovat p\u0159\u00edmo k Janichov\u00fdm ran\u00fdm n\u00e1vrh\u016fm \u2013 a ochot\u011b Spyderca je riskovat.<\/p>\n<p>Nejnov\u011bj\u0161\u00edm p\u0159\u00edr\u016fstkem do t\u00e9to rodiny je zcela \u010dern\u00e1 verze Janichova sou\u010dasn\u00e9ho designu slo\u017eky <strong>Wharncliffe, Yojimbo 2<\/strong>. Ale abyste tento n\u016f\u017e pln\u011b ocenili, pom\u016f\u017ee v\u00e1m zn\u00e1t trochu historie jeho v\u00fdvoje.<\/p>\n<p>P\u016fvodn\u00ed Ronin (v japon\u0161tin\u011b doslova \u201em\u00e1vov\u00fd mu\u017e\u201c, co\u017e je v\u00fdraz pro samuraje bez p\u00e1na) ve skute\u010dnosti za\u010dal jako spolupr\u00e1ce se zak\u00e1zkov\u00fdm no\u017e\u00ed\u0159em Mikem Snodym. Janich napsal \u010dl\u00e1nek o Snodyho no\u017ei, kter\u00fd se pro n\u011bj stal zlomov\u00fdm bodem, aby se stal v\u00fdrobcem na pln\u00fd \u00favazek. Snody jako gesto d\u00edk\u016f pozval Janicha, aby navrhl \u201enejlep\u0161\u00ed n\u016f\u017e na krk\u201c, kter\u00fd by vyrobil jako \u010depel na zak\u00e1zku. P\u0159esto\u017ee Janich ji\u017e d\u0159\u00edve navrhoval jin\u00e9 no\u017ee, v\u010detn\u011b slo\u017eky Tempest pro no\u017e\u00ed\u0159skou spole\u010dnost Masters of Defense, byl odhodl\u00e1n p\u0159istoupit k procesu n\u00e1vrhu z nov\u00e9, empirick\u00e9 perspektivy.<\/p>\n<p>U\u017e za\u010dal za\u010dle\u0148ovat uk\u00e1zku nazvanou \u201ePork Man\u201c do sv\u00fdch kurz\u016f sebeobrany no\u017ee, aby ilustroval \u0159eznou schopnost mal\u00fdch no\u017e\u016f. Vep\u0159ov\u00fd mu\u017e \u2013 mohutn\u00e1 vep\u0159ov\u00e1 pe\u010den\u011b sv\u00e1zan\u00e1 kolem d\u0159ev\u011bn\u00e9 hmo\u017edinky a obalen\u00e1 n\u011bkolika vrstvami plastu \u2013 nejen demonstrovala \u0159eznou s\u00edlu typick\u00fdch no\u017e\u016f, ale tak\u00e9 kvantifikovala v\u00fdznamn\u00e9 v\u00fdkonnostn\u00ed rozd\u00edly mezi r\u016fzn\u00fdmi tvary \u010depel\u00ed.<\/p>\n<p>Aby Janich ur\u010dil, kter\u00e9 styly \u010depel\u00ed kr\u00e1j\u00ed s nejv\u011bt\u0161\u00edm efektem, investoval mal\u00e9 jm\u011bn\u00ed do vep\u0159ov\u00e9 pe\u010den\u011b, vytvo\u0159il arm\u00e1du vep\u0159ov\u00fdch mu\u017e\u016f a za\u010dal sekat. K jeho p\u0159ekvapen\u00ed ze v\u0161ech no\u017e\u016f v jeho sb\u00edrce \u0159ezaly nejl\u00e9pe p\u00e1r \u201ep\u00e1nsk\u00fdch\u201c po\u0159ada\u010d\u016f od Spyderca navr\u017een\u00fdch Frankem Centofantem s klasick\u00fdmi \u010depelemi ve stylu Wharncliffe (C25 a C50).<\/p>\n<p>Jak Janich kopal hloub\u011bji, uv\u011bdomil si, \u017ee tajemstv\u00edm \u010depel\u00ed Wharncliffe jsou jejich dokonale rovn\u00e9 hrany \u0159ezan\u00e9 plnou silou a\u017e do konce. Naopak \u0159ezn\u00e1 s\u00edla \u010depel\u00ed s nahoru zahnut\u00fdmi hranami a spoustou \u201eb\u0159icha\u201c se v bl\u00edzkosti hrotu zmen\u0161uje. Jehlovit\u00fd hrot Wharncliffe tak\u00e9 pronik\u00e1 t\u00e9m\u011b\u0159 bez n\u00e1mahy b\u011bhem n\u00e1por\u016f. Navzdory sv\u00e9mu elegantn\u00edmu chov\u00e1n\u00ed jsou Wharncliffes taktick\u00fdmi sekac\u00edmi a nar\u00e1\u017eec\u00edmi stroji.<\/p>\n<p>Vyzbrojen t\u011bmito znalostmi byl Ronin\u016fv design, kter\u00fd Janich p\u0159edstavil Snodymu, \u010dist\u00fd Wharncliffe. Zpo\u010d\u00e1tku z toho Snody nebyl nad\u0161en\u00fd a za\u010dal od jeho nab\u00eddky ustupovat. Kdy\u017e v\u0161ak kone\u010dn\u011b jednu vyrobil a kr\u00e1jel s n\u00ed, byl z toho \u00falet. Nakonec nejen\u017ee vyrobil \u0159adu vlastn\u00edch Ronin\u016f, ale tak\u00e9 posunul sm\u011br sv\u00fdch vlastn\u00edch n\u00e1vrh\u016f no\u017e\u016f tak, aby se siln\u011b zam\u011b\u0159il na \u010depele Wharncliffe.<\/p>\n<p>P\u0159ibli\u017en\u011b ve stejnou dobu (1999) pozval zakladatel Spyderco Sal Glesser Janicha, aby p\u0159evzal funkci instruktora programu \u201eMartial Blade Craft\u201c. Sal se \u010derstv\u011b z\u00fa\u010dastnil tr\u00e9ninkov\u00e9ho kempu Jamese Keatinga \u201eRiddle of Steel\u201c a cht\u011bl, aby Spyderco po\u0159\u00e1dalo s\u00e9rii kurz\u016f sebeobrany no\u017ee v na\u0161em \u00fast\u0159ed\u00ed v Golden. Jak program nab\u00edral na s\u00edle, Sal si tak\u00e9 myslel, \u017ee by bylo dobr\u00e9, aby Janich navrhl charakteristick\u00fd n\u016f\u017e Spyderco, kter\u00fd by odr\u00e1\u017eel jeho syst\u00e9m taktiky no\u017ee. Janich uk\u00e1zal Salovi Ronina, vysv\u011btlil logiku, kter\u00e1 za t\u00edm stoj\u00ed, a zatloukl bod dom\u016f s pomoc\u00ed Vep\u0159ov\u00e9ho mu\u017ee. Salovi se l\u00edbilo, co vid\u011bl, a Spyderco Ronin byl na sv\u011bt\u011b.<\/p>\n<p>V t\u00e9 dob\u011b byl trh s pevn\u00fdmi \u010depelemi Spyderco st\u00e1le omezen\u00fd, a tak Sal po\u017e\u00e1dal Janicha, aby tak\u00e9 navrhl slo\u017eku. Janich ji\u017e pracoval na hrub\u00e9m prototypu skl\u00e1dac\u00edho taktick\u00e9ho Wharncliffe, tak\u017ee rychle upravil n\u00e1vrh tak, aby zahrnoval Spydercovu kulatou d\u00edru s ochrannou zn\u00e1mkou a dodal sadu v\u00fdkres\u016f a sv\u016fj vlastn\u00ed ru\u010dn\u011b vyroben\u00fd plastov\u00fd koncep\u010dn\u00ed model n\u00e1vrhu. Salovi se sice design l\u00edbil, ale v\u00fdvoj prob\u00edhal pomalu, a tak se Janich rozhodl trochu \u201enaklonit misku vah\u201c. Vr\u00e1til se k Miku Snodymu a objednal si speci\u00e1ln\u00ed jednor\u00e1zov\u00fd n\u00e1vrh sv\u00e9ho designu, kter\u00fd pojmenoval Yojimbo (japonsky \u201ebodyguard\u201c). Snody vd\u011b\u010dn\u011b vyrobil n\u016f\u017e, zve\u0159ejnil jeho fotografie na internetu a zm\u00ednil se, \u017ee Spyderco mo\u017en\u00e1 pracuje na jeho produk\u010dn\u00ed verzi.<\/p>\n<p><strong>Spyderco Yojimbo<\/strong> n\u00e1sledovalo kr\u00e1tce pot\u00e9, v roce 2003. Vyr\u00e1b\u011blo se v tov\u00e1rn\u011b Spyderco Golden, CO a m\u011blo zcela plochou \u010depel CPM S30V Wharncliffe, vlo\u017een\u00e9 nerezov\u00e9 vlo\u017eky, modr\u00e9 nebo \u010dern\u00e9 texturovan\u00e9 stupnice G10 a ranou verzi Compression Mechanismus z\u00e1mku. Jeho t\u0159\u00edpalcov\u00e1 \u010depel byla z\u00e1m\u011brn\u011b krat\u0161\u00ed ne\u017e zkosen\u00e1 rukoje\u0165, proto\u017ee Janich ji p\u016fvodn\u011b navrhl tak, aby byla leg\u00e1ln\u00ed pro p\u0159epravu v letadlech, a to i b\u011bhem zv\u00fd\u0161en\u00fdch bezpe\u010dnostn\u00edch v\u00fdstrah. Po 11. z\u00e1\u0159\u00ed byl tento designov\u00fd prvek diskutabiln\u00ed, ale i tak bylo leg\u00e1ln\u00ed nosit n\u016f\u017e t\u00e9m\u011b\u0159 v\u0161ude.<\/p>\n<p>Zat\u00edmco mnoz\u00ed to zavrhli jako \u201eo\u0159ez\u00e1va\u010d krabic na steroidech\u201c, Yojimbo z\u00edskal v\u011bt\u0161\u00ed tr\u017en\u00ed trakci ne\u017e Ronin. Kdy\u017e v\u0161ak Janich v roce 2004 p\u0159ijal m\u00edsto ve veden\u00ed jin\u00e9 spole\u010dnosti zab\u00fdvaj\u00edc\u00ed se v\u00fdrobou no\u017e\u016f, rozhodli se on i Spyderco z\u016fstat p\u0159\u00e1teli, ale p\u0159estat s n\u00e1vrhem.<\/p>\n<p>Janich pokra\u010doval ve sv\u00e9 kampani Wharncliffe s n\u011bkolika dal\u0161\u00edmi n\u00e1vrhy a\u017e do roku 2009, kdy nastoupil do Spyderco jako zam\u011bstnanec na pln\u00fd \u00favazek. A\u010dkoli se jeho povinnosti soust\u0159ed\u00ed p\u0159edev\u0161\u00edm na technick\u00e9 psan\u00ed a vzd\u011bl\u00e1v\u00e1n\u00ed o produktech, brzy se tak\u00e9 p\u0159ipojil k t\u00fdmu v\u00fdzkumu a v\u00fdvoje Spyderco. Byl tak\u00e9 vyzv\u00e1n, aby vytvo\u0159il dal\u0161\u00ed charakteristick\u00fd design, kter\u00fd odr\u00e1\u017e\u00ed jeho filozofii no\u017e\u016f pro osobn\u00ed obranu. Pln\u011b vyu\u017eil lekc\u00ed, kter\u00e9 se nau\u010dil od prvn\u00edho Yojimba, a navrhl Yojimbo 2, kter\u00e9 bylo vyd\u00e1no koncem roku 2011.<\/p>\n<p>Propracovan\u011bj\u0161\u00ed design Yojimbo 2 \u2013 podpo\u0159en\u00fd Janichovou ne\u00fanavnou propagac\u00ed Wharncliffe jako profilu taktick\u00e9 \u010depele \u2013 mu pomohl z\u00edskat pevn\u00e9 m\u00edsto v produktov\u00e9 \u0159ad\u011b Spyderco. Proto\u017ee byl \u00fa\u010delov\u011b navr\u017een jako sebeobrann\u00fd n\u016f\u017e, k verzi s \u017eivou \u010depel\u00ed se v roce 2017 p\u0159ipojil speci\u00e1ln\u00ed model tren\u00e9ra. V zaj\u00edmav\u00e9m p\u0159\u00edkladu \u201ereverzn\u00ed evoluce\u201c \u2013 a s pomoc\u00ed zak\u00e1zkov\u00e9ho v\u00fdrobce no\u017e\u016f Mickey Yurco \u2013 Yojimbo 2 tak\u00e9 inspiroval t\u00e9m\u011b\u0159 identick\u00fd prot\u011bj\u0161ek s pevnou \u010depel\u00ed, Ronin 2.<\/p>\n<p>Na z\u00e1klad\u011b jeho trval\u00e9 popularity a opakovan\u00fdch po\u017eadavk\u016f ze strany \u00fa\u010dastn\u00edk\u016f f\u00f3ra Spyderco jsme hrd\u00ed na to, \u017ee m\u016f\u017eeme ozn\u00e1mit nejnov\u011bj\u0161\u00ed p\u0159\u00edr\u016fstek do rodiny Spyderco\/Janich Wharncliffe: zcela \u010dern\u00fd Yojimbo 2. Stejn\u011b jako verze se sat\u00e9novou \u010depel\u00ed je vybaven CPM S30V s dut\u00fdm povrchem. \u010depel, kompresn\u00ed z\u00e1mek, \u0161upiny G-10 s odlupovac\u00ed vrstvou a \u010dty\u0159polohov\u00e1 kapesn\u00ed spona na p\u0159es\u00fdpac\u00ed hodiny. V\u0161echny \u010d\u00e1sti no\u017ee \u2013 v\u010detn\u011b vlo\u017eek z nerezov\u00e9 oceli a Compression Lock \u2013 jsou v\u0161ak zahaleny nereflexn\u00ed \u010dernou vrstvou. \u010cepel je opat\u0159ena povlakem Diamond-like Carbon (DLC) a v\u0161echny ostatn\u00ed d\u00edly maj\u00ed tak\u00e9 odoln\u00e9 \u010dern\u00e9 povlaky vhodn\u00e9 pro jejich z\u00e1kladn\u00ed materi\u00e1ly. Krom\u011b uspokojen\u00ed fanou\u0161k\u016f Yojimbo 2, kte\u0159\u00ed se do\u017eadovali celo\u010dern\u00e9 verze, je tento n\u016f\u017e historicky v\u00fdznamn\u00fd, proto\u017ee jde o prvn\u00ed model Compression Lock s \u010dern\u011b pota\u017een\u00fdmi vlo\u017ekami.<\/p>\n<p>I kdy\u017e jsou Wharncliffov\u00e9 s taktick\u00fdm t\u00e9matem v dne\u0161n\u00ed dob\u011b samoz\u0159ejmost\u00ed, evoluce tohoto plemene za\u010dala s \u00fasil\u00edm Michaela Janicha, Spyderco a duchem spolupr\u00e1ce a inovace, kter\u00fd sd\u00edleli ji\u017e v\u00edce ne\u017e 20 let.<\/p>\n<p>Specifikace<br \/>\nD\u00e9lka \u010depele: 8 cm<br \/>\nD\u00e9lka v zav\u0159en\u00e9m stavu: 11.22 cm<br \/>\nCelkov\u00e1 d\u00e9lka: 19.22 cm<br \/>\nMateri\u00e1l \u010depele: CPM-S30V Nerezov\u00e1 ocel<br \/>\nStyl \u010depele: Wharncliffe<br \/>\nBrou\u0161en\u00ed \u010depele: Dut\u00e9<br \/>\nPovrchov\u00e1 \u00faprava \u010depele: Black DLC<br \/>\nOst\u0159\u00ed \u010depele: Hladk\u00e9<br \/>\nMateri\u00e1l rukojeti: G10<br \/>\nBarvy rukojeti: \u010cern\u00e1<br \/>\nUzamykac\u00ed mechanismus: Kompresn\u00ed z\u00e1mek<br \/>\nKapesn\u00ed klip: Vykl\u00e1p\u011bn\u00ed\/dol\u016f, no\u0161en\u00ed vpravo\/vlevo<br \/>\n\u010c\u00edslo modelu: C85GPBBK2<br \/>\nN\u00e1zev modelu: Yojimbo 2<br \/>\nHmotnost: 4,1 oz.<br \/>\nDesign\u00e9r: Michael Janich<br \/>\nVyrobeno v USA<\/p>\n","protected":false},"excerpt":{"rendered":"<p><strong>Kdy\u017e Michael Janich p\u0159ed t\u00e9m\u011b\u0159 20 lety navrhoval sv\u016fj prvn\u00ed n\u016f\u017e pro Spyderco, v\u011bt\u0161ina no\u017e\u016f pro osobn\u00ed obranu m\u011bla tradi\u010dn\u00ed profily bojov\u00fdch \u010depel\u00ed, jako jsou hroty kop\u00ed, amerikanizovan\u00e1 tanta a variace na t\u00e9ma Bowie.<\/strong><\/p>\n<p><strong>Doprava zdarma.<\/strong><\/p>\n","protected":false},"featured_media":260237,"comment_status":"open","ping_status":"closed","template":"","meta":[],"pwb-brand":[567],"product_brand":[],"product_cat":[22,17],"product_tag":[3667],"class_list":{"0":"post-260236","1":"product","2":"type-product","3":"status-publish","4":"has-post-thumbnail","6":"pwb-brand-spyderco","7":"product_cat-zaviraci-noze","8":"product_cat-noze","9":"product_tag-b2b","11":"first","12":"instock","13":"taxable","14":"shipping-taxable","15":"purchasable","16":"product-type-simple"},"brands":[{"id":567,"name":"Spyderco","slug":"spyderco"}],"_links":{"self":[{"href":"https:\/\/www.moskito.cz\/es\/wp-json\/wp\/v2\/product\/260236","targetHints":{"allow":["GET"]}}],"collection":[{"href":"https:\/\/www.moskito.cz\/es\/wp-json\/wp\/v2\/product"}],"about":[{"href":"https:\/\/www.moskito.cz\/es\/wp-json\/wp\/v2\/types\/product"}],"replies":[{"embeddable":true,"href":"https:\/\/www.moskito.cz\/es\/wp-json\/wp\/v2\/comments?post=260236"}],"wp:featuredmedia":[{"embeddable":true,"href":"https:\/\/www.moskito.cz\/es\/wp-json\/wp\/v2\/media\/260237"}],"wp:attachment":[{"href":"https:\/\/www.moskito.cz\/es\/wp-json\/wp\/v2\/media?parent=260236"}],"wp:term":[{"taxonomy":"pwb-brand","embeddable":true,"href":"https:\/\/www.moskito.cz\/es\/wp-json\/wp\/v2\/pwb-brand?post=260236"},{"taxonomy":"product_brand","embeddable":true,"href":"https:\/\/www.moskito.cz\/es\/wp-json\/wp\/v2\/product_brand?post=260236"},{"taxonomy":"product_cat","embeddable":true,"href":"https:\/\/www.moskito.cz\/es\/wp-json\/wp\/v2\/product_cat?post=260236"},{"taxonomy":"product_tag","embeddable":true,"href":"https:\/\/www.moskito.cz\/es\/wp-json\/wp\/v2\/product_tag?post=260236"}],"curies":[{"name":"wp","href":"https:\/\/api.w.org\/{rel}","templated":true}]}}