{"id":260764,"date":"2023-12-01T22:42:16","date_gmt":"2023-12-01T21:42:16","guid":{"rendered":"https:\/\/www.moskito.cz\/?post_type=product&#038;p=260764"},"modified":"2025-05-07T10:54:26","modified_gmt":"2025-05-07T09:54:26","slug":"zaviraci-nuz-spyderco-lightweight-tenacious-c122sbk","status":"publish","type":"product","link":"https:\/\/www.moskito.cz\/es\/produkt\/zaviraci-nuz-spyderco-lightweight-tenacious-c122sbk\/","title":{"rendered":"Zav\u00edrac\u00ed N\u016f\u017e Spyderco Lightweight Tenacious C122SBK"},"content":{"rendered":"<p>Zav\u00edrac\u00ed N\u016f\u017e <strong>Spyderco<\/strong> Lightweight Tenacious C122SBK<\/p>\n<p><strong>Tenacious<\/strong>, bezkonkuren\u010dn\u00ed kombinace cenov\u00e9 dostupnosti a v\u00fdkonu, je obl\u00edbenou volbou bezpo\u010dtu d\u016fvtipn\u00fdch u\u017eivatel\u016f no\u017e\u016f. Tato lehk\u00e1 verze posouv\u00e1 la\u0165ku je\u0161t\u011b d\u00e1le pomoc\u00ed vst\u0159ikovan\u00fdch skeln\u00fdm vl\u00e1knem vyztu\u017een\u00fdch nylonov\u00fdch (FRN) \u0161upin na rukojeti, kter\u00e9 sni\u017euj\u00ed celkovou hmotnost no\u017ee t\u00e9m\u011b\u0159 o 10 procent a nab\u00edzej\u00ed vylep\u0161enou trakci p\u0159i \u00fachopu typick\u00e9ho vzoru Bi-Directional Texture spole\u010dnosti Spyderco. V\u0161echny ostatn\u00ed vlastnosti jsou v souladu s p\u016fvodn\u00edm modelem, v\u010detn\u011b celoplo\u0161n\u011b brou\u0161en\u00e9 \u010depele z nerezov\u00e9 oceli 8Cr13MoV, pln\u011b skeletonizovan\u00fdch vlo\u017eek z nerezov\u00e9 oceli, \u010dty\u0159polohov\u00e9ho kapesn\u00edho klipu, robustn\u00edho LinerLock a v\u00fdb\u011bru \u010depele PlainEdge, CombinationEdge nebo SpyderEdge. konfigurace.<\/p>\n<p>Specifikace<br \/>\nD\u00e9lka \u010depele: 8.47 cm<br \/>\nD\u00e9lka v zav\u0159en\u00e9m stavu: 10.95 cm<br \/>\nCelkov\u00e1 d\u00e9lka: 19.42 cm<br \/>\nMateri\u00e1l \u010depele: 8Cr13MoV<br \/>\nStyl \u010depele: Drop Point<br \/>\nBrou\u0161en\u00ed \u010depele: Pln\u011b ploch\u00e9<br \/>\nPovrchov\u00e1 \u00faprava \u010depele: sat\u00e9n<br \/>\nMateri\u00e1l rukojeti: \u010dern\u00e1 FRN<br \/>\nMateri\u00e1l vlo\u017eky: Nerezov\u00e1 ocel<br \/>\nUzamykac\u00ed mechanismus: Liner Lock<br \/>\nKapesn\u00ed klip: 4-pozi\u010dn\u00ed Ambi<br \/>\nHmotnost: 3,8 oz.<\/p>\n","protected":false},"excerpt":{"rendered":"<p><strong>Tenacious, bezkonkuren\u010dn\u00ed kombinace cenov\u00e9 dostupnosti a v\u00fdkonu.<\/strong><\/p>\n","protected":false},"featured_media":260768,"comment_status":"open","ping_status":"closed","template":"","meta":[],"pwb-brand":[567],"product_brand":[],"product_cat":[22,17],"product_tag":[3667],"class_list":{"0":"post-260764","1":"product","2":"type-product","3":"status-publish","4":"has-post-thumbnail","6":"pwb-brand-spyderco","7":"product_cat-zaviraci-noze","8":"product_cat-noze","9":"product_tag-b2b","11":"first","12":"instock","13":"taxable","14":"shipping-taxable","15":"purchasable","16":"product-type-simple"},"brands":[{"id":567,"name":"Spyderco","slug":"spyderco"}],"_links":{"self":[{"href":"https:\/\/www.moskito.cz\/es\/wp-json\/wp\/v2\/product\/260764","targetHints":{"allow":["GET"]}}],"collection":[{"href":"https:\/\/www.moskito.cz\/es\/wp-json\/wp\/v2\/product"}],"about":[{"href":"https:\/\/www.moskito.cz\/es\/wp-json\/wp\/v2\/types\/product"}],"replies":[{"embeddable":true,"href":"https:\/\/www.moskito.cz\/es\/wp-json\/wp\/v2\/comments?post=260764"}],"wp:featuredmedia":[{"embeddable":true,"href":"https:\/\/www.moskito.cz\/es\/wp-json\/wp\/v2\/media\/260768"}],"wp:attachment":[{"href":"https:\/\/www.moskito.cz\/es\/wp-json\/wp\/v2\/media?parent=260764"}],"wp:term":[{"taxonomy":"pwb-brand","embeddable":true,"href":"https:\/\/www.moskito.cz\/es\/wp-json\/wp\/v2\/pwb-brand?post=260764"},{"taxonomy":"product_brand","embeddable":true,"href":"https:\/\/www.moskito.cz\/es\/wp-json\/wp\/v2\/product_brand?post=260764"},{"taxonomy":"product_cat","embeddable":true,"href":"https:\/\/www.moskito.cz\/es\/wp-json\/wp\/v2\/product_cat?post=260764"},{"taxonomy":"product_tag","embeddable":true,"href":"https:\/\/www.moskito.cz\/es\/wp-json\/wp\/v2\/product_tag?post=260764"}],"curies":[{"name":"wp","href":"https:\/\/api.w.org\/{rel}","templated":true}]}}