{"id":261022,"date":"2023-12-04T19:44:19","date_gmt":"2023-12-04T18:44:19","guid":{"rendered":"https:\/\/www.moskito.cz\/?post_type=product&#038;p=261022"},"modified":"2025-09-13T08:48:13","modified_gmt":"2025-09-13T07:48:13","slug":"zaviraci-nuz-spyderco-nati-amor-subvert-sprint-run-c239cfp","status":"publish","type":"product","link":"https:\/\/www.moskito.cz\/es\/produkt\/zaviraci-nuz-spyderco-nati-amor-subvert-sprint-run-c239cfp\/","title":{"rendered":"Zav\u00edrac\u00ed N\u016f\u017e Spyderco Nati Amor Subvert Sprint Run C239CFP"},"content":{"rendered":"<p>Zav\u00edrac\u00ed N\u016f\u017e <strong>Spyderco<\/strong> Nati Amor Subvert Sprint Run C239CFP<\/p>\n<p>No\u017ee jsou jedine\u010dn\u00e9 n\u00e1stroje, kter\u00e9 uspokojuj\u00ed jednu z neju\u017eite\u010dn\u011bj\u0161\u00edch pot\u0159eb lidstva s v\u00fdrazn\u00fdm estetick\u00fdm stylem. Ve sv\u00e9 nejvy\u0161\u0161\u00ed podob\u011b p\u0159edstavuj\u00ed symfonii funk\u010dn\u00edho designu, um\u011bleck\u00e9 p\u0159ita\u017elivosti, ergonomie, in\u017een\u00fdrstv\u00ed, materi\u00e1lov\u00e9 v\u011bdy a \u0159emesln\u00e9ho zpracov\u00e1n\u00ed. Prvn\u00edm p\u0159\u00edkladem t\u00e9to elitn\u00ed \u00farovn\u011b synergie je Spyderco Subvert.<\/p>\n<p>Subvert, navr\u017een\u00fd izraelsk\u00fdm rod\u00e1kem Nathanielem Amorem, neboli \u201eNati\u201c, jak je zn\u00e1m\u011bj\u0161\u00ed, v\u011brn\u011b p\u0159ev\u00e1d\u00ed sv\u016fj na zak\u00e1zku vyroben\u00fd model \u201eSabot\u00e1\u017e\u201c do skv\u011ble zpracovan\u00e9ho produk\u010dn\u00edho zav\u00edrac\u00edho no\u017ee. \u017div\u011b odr\u00e1\u017e\u00ed Amor\u016fv talent jako profesion\u00e1ln\u00edho klenotn\u00edka a zlatn\u00edka, stejn\u011b jako jeho t\u011b\u017ece vyd\u011blan\u00e9 ocen\u011bn\u00ed funk\u010dn\u00edch \u0159ezn\u00fdch n\u00e1stroj\u016f pro ka\u017edodenn\u00ed no\u0161en\u00ed. Amor vymyslel model Sabotage \u2013 sv\u016fj prvn\u00ed profesion\u00e1ln\u00ed n\u00e1vrh vlastn\u00edho no\u017ee \u2013 p\u0159i poslechu stejnojmenn\u00e9 rokenrolov\u00e9 p\u00edsn\u011b Black Sabbath. Pot\u00e9, co se design stal skute\u010dnost\u00ed, p\u0159it\u00e1hl zna\u010dnou pozornost v komunit\u011b zak\u00e1zkov\u00fdch no\u017e\u016f a rychle p\u0159ivedl Amora a jeho pr\u00e1ci do centra pozornosti. S t\u00edmto uzn\u00e1n\u00edm a ne tak jemn\u00fdm povzbuzen\u00edm n\u011bkter\u00fdch sv\u00fdch p\u0159\u00e1tel p\u0159edlo\u017eil n\u00e1vrh spole\u010dnosti Spyderco k posouzen\u00ed. Veden\u00ed Spyderca bylo mimo\u0159\u00e1dn\u011b ohromeno Amorov\u00fdm \u0159emesln\u00fdm um\u011bn\u00edm a jedine\u010dnost\u00ed jeho designu a rozhodlo se jej p\u0159izp\u016fsobit produk\u010dn\u00ed verzi \u2013 Subvert.<\/p>\n<p>\u00abSTANDARDN\u00cd\u00bb PODVERE<\/p>\n<p>Subvert, p\u0159edstaven\u00fd v roce 2018, je pe\u010dliv\u011b zpracovan\u00fd zav\u00edrac\u00ed n\u016f\u017e, kter\u00fd p\u0159esn\u011b zachycuje ka\u017ed\u00fd detail \u017e\u00e1dan\u00fdch vlastn\u00edch verz\u00ed Nati Amor v cenov\u011b dostupn\u00e9m a \u0161iroce dostupn\u00e9m form\u00e1tu. Srdcem designu je jeho dramaticky stylizovan\u00e1 \u010depel, kter\u00e1 je precizn\u011b brou\u0161ena z nerezov\u00e9 oceli CPM S30V vyroben\u00e9 z americk\u00e9 \u010d\u00e1sticov\u00e9 metalurgie. \u010cepel 4,14 palce (105 mm) s n\u00e1dhern\u011b sat\u00e9nov\u00fdm povrchem se vyzna\u010duje \u0161irok\u00fdm profilem, jemn\u00fdm zak\u0159iven\u00edm, v\u00fdrazn\u00fdm \u201eb\u0159ichem\u201c a zcela ploch\u00fdm brusem. Spole\u010dn\u011b tyto vlastnosti poskytuj\u00ed maxim\u00e1ln\u00ed d\u00e9lku b\u0159itu a geometrii b\u0159itu s n\u00edzk\u00fdm t\u0159en\u00edm pro extr\u00e9mn\u00ed \u0159ezn\u00fd v\u00fdkon. Aby bylo umo\u017en\u011bno rychl\u00e9, oboustrann\u00e9 otev\u00edr\u00e1n\u00ed jednou rukou, m\u00e1 \u010depel pln\u011b p\u0159\u00edstupn\u00fd kulat\u00fd otvor s ochrannou zn\u00e1mkou a \u00abbezhrb\u00fd\u00bb h\u0159bet, kter\u00fd udr\u017euje tenk\u00fd profil vhodn\u00fd do kapsy. \u010cepel je tak\u00e9 poh\u00e1n\u011bna dv\u011bma oto\u010dn\u00fdmi podlo\u017ekami s kuli\u010dkov\u00fdmi lo\u017eisky, kter\u00e9 zaji\u0161\u0165uj\u00ed mimo\u0159\u00e1dn\u011b hladk\u00fd chod.<\/p>\n<p>Rukoje\u0165 Subvertu je postavena na konstrukci z tlust\u00fdch, skeletovan\u00fdch titanov\u00fdch vlo\u017eek, kter\u00e9 j\u00ed dod\u00e1vaj\u00ed v\u00fdjime\u010dnou struktur\u00e1ln\u00ed pevnost a z\u00e1rove\u0148 udr\u017euj\u00ed jej\u00ed hmotnost na minimu. Vlo\u017eky tvo\u0159\u00ed z\u00e1klad pevn\u00e9ho mechanismu LinerLock, ale proto\u017ee maj\u00ed tlou\u0161\u0165ku 0,118 palce (3 mm), z\u00e1mek Subvert je v\u00edce podobn\u00fd s\u00edle z\u00e1mku Reeve Integral Lock (RIL, aka frame lock). Vlo\u017eky jsou pokryty jasn\u011b oran\u017eov\u00fdmi\u00a0 G10, kter\u00e9 jsou pe\u010dliv\u011b zaoblen\u00e9 a maj\u00ed jemn\u011b opracovanou r\u00fdhovanou texturu, kter\u00e1 zaru\u010duje bezpe\u010dn\u00fd a pohodln\u00fd \u00fachop. Na tup\u00e9m konci rukojeti jsou vlo\u017eky spojeny \u010d\u00e1ste\u010dnou backspacer vyrobenou z oran\u017eov\u00e9 G10. Backspacer zvy\u0161uje struktur\u00e1ln\u00ed pevnost rukojeti a z\u00e1rove\u0148 umo\u017e\u0148uje snadno \u010distiteln\u00fd styl konstrukce s otev\u0159enou h\u0159betem. Profil stupnic G10 odhaluje \u010d\u00e1st matn\u00fdch vlo\u017eek, aby umo\u017enil p\u0159\u00edstup k velkorys\u00e9mu otvoru pro \u0161\u0148\u016frku a doplnil estetiku obroben\u00fdch akcent\u016f na \u010depu \u010depu no\u017ee.<\/p>\n<p>Rukoje\u0165 Subvertu nab\u00edz\u00ed i p\u0159es svou velikost n\u00e1pln\u011b do ruky vynikaj\u00edc\u00ed ergonomii, d\u00edky kter\u00e9 je pou\u017e\u00edv\u00e1n\u00ed extr\u00e9mn\u011b pohodln\u00e9, a to i po del\u0161\u00ed dobu. Aby byla p\u0159ipravena pro okam\u017eit\u00fd p\u0159\u00edstup, obsahuje le\u0161t\u011bnou nerezovou kapesn\u00ed sponu konfigurovanou pro no\u0161en\u00ed na prav\u00e9 stran\u011b, sklopn\u00e9.<\/p>\n<p>THE SUBVERT SPRINT RUN (tento model)<\/p>\n<p>Subvert je extr\u00e9mn\u011b schopn\u00fd zav\u00edrac\u00ed n\u016f\u017e s kompletn\u00edmi slu\u017ebami, kter\u00fd skute\u010dn\u011b odr\u00e1\u017e\u00ed vynikaj\u00edc\u00ed \u0159emesln\u00e9 zpracov\u00e1n\u00ed a osobit\u00fd styl ru\u010dn\u011b vyr\u00e1b\u011bn\u00e9ho designu Nati Amor. Na oslavu tohoto jedine\u010dn\u00e9ho designu a jeho pov\u00fd\u0161en\u00ed na je\u0161t\u011b vy\u0161\u0161\u00ed \u00farove\u0148 sofistikovanosti Spyderco vytvo\u0159ilo elitn\u00ed verzi Sprint Run. Stejn\u011b jako v\u0161echny Sprint Runs se jedn\u00e1 o limitovanou edici, jednor\u00e1zov\u00e9 vyj\u00e1d\u0159en\u00ed tohoto modelu.<\/p>\n<p>Prvn\u00ed definuj\u00edc\u00ed vlastnost\u00ed Subvert Sprint Run je jeho \u010depel, kter\u00e1 je vyrobena z CPM 20CV Crucible Industries. Tato vysoce ot\u011bruvzdorn\u00e1 nerezov\u00e1 ocel z\u00edskan\u00e1 pr\u00e1\u0161kovou metalurgi\u00ed obsahuje velk\u00e9 mno\u017estv\u00ed karbid\u016f vanadu a nejvy\u0161\u0161\u00ed mno\u017estv\u00ed chr\u00f3mu ze v\u0161ech v sou\u010dasnosti dostupn\u00fdch nerezov\u00fdch ocel\u00ed bohat\u00fdch na vanad. Synergie t\u011bchto prvk\u016f d\u00e1v\u00e1 CPM 20CV pozoruhodnou kombinaci retence ost\u0159\u00ed, odolnosti proti korozi a hou\u017eevnatosti a z\u00e1rove\u0148 umo\u017e\u0148uje relativn\u011b snadn\u00e9 ost\u0159en\u00ed. Dramatick\u00e1, pln\u011b ploch\u00e1, sat\u00e9nov\u00e1 \u010depel tohoto Subvertu pln\u011b vyu\u017e\u00edv\u00e1 v\u0161ech t\u011bchto vlastnost\u00ed, aby nab\u00eddla v\u00fdjime\u010dn\u00fd \u0159ezn\u00fd v\u00fdkon, spolehlivost a u\u017eivatelskou p\u0159\u00edv\u011btivost.<\/p>\n<p>Nem\u00e9n\u011b unik\u00e1tn\u00ed, tvarovan\u00e9 \u0161upiny tohoto no\u017ee jsou precizn\u011b vyrobeny z pevn\u00fdch uhl\u00edkov\u00fdch vl\u00e1ken. Pe\u010dliv\u00fd proces obr\u00e1b\u011bn\u00ed pou\u017e\u00edvan\u00fd k tvarov\u00e1n\u00ed korunovan\u00fdch povrch\u016f vah tak\u00e9 vytv\u00e1\u0159\u00ed jemn\u00fd vzor textury pro lep\u0161\u00ed bezpe\u010dnost uchopen\u00ed a odhaluje \u00fa\u017easnou hloubku a slo\u017eitost vrstven\u00e9 konstrukce z uhl\u00edkov\u00fdch vl\u00e1ken.<\/p>\n<p>V\u0161echny ostatn\u00ed vlastnosti tohoto pozoruhodn\u00e9ho Sprint Run jsou v souladu se standardn\u00ed verz\u00ed Subvert, v\u010detn\u011b oto\u010dn\u00fdch podlo\u017eek s kuli\u010dkov\u00fdmi lo\u017eisky, tlust\u00fdch, skeletovan\u00fdch titanov\u00fdch vlo\u017eek, pevn\u00e9ho mechanismu LinerLock a vlastn\u00ed kapesn\u00ed spony konfigurovan\u00e9 pro vykl\u00e1p\u011bn\u00ed na prav\u00e9 stran\u011b. n\u00e9st.<\/p>\n<p>Bez ohledu na to, jakou verzi si vyberete, Subvert v\u011brn\u011b dod\u00e1v\u00e1 pe\u010dliv\u00e9 \u0159emesln\u00e9 zpracov\u00e1n\u00ed a prvot\u0159\u00eddn\u00ed materi\u00e1ly k\u00fd\u017een\u00e9ho vlastn\u00edho designu Nati Amor ve v\u00fdrobn\u00ed slo\u017ece na dosah ka\u017ed\u00e9ho opravdov\u00e9ho nad\u0161ence no\u017e\u016f.<\/p>\n<p>PROFIL DESIGN\u00c9RA<\/p>\n<p>Nati Amor<\/p>\n<p>Nathaniel \u00abNati\u00bb Amor je rychle vych\u00e1zej\u00edc\u00ed hv\u011bzda ve sv\u011bt\u011b zak\u00e1zkov\u00e9 v\u00fdroby no\u017e\u016f. P\u0159esto\u017ee jeho v\u00e1\u0161e\u0148 pro no\u017ee za\u010dala, kdy\u017e byl d\u00edt\u011b v Tel Avivu, jeho cesta st\u00e1t se zak\u00e1zkov\u00fdm no\u017e\u00ed\u0159em byla jedine\u010dn\u011b \u201enep\u0159\u00edm\u00e1\u201c.<\/p>\n<p>Po dokon\u010den\u00ed standardn\u00edho vzd\u011bl\u00e1n\u00ed se Amor form\u00e1ln\u011b vyu\u010dil zlatn\u00edkem a nakonec pracoval 17 let jako profesion\u00e1ln\u00ed klenotn\u00edk. Specializoval se na v\u00fdrobu p\u00e1nsk\u00fdch \u0161perk\u016f, v\u010detn\u011b n\u00e1ramk\u016f, prsten\u016f a man\u017eetov\u00fdch knofl\u00ed\u010dk\u016f za pou\u017eit\u00ed zlata, mincovn\u00edho st\u0159\u00edbra, diamant\u016f a dal\u0161\u00edch drah\u00fdch kamen\u016f. B\u011bhem t\u00e9to doby jeho z\u00e1jem o no\u017ee st\u00e1le rostl a stal se aktivn\u00edm \u010dlenem r\u016fzn\u00fdch internetov\u00fdch f\u00f3r v\u011bnovan\u00fdch no\u017e\u016fm a souvisej\u00edc\u00edm um\u011bleck\u00fdm form\u00e1m. Jako prvn\u00ed p\u0159emost\u011bn\u00ed od sv\u00e9 profese klenotn\u00edka do sv\u011bta no\u017e\u016f za\u010dal tak\u00e9 vyr\u00e1b\u011bt zak\u00e1zkov\u00e9 kor\u00e1lky na krk pro dal\u0161\u00ed nad\u0161ence do no\u017e\u016f.<\/p>\n<p>Bod zlomu pro Amorovo rozhodnut\u00ed zkusit vyrobit no\u017ee s\u00e1m p\u0159i\u0161el ve dvou podob\u00e1ch. Nejprve si ud\u011blal v\u00fdlet s nekvalitn\u00edm no\u017eem pro ka\u017edodenn\u00ed no\u0161en\u00ed a byl extr\u00e9mn\u011b zklam\u00e1n jeho v\u00fdkonem jako \u0159ezn\u00e9ho n\u00e1stroje. Tato zku\u0161enost ho vedla k p\u0159esv\u011bd\u010den\u00ed, \u017ee dok\u00e1\u017ee vyrobit no\u017ee, kter\u00e9 nab\u00edzej\u00ed lep\u0161\u00ed a spolehliv\u011bj\u0161\u00ed v\u00fdkon.<\/p>\n<p>P\u0159ibli\u017en\u011b ve stejnou dobu m\u011bl Amor to \u0161t\u011bst\u00ed, \u017ee se na f\u00f3ru no\u017e\u00ed\u0159\u016f setkal s izraelsk\u00fdm krajanem a sp\u0159\u00edzn\u011bnou du\u0161\u00ed Lee Lermanem. Lerman byl tak\u00e9 v\u00e1\u0161niv\u00fdm nad\u0161encem no\u017e\u016f, kter\u00fd snil o tom, \u017ee opust\u00ed svou profesi tesa\u0159e a bude vyr\u00e1b\u011bt no\u017ee. Ve 22 letech to ud\u011blal a zasv\u011btil sv\u016fj \u017eivot zak\u00e1zkov\u00e9 v\u00fdrob\u011b no\u017e\u016f.<\/p>\n<p>Amor a Lerman se stali p\u0159\u00e1teli a Nati brzy za\u010dala sd\u00edlet n\u00e1\u010drtky jeho n\u00e1pad\u016f na n\u00e1vrhy no\u017e\u016f. Lerman poskytl zp\u011btnou vazbu o technick\u00fdch aspektech n\u00e1vrh\u016f a nakonec Amora mentoroval v um\u011bn\u00ed v\u00fdroby zav\u00edrac\u00edch no\u017e\u016f ve stylu flipper.<\/p>\n<p>N\u00e1sleduj\u00edc\u00edch \u0161est let vyr\u00e1b\u011bl Amor zav\u00edrac\u00ed no\u017ee v\u00fdhradn\u011b pro sv\u00e9 pot\u011b\u0161en\u00ed. Jeho ran\u00e9 \u00fasil\u00ed \u010dinilo v pr\u016fm\u011bru asi jeden n\u016f\u017e za rok a v\u011bt\u0161inou \u0161lo o vzory ve stylu tanto. V\u0161e se v\u0161ak zm\u011bnilo v roce 2016, kdy odhalil sv\u016fj prvn\u00ed profesion\u00e1ln\u00ed design, \u201eSabot\u00e1\u017e\u201c. Jeho v\u00fdjime\u010dn\u00e1 vyv\u00e1\u017eenost stylu a funk\u010dnosti p\u0159it\u00e1hla velkou pozornost v komunit\u011b zak\u00e1zkov\u00fdch no\u017e\u016f a z\u00e1jem o dostupnost Amorova d\u00edla raketov\u011b vzrostl. Amor, nad\u0161en\u00fd reakc\u00ed na jeho design, okam\u017eit\u011b zm\u011bnil sm\u011br sv\u00e9 kari\u00e9ry a stal se no\u017e\u00ed\u0159em na pln\u00fd \u00favazek.<\/p>\n<p>Pod svou obchodn\u00ed zna\u010dkou Black Snow Customs se Amor specializuje na v\u00fdrobu zav\u00edrac\u00edch no\u017e\u016f s velkou \u010depel\u00ed, taktick\u00fdch t\u00e9mat, kter\u00e9 odr\u00e1\u017eej\u00ed kr\u00e1su, p\u0159esnost a vyt\u0159\u00edbenou estetiku jeho klenotnick\u00fdch dovednost\u00ed. Miluje experimentov\u00e1n\u00ed s exotick\u00fdmi materi\u00e1ly, jako je mokume gane (ne\u017eelezn\u00fd materi\u00e1l podobn\u00fd Dama\u0161ku), MokuTi (mokume na b\u00e1zi titanu), zirkonium a dama\u0161kov\u00e1 ocel a za\u010dle\u0148uje je do mnoha sv\u00fdch no\u017e\u016f. Prozat\u00edm jsou v\u0161echny jeho modely vybaveny titanov\u00fdmi z\u00e1mky LinerLocks a \u010depy s kuli\u010dkov\u00fdmi lo\u017eisky, i kdy\u017e douf\u00e1, \u017ee v budoucnu zvl\u00e1dne mechaniku dal\u0161\u00edch z\u00e1mkov\u00fdch mechanism\u016f.<\/p>\n<p>Amor pe\u010dliv\u011b vyr\u00e1b\u00ed sv\u00e9 no\u017ee jeden po druh\u00e9m ru\u010dn\u011b a ka\u017ed\u00fd jeho v\u00fdtvor je jedine\u010dn\u00fdm, osobit\u00fdm um\u011bleck\u00fdm d\u00edlem. Dokonce i jeho nejz\u00e1kladn\u011bj\u0161\u00ed no\u017ee se prod\u00e1vaj\u00ed za n\u011bkolik tis\u00edc dolar\u016f, zat\u00edmco ty s dama\u0161kovou \u010depel\u00ed a dal\u0161\u00edmi pr\u00e9miov\u00fdmi materi\u00e1ly maj\u00ed hodnotu p\u0159es 10 000 dolar\u016f.<\/p>\n<p>Nati Amor je v\u00fdjime\u010dn\u011b talentovan\u00fd design\u00e9r a \u0159emesln\u00edk, jeho\u017e talent skute\u010dn\u011b posouv\u00e1 hranice no\u017e\u00ed\u0159sk\u00e9ho um\u011bn\u00ed. Spyderco je nesm\u00edrn\u011b hrd\u00e9 na to, \u017ee m\u00e1 p\u0159\u00edle\u017eitost s n\u00edm spolupracovat, a je jim ct\u00ed sd\u00edlet jeho vizi v\u00fdroby no\u017e\u016f se sv\u00fdm publikem.<\/p>\n<p>Specifikace:<br \/>\nD\u00e9lka \u010depele: 10.5 cm<br \/>\nD\u00e9lka v zav\u0159en\u00e9m stavu: 13.2 cm<br \/>\nCelkov\u00e1 d\u00e9lka: 23.6 cm<br \/>\nTlou\u0161\u0165ka \u010depele: 0,4 cm<br \/>\nMateri\u00e1l \u010depele: CPM-20CV Nerezov\u00e1 ocel<br \/>\nStyl \u010depele: Drop Point<br \/>\nBrou\u0161en\u00ed \u010depele: Pln\u011b ploch\u00e9<br \/>\nPovrchov\u00e1 \u00faprava \u010depele: sat\u00e9n<br \/>\nOst\u0159\u00ed \u010depele: Hladk\u00e9<br \/>\nMateri\u00e1l rukojeti: Carbon Fiber<br \/>\nBarva rukojeti: \u010cern\u00e1<br \/>\nUzamykac\u00ed mechanismus: Liner Lock<br \/>\nKapesn\u00ed klip: Vykl\u00e1p\u011bc\u00ed, prav\u00e9 no\u0161en\u00ed<br \/>\n\u010c\u00edslo modelu: C239CFP<br \/>\nN\u00e1zev modelu: Subvert Sprtin Run<br \/>\nDesign\u00e9r: Nati Amor<br \/>\nHmotnost: 5,9 oz. (167 g)<\/p>\n","protected":false},"excerpt":{"rendered":"<p><strong>Subvert, navr\u017een\u00fd izraelsk\u00fdm rod\u00e1kem Nathanielem Amorem, neboli \u201eNati\u201c, jak je zn\u00e1m\u011bj\u0161\u00ed, v\u011brn\u011b p\u0159ev\u00e1d\u00ed sv\u016fj na zak\u00e1zku vyroben\u00fd model \u201eSabot\u00e1\u017e\u201c do skv\u011ble zpracovan\u00e9ho produk\u010dn\u00edho zav\u00edrac\u00edho no\u017ee.<\/strong><\/p>\n<p><strong>Doprava zdarma.<\/strong><\/p>\n","protected":false},"featured_media":261023,"comment_status":"open","ping_status":"closed","template":"","meta":[],"pwb-brand":[567],"product_brand":[],"product_cat":[22,17],"product_tag":[3667],"class_list":{"0":"post-261022","1":"product","2":"type-product","3":"status-publish","4":"has-post-thumbnail","6":"pwb-brand-spyderco","7":"product_cat-zaviraci-noze","8":"product_cat-noze","9":"product_tag-b2b","11":"first","12":"instock","13":"taxable","14":"shipping-taxable","15":"purchasable","16":"product-type-simple"},"brands":[{"id":567,"name":"Spyderco","slug":"spyderco"}],"_links":{"self":[{"href":"https:\/\/www.moskito.cz\/es\/wp-json\/wp\/v2\/product\/261022","targetHints":{"allow":["GET"]}}],"collection":[{"href":"https:\/\/www.moskito.cz\/es\/wp-json\/wp\/v2\/product"}],"about":[{"href":"https:\/\/www.moskito.cz\/es\/wp-json\/wp\/v2\/types\/product"}],"replies":[{"embeddable":true,"href":"https:\/\/www.moskito.cz\/es\/wp-json\/wp\/v2\/comments?post=261022"}],"wp:featuredmedia":[{"embeddable":true,"href":"https:\/\/www.moskito.cz\/es\/wp-json\/wp\/v2\/media\/261023"}],"wp:attachment":[{"href":"https:\/\/www.moskito.cz\/es\/wp-json\/wp\/v2\/media?parent=261022"}],"wp:term":[{"taxonomy":"pwb-brand","embeddable":true,"href":"https:\/\/www.moskito.cz\/es\/wp-json\/wp\/v2\/pwb-brand?post=261022"},{"taxonomy":"product_brand","embeddable":true,"href":"https:\/\/www.moskito.cz\/es\/wp-json\/wp\/v2\/product_brand?post=261022"},{"taxonomy":"product_cat","embeddable":true,"href":"https:\/\/www.moskito.cz\/es\/wp-json\/wp\/v2\/product_cat?post=261022"},{"taxonomy":"product_tag","embeddable":true,"href":"https:\/\/www.moskito.cz\/es\/wp-json\/wp\/v2\/product_tag?post=261022"}],"curies":[{"name":"wp","href":"https:\/\/api.w.org\/{rel}","templated":true}]}}