{"id":261040,"date":"2023-12-04T20:33:28","date_gmt":"2023-12-04T19:33:28","guid":{"rendered":"https:\/\/www.moskito.cz\/?post_type=product&#038;p=261040"},"modified":"2025-05-07T10:54:32","modified_gmt":"2025-05-07T09:54:32","slug":"zaviraci-nuz-spyderco-uptern-c261ps","status":"publish","type":"product","link":"https:\/\/www.moskito.cz\/es\/produkt\/zaviraci-nuz-spyderco-uptern-c261ps\/","title":{"rendered":"Zav\u00edrac\u00ed N\u016f\u017e Spyderco UpTern C261PS"},"content":{"rendered":"<p>Zav\u00edrac\u00ed N\u016f\u017e <strong>Spyderco<\/strong> UpTern C261PS<\/p>\n<p>V roce 2004 <strong>Spyderco<\/strong> p\u0159edstavilo obl\u00edbenou \u0159adu no\u017e\u016f byrd jako cenov\u011b v\u00fdhodnou alternativu k jejich pr\u00e9miov\u00fdm produkt\u016fm Spyderco. P\u0159i jejich navrhov\u00e1n\u00ed \u010derpali inspiraci p\u0159\u00edmo ze sv\u00fdch nejprod\u00e1van\u011bj\u0161\u00edch model\u016f Spyderco. Nap\u0159\u00edklad Endura inspirovala Cara Cara, Delica byla z\u00e1kladem Meadowlark a Dragonfly byla inspirac\u00ed pro Robina. Ve vz\u00e1cn\u00fdch p\u0159\u00edpadech v\u0161ak designov\u00e1 inspirace proud\u00ed opa\u010dn\u00fdm sm\u011brem. P\u0159\u00edkladem je Spyderco UpTern.<\/p>\n<p>Jak jeho n\u00e1zev nen\u00e1padn\u011b napov\u00edd\u00e1, UpTern je vylep\u0161enou verz\u00ed Ternu \u2013 modelu byrd poprv\u00e9 p\u0159edstaven\u00e9ho v roce 2012. Tern, navr\u017een\u00fd spoluzakladatelem Spyderco Salem Glesserem, byl prvn\u00edm a doposud jedin\u00fdm modelem byrd bez zamyk\u00e1n\u00ed. N\u00e1sledovalo to v duchu pr\u016fkopnick\u00e9ho britsk\u00e9ho pera Spyderco, kter\u00fd byl vytvo\u0159en, aby vyhov\u011bl omezuj\u00edc\u00edm z\u00e1kon\u016fm o no\u017e\u00edch uz\u00e1kon\u011bn\u00fdm ve Spojen\u00e9m kr\u00e1lovstv\u00ed, kter\u00e9 zakazovaly no\u0161en\u00ed no\u017e\u016f s otev\u00edr\u00e1n\u00edm jednou rukou se zaji\u0161\u0165ovac\u00ed \u010depel\u00ed. UK Penknife p\u0159evzal \u017e\u00e1nr definuj\u00edc\u00ed koncept CLIPIT \u2013 zav\u00edrac\u00ed n\u016f\u017e s uzamykatelnou \u010depel\u00ed, kter\u00fd se otev\u00edr\u00e1 jednou rukou a nese sponu \u2013 a zkombinoval jej s pr\u00e1vn\u00ed a soci\u00e1ln\u00ed p\u0159\u00edv\u011btivost\u00ed \u010depele bez aretace. V\u00fdsledkem byl SLIPIT \u2013 nov\u00fd druh kapesn\u00edho no\u017ee, kter\u00fd p\u0159edvedl mechanismus s ozuben\u00fdm kloubem, kter\u00fd mechanicky nezamykal \u010depel, ale dr\u017eel ji otev\u0159enou bezpe\u010dn\u011bji ne\u017e tradi\u010dn\u00ed posuvn\u00fd kloub. Nab\u00edzel tak\u00e9 snadn\u00e9 p\u0159en\u00e1\u0161en\u00ed kapesn\u00ed spony a pohodln\u00e9 otev\u00edr\u00e1n\u00ed kulat\u00e9ho otvoru s ochrannou zn\u00e1mkou Spyderco jednou rukou.<\/p>\n<p>Tern p\u0159evedl koncept SLIPIT do linie byrd a nab\u00edz\u00ed kompaktn\u00ed, snadno p\u0159enosn\u00fd kapesn\u00ed n\u016f\u017e s celoplo\u0161n\u011b brou\u0161enou \u010depel\u00ed z nerezov\u00e9 oceli 8Cr13MoV, \u0161upinami G-10 s odlupovac\u00ed vrstvou a oboustrannou hlubokou kapsou. dr\u00e1t\u011bn\u00e1 spona konfigurovan\u00e1 pro no\u0161en\u00ed sklopnou. I kdy\u017e vym\u011bnilo Spyderco&#8217;s Trademark Round Hole za Byrd&#8217;s Comet-Shaped Hole, st\u00e1le nab\u00edzelo rychl\u00e9, oboustrann\u00e9 otev\u00edr\u00e1n\u00ed jednou rukou. Nejlep\u0161\u00ed ze v\u0161eho je, \u017ee to v\u0161echno dok\u00e1zal \u2013 a d\u011bl\u00e1 to i nad\u00e1le \u2013 za extr\u00e9mn\u011b dostupnou cenu.<\/p>\n<p>P\u0159esto\u017ee Tern nen\u00ed nejobl\u00edben\u011bj\u0161\u00ed slo\u017ekou Byrdu, rychle p\u0159il\u00e1kal velmi oddan\u00e9 z\u00e1kazn\u00edky. Kdy\u017e se Spyderco hloub\u011bji zab\u00fdvalo d\u016fvody jeho popularity, zjistilo, \u017ee jeho fanou\u0161ci ocenili jeho pohodlnou velikost a nezam\u011bniteln\u011b klasick\u00e9 designov\u00e9 linie Spyderco. Vzhledem k t\u011bmto kvalit\u00e1m, oddanosti na\u0161ich z\u00e1kazn\u00edk\u016f designu a skute\u010dnosti, \u017ee vych\u00e1zel z mysli Sala Glessera, \u201eupgradovan\u00e1\u201c verze Ternu brzy d\u00e1vala velk\u00fd smysl. V\u00fdsledkem je Spyderco UpTern.<\/p>\n<p>UpTern v\u011brn\u011b zachov\u00e1v\u00e1 stejn\u00e9 stylov\u00e9 linie a jemn\u011b vylad\u011bnou synergii pohodl\u00ed, \u0159ezn\u00e9ho v\u00fdkonu a stylu jako jeho p\u0159edch\u016fdce. Je\u0161t\u011b lep\u0161\u00ed je, \u017ee jako hrd\u00fd \u010dlen rodiny Value Folder spole\u010dnosti spyderco to v\u0161echno d\u011bl\u00e1 za p\u0159\u00edznivou cenu. P\u0159esto\u017ee jeho profil z\u016fst\u00e1v\u00e1 stejn\u00fd, vym\u011b\u0148uje v\u00e1hy s rukojet\u00ed Tern G-10 za pevnou, celonerezovou konstrukci. Nerezov\u00e1 rukoje\u0165, kter\u00e1 p\u0159ipom\u00edn\u00e1 nejstar\u0161\u00ed klasick\u00e9 designy Spyderco, m\u00e1 n\u00fdtovanou konstrukci, kr\u00e1sn\u011b brou\u0161en\u00fd h\u0159bet a hezk\u00fd sat\u00e9nov\u00fd povrch. P\u0159id\u00e1v\u00e1 tak\u00e9 robustn\u00ed zadn\u00ed uzamykac\u00ed mechanismus, kter\u00fd zablokuje \u010depel bezpe\u010dn\u011b otev\u0159enou b\u011bhem pou\u017e\u00edv\u00e1n\u00ed, a pln\u011b konfigurovatelnou \u010dty\u0159polohovou sponu p\u0159es\u00fdpac\u00edch hodin, kter\u00e1 podporuje no\u0161en\u00ed na lev\u00e9 nebo prav\u00e9 stran\u011b, nakl\u00e1p\u011bn\u00ed nebo skl\u00e1p\u011bn\u00ed.<\/p>\n<p>Stejn\u011b jako v\u011bt\u0161ina \u010dlen\u016f na\u0161\u00ed rodiny Value Folder je \u010depel UpTern vyrobena z \u010dasem prov\u011b\u0159en\u00e9 nerezov\u00e9 oceli 8Cr13MoV. Pln\u011b ploch\u00fd povrch pro v\u00fdjime\u010dnou geometrii hran a hrd\u011b p\u0159edv\u00e1d\u00ed pln\u011b p\u0159\u00edstupn\u00fd kulat\u00fd otvor pro pozitivn\u00ed, oboustrann\u00e9 otev\u00edr\u00e1n\u00ed jednou rukou. Zahrnuje tak\u00e9 50\/50 ukazov\u00e1\u010dek a n\u00e1jezd na palec s odpov\u00eddaj\u00edc\u00edm dr\u00e1\u017ekov\u00e1n\u00edm (texturovan\u00e9 dr\u00e1\u017eky), kter\u00e9 umo\u017e\u0148uj\u00ed \u00abp\u0159i\u0161krcen\u00fd\u00bb \u00fachop pro lep\u0161\u00ed obratnost a kontrolu.<\/p>\n<p>UpTern, kter\u00fd je k dispozici v r\u016fzn\u00fdch konfigurac\u00edch \u010depele PlainEdge nebo \u010d\u00e1ste\u010dn\u011b zoubkovan\u00e9 CombinationEdge (tento model), povy\u0161uje p\u016fvodn\u00ed design Tern od Sala Glessera na design \u010depele s kulat\u00fdm otvorem v klasick\u00e9m stylu Spyderco ze star\u00e9 \u0161koly.<\/p>\n<p>Specifikace<br \/>\nD\u00e9lka \u010depele: 7.2 cm<br \/>\nD\u00e9lka v zav\u0159en\u00e9m stavu: 9.7 cm<br \/>\nCelkov\u00e1 d\u00e9lka: 16.7 cm<br \/>\nTlou\u0161\u0165ka \u010depele: 0,26 cm<br \/>\nMateri\u00e1l \u010depele: Nerezov\u00e1 ocel 8Cr13MoV<br \/>\nStyl \u010depele: Drop Point<br \/>\nBrou\u0161en\u00ed \u010depele: Pln\u011b ploch\u00e9<br \/>\nPovrchov\u00e1 \u00faprava \u010depele: sat\u00e9n<br \/>\nBlade Edge: Combo<br \/>\nMateri\u00e1l rukojeti: Nerezov\u00e1 ocel<br \/>\nBarva rukojeti: St\u0159\u00edbrn\u00e1<br \/>\nUzamykac\u00ed mechanismus: Lockback<br \/>\nKapesn\u00ed klip: Sklopen\u00ed nahoru\/dol\u016f, no\u0161en\u00ed vlevo\/vpravo<br \/>\n\u010c\u00edslo modelu: C261PS<br \/>\nN\u00e1zev modelu: UpTern<br \/>\nHmotnost: 105 g<\/p>\n","protected":false},"excerpt":{"rendered":"<p><strong>V roce 2004 Spyderco p\u0159edstavilo obl\u00edbenou \u0159adu no\u017e\u016f byrd jako cenov\u011b v\u00fdhodnou alternativu k jejich pr\u00e9miov\u00fdm produkt\u016fm Spyderco.<\/strong><\/p>\n","protected":false},"featured_media":261041,"comment_status":"open","ping_status":"closed","template":"","meta":[],"pwb-brand":[567],"product_brand":[],"product_cat":[22,17],"product_tag":[3667],"class_list":{"0":"post-261040","1":"product","2":"type-product","3":"status-publish","4":"has-post-thumbnail","6":"pwb-brand-spyderco","7":"product_cat-zaviraci-noze","8":"product_cat-noze","9":"product_tag-b2b","11":"first","12":"outofstock","13":"taxable","14":"shipping-taxable","15":"purchasable","16":"product-type-simple"},"brands":[{"id":567,"name":"Spyderco","slug":"spyderco"}],"_links":{"self":[{"href":"https:\/\/www.moskito.cz\/es\/wp-json\/wp\/v2\/product\/261040","targetHints":{"allow":["GET"]}}],"collection":[{"href":"https:\/\/www.moskito.cz\/es\/wp-json\/wp\/v2\/product"}],"about":[{"href":"https:\/\/www.moskito.cz\/es\/wp-json\/wp\/v2\/types\/product"}],"replies":[{"embeddable":true,"href":"https:\/\/www.moskito.cz\/es\/wp-json\/wp\/v2\/comments?post=261040"}],"wp:featuredmedia":[{"embeddable":true,"href":"https:\/\/www.moskito.cz\/es\/wp-json\/wp\/v2\/media\/261041"}],"wp:attachment":[{"href":"https:\/\/www.moskito.cz\/es\/wp-json\/wp\/v2\/media?parent=261040"}],"wp:term":[{"taxonomy":"pwb-brand","embeddable":true,"href":"https:\/\/www.moskito.cz\/es\/wp-json\/wp\/v2\/pwb-brand?post=261040"},{"taxonomy":"product_brand","embeddable":true,"href":"https:\/\/www.moskito.cz\/es\/wp-json\/wp\/v2\/product_brand?post=261040"},{"taxonomy":"product_cat","embeddable":true,"href":"https:\/\/www.moskito.cz\/es\/wp-json\/wp\/v2\/product_cat?post=261040"},{"taxonomy":"product_tag","embeddable":true,"href":"https:\/\/www.moskito.cz\/es\/wp-json\/wp\/v2\/product_tag?post=261040"}],"curies":[{"name":"wp","href":"https:\/\/api.w.org\/{rel}","templated":true}]}}