{"id":261485,"date":"2023-12-13T20:05:01","date_gmt":"2023-12-13T19:05:01","guid":{"rendered":"https:\/\/www.moskito.cz\/?post_type=product&#038;p=261485"},"modified":"2025-05-07T10:54:44","modified_gmt":"2025-05-07T09:54:44","slug":"zaviraci-nuz-columbia-river-crkt-lcbk-3830","status":"publish","type":"product","link":"https:\/\/www.moskito.cz\/es\/produkt\/zaviraci-nuz-columbia-river-crkt-lcbk-3830\/","title":{"rendered":"Zav\u00edrac\u00ed N\u016f\u017e Columbia River CRKT LCBK 3830"},"content":{"rendered":"<p>Zav\u00edrac\u00ed N\u016f\u017e Columbia River <strong>CRKT<\/strong> LCBK 3830<\/p>\n<div class=\"flex-1 overflow-hidden @container\/thread\">\n<div class=\"h-full\">\n<div class=\"react-scroll-to-bottom--css-quzxw-79elbk h-full\">\n<div class=\"react-scroll-to-bottom--css-quzxw-1n7m0yu\">\n<div class=\"flex flex-col text-sm\">\n<article class=\"w-full scroll-mb-[var(--thread-trailing-height,150px)] text-token-text-primary focus-visible:outline-2 focus-visible:outline-offset-[-4px]\" dir=\"auto\" data-testid=\"conversation-turn-231\" data-scroll-anchor=\"true\">\n<div class=\"m-auto text-base py-[18px] px-3 md:px-4 w-full md:px-5 lg:px-4 xl:px-5\">\n<div class=\"mx-auto flex flex-1 gap-4 text-base md:gap-5 lg:gap-6 md:max-w-3xl\">\n<div class=\"group\/conversation-turn relative flex w-full min-w-0 flex-col agent-turn\">\n<div class=\"flex-col gap-1 md:gap-3\">\n<div class=\"flex max-w-full flex-col flex-grow\">\n<div class=\"min-h-8 text-message flex w-full flex-col items-end gap-2 whitespace-normal break-words text-start [.text-message+&amp;]:mt-5\" dir=\"auto\" data-message-author-role=\"assistant\" data-message-id=\"6706c484-39db-4782-8ad0-481f38a5b3d3\" data-message-model-slug=\"gpt-4o-mini\">\n<div class=\"flex w-full flex-col gap-1 empty:hidden first:pt-[3px]\">\n<div class=\"markdown prose w-full break-words dark:prose-invert light\">\n<p><strong>Zav\u00edrac\u00ed N\u016f\u017e Columbia River CRKT LCBK 3830<\/strong> je skv\u011blou volbou pro ty, kte\u0159\u00ed hledaj\u00ed <strong>v\u00fdkonn\u00fd, kompaktn\u00ed a robustn\u00ed n\u016f\u017e pro ka\u017edodenn\u00ed no\u0161en\u00ed (EDC)<\/strong>. Tento n\u016f\u017e, navr\u017een\u00fd <strong>Matthewem Lerchem<\/strong> a vyr\u00e1b\u011bn\u00fd v <strong>USA<\/strong>, zaujme nejen modern\u00edm designem, ale i vysoce kvalitn\u00edmi materi\u00e1ly a technick\u00fdm proveden\u00edm.<\/p>\n<h3>Hlavn\u00ed vlastnosti:<\/h3>\n<ol>\n<li><strong>Ocel \u010depele: 154CM<\/strong>\n<ul>\n<li><strong>154CM<\/strong> je nerezov\u00e1 ocel s vynikaj\u00edc\u00ed <strong>odolnost\u00ed proti korozi<\/strong> a <strong>dlouhou \u017eivotnost\u00ed ost\u0159\u00ed<\/strong>. Je zn\u00e1m\u00e1 pro svou schopnost <strong>udr\u017eet ost\u0159\u00ed<\/strong> i p\u0159i intenzivn\u00edm pou\u017e\u00edv\u00e1n\u00ed, co\u017e je ide\u00e1ln\u00ed pro ka\u017edodenn\u00ed \u0159ez\u00e1n\u00ed a \u0159ezn\u00e9 \u00fakoly.<\/li>\n<li>Tato ocel je rovn\u011b\u017e <strong>tvrd\u00e1<\/strong>, co\u017e zaru\u010duje, \u017ee se \u010depel bude chovat stabiln\u011b i p\u0159i n\u00e1ro\u010dn\u011bj\u0161\u00edm pou\u017eit\u00ed.<\/li>\n<\/ul>\n<\/li>\n<li><strong>Styl \u010depele: Reverse Tanto<\/strong>\n<ul>\n<li><strong>Reverse Tanto<\/strong> styl \u010depele je zn\u00e1m\u00fd pro svou <strong>pevnost v hrotu<\/strong>, co\u017e z n\u011bj \u010din\u00ed skv\u011bl\u00fd n\u00e1stroj pro <strong>precizn\u00ed \u0159ez\u00e1n\u00ed<\/strong> a <strong>pr\u00e1ce, kter\u00e9 vy\u017eaduj\u00ed vysok\u00fd tlak na \u0161pi\u010dku \u010depele<\/strong>. Tento tvar je ide\u00e1ln\u00ed pro <strong>pro\u0159ez\u00e1v\u00e1n\u00ed<\/strong>, <strong>\u0159e\u0161en\u00ed tvrd\u0161\u00edch materi\u00e1l\u016f<\/strong> a <strong>pevn\u00e9 no\u0161en\u00ed<\/strong>.<\/li>\n<\/ul>\n<\/li>\n<li><strong>Uzamykac\u00ed mechanismus: Crossbar Lock<\/strong>\n<ul>\n<li><strong>Crossbar Lock<\/strong> je jeden z nejbezpe\u010dn\u011bj\u0161\u00edch a nejspolehliv\u011bj\u0161\u00edch uzamykac\u00edch mechanism\u016f na trhu. Tento z\u00e1mek je <strong>oboustrann\u00fd<\/strong>, co\u017e znamen\u00e1, \u017ee lze n\u016f\u017e snadno otev\u0159\u00edt i uzav\u0159\u00edt <strong>jednou rukou<\/strong>, a to jak pro prav\u00e1ky, tak pro lev\u00e1ky.<\/li>\n<li>Tento mechanismus zaji\u0161\u0165uje, \u017ee \u010depel bude <strong>pevn\u011b dr\u017eet<\/strong> a nespust\u00ed se p\u0159i pou\u017e\u00edv\u00e1n\u00ed, a z\u00e1rove\u0148 je snadn\u00e9 ji bezpe\u010dn\u011b zav\u0159\u00edt.<\/li>\n<\/ul>\n<\/li>\n<li><strong>Rukoje\u0165: G10<\/strong>\n<ul>\n<li><strong>Rukoje\u0165 G10<\/strong> je velmi <strong>odoln\u00e1<\/strong>, <strong>lehce protiskluzov\u00e1<\/strong> a <strong>odoln\u00e1 v\u016f\u010di vlhkosti<\/strong> a <strong>extr\u00e9mn\u00edm podm\u00ednk\u00e1m<\/strong>. Poskytuje velmi dobr\u00fd \u00fachop i v mokr\u00fdch nebo kluzk\u00fdch podm\u00ednk\u00e1ch. Nav\u00edc je <strong>lehk\u00e1<\/strong>, co\u017e p\u0159isp\u00edv\u00e1 k celkov\u00e9 n\u00edzk\u00e9 hmotnosti no\u017ee.<\/li>\n<\/ul>\n<\/li>\n<li><strong>Kapesn\u00ed klip<\/strong>\n<ul>\n<li><strong>Hlubok\u00fd kapesn\u00ed klip<\/strong> zaji\u0161\u0165uje, \u017ee n\u016f\u017e bude <strong>sede hluboko v kapse<\/strong>, co\u017e je ide\u00e1ln\u00ed pro no\u0161en\u00ed na denn\u00ed b\u00e1zi. Tento design znamen\u00e1, \u017ee <strong>n\u016f\u017e je diskr\u00e9tn\u00ed<\/strong> a nezab\u00edr\u00e1 p\u0159\u00edli\u0161 m\u00edsta v kapse.<\/li>\n<\/ul>\n<\/li>\n<li><strong>Povrchov\u00e1 \u00faprava \u010depele: Bead Blast<\/strong>\n<ul>\n<li><strong>Bead Blast<\/strong> povrchov\u00e1 \u00faprava na \u010depeli nejen zlep\u0161uje jej\u00ed vzhled, ale tak\u00e9 poskytuje jemnou texturu, kter\u00e1 pom\u00e1h\u00e1 p\u0159i <strong>prevenci zne\u010di\u0161t\u011bn\u00ed<\/strong> a <strong>zlep\u0161uje odolnost proti opot\u0159eben\u00ed<\/strong>.<\/li>\n<\/ul>\n<\/li>\n<li><strong>V\u0161estrann\u00fd a lehk\u00fd design<\/strong>\n<ul>\n<li>S hmotnost\u00ed pouh\u00fdch <strong>2,80 oz (79,38 g)<\/strong> je n\u016f\u017e <strong>ultra lehk\u00fd<\/strong>, co\u017e \u010din\u00ed jeho no\u0161en\u00ed pohodln\u00fdm a bezprobl\u00e9mov\u00fdm b\u011bhem cel\u00e9ho dne. LCBK je ide\u00e1ln\u00ed pro ka\u017edodenn\u00ed no\u0161en\u00ed, kdy pot\u0159ebujete spolehliv\u00fd n\u00e1stroj, kter\u00fd <strong>nezat\u00ed\u017e\u00ed va\u0161i kapsu<\/strong>.<\/li>\n<\/ul>\n<\/li>\n<\/ol>\n<h3>Specifikace:<\/h3>\n<ul>\n<li><strong>D\u00e9lka \u010depele<\/strong>: 8.84 cm<\/li>\n<li><strong>D\u00e9lka rukojeti<\/strong>: 11.43 cm<\/li>\n<li><strong>Celkov\u00e1 d\u00e9lka<\/strong>: 20.32 cm<\/li>\n<li><strong>Materi\u00e1l \u010depele<\/strong>: 154CM nerezov\u00e1 ocel<\/li>\n<li><strong>Tlou\u0161\u0165ka \u010depele<\/strong>: 0,31 cm<\/li>\n<li><strong>Styl \u010depele<\/strong>: Reverse Tanto<\/li>\n<li><strong>Povrchov\u00e1 \u00faprava \u010depele<\/strong>: Bead Blast<\/li>\n<li><strong>Materi\u00e1l rukojeti<\/strong>: \u010cern\u00e1 G10<\/li>\n<li><strong>Materi\u00e1l vlo\u017eky<\/strong>: Nerezov\u00e1 ocel<\/li>\n<li><strong>Uzamykac\u00ed mechanismus<\/strong>: Crossbar Lock<\/li>\n<li><strong>Kapesn\u00ed klip<\/strong>: Vykl\u00e1p\u011bc\u00ed, prav\u00e9 no\u0161en\u00ed<\/li>\n<li><strong>Hmotnost<\/strong>: 2,80 oz (79,38 g)<\/li>\n<li><strong>Design\u00e9r<\/strong>: Matthew Lerch<\/li>\n<li><strong>Vyrobeno v USA firmou Hogue Knives<\/strong><\/li>\n<\/ul>\n<h3>V\u00fdhody:<\/h3>\n<ul>\n<li><strong>Rychl\u00e9 a snadn\u00e9 otev\u0159en\u00ed<\/strong> d\u00edky \u010depu na palec, kter\u00fd umo\u017e\u0148uje jednoduch\u00e9 otev\u0159en\u00ed no\u017ee jednou rukou.<\/li>\n<li><strong>Oboustrann\u00fd Crossbar Lock<\/strong> zaji\u0161\u0165uje, \u017ee n\u016f\u017e je bezpe\u010dn\u011b uzam\u010den\u00fd a snadno otev\u0159iteln\u00fd bez ohledu na to, zda jste prav\u00e1k nebo lev\u00e1k.<\/li>\n<li><strong>Kompaktn\u00ed a lehk\u00fd design<\/strong> je ide\u00e1ln\u00ed pro ka\u017edodenn\u00ed no\u0161en\u00ed, ani\u017e by to znamenalo ob\u011btov\u00e1n\u00ed v\u00fdkonu nebo funk\u010dnosti.<\/li>\n<li><strong>Vysok\u00e1 kvalita materi\u00e1l\u016f<\/strong> (154CM ocel, G10 rukoje\u0165) poskytuje dlouhou \u017eivotnost a odolnost proti opot\u0159eben\u00ed.<\/li>\n<\/ul>\n<h3>Z\u00e1v\u011br:<\/h3>\n<p><strong>CRKT LCBK 3830<\/strong> je ide\u00e1ln\u00edm no\u017eem pro ka\u017edodenn\u00ed no\u0161en\u00ed pro ty, kte\u0159\u00ed hledaj\u00ed <strong>spolehliv\u00fd, v\u00fdkonn\u00fd a kompaktn\u00ed n\u016f\u017e<\/strong>. S jeho <strong>kvalitn\u00edmi materi\u00e1ly<\/strong>, <strong>efektivn\u00edm uzamykac\u00edm mechanismem<\/strong> a <strong>ergonomick\u00fdm designem<\/strong> je tento n\u016f\u017e p\u0159ipraven zvl\u00e1dnout \u0161irokou \u0161k\u00e1lu \u00fakol\u016f \u2013 od b\u011b\u017en\u00e9ho \u0159ez\u00e1n\u00ed a\u017e po n\u00e1ro\u010dn\u011bj\u0161\u00ed \u00fakoly v p\u0159\u00edrod\u011b nebo v pr\u00e1ci. D\u00edky <strong>n\u00edzk\u00e9 hmotnosti<\/strong> a <strong>praktick\u00e9mu kapesn\u00edmu klipu<\/strong> je to perfektn\u00ed volba pro ty, kte\u0159\u00ed pot\u0159ebuj\u00ed m\u00edt kvalitn\u00ed n\u016f\u017e v\u017edy po ruce.<\/p>\n<\/div>\n<\/div>\n<\/div>\n<\/div>\n<div class=\"mb-2 flex gap-3 empty:hidden -ml-2\">\n<div class=\"items-center justify-start rounded-xl p-1 flex\">\n<div class=\"flex items-center\"><\/div>\n<\/div>\n<\/div>\n<div class=\"pr-2 lg:pr-0\"><\/div>\n<div class=\"mt-3 w-full empty:hidden\">\n<div class=\"text-center\"><\/div>\n<\/div>\n<\/div>\n<div class=\"absolute\">\n<div class=\"flex items-center justify-center\"><\/div>\n<\/div>\n<\/div>\n<\/div>\n<\/div>\n<\/article>\n<\/div>\n<\/div>\n<\/div>\n<\/div>\n<\/div>\n<div class=\"md:pt-0 dark:border-white\/20 md:border-transparent md:dark:border-transparent w-full\">\n<div>\n<div class=\"m-auto text-base px-3 md:px-4 w-full md:px-5 lg:px-4 xl:px-5\">\n<div class=\"mx-auto flex flex-1 gap-4 text-base md:gap-5 lg:gap-6 md:max-w-3xl\">\n<div class=\"flex justify-center\"><\/div>\n<\/div>\n<\/div>\n<\/div>\n<\/div>\n","protected":false},"excerpt":{"rendered":"<div class=\"flex max-w-full flex-col flex-grow\">\n<div class=\"min-h-8 text-message flex w-full flex-col items-end gap-2 whitespace-normal break-words text-start [.text-message+&amp;]:mt-5\" dir=\"auto\" data-message-author-role=\"assistant\" data-message-id=\"6706c484-39db-4782-8ad0-481f38a5b3d3\" data-message-model-slug=\"gpt-4o-mini\">\n<div class=\"flex w-full flex-col gap-1 empty:hidden first:pt-[3px]\">\n<div class=\"markdown prose w-full break-words dark:prose-invert light\">\n<p><strong>CRKT LCBK 3830 je ide\u00e1ln\u00edm no\u017eem pro ka\u017edodenn\u00ed no\u0161en\u00ed pro ty, kte\u0159\u00ed hledaj\u00ed spolehliv\u00fd, v\u00fdkonn\u00fd a kompaktn\u00ed n\u016f\u017e. S jeho kvalitn\u00edmi materi\u00e1ly, efektivn\u00edm uzamykac\u00edm mechanismem a ergonomick\u00fdm designem je tento n\u016f\u017e p\u0159ipraven zvl\u00e1dnout \u0161irokou \u0161k\u00e1lu \u00fakol\u016f \u2013 od b\u011b\u017en\u00e9ho \u0159ez\u00e1n\u00ed a\u017e po n\u00e1ro\u010dn\u011bj\u0161\u00ed \u00fakoly v p\u0159\u00edrod\u011b nebo v pr\u00e1ci. D\u00edky n\u00edzk\u00e9 hmotnosti a praktick\u00e9mu kapesn\u00edmu klipu je to perfektn\u00ed volba pro ty, kte\u0159\u00ed pot\u0159ebuj\u00ed m\u00edt kvalitn\u00ed n\u016f\u017e v\u017edy po ruce.<\/strong><\/p>\n<\/div>\n<\/div>\n<\/div>\n<\/div>\n<div class=\"mb-2 flex gap-3 empty:hidden -ml-2\">\n<div class=\"items-center justify-start rounded-xl p-1 flex\">\n<div class=\"flex items-center\"><strong>Doprava zdarma.<\/strong><\/div>\n<\/div>\n<\/div>\n","protected":false},"featured_media":261486,"comment_status":"open","ping_status":"closed","template":"","meta":[],"pwb-brand":[209],"product_brand":[],"product_cat":[22,17],"product_tag":[3667],"class_list":{"0":"post-261485","1":"product","2":"type-product","3":"status-publish","4":"has-post-thumbnail","6":"pwb-brand-crkt","7":"product_cat-zaviraci-noze","8":"product_cat-noze","9":"product_tag-b2b","11":"first","12":"instock","13":"taxable","14":"shipping-taxable","15":"purchasable","16":"product-type-simple"},"brands":[{"id":209,"name":"CRKT","slug":"crkt"}],"_links":{"self":[{"href":"https:\/\/www.moskito.cz\/es\/wp-json\/wp\/v2\/product\/261485","targetHints":{"allow":["GET"]}}],"collection":[{"href":"https:\/\/www.moskito.cz\/es\/wp-json\/wp\/v2\/product"}],"about":[{"href":"https:\/\/www.moskito.cz\/es\/wp-json\/wp\/v2\/types\/product"}],"replies":[{"embeddable":true,"href":"https:\/\/www.moskito.cz\/es\/wp-json\/wp\/v2\/comments?post=261485"}],"wp:featuredmedia":[{"embeddable":true,"href":"https:\/\/www.moskito.cz\/es\/wp-json\/wp\/v2\/media\/261486"}],"wp:attachment":[{"href":"https:\/\/www.moskito.cz\/es\/wp-json\/wp\/v2\/media?parent=261485"}],"wp:term":[{"taxonomy":"pwb-brand","embeddable":true,"href":"https:\/\/www.moskito.cz\/es\/wp-json\/wp\/v2\/pwb-brand?post=261485"},{"taxonomy":"product_brand","embeddable":true,"href":"https:\/\/www.moskito.cz\/es\/wp-json\/wp\/v2\/product_brand?post=261485"},{"taxonomy":"product_cat","embeddable":true,"href":"https:\/\/www.moskito.cz\/es\/wp-json\/wp\/v2\/product_cat?post=261485"},{"taxonomy":"product_tag","embeddable":true,"href":"https:\/\/www.moskito.cz\/es\/wp-json\/wp\/v2\/product_tag?post=261485"}],"curies":[{"name":"wp","href":"https:\/\/api.w.org\/{rel}","templated":true}]}}