{"id":261700,"date":"2023-12-16T20:50:45","date_gmt":"2023-12-16T19:50:45","guid":{"rendered":"https:\/\/www.moskito.cz\/?post_type=product&#038;p=261700"},"modified":"2025-05-07T10:54:49","modified_gmt":"2025-05-07T09:54:49","slug":"zaviraci-nuz-spyderco-manbug-mbkws","status":"publish","type":"product","link":"https:\/\/www.moskito.cz\/es\/produkt\/zaviraci-nuz-spyderco-manbug-mbkws\/","title":{"rendered":"Zav\u00edrac\u00ed N\u016f\u017e Spyderco Manbug MBKWS"},"content":{"rendered":"<p>Zav\u00edrac\u00ed N\u016f\u017e Spyderco Manbug MBKWS<\/p>\n<p>Koncepce \u201eLittle Big Knife\u201c spole\u010dnosti Spyderco je ne\u00fanavn\u00e1 snaha soust\u0159edit maxim\u00e1ln\u00ed \u0159ezn\u00fd v\u00fdkon do co nejmen\u0161\u00edho balen\u00ed. Popul\u00e1rn\u00ed design Manbug toho dosahuje mimo\u0159\u00e1dn\u011b dob\u0159e. Kdy\u017e je vybavena rovnou \u010depel\u00ed Wharncliffe, d\u011bl\u00e1 to je\u0161t\u011b l\u00e9pe. A kdy\u017e m\u00e1 tento zcela ploch\u00fd kotou\u010d VG-10 agresivn\u00ed \u0159eznou hranu SpyderEdge, v\u00fdsledkem je ultrakompaktn\u00ed \u0159ezn\u00fd n\u00e1stroj, kter\u00fd nab\u00edz\u00ed na svou velikost bezkonkuren\u010dn\u00ed \u0159ezn\u00fd v\u00fdkon.<\/p>\n<p>Specifikace<br \/>\nD\u00e9lka \u010depele: 5 cm<br \/>\nD\u00e9lka v zav\u0159en\u00e9m stavu: 6.4 cm<br \/>\nCelkov\u00e1 d\u00e9lka: 11.4 cm<br \/>\nMateri\u00e1l \u010depele: VG10 Nerezov\u00e1 ocel<br \/>\nTlou\u0161\u0165ka \u010depele: 0,25 cm<br \/>\nStyl \u010depele: Wharncliffe<br \/>\nBrou\u0161en\u00ed \u010depele: Pln\u011b ploch\u00e9<br \/>\nPovrchov\u00e1 \u00faprava \u010depele: sat\u00e9n<br \/>\nMateri\u00e1l rukojeti: \u010dern\u00e1 FRN<br \/>\nUzamykac\u00ed mechanismus: Lockback<br \/>\nKapesn\u00ed klip: \u017d\u00e1dn\u00fd<br \/>\nHmotnost: 0,7 oz. (20 g)<br \/>\nVyrobeno v Japonsku<\/p>\n","protected":false},"excerpt":{"rendered":"<p><strong>Koncepce \u201eLittle Big Knife\u201c spole\u010dnosti Spyderco je ne\u00fanavn\u00e1 snaha soust\u0159edit maxim\u00e1ln\u00ed \u0159ezn\u00fd v\u00fdkon do co nejmen\u0161\u00edho balen\u00ed.<\/strong><\/p>\n","protected":false},"featured_media":261702,"comment_status":"open","ping_status":"closed","template":"","meta":[],"pwb-brand":[567],"product_brand":[],"product_cat":[22,17],"product_tag":[3667],"class_list":{"0":"post-261700","1":"product","2":"type-product","3":"status-publish","4":"has-post-thumbnail","6":"pwb-brand-spyderco","7":"product_cat-zaviraci-noze","8":"product_cat-noze","9":"product_tag-b2b","11":"first","12":"instock","13":"taxable","14":"shipping-taxable","15":"purchasable","16":"product-type-simple"},"brands":[{"id":567,"name":"Spyderco","slug":"spyderco"}],"_links":{"self":[{"href":"https:\/\/www.moskito.cz\/es\/wp-json\/wp\/v2\/product\/261700","targetHints":{"allow":["GET"]}}],"collection":[{"href":"https:\/\/www.moskito.cz\/es\/wp-json\/wp\/v2\/product"}],"about":[{"href":"https:\/\/www.moskito.cz\/es\/wp-json\/wp\/v2\/types\/product"}],"replies":[{"embeddable":true,"href":"https:\/\/www.moskito.cz\/es\/wp-json\/wp\/v2\/comments?post=261700"}],"wp:featuredmedia":[{"embeddable":true,"href":"https:\/\/www.moskito.cz\/es\/wp-json\/wp\/v2\/media\/261702"}],"wp:attachment":[{"href":"https:\/\/www.moskito.cz\/es\/wp-json\/wp\/v2\/media?parent=261700"}],"wp:term":[{"taxonomy":"pwb-brand","embeddable":true,"href":"https:\/\/www.moskito.cz\/es\/wp-json\/wp\/v2\/pwb-brand?post=261700"},{"taxonomy":"product_brand","embeddable":true,"href":"https:\/\/www.moskito.cz\/es\/wp-json\/wp\/v2\/product_brand?post=261700"},{"taxonomy":"product_cat","embeddable":true,"href":"https:\/\/www.moskito.cz\/es\/wp-json\/wp\/v2\/product_cat?post=261700"},{"taxonomy":"product_tag","embeddable":true,"href":"https:\/\/www.moskito.cz\/es\/wp-json\/wp\/v2\/product_tag?post=261700"}],"curies":[{"name":"wp","href":"https:\/\/api.w.org\/{rel}","templated":true}]}}