{"id":312780,"date":"2024-02-09T17:03:06","date_gmt":"2024-02-09T16:03:06","guid":{"rendered":"https:\/\/www.moskito.cz\/?post_type=product&#038;p=312780"},"modified":"2025-05-07T11:02:37","modified_gmt":"2025-05-07T10:02:37","slug":"vystrelovaci-nuz-heretic-knives-colossus-h039-2b-rb","status":"publish","type":"product","link":"https:\/\/www.moskito.cz\/es\/produkt\/vystrelovaci-nuz-heretic-knives-colossus-h039-2b-rb\/","title":{"rendered":"Vyst\u0159elovac\u00ed N\u016f\u017e Heretic Knives Colossus H039-2B-RB"},"content":{"rendered":"<p>Vyst\u0159elovac\u00ed N\u016f\u017e <strong>Heretic Knives<\/strong> Colossus H039-2B-RB<\/p>\n<p><strong>Colossus<\/strong> s dvojitou akc\u00ed OTF Auto se vyzna\u010duje slo\u017eit\u00fdm vzhledem, p\u0159ehnanou hou\u017eevnatost\u00ed, rychlej\u0161\u00ed ne\u017e bleskovou akc\u00ed a p\u0159izp\u016fsoben\u00edm a povrchovou \u00fapravou, kterou byste o\u010dek\u00e1vali od \u0161pi\u010dkov\u00e9ho no\u017ee. \u010cepel je vyrobena z nerezov\u00e9 oceli CPM-MagnaCut s jednohrann\u00fdm tvarem klipsu, kter\u00fd je prost\u011b vynikaj\u00edc\u00ed. Mohutn\u00e9 hlin\u00edkov\u00e9 t\u011blo je v\u00fdjime\u010dn\u011b ergonomick\u00e9 a na ka\u017ed\u00e9 stran\u011b m\u00e1 nespo\u010detn\u00e9 mno\u017estv\u00ed \u010dern\u00fdch trak\u010dn\u00edch vlo\u017eek. Oboustrann\u00e1 kapesn\u00ed spona je na tomto no\u017ei to nejjemn\u011bj\u0161\u00ed. N\u016f\u017e dr\u017e\u00ed bezpe\u010dn\u011b v kapse a p\u0159itom ub\u00edr\u00e1 jen m\u00e1lo z ergonomie, kterou milujeme. \u010cepel je dod\u00e1v\u00e1na s lahvi\u010dkou OTF Knife Lube a byla hrd\u011b vyrobena v USA.<br \/>\nSpecifikace<\/p>\n<p>D\u00e9lka \u010depele: 9 cm<br \/>\nCelkov\u00e1 d\u00e9lka: 22 cm<br \/>\nMateri\u00e1l \u010depele: CPM-MagnaCut Nerezov\u00e1 ocel<br \/>\nStyl \u010depele: Clip Point<br \/>\nBrou\u0161en\u00ed \u010depele: Ploch\u00e9<br \/>\nPovrchov\u00e1 \u00faprava \u010depele: Stonewash<br \/>\nMateri\u00e1l rukojeti: Hlin\u00edk s \u010dern\u00fdmi trak\u010dn\u00edmi vlo\u017ekami<br \/>\nUzamykac\u00ed mechanismus: Posuvn\u00fd<br \/>\nKapesn\u00ed klip: Nerezov\u00e1 ocel s hlubok\u00fdm p\u0159enosem (sklopen\u00edm dol\u016f, doprava\/doleva)<br \/>\nHmotnost: 4,66 oz.<br \/>\nDesign\u00e9r: Tony Marfione Jr.<br \/>\nRu\u010dn\u00ed v\u00fdroba v USA<\/p>\n<p><iframe title=\"Heretic Shop Video\" width=\"800\" height=\"450\" src=\"https:\/\/www.youtube.com\/embed\/7qUL5q7Cvgo?feature=oembed\" frameborder=\"0\" allow=\"accelerometer; autoplay; clipboard-write; encrypted-media; gyroscope; picture-in-picture; web-share\" referrerpolicy=\"strict-origin-when-cross-origin\" allowfullscreen><\/iframe><\/p>\n<p>&nbsp;<\/p>\n","protected":false},"excerpt":{"rendered":"<div class=\"elementor-element elementor-element-bbb542b elementor-widget elementor-widget-woocommerce-product-short-description\" data-id=\"bbb542b\" data-element_type=\"widget\" data-widget_type=\"woocommerce-product-short-description.default\">\n<div class=\"elementor-widget-container\">\n<div class=\"woocommerce-product-details__short-description\">\n<div class=\"elementor-element elementor-element-bbb542b elementor-widget elementor-widget-woocommerce-product-short-description\" data-id=\"bbb542b\" data-element_type=\"widget\" data-widget_type=\"woocommerce-product-short-description.default\">\n<div class=\"elementor-widget-container\">\n<div class=\"woocommerce-product-details__short-description\">\n<p><strong>V\u0161echny na\u0161e no\u017ee jsou vyrobeny v USA a tak to zachov\u00e1me. Kdy\u017e si koup\u00edte n\u011bkter\u00fd z na\u0161ich no\u017e\u016f, m\u016f\u017eete m\u00edt d\u016fv\u011bru ve sv\u016fj n\u00e1stroj s v\u011bdom\u00edm, \u017ee je podporov\u00e1n americkou spole\u010dnost\u00ed. Na\u0161e no\u017ee jsou vyr\u00e1b\u011bny v mal\u00fdch s\u00e9ri\u00edch, abychom zajistili, \u017ee dostanete kvalitn\u00ed n\u016f\u017e, kter\u00e9mu se dost\u00e1v\u00e1 pozornosti, jak\u00e9 se nedost\u00e1v\u00e1 jin\u00fdm s\u00e9riov\u011b vyr\u00e1b\u011bn\u00fdm no\u017e\u016fm!!<\/strong><\/p>\n<p><strong>Doprava zdarma.<\/strong><\/p>\n<\/div>\n<\/div>\n<\/div>\n<\/div>\n<\/div>\n<\/div>\n","protected":false},"featured_media":312781,"comment_status":"open","ping_status":"closed","template":"","meta":[],"pwb-brand":[318],"product_brand":[],"product_cat":[2019,17],"product_tag":[],"class_list":{"0":"post-312780","1":"product","2":"type-product","3":"status-publish","4":"has-post-thumbnail","6":"pwb-brand-heretic-knives","7":"product_cat-vystrelovaci-noze","8":"product_cat-noze","10":"first","11":"instock","12":"taxable","13":"shipping-taxable","14":"purchasable","15":"product-type-simple"},"brands":[{"id":318,"name":"Heretic Knives","slug":"heretic-knives"}],"_links":{"self":[{"href":"https:\/\/www.moskito.cz\/es\/wp-json\/wp\/v2\/product\/312780","targetHints":{"allow":["GET"]}}],"collection":[{"href":"https:\/\/www.moskito.cz\/es\/wp-json\/wp\/v2\/product"}],"about":[{"href":"https:\/\/www.moskito.cz\/es\/wp-json\/wp\/v2\/types\/product"}],"replies":[{"embeddable":true,"href":"https:\/\/www.moskito.cz\/es\/wp-json\/wp\/v2\/comments?post=312780"}],"wp:featuredmedia":[{"embeddable":true,"href":"https:\/\/www.moskito.cz\/es\/wp-json\/wp\/v2\/media\/312781"}],"wp:attachment":[{"href":"https:\/\/www.moskito.cz\/es\/wp-json\/wp\/v2\/media?parent=312780"}],"wp:term":[{"taxonomy":"pwb-brand","embeddable":true,"href":"https:\/\/www.moskito.cz\/es\/wp-json\/wp\/v2\/pwb-brand?post=312780"},{"taxonomy":"product_brand","embeddable":true,"href":"https:\/\/www.moskito.cz\/es\/wp-json\/wp\/v2\/product_brand?post=312780"},{"taxonomy":"product_cat","embeddable":true,"href":"https:\/\/www.moskito.cz\/es\/wp-json\/wp\/v2\/product_cat?post=312780"},{"taxonomy":"product_tag","embeddable":true,"href":"https:\/\/www.moskito.cz\/es\/wp-json\/wp\/v2\/product_tag?post=312780"}],"curies":[{"name":"wp","href":"https:\/\/api.w.org\/{rel}","templated":true}]}}